{"id":13103,"date":"2021-08-30T22:01:49","date_gmt":"2021-08-30T22:01:49","guid":{"rendered":"https:\/\/bilasmidurinn.is\/?post_type=product&#038;p=13103"},"modified":"2021-08-30T22:01:53","modified_gmt":"2021-08-30T22:01:53","slug":"car-lack-pastic-renew","status":"publish","type":"product","link":"https:\/\/bilasmidurinn.is\/pl\/vefverslun\/bilavorur\/car-lack-pastic-renew\/","title":{"rendered":"Lakier samochodowy Pastic Renew"},"content":{"rendered":"<p>Car Lack Plastic Renew sprawdza si\u0119 szczeg\u00f3lnie wtedy, gdy trzeba usun\u0105\u0107 szaro\u015b\u0107 z plastikowych listew i powierzchni plastikowych oraz z powierzchni elektrycznych. Zar\u00f3wno do konserwacji zewn\u0119trznych jak i wewn\u0119trznych plastikowych wn\u0119trz oraz art<\/p>\n<p>500 ml aerozolu.<\/p>","protected":false},"excerpt":{"rendered":"<p>Car Lack Plastic Renew dzia\u0142a szczeg\u00f3lnie wtedy, gdy trzeba usun\u0105\u0107 szaro\u015b\u0107 z plastikowych listew i powierzchni plastikowych oraz z powierzchni elektrycznych. Zar\u00f3wno do konserwacji zewn\u0119trznej jak i wewn\u0119trznej cz\u0119\u015bci plastikowej wn\u0119trza oraz art aerozolu 500ml.<\/p>","protected":false},"featured_media":13104,"template":"","meta":[],"product_brand":[7979,7978],"product_cat":[7954],"product_tag":[],"class_list":{"0":"post-13103","1":"product","2":"type-product","3":"status-publish","4":"has-post-thumbnail","6":"product_brand-maxolen-2","7":"product_brand-maxolen","8":"product_cat-bilavorur","10":"first","11":"instock","12":"shipping-taxable","13":"product-type-simple"},"yoast_head":"<!-- This site is optimized with the Yoast SEO plugin v27.4 - https:\/\/yoast.com\/product\/yoast-seo-wordpress\/ -->\n<title>Car Lack Pastic Renew - B&iacute;lasmi&eth;urinn<\/title>\n<meta name=\"robots\" content=\"index, follow, max-snippet:-1, max-image-preview:large, max-video-preview:-1\" \/>\n<link rel=\"canonical\" href=\"http:\/\/bilasmidurinn.is\/pl\/vefverslun\/bilavorur\/car-lack-pastic-renew\/\" \/>\n<meta property=\"og:locale\" content=\"pl_PL\" \/>\n<meta property=\"og:type\" content=\"article\" \/>\n<meta property=\"og:title\" content=\"Car Lack Pastic Renew - B&iacute;lasmi&eth;urinn\" \/>\n<meta property=\"og:description\" content=\"Car Lack Plastic Renew virkar s\u00e9rstaklega \u00feegar \u00fearf a\u00f0 n\u00e1 gr\u00e1manum \u00far plastlistum og plastyfirbor\u00f0i og af rafmagnar yfirbor\u00f0i\u00f0. B\u00e6\u00f0i til a\u00f0 vi\u00f0halda ytri og inni plast innr\u00e9ttingu og listum 500ml \u00fa\u00f0abr\u00fasi.\" \/>\n<meta property=\"og:url\" content=\"http:\/\/bilasmidurinn.is\/pl\/vefverslun\/bilavorur\/car-lack-pastic-renew\/\" \/>\n<meta property=\"og:site_name\" content=\"B&iacute;lasmi&eth;urinn\" \/>\n<meta property=\"article:modified_time\" content=\"2021-08-30T22:01:53+00:00\" \/>\n<meta property=\"og:image\" content=\"https:\/\/bilasmidurinn.is\/wp-content\/uploads\/2021\/08\/0CL012.png\" \/>\n\t<meta property=\"og:image:width\" content=\"800\" \/>\n\t<meta property=\"og:image:height\" content=\"800\" \/>\n\t<meta property=\"og:image:type\" content=\"image\/png\" \/>\n<meta name=\"twitter:card\" content=\"summary_large_image\" \/>\n<script type=\"application\/ld+json\" class=\"yoast-schema-graph\">{\"@context\":\"https:\\\/\\\/schema.org\",\"@graph\":[{\"@type\":\"WebPage\",\"@id\":\"http:\\\/\\\/bilasmidurinn.is\\\/en\\\/vefverslun\\\/bilavorur\\\/car-lack-pastic-renew\\\/\",\"url\":\"http:\\\/\\\/bilasmidurinn.is\\\/en\\\/vefverslun\\\/bilavorur\\\/car-lack-pastic-renew\\\/\",\"name\":\"Car Lack Pastic Renew - B&iacute;lasmi&eth;urinn\",\"isPartOf\":{\"@id\":\"https:\\\/\\\/bilasmidurinn.is\\\/#website\"},\"primaryImageOfPage\":{\"@id\":\"http:\\\/\\\/bilasmidurinn.is\\\/en\\\/vefverslun\\\/bilavorur\\\/car-lack-pastic-renew\\\/#primaryimage\"},\"image\":{\"@id\":\"http:\\\/\\\/bilasmidurinn.is\\\/en\\\/vefverslun\\\/bilavorur\\\/car-lack-pastic-renew\\\/#primaryimage\"},\"thumbnailUrl\":\"https:\\\/\\\/bilasmidurinn.is\\\/wp-content\\\/uploads\\\/2021\\\/08\\\/0CL012.png\",\"datePublished\":\"2021-08-30T22:01:49+00:00\",\"dateModified\":\"2021-08-30T22:01:53+00:00\",\"breadcrumb\":{\"@id\":\"http:\\\/\\\/bilasmidurinn.is\\\/en\\\/vefverslun\\\/bilavorur\\\/car-lack-pastic-renew\\\/#breadcrumb\"},\"inLanguage\":\"pl-PL\",\"potentialAction\":[{\"@type\":\"ReadAction\",\"target\":[\"http:\\\/\\\/bilasmidurinn.is\\\/en\\\/vefverslun\\\/bilavorur\\\/car-lack-pastic-renew\\\/\"]}]},{\"@type\":\"ImageObject\",\"inLanguage\":\"pl-PL\",\"@id\":\"http:\\\/\\\/bilasmidurinn.is\\\/en\\\/vefverslun\\\/bilavorur\\\/car-lack-pastic-renew\\\/#primaryimage\",\"url\":\"https:\\\/\\\/bilasmidurinn.is\\\/wp-content\\\/uploads\\\/2021\\\/08\\\/0CL012.png\",\"contentUrl\":\"https:\\\/\\\/bilasmidurinn.is\\\/wp-content\\\/uploads\\\/2021\\\/08\\\/0CL012.png\",\"width\":800,\"height\":800},{\"@type\":\"BreadcrumbList\",\"@id\":\"http:\\\/\\\/bilasmidurinn.is\\\/en\\\/vefverslun\\\/bilavorur\\\/car-lack-pastic-renew\\\/#breadcrumb\",\"itemListElement\":[{\"@type\":\"ListItem\",\"position\":1,\"name\":\"Home\",\"item\":\"https:\\\/\\\/bilasmidurinn.is\\\/\"},{\"@type\":\"ListItem\",\"position\":2,\"name\":\"V\u00f6rur \u00ed verslun\",\"item\":\"https:\\\/\\\/bilasmidurinn.is\\\/vefverslun\\\/\"},{\"@type\":\"ListItem\",\"position\":3,\"name\":\"Car Lack Pastic Renew\"}]},{\"@type\":\"WebSite\",\"@id\":\"https:\\\/\\\/bilasmidurinn.is\\\/#website\",\"url\":\"https:\\\/\\\/bilasmidurinn.is\\\/\",\"name\":\"B&iacute;lasmi&eth;urinn\",\"description\":\"All sem &thorn;&uacute; &thorn;arft &iacute; t&aelig;ki&eth;\",\"potentialAction\":[{\"@type\":\"SearchAction\",\"target\":{\"@type\":\"EntryPoint\",\"urlTemplate\":\"https:\\\/\\\/bilasmidurinn.is\\\/?s={search_term_string}\"},\"query-input\":{\"@type\":\"PropertyValueSpecification\",\"valueRequired\":true,\"valueName\":\"search_term_string\"}}],\"inLanguage\":\"pl-PL\"}]}<\/script>\n<!-- \/ Yoast SEO plugin. -->","yoast_head_json":{"title":"Car Lack Pastic Renew - B&iacute;lasmi&eth;urinn","robots":{"index":"index","follow":"follow","max-snippet":"max-snippet:-1","max-image-preview":"max-image-preview:large","max-video-preview":"max-video-preview:-1"},"canonical":"http:\/\/bilasmidurinn.is\/pl\/vefverslun\/bilavorur\/car-lack-pastic-renew\/","og_locale":"pl_PL","og_type":"article","og_title":"Car Lack Pastic Renew - B&iacute;lasmi&eth;urinn","og_description":"Car Lack Plastic Renew virkar s\u00e9rstaklega \u00feegar \u00fearf a\u00f0 n\u00e1 gr\u00e1manum \u00far plastlistum og plastyfirbor\u00f0i og af rafmagnar yfirbor\u00f0i\u00f0. B\u00e6\u00f0i til a\u00f0 vi\u00f0halda ytri og inni plast innr\u00e9ttingu og listum 500ml \u00fa\u00f0abr\u00fasi.","og_url":"http:\/\/bilasmidurinn.is\/pl\/vefverslun\/bilavorur\/car-lack-pastic-renew\/","og_site_name":"B&iacute;lasmi&eth;urinn","article_modified_time":"2021-08-30T22:01:53+00:00","og_image":[{"width":800,"height":800,"url":"https:\/\/bilasmidurinn.is\/wp-content\/uploads\/2021\/08\/0CL012.png","type":"image\/png"}],"twitter_card":"summary_large_image","schema":{"@context":"https:\/\/schema.org","@graph":[{"@type":"WebPage","@id":"http:\/\/bilasmidurinn.is\/en\/vefverslun\/bilavorur\/car-lack-pastic-renew\/","url":"http:\/\/bilasmidurinn.is\/en\/vefverslun\/bilavorur\/car-lack-pastic-renew\/","name":"Car Lack Pastic Renew - B&iacute;lasmi&eth;urinn","isPartOf":{"@id":"https:\/\/bilasmidurinn.is\/#website"},"primaryImageOfPage":{"@id":"http:\/\/bilasmidurinn.is\/en\/vefverslun\/bilavorur\/car-lack-pastic-renew\/#primaryimage"},"image":{"@id":"http:\/\/bilasmidurinn.is\/en\/vefverslun\/bilavorur\/car-lack-pastic-renew\/#primaryimage"},"thumbnailUrl":"https:\/\/bilasmidurinn.is\/wp-content\/uploads\/2021\/08\/0CL012.png","datePublished":"2021-08-30T22:01:49+00:00","dateModified":"2021-08-30T22:01:53+00:00","breadcrumb":{"@id":"http:\/\/bilasmidurinn.is\/en\/vefverslun\/bilavorur\/car-lack-pastic-renew\/#breadcrumb"},"inLanguage":"pl-PL","potentialAction":[{"@type":"ReadAction","target":["http:\/\/bilasmidurinn.is\/en\/vefverslun\/bilavorur\/car-lack-pastic-renew\/"]}]},{"@type":"ImageObject","inLanguage":"pl-PL","@id":"http:\/\/bilasmidurinn.is\/en\/vefverslun\/bilavorur\/car-lack-pastic-renew\/#primaryimage","url":"https:\/\/bilasmidurinn.is\/wp-content\/uploads\/2021\/08\/0CL012.png","contentUrl":"https:\/\/bilasmidurinn.is\/wp-content\/uploads\/2021\/08\/0CL012.png","width":800,"height":800},{"@type":"BreadcrumbList","@id":"http:\/\/bilasmidurinn.is\/en\/vefverslun\/bilavorur\/car-lack-pastic-renew\/#breadcrumb","itemListElement":[{"@type":"ListItem","position":1,"name":"Home","item":"https:\/\/bilasmidurinn.is\/"},{"@type":"ListItem","position":2,"name":"V\u00f6rur \u00ed verslun","item":"https:\/\/bilasmidurinn.is\/vefverslun\/"},{"@type":"ListItem","position":3,"name":"Car Lack Pastic Renew"}]},{"@type":"WebSite","@id":"https:\/\/bilasmidurinn.is\/#website","url":"https:\/\/bilasmidurinn.is\/","name":"B&iacute;lasmi&eth;urinn","description":"All sem &thorn;&uacute; &thorn;arft &iacute; t&aelig;ki&eth;","potentialAction":[{"@type":"SearchAction","target":{"@type":"EntryPoint","urlTemplate":"https:\/\/bilasmidurinn.is\/?s={search_term_string}"},"query-input":{"@type":"PropertyValueSpecification","valueRequired":true,"valueName":"search_term_string"}}],"inLanguage":"pl-PL"}]}},"_links":{"self":[{"href":"https:\/\/bilasmidurinn.is\/pl\/wp-json\/wp\/v2\/product\/13103","targetHints":{"allow":["GET"]}}],"collection":[{"href":"https:\/\/bilasmidurinn.is\/pl\/wp-json\/wp\/v2\/product"}],"about":[{"href":"https:\/\/bilasmidurinn.is\/pl\/wp-json\/wp\/v2\/types\/product"}],"wp:featuredmedia":[{"embeddable":true,"href":"https:\/\/bilasmidurinn.is\/pl\/wp-json\/wp\/v2\/media\/13104"}],"wp:attachment":[{"href":"https:\/\/bilasmidurinn.is\/pl\/wp-json\/wp\/v2\/media?parent=13103"}],"wp:term":[{"taxonomy":"product_brand","embeddable":true,"href":"https:\/\/bilasmidurinn.is\/pl\/wp-json\/wp\/v2\/product_brand?post=13103"},{"taxonomy":"product_cat","embeddable":true,"href":"https:\/\/bilasmidurinn.is\/pl\/wp-json\/wp\/v2\/product_cat?post=13103"},{"taxonomy":"product_tag","embeddable":true,"href":"https:\/\/bilasmidurinn.is\/pl\/wp-json\/wp\/v2\/product_tag?post=13103"}],"curies":[{"name":"wp","href":"https:\/\/api.w.org\/{rel}","templated":true}]}}