{"id":13004,"date":"2021-08-30T18:27:45","date_gmt":"2021-08-30T18:27:45","guid":{"rendered":"https:\/\/bilasmidurinn.is\/?post_type=product&#038;p=13004"},"modified":"2021-08-30T18:39:43","modified_gmt":"2021-08-30T18:39:43","slug":"hespa-118mm-zink-med-motstykki","status":"publish","type":"product","link":"https:\/\/bilasmidurinn.is\/pl\/vefverslun\/laesingar\/hespur\/hespa-118mm-zink-med-motstykki\/","title":{"rendered":"Hespa 118mm cynk z adapterem"},"content":{"rendered":"<p>Klamra 118mm z adapterem, regulowana i z uchem na k\u0142\u00f3dk\u0119.<\/p>\n<p>Ocynkowana<\/p>\n<p>A=118mm<\/p>\n<p>Szer.=40mm<\/p>\n<p>C=18mm<\/p>","protected":false},"excerpt":{"rendered":"<p>118mm ocynkowana klamra<\/p>","protected":false},"featured_media":13011,"template":"","meta":[],"product_brand":[7986],"product_cat":[8030,7965],"product_tag":[],"class_list":{"0":"post-13004","1":"product","2":"type-product","3":"status-publish","4":"has-post-thumbnail","6":"product_brand-pinet","7":"product_cat-hespur","8":"product_cat-laesingar","10":"first","11":"instock","12":"shipping-taxable","13":"product-type-simple"},"yoast_head":"<!-- This site is optimized with the Yoast SEO plugin v27.4 - https:\/\/yoast.com\/product\/yoast-seo-wordpress\/ -->\n<title>Hespa 118mm Zink me\u00f0 m\u00f3tstykki - B&iacute;lasmi&eth;urinn<\/title>\n<meta name=\"robots\" content=\"index, follow, max-snippet:-1, max-image-preview:large, max-video-preview:-1\" \/>\n<link rel=\"canonical\" href=\"http:\/\/bilasmidurinn.is\/pl\/vefverslun\/laesingar\/hespur\/hespa-118mm-zink-med-motstykki\/\" \/>\n<meta property=\"og:locale\" content=\"pl_PL\" \/>\n<meta property=\"og:type\" content=\"article\" \/>\n<meta property=\"og:title\" content=\"Hespa 118mm Zink me\u00f0 m\u00f3tstykki - B&iacute;lasmi&eth;urinn\" \/>\n<meta property=\"og:description\" content=\"118mm Zinkh\u00fa\u00f0u\u00f0 hespa\" \/>\n<meta property=\"og:url\" content=\"http:\/\/bilasmidurinn.is\/pl\/vefverslun\/laesingar\/hespur\/hespa-118mm-zink-med-motstykki\/\" \/>\n<meta property=\"og:site_name\" content=\"B&iacute;lasmi&eth;urinn\" \/>\n<meta property=\"article:modified_time\" content=\"2021-08-30T18:39:43+00:00\" \/>\n<meta property=\"og:image\" content=\"https:\/\/bilasmidurinn.is\/wp-content\/uploads\/2021\/08\/16-7-4021-1.jpg\" \/>\n\t<meta property=\"og:image:width\" content=\"1400\" \/>\n\t<meta property=\"og:image:height\" content=\"1400\" \/>\n\t<meta property=\"og:image:type\" content=\"image\/jpeg\" \/>\n<meta name=\"twitter:card\" content=\"summary_large_image\" \/>\n<script type=\"application\/ld+json\" class=\"yoast-schema-graph\">{\"@context\":\"https:\\\/\\\/schema.org\",\"@graph\":[{\"@type\":\"WebPage\",\"@id\":\"http:\\\/\\\/bilasmidurinn.is\\\/en\\\/vefverslun\\\/laesingar\\\/hespur\\\/hespa-118mm-zink-med-motstykki\\\/\",\"url\":\"http:\\\/\\\/bilasmidurinn.is\\\/en\\\/vefverslun\\\/laesingar\\\/hespur\\\/hespa-118mm-zink-med-motstykki\\\/\",\"name\":\"Hespa 118mm Zink me\u00f0 m\u00f3tstykki - B&iacute;lasmi&eth;urinn\",\"isPartOf\":{\"@id\":\"https:\\\/\\\/bilasmidurinn.is\\\/#website\"},\"primaryImageOfPage\":{\"@id\":\"http:\\\/\\\/bilasmidurinn.is\\\/en\\\/vefverslun\\\/laesingar\\\/hespur\\\/hespa-118mm-zink-med-motstykki\\\/#primaryimage\"},\"image\":{\"@id\":\"http:\\\/\\\/bilasmidurinn.is\\\/en\\\/vefverslun\\\/laesingar\\\/hespur\\\/hespa-118mm-zink-med-motstykki\\\/#primaryimage\"},\"thumbnailUrl\":\"https:\\\/\\\/bilasmidurinn.is\\\/wp-content\\\/uploads\\\/2021\\\/08\\\/16-7-4021-1.jpg\",\"datePublished\":\"2021-08-30T18:27:45+00:00\",\"dateModified\":\"2021-08-30T18:39:43+00:00\",\"breadcrumb\":{\"@id\":\"http:\\\/\\\/bilasmidurinn.is\\\/en\\\/vefverslun\\\/laesingar\\\/hespur\\\/hespa-118mm-zink-med-motstykki\\\/#breadcrumb\"},\"inLanguage\":\"pl-PL\",\"potentialAction\":[{\"@type\":\"ReadAction\",\"target\":[\"http:\\\/\\\/bilasmidurinn.is\\\/en\\\/vefverslun\\\/laesingar\\\/hespur\\\/hespa-118mm-zink-med-motstykki\\\/\"]}]},{\"@type\":\"ImageObject\",\"inLanguage\":\"pl-PL\",\"@id\":\"http:\\\/\\\/bilasmidurinn.is\\\/en\\\/vefverslun\\\/laesingar\\\/hespur\\\/hespa-118mm-zink-med-motstykki\\\/#primaryimage\",\"url\":\"https:\\\/\\\/bilasmidurinn.is\\\/wp-content\\\/uploads\\\/2021\\\/08\\\/16-7-4021-1.jpg\",\"contentUrl\":\"https:\\\/\\\/bilasmidurinn.is\\\/wp-content\\\/uploads\\\/2021\\\/08\\\/16-7-4021-1.jpg\",\"width\":1400,\"height\":1400},{\"@type\":\"BreadcrumbList\",\"@id\":\"http:\\\/\\\/bilasmidurinn.is\\\/en\\\/vefverslun\\\/laesingar\\\/hespur\\\/hespa-118mm-zink-med-motstykki\\\/#breadcrumb\",\"itemListElement\":[{\"@type\":\"ListItem\",\"position\":1,\"name\":\"Home\",\"item\":\"https:\\\/\\\/bilasmidurinn.is\\\/\"},{\"@type\":\"ListItem\",\"position\":2,\"name\":\"V\u00f6rur \u00ed verslun\",\"item\":\"https:\\\/\\\/bilasmidurinn.is\\\/vefverslun\\\/\"},{\"@type\":\"ListItem\",\"position\":3,\"name\":\"Hespa 118mm Zink me\u00f0 m\u00f3tstykki\"}]},{\"@type\":\"WebSite\",\"@id\":\"https:\\\/\\\/bilasmidurinn.is\\\/#website\",\"url\":\"https:\\\/\\\/bilasmidurinn.is\\\/\",\"name\":\"B&iacute;lasmi&eth;urinn\",\"description\":\"All sem &thorn;&uacute; &thorn;arft &iacute; t&aelig;ki&eth;\",\"potentialAction\":[{\"@type\":\"SearchAction\",\"target\":{\"@type\":\"EntryPoint\",\"urlTemplate\":\"https:\\\/\\\/bilasmidurinn.is\\\/?s={search_term_string}\"},\"query-input\":{\"@type\":\"PropertyValueSpecification\",\"valueRequired\":true,\"valueName\":\"search_term_string\"}}],\"inLanguage\":\"pl-PL\"}]}<\/script>\n<!-- \/ Yoast SEO plugin. -->","yoast_head_json":{"title":"Hespa 118mm Zink me\u00f0 m\u00f3tstykki - B&iacute;lasmi&eth;urinn","robots":{"index":"index","follow":"follow","max-snippet":"max-snippet:-1","max-image-preview":"max-image-preview:large","max-video-preview":"max-video-preview:-1"},"canonical":"http:\/\/bilasmidurinn.is\/pl\/vefverslun\/laesingar\/hespur\/hespa-118mm-zink-med-motstykki\/","og_locale":"pl_PL","og_type":"article","og_title":"Hespa 118mm Zink me\u00f0 m\u00f3tstykki - B&iacute;lasmi&eth;urinn","og_description":"118mm Zinkh\u00fa\u00f0u\u00f0 hespa","og_url":"http:\/\/bilasmidurinn.is\/pl\/vefverslun\/laesingar\/hespur\/hespa-118mm-zink-med-motstykki\/","og_site_name":"B&iacute;lasmi&eth;urinn","article_modified_time":"2021-08-30T18:39:43+00:00","og_image":[{"width":1400,"height":1400,"url":"https:\/\/bilasmidurinn.is\/wp-content\/uploads\/2021\/08\/16-7-4021-1.jpg","type":"image\/jpeg"}],"twitter_card":"summary_large_image","schema":{"@context":"https:\/\/schema.org","@graph":[{"@type":"WebPage","@id":"http:\/\/bilasmidurinn.is\/en\/vefverslun\/laesingar\/hespur\/hespa-118mm-zink-med-motstykki\/","url":"http:\/\/bilasmidurinn.is\/en\/vefverslun\/laesingar\/hespur\/hespa-118mm-zink-med-motstykki\/","name":"Hespa 118mm Zink me\u00f0 m\u00f3tstykki - B&iacute;lasmi&eth;urinn","isPartOf":{"@id":"https:\/\/bilasmidurinn.is\/#website"},"primaryImageOfPage":{"@id":"http:\/\/bilasmidurinn.is\/en\/vefverslun\/laesingar\/hespur\/hespa-118mm-zink-med-motstykki\/#primaryimage"},"image":{"@id":"http:\/\/bilasmidurinn.is\/en\/vefverslun\/laesingar\/hespur\/hespa-118mm-zink-med-motstykki\/#primaryimage"},"thumbnailUrl":"https:\/\/bilasmidurinn.is\/wp-content\/uploads\/2021\/08\/16-7-4021-1.jpg","datePublished":"2021-08-30T18:27:45+00:00","dateModified":"2021-08-30T18:39:43+00:00","breadcrumb":{"@id":"http:\/\/bilasmidurinn.is\/en\/vefverslun\/laesingar\/hespur\/hespa-118mm-zink-med-motstykki\/#breadcrumb"},"inLanguage":"pl-PL","potentialAction":[{"@type":"ReadAction","target":["http:\/\/bilasmidurinn.is\/en\/vefverslun\/laesingar\/hespur\/hespa-118mm-zink-med-motstykki\/"]}]},{"@type":"ImageObject","inLanguage":"pl-PL","@id":"http:\/\/bilasmidurinn.is\/en\/vefverslun\/laesingar\/hespur\/hespa-118mm-zink-med-motstykki\/#primaryimage","url":"https:\/\/bilasmidurinn.is\/wp-content\/uploads\/2021\/08\/16-7-4021-1.jpg","contentUrl":"https:\/\/bilasmidurinn.is\/wp-content\/uploads\/2021\/08\/16-7-4021-1.jpg","width":1400,"height":1400},{"@type":"BreadcrumbList","@id":"http:\/\/bilasmidurinn.is\/en\/vefverslun\/laesingar\/hespur\/hespa-118mm-zink-med-motstykki\/#breadcrumb","itemListElement":[{"@type":"ListItem","position":1,"name":"Home","item":"https:\/\/bilasmidurinn.is\/"},{"@type":"ListItem","position":2,"name":"V\u00f6rur \u00ed verslun","item":"https:\/\/bilasmidurinn.is\/vefverslun\/"},{"@type":"ListItem","position":3,"name":"Hespa 118mm Zink me\u00f0 m\u00f3tstykki"}]},{"@type":"WebSite","@id":"https:\/\/bilasmidurinn.is\/#website","url":"https:\/\/bilasmidurinn.is\/","name":"B&iacute;lasmi&eth;urinn","description":"All sem &thorn;&uacute; &thorn;arft &iacute; t&aelig;ki&eth;","potentialAction":[{"@type":"SearchAction","target":{"@type":"EntryPoint","urlTemplate":"https:\/\/bilasmidurinn.is\/?s={search_term_string}"},"query-input":{"@type":"PropertyValueSpecification","valueRequired":true,"valueName":"search_term_string"}}],"inLanguage":"pl-PL"}]}},"_links":{"self":[{"href":"https:\/\/bilasmidurinn.is\/pl\/wp-json\/wp\/v2\/product\/13004","targetHints":{"allow":["GET"]}}],"collection":[{"href":"https:\/\/bilasmidurinn.is\/pl\/wp-json\/wp\/v2\/product"}],"about":[{"href":"https:\/\/bilasmidurinn.is\/pl\/wp-json\/wp\/v2\/types\/product"}],"wp:featuredmedia":[{"embeddable":true,"href":"https:\/\/bilasmidurinn.is\/pl\/wp-json\/wp\/v2\/media\/13011"}],"wp:attachment":[{"href":"https:\/\/bilasmidurinn.is\/pl\/wp-json\/wp\/v2\/media?parent=13004"}],"wp:term":[{"taxonomy":"product_brand","embeddable":true,"href":"https:\/\/bilasmidurinn.is\/pl\/wp-json\/wp\/v2\/product_brand?post=13004"},{"taxonomy":"product_cat","embeddable":true,"href":"https:\/\/bilasmidurinn.is\/pl\/wp-json\/wp\/v2\/product_cat?post=13004"},{"taxonomy":"product_tag","embeddable":true,"href":"https:\/\/bilasmidurinn.is\/pl\/wp-json\/wp\/v2\/product_tag?post=13004"}],"curies":[{"name":"wp","href":"https:\/\/api.w.org\/{rel}","templated":true}]}}