{"id":12590,"date":"2021-08-16T19:45:20","date_gmt":"2021-08-16T19:45:20","guid":{"rendered":"https:\/\/bilasmidurinn.is\/?post_type=product&#038;p=12590"},"modified":"2021-10-25T21:13:22","modified_gmt":"2021-10-25T21:13:22","slug":"led-vinnuljos-shd3000","status":"publish","type":"product","link":"https:\/\/bilasmidurinn.is\/pl\/vefverslun\/ljos\/vinnuljos-ljos\/led-vinnuljos-shd3000\/","title":{"rendered":"Lampa robocza LED SHD3000"},"content":{"rendered":"<p>Lampa robocza LED zosta\u0142a zaprojektowana tak, aby wytrzyma\u0107 wszystkie mo\u017cliwe warunki, mocowanie HD, z\u0142\u0105cze Deutche i ochron\u0119 przed kamieniami. \u015awiat\u0142o wyprodukowana przez ABL Vingnal dla najbardziej wymagaj\u0105cych konstruktor\u00f3w maszyn. Reflektor strumieniowy zosta\u0142 zaprojektowany tak, aby skierowa\u0107 \u015bwiat\u0142o p\u0142asko i w d\u00f3\u0142 tam, gdzie ma by\u0107 o\u015bwietlone.<\/p>\n<p>3000Lm, 36W, 12-100V, zabezpieczenie przed odwrotn\u0105 polaryzacj\u0105. -40\u00b0 \u2013 +85\u00b0C<\/p>\n<p>Odporno\u015b\u0107 na mg\u0142\u0119 soln\u0105 zgodnie z ISO9227,<\/p>\n<p>EMC ISO13766-ISO14982- ISO12895 \u2013 CISPR25<\/p>\n<p>Odporno\u015b\u0107 na wstrz\u0105sy i wibracje do 60G 24-2000 Hz, IP69K Odporno\u015b\u0107 na wahania napi\u0119cia do 1800 V<\/p>\n<p>4 lata gwarancji lub 20000 godzin.<\/p>","protected":false},"excerpt":{"rendered":"<p>Lampa robocza SHD3000<\/p>","protected":false},"featured_media":12591,"template":"","meta":[],"product_brand":[7993,7992],"product_cat":[8012],"product_tag":[],"class_list":{"0":"post-12590","1":"product","2":"type-product","3":"status-publish","4":"has-post-thumbnail","6":"product_brand-abl","7":"product_brand-vignal","8":"product_cat-vinnuljos-ljos","10":"first","11":"instock","12":"shipping-taxable","13":"product-type-simple"},"yoast_head":"<!-- This site is optimized with the Yoast SEO plugin v27.5 - https:\/\/yoast.com\/product\/yoast-seo-wordpress\/ -->\n<title>LED vinnulj\u00f3s SHD3000 - B&iacute;lasmi&eth;urinn<\/title>\n<meta name=\"robots\" content=\"index, follow, max-snippet:-1, max-image-preview:large, max-video-preview:-1\" \/>\n<link rel=\"canonical\" href=\"http:\/\/bilasmidurinn.is\/pl\/vefverslun\/ljos\/vinnuljos-ljos\/led-vinnuljos-shd3000\/\" \/>\n<meta property=\"og:locale\" content=\"pl_PL\" \/>\n<meta property=\"og:type\" content=\"article\" \/>\n<meta property=\"og:title\" content=\"LED vinnulj\u00f3s SHD3000 - B&iacute;lasmi&eth;urinn\" \/>\n<meta property=\"og:description\" content=\"SHD3000 vinnulj\u00f3s\" \/>\n<meta property=\"og:url\" content=\"http:\/\/bilasmidurinn.is\/pl\/vefverslun\/ljos\/vinnuljos-ljos\/led-vinnuljos-shd3000\/\" \/>\n<meta property=\"og:site_name\" content=\"B&iacute;lasmi&eth;urinn\" \/>\n<meta property=\"article:modified_time\" content=\"2021-10-25T21:13:22+00:00\" \/>\n<meta property=\"og:image\" content=\"https:\/\/bilasmidurinn.is\/wp-content\/uploads\/2021\/08\/A0787A632300.png\" \/>\n\t<meta property=\"og:image:width\" content=\"104\" \/>\n\t<meta property=\"og:image:height\" content=\"126\" \/>\n\t<meta property=\"og:image:type\" content=\"image\/png\" \/>\n<meta name=\"twitter:card\" content=\"summary_large_image\" \/>\n<script type=\"application\/ld+json\" class=\"yoast-schema-graph\">{\"@context\":\"https:\\\/\\\/schema.org\",\"@graph\":[{\"@type\":\"WebPage\",\"@id\":\"http:\\\/\\\/bilasmidurinn.is\\\/en\\\/vefverslun\\\/ljos\\\/vinnuljos-ljos\\\/led-vinnuljos-shd3000\\\/\",\"url\":\"http:\\\/\\\/bilasmidurinn.is\\\/en\\\/vefverslun\\\/ljos\\\/vinnuljos-ljos\\\/led-vinnuljos-shd3000\\\/\",\"name\":\"LED vinnulj\u00f3s SHD3000 - B&iacute;lasmi&eth;urinn\",\"isPartOf\":{\"@id\":\"https:\\\/\\\/bilasmidurinn.is\\\/#website\"},\"primaryImageOfPage\":{\"@id\":\"http:\\\/\\\/bilasmidurinn.is\\\/en\\\/vefverslun\\\/ljos\\\/vinnuljos-ljos\\\/led-vinnuljos-shd3000\\\/#primaryimage\"},\"image\":{\"@id\":\"http:\\\/\\\/bilasmidurinn.is\\\/en\\\/vefverslun\\\/ljos\\\/vinnuljos-ljos\\\/led-vinnuljos-shd3000\\\/#primaryimage\"},\"thumbnailUrl\":\"https:\\\/\\\/bilasmidurinn.is\\\/wp-content\\\/uploads\\\/2021\\\/08\\\/A0787A632300.png\",\"datePublished\":\"2021-08-16T19:45:20+00:00\",\"dateModified\":\"2021-10-25T21:13:22+00:00\",\"breadcrumb\":{\"@id\":\"http:\\\/\\\/bilasmidurinn.is\\\/en\\\/vefverslun\\\/ljos\\\/vinnuljos-ljos\\\/led-vinnuljos-shd3000\\\/#breadcrumb\"},\"inLanguage\":\"pl-PL\",\"potentialAction\":[{\"@type\":\"ReadAction\",\"target\":[\"http:\\\/\\\/bilasmidurinn.is\\\/en\\\/vefverslun\\\/ljos\\\/vinnuljos-ljos\\\/led-vinnuljos-shd3000\\\/\"]}]},{\"@type\":\"ImageObject\",\"inLanguage\":\"pl-PL\",\"@id\":\"http:\\\/\\\/bilasmidurinn.is\\\/en\\\/vefverslun\\\/ljos\\\/vinnuljos-ljos\\\/led-vinnuljos-shd3000\\\/#primaryimage\",\"url\":\"https:\\\/\\\/bilasmidurinn.is\\\/wp-content\\\/uploads\\\/2021\\\/08\\\/A0787A632300.png\",\"contentUrl\":\"https:\\\/\\\/bilasmidurinn.is\\\/wp-content\\\/uploads\\\/2021\\\/08\\\/A0787A632300.png\",\"width\":104,\"height\":126},{\"@type\":\"BreadcrumbList\",\"@id\":\"http:\\\/\\\/bilasmidurinn.is\\\/en\\\/vefverslun\\\/ljos\\\/vinnuljos-ljos\\\/led-vinnuljos-shd3000\\\/#breadcrumb\",\"itemListElement\":[{\"@type\":\"ListItem\",\"position\":1,\"name\":\"Home\",\"item\":\"https:\\\/\\\/bilasmidurinn.is\\\/\"},{\"@type\":\"ListItem\",\"position\":2,\"name\":\"V\u00f6rur \u00ed verslun\",\"item\":\"https:\\\/\\\/bilasmidurinn.is\\\/vefverslun\\\/\"},{\"@type\":\"ListItem\",\"position\":3,\"name\":\"LED vinnulj\u00f3s SHD3000\"}]},{\"@type\":\"WebSite\",\"@id\":\"https:\\\/\\\/bilasmidurinn.is\\\/#website\",\"url\":\"https:\\\/\\\/bilasmidurinn.is\\\/\",\"name\":\"B&iacute;lasmi&eth;urinn\",\"description\":\"All sem &thorn;&uacute; &thorn;arft &iacute; t&aelig;ki&eth;\",\"potentialAction\":[{\"@type\":\"SearchAction\",\"target\":{\"@type\":\"EntryPoint\",\"urlTemplate\":\"https:\\\/\\\/bilasmidurinn.is\\\/?s={search_term_string}\"},\"query-input\":{\"@type\":\"PropertyValueSpecification\",\"valueRequired\":true,\"valueName\":\"search_term_string\"}}],\"inLanguage\":\"pl-PL\"}]}<\/script>\n<!-- \/ Yoast SEO plugin. -->","yoast_head_json":{"title":"LED vinnulj\u00f3s SHD3000 - B&iacute;lasmi&eth;urinn","robots":{"index":"index","follow":"follow","max-snippet":"max-snippet:-1","max-image-preview":"max-image-preview:large","max-video-preview":"max-video-preview:-1"},"canonical":"http:\/\/bilasmidurinn.is\/pl\/vefverslun\/ljos\/vinnuljos-ljos\/led-vinnuljos-shd3000\/","og_locale":"pl_PL","og_type":"article","og_title":"LED vinnulj\u00f3s SHD3000 - B&iacute;lasmi&eth;urinn","og_description":"SHD3000 vinnulj\u00f3s","og_url":"http:\/\/bilasmidurinn.is\/pl\/vefverslun\/ljos\/vinnuljos-ljos\/led-vinnuljos-shd3000\/","og_site_name":"B&iacute;lasmi&eth;urinn","article_modified_time":"2021-10-25T21:13:22+00:00","og_image":[{"width":104,"height":126,"url":"https:\/\/bilasmidurinn.is\/wp-content\/uploads\/2021\/08\/A0787A632300.png","type":"image\/png"}],"twitter_card":"summary_large_image","schema":{"@context":"https:\/\/schema.org","@graph":[{"@type":"WebPage","@id":"http:\/\/bilasmidurinn.is\/en\/vefverslun\/ljos\/vinnuljos-ljos\/led-vinnuljos-shd3000\/","url":"http:\/\/bilasmidurinn.is\/en\/vefverslun\/ljos\/vinnuljos-ljos\/led-vinnuljos-shd3000\/","name":"LED vinnulj\u00f3s SHD3000 - B&iacute;lasmi&eth;urinn","isPartOf":{"@id":"https:\/\/bilasmidurinn.is\/#website"},"primaryImageOfPage":{"@id":"http:\/\/bilasmidurinn.is\/en\/vefverslun\/ljos\/vinnuljos-ljos\/led-vinnuljos-shd3000\/#primaryimage"},"image":{"@id":"http:\/\/bilasmidurinn.is\/en\/vefverslun\/ljos\/vinnuljos-ljos\/led-vinnuljos-shd3000\/#primaryimage"},"thumbnailUrl":"https:\/\/bilasmidurinn.is\/wp-content\/uploads\/2021\/08\/A0787A632300.png","datePublished":"2021-08-16T19:45:20+00:00","dateModified":"2021-10-25T21:13:22+00:00","breadcrumb":{"@id":"http:\/\/bilasmidurinn.is\/en\/vefverslun\/ljos\/vinnuljos-ljos\/led-vinnuljos-shd3000\/#breadcrumb"},"inLanguage":"pl-PL","potentialAction":[{"@type":"ReadAction","target":["http:\/\/bilasmidurinn.is\/en\/vefverslun\/ljos\/vinnuljos-ljos\/led-vinnuljos-shd3000\/"]}]},{"@type":"ImageObject","inLanguage":"pl-PL","@id":"http:\/\/bilasmidurinn.is\/en\/vefverslun\/ljos\/vinnuljos-ljos\/led-vinnuljos-shd3000\/#primaryimage","url":"https:\/\/bilasmidurinn.is\/wp-content\/uploads\/2021\/08\/A0787A632300.png","contentUrl":"https:\/\/bilasmidurinn.is\/wp-content\/uploads\/2021\/08\/A0787A632300.png","width":104,"height":126},{"@type":"BreadcrumbList","@id":"http:\/\/bilasmidurinn.is\/en\/vefverslun\/ljos\/vinnuljos-ljos\/led-vinnuljos-shd3000\/#breadcrumb","itemListElement":[{"@type":"ListItem","position":1,"name":"Home","item":"https:\/\/bilasmidurinn.is\/"},{"@type":"ListItem","position":2,"name":"V\u00f6rur \u00ed verslun","item":"https:\/\/bilasmidurinn.is\/vefverslun\/"},{"@type":"ListItem","position":3,"name":"LED vinnulj\u00f3s SHD3000"}]},{"@type":"WebSite","@id":"https:\/\/bilasmidurinn.is\/#website","url":"https:\/\/bilasmidurinn.is\/","name":"B&iacute;lasmi&eth;urinn","description":"All sem &thorn;&uacute; &thorn;arft &iacute; t&aelig;ki&eth;","potentialAction":[{"@type":"SearchAction","target":{"@type":"EntryPoint","urlTemplate":"https:\/\/bilasmidurinn.is\/?s={search_term_string}"},"query-input":{"@type":"PropertyValueSpecification","valueRequired":true,"valueName":"search_term_string"}}],"inLanguage":"pl-PL"}]}},"_links":{"self":[{"href":"https:\/\/bilasmidurinn.is\/pl\/wp-json\/wp\/v2\/product\/12590","targetHints":{"allow":["GET"]}}],"collection":[{"href":"https:\/\/bilasmidurinn.is\/pl\/wp-json\/wp\/v2\/product"}],"about":[{"href":"https:\/\/bilasmidurinn.is\/pl\/wp-json\/wp\/v2\/types\/product"}],"wp:featuredmedia":[{"embeddable":true,"href":"https:\/\/bilasmidurinn.is\/pl\/wp-json\/wp\/v2\/media\/12591"}],"wp:attachment":[{"href":"https:\/\/bilasmidurinn.is\/pl\/wp-json\/wp\/v2\/media?parent=12590"}],"wp:term":[{"taxonomy":"product_brand","embeddable":true,"href":"https:\/\/bilasmidurinn.is\/pl\/wp-json\/wp\/v2\/product_brand?post=12590"},{"taxonomy":"product_cat","embeddable":true,"href":"https:\/\/bilasmidurinn.is\/pl\/wp-json\/wp\/v2\/product_cat?post=12590"},{"taxonomy":"product_tag","embeddable":true,"href":"https:\/\/bilasmidurinn.is\/pl\/wp-json\/wp\/v2\/product_tag?post=12590"}],"curies":[{"name":"wp","href":"https:\/\/api.w.org\/{rel}","templated":true}]}}