{"id":12572,"date":"2021-08-16T18:31:50","date_gmt":"2021-08-16T18:31:50","guid":{"rendered":"https:\/\/bilasmidurinn.is\/?post_type=product&#038;p=12572"},"modified":"2021-09-15T19:31:08","modified_gmt":"2021-09-15T19:31:08","slug":"hurdastrekkjara-halda-vinstri-ur-ali-2","status":"publish","type":"product","link":"https:\/\/bilasmidurinn.is\/pl\/vefverslun\/festingar\/hurdastrekkjara-halda-vinstri-ur-ali-2\/","title":{"rendered":"Uchwyt napinacza drzwi lewych wykonany z aluminium"},"content":{"rendered":"<p>Element ustalaj\u0105cy napinacza drzwi lewy wykonany z aluminium dla wi\u0119kszego typu napinacza z gwintem M8, \u015bruba 6030034 nie jest do\u0142\u0105czona.<\/p>","protected":false},"excerpt":{"rendered":"<p>Napinacz drzwi lewy, wi\u0119kszy typ<\/p>","protected":false},"featured_media":13383,"template":"","meta":[],"product_brand":[7946],"product_cat":[7958],"product_tag":[],"class_list":{"0":"post-12572","1":"product","2":"type-product","3":"status-publish","4":"has-post-thumbnail","6":"product_brand-happich-ghe","7":"product_cat-festingar","9":"first","10":"instock","11":"shipping-taxable","12":"product-type-simple"},"yoast_head":"<!-- This site is optimized with the Yoast SEO plugin v27.4 - https:\/\/yoast.com\/product\/yoast-seo-wordpress\/ -->\n<title>Hur\u00f0astrekkjara halda vinstri \u00far \u00e1li - B&iacute;lasmi&eth;urinn<\/title>\n<meta name=\"robots\" content=\"index, follow, max-snippet:-1, max-image-preview:large, max-video-preview:-1\" \/>\n<link rel=\"canonical\" href=\"https:\/\/bilasmidurinn.is\/pl\/vefverslun\/festingar\/hurdastrekkjara-halda-vinstri-ur-ali-2\/\" \/>\n<meta property=\"og:locale\" content=\"pl_PL\" \/>\n<meta property=\"og:type\" content=\"article\" \/>\n<meta property=\"og:title\" content=\"Hur\u00f0astrekkjara halda vinstri \u00far \u00e1li - B&iacute;lasmi&eth;urinn\" \/>\n<meta property=\"og:description\" content=\"Hur\u00f0strekkjara halda vinstri st\u00e6rri ger\u00f0\" \/>\n<meta property=\"og:url\" content=\"https:\/\/bilasmidurinn.is\/pl\/vefverslun\/festingar\/hurdastrekkjara-halda-vinstri-ur-ali-2\/\" \/>\n<meta property=\"og:site_name\" content=\"B&iacute;lasmi&eth;urinn\" \/>\n<meta property=\"article:modified_time\" content=\"2021-09-15T19:31:08+00:00\" \/>\n<meta property=\"og:image\" content=\"https:\/\/bilasmidurinn.is\/wp-content\/uploads\/2021\/09\/6030040.png\" \/>\n\t<meta property=\"og:image:width\" content=\"188\" \/>\n\t<meta property=\"og:image:height\" content=\"334\" \/>\n\t<meta property=\"og:image:type\" content=\"image\/png\" \/>\n<meta name=\"twitter:card\" content=\"summary_large_image\" \/>\n<script type=\"application\/ld+json\" class=\"yoast-schema-graph\">{\"@context\":\"https:\\\/\\\/schema.org\",\"@graph\":[{\"@type\":\"WebPage\",\"@id\":\"https:\\\/\\\/bilasmidurinn.is\\\/pl\\\/vefverslun\\\/festingar\\\/hurdastrekkjara-halda-vinstri-ur-ali-2\\\/\",\"url\":\"https:\\\/\\\/bilasmidurinn.is\\\/pl\\\/vefverslun\\\/festingar\\\/hurdastrekkjara-halda-vinstri-ur-ali-2\\\/\",\"name\":\"Hur\u00f0astrekkjara halda vinstri \u00far \u00e1li - B&iacute;lasmi&eth;urinn\",\"isPartOf\":{\"@id\":\"https:\\\/\\\/bilasmidurinn.is\\\/#website\"},\"primaryImageOfPage\":{\"@id\":\"https:\\\/\\\/bilasmidurinn.is\\\/pl\\\/vefverslun\\\/festingar\\\/hurdastrekkjara-halda-vinstri-ur-ali-2\\\/#primaryimage\"},\"image\":{\"@id\":\"https:\\\/\\\/bilasmidurinn.is\\\/pl\\\/vefverslun\\\/festingar\\\/hurdastrekkjara-halda-vinstri-ur-ali-2\\\/#primaryimage\"},\"thumbnailUrl\":\"https:\\\/\\\/bilasmidurinn.is\\\/wp-content\\\/uploads\\\/2021\\\/09\\\/6030040.png\",\"datePublished\":\"2021-08-16T18:31:50+00:00\",\"dateModified\":\"2021-09-15T19:31:08+00:00\",\"breadcrumb\":{\"@id\":\"https:\\\/\\\/bilasmidurinn.is\\\/pl\\\/vefverslun\\\/festingar\\\/hurdastrekkjara-halda-vinstri-ur-ali-2\\\/#breadcrumb\"},\"inLanguage\":\"pl-PL\",\"potentialAction\":[{\"@type\":\"ReadAction\",\"target\":[\"https:\\\/\\\/bilasmidurinn.is\\\/pl\\\/vefverslun\\\/festingar\\\/hurdastrekkjara-halda-vinstri-ur-ali-2\\\/\"]}]},{\"@type\":\"ImageObject\",\"inLanguage\":\"pl-PL\",\"@id\":\"https:\\\/\\\/bilasmidurinn.is\\\/pl\\\/vefverslun\\\/festingar\\\/hurdastrekkjara-halda-vinstri-ur-ali-2\\\/#primaryimage\",\"url\":\"https:\\\/\\\/bilasmidurinn.is\\\/wp-content\\\/uploads\\\/2021\\\/09\\\/6030040.png\",\"contentUrl\":\"https:\\\/\\\/bilasmidurinn.is\\\/wp-content\\\/uploads\\\/2021\\\/09\\\/6030040.png\",\"width\":188,\"height\":334},{\"@type\":\"BreadcrumbList\",\"@id\":\"https:\\\/\\\/bilasmidurinn.is\\\/pl\\\/vefverslun\\\/festingar\\\/hurdastrekkjara-halda-vinstri-ur-ali-2\\\/#breadcrumb\",\"itemListElement\":[{\"@type\":\"ListItem\",\"position\":1,\"name\":\"Home\",\"item\":\"https:\\\/\\\/bilasmidurinn.is\\\/\"},{\"@type\":\"ListItem\",\"position\":2,\"name\":\"V\u00f6rur \u00ed verslun\",\"item\":\"https:\\\/\\\/bilasmidurinn.is\\\/vefverslun\\\/\"},{\"@type\":\"ListItem\",\"position\":3,\"name\":\"Hur\u00f0astrekkjara halda vinstri \u00far \u00e1li\"}]},{\"@type\":\"WebSite\",\"@id\":\"https:\\\/\\\/bilasmidurinn.is\\\/#website\",\"url\":\"https:\\\/\\\/bilasmidurinn.is\\\/\",\"name\":\"B&iacute;lasmi&eth;urinn\",\"description\":\"All sem &thorn;&uacute; &thorn;arft &iacute; t&aelig;ki&eth;\",\"potentialAction\":[{\"@type\":\"SearchAction\",\"target\":{\"@type\":\"EntryPoint\",\"urlTemplate\":\"https:\\\/\\\/bilasmidurinn.is\\\/?s={search_term_string}\"},\"query-input\":{\"@type\":\"PropertyValueSpecification\",\"valueRequired\":true,\"valueName\":\"search_term_string\"}}],\"inLanguage\":\"pl-PL\"}]}<\/script>\n<!-- \/ Yoast SEO plugin. -->","yoast_head_json":{"title":"Hur\u00f0astrekkjara halda vinstri \u00far \u00e1li - B&iacute;lasmi&eth;urinn","robots":{"index":"index","follow":"follow","max-snippet":"max-snippet:-1","max-image-preview":"max-image-preview:large","max-video-preview":"max-video-preview:-1"},"canonical":"https:\/\/bilasmidurinn.is\/pl\/vefverslun\/festingar\/hurdastrekkjara-halda-vinstri-ur-ali-2\/","og_locale":"pl_PL","og_type":"article","og_title":"Hur\u00f0astrekkjara halda vinstri \u00far \u00e1li - B&iacute;lasmi&eth;urinn","og_description":"Hur\u00f0strekkjara halda vinstri st\u00e6rri ger\u00f0","og_url":"https:\/\/bilasmidurinn.is\/pl\/vefverslun\/festingar\/hurdastrekkjara-halda-vinstri-ur-ali-2\/","og_site_name":"B&iacute;lasmi&eth;urinn","article_modified_time":"2021-09-15T19:31:08+00:00","og_image":[{"width":188,"height":334,"url":"https:\/\/bilasmidurinn.is\/wp-content\/uploads\/2021\/09\/6030040.png","type":"image\/png"}],"twitter_card":"summary_large_image","schema":{"@context":"https:\/\/schema.org","@graph":[{"@type":"WebPage","@id":"https:\/\/bilasmidurinn.is\/pl\/vefverslun\/festingar\/hurdastrekkjara-halda-vinstri-ur-ali-2\/","url":"https:\/\/bilasmidurinn.is\/pl\/vefverslun\/festingar\/hurdastrekkjara-halda-vinstri-ur-ali-2\/","name":"Hur\u00f0astrekkjara halda vinstri \u00far \u00e1li - B&iacute;lasmi&eth;urinn","isPartOf":{"@id":"https:\/\/bilasmidurinn.is\/#website"},"primaryImageOfPage":{"@id":"https:\/\/bilasmidurinn.is\/pl\/vefverslun\/festingar\/hurdastrekkjara-halda-vinstri-ur-ali-2\/#primaryimage"},"image":{"@id":"https:\/\/bilasmidurinn.is\/pl\/vefverslun\/festingar\/hurdastrekkjara-halda-vinstri-ur-ali-2\/#primaryimage"},"thumbnailUrl":"https:\/\/bilasmidurinn.is\/wp-content\/uploads\/2021\/09\/6030040.png","datePublished":"2021-08-16T18:31:50+00:00","dateModified":"2021-09-15T19:31:08+00:00","breadcrumb":{"@id":"https:\/\/bilasmidurinn.is\/pl\/vefverslun\/festingar\/hurdastrekkjara-halda-vinstri-ur-ali-2\/#breadcrumb"},"inLanguage":"pl-PL","potentialAction":[{"@type":"ReadAction","target":["https:\/\/bilasmidurinn.is\/pl\/vefverslun\/festingar\/hurdastrekkjara-halda-vinstri-ur-ali-2\/"]}]},{"@type":"ImageObject","inLanguage":"pl-PL","@id":"https:\/\/bilasmidurinn.is\/pl\/vefverslun\/festingar\/hurdastrekkjara-halda-vinstri-ur-ali-2\/#primaryimage","url":"https:\/\/bilasmidurinn.is\/wp-content\/uploads\/2021\/09\/6030040.png","contentUrl":"https:\/\/bilasmidurinn.is\/wp-content\/uploads\/2021\/09\/6030040.png","width":188,"height":334},{"@type":"BreadcrumbList","@id":"https:\/\/bilasmidurinn.is\/pl\/vefverslun\/festingar\/hurdastrekkjara-halda-vinstri-ur-ali-2\/#breadcrumb","itemListElement":[{"@type":"ListItem","position":1,"name":"Home","item":"https:\/\/bilasmidurinn.is\/"},{"@type":"ListItem","position":2,"name":"V\u00f6rur \u00ed verslun","item":"https:\/\/bilasmidurinn.is\/vefverslun\/"},{"@type":"ListItem","position":3,"name":"Hur\u00f0astrekkjara halda vinstri \u00far \u00e1li"}]},{"@type":"WebSite","@id":"https:\/\/bilasmidurinn.is\/#website","url":"https:\/\/bilasmidurinn.is\/","name":"B&iacute;lasmi&eth;urinn","description":"All sem &thorn;&uacute; &thorn;arft &iacute; t&aelig;ki&eth;","potentialAction":[{"@type":"SearchAction","target":{"@type":"EntryPoint","urlTemplate":"https:\/\/bilasmidurinn.is\/?s={search_term_string}"},"query-input":{"@type":"PropertyValueSpecification","valueRequired":true,"valueName":"search_term_string"}}],"inLanguage":"pl-PL"}]}},"_links":{"self":[{"href":"https:\/\/bilasmidurinn.is\/pl\/wp-json\/wp\/v2\/product\/12572","targetHints":{"allow":["GET"]}}],"collection":[{"href":"https:\/\/bilasmidurinn.is\/pl\/wp-json\/wp\/v2\/product"}],"about":[{"href":"https:\/\/bilasmidurinn.is\/pl\/wp-json\/wp\/v2\/types\/product"}],"wp:featuredmedia":[{"embeddable":true,"href":"https:\/\/bilasmidurinn.is\/pl\/wp-json\/wp\/v2\/media\/13383"}],"wp:attachment":[{"href":"https:\/\/bilasmidurinn.is\/pl\/wp-json\/wp\/v2\/media?parent=12572"}],"wp:term":[{"taxonomy":"product_brand","embeddable":true,"href":"https:\/\/bilasmidurinn.is\/pl\/wp-json\/wp\/v2\/product_brand?post=12572"},{"taxonomy":"product_cat","embeddable":true,"href":"https:\/\/bilasmidurinn.is\/pl\/wp-json\/wp\/v2\/product_cat?post=12572"},{"taxonomy":"product_tag","embeddable":true,"href":"https:\/\/bilasmidurinn.is\/pl\/wp-json\/wp\/v2\/product_tag?post=12572"}],"curies":[{"name":"wp","href":"https:\/\/api.w.org\/{rel}","templated":true}]}}