{"id":12532,"date":"2021-08-16T10:01:20","date_gmt":"2021-08-16T10:01:20","guid":{"rendered":"https:\/\/bilasmidurinn.is\/?post_type=product&#038;p=12532"},"modified":"2021-08-16T10:01:21","modified_gmt":"2021-08-16T10:01:21","slug":"alskuffa-fyrir-rudufilt","status":"publish","type":"product","link":"https:\/\/bilasmidurinn.is\/pl\/vefverslun\/thettilistar\/rudufilt\/alskuffa-fyrir-rudufilt\/","title":{"rendered":"Aluminiowa szuflada na filc okienny"},"content":{"rendered":"<p>Szuflada aluminiowa na podw\u00f3jne okno filcowe 24mm 26\u00d715,5mm na zewn\u0105trz. b\u0142yszcz\u0105cy<\/p>\n<p>s\u0142upek 5m cena za szt metr<\/p>","protected":false},"excerpt":{"rendered":"<p>Szuflada aluminiowa na podw\u00f3jny filc okienny 24mm 26\u00d715,5mm na zewn\u0105trz. s\u0142up polerowany 5m cena za szt metr<\/p>","protected":false},"featured_media":12527,"template":"","meta":[],"product_brand":[7946],"product_cat":[7953,8024],"product_tag":[],"class_list":{"0":"post-12532","1":"product","2":"type-product","3":"status-publish","4":"has-post-thumbnail","6":"product_brand-happich-ghe","7":"product_cat-allistar","8":"product_cat-rudufilt","10":"first","11":"instock","12":"shipping-taxable","13":"product-type-simple"},"yoast_head":"<!-- This site is optimized with the Yoast SEO plugin v27.4 - https:\/\/yoast.com\/product\/yoast-seo-wordpress\/ -->\n<title>\u00c1lsk\u00faffa fyrir r\u00fa\u00f0ufilt - B&iacute;lasmi&eth;urinn<\/title>\n<meta name=\"robots\" content=\"index, follow, max-snippet:-1, max-image-preview:large, max-video-preview:-1\" \/>\n<link rel=\"canonical\" href=\"http:\/\/bilasmidurinn.is\/pl\/vefverslun\/thettilistar\/rudufilt\/alskuffa-fyrir-rudufilt\/\" \/>\n<meta property=\"og:locale\" content=\"pl_PL\" \/>\n<meta property=\"og:type\" content=\"article\" \/>\n<meta property=\"og:title\" content=\"\u00c1lsk\u00faffa fyrir r\u00fa\u00f0ufilt - B&iacute;lasmi&eth;urinn\" \/>\n<meta property=\"og:description\" content=\"\u00c1lsk\u00faffa fyrir tv\u00f6falt r\u00fa\u00f0ufilt 24mm\u00a0 26&#215;15,5mm utan. p\u00f3lera\u00f0 5m st\u00f6ng ver\u00f0 pr. meter\" \/>\n<meta property=\"og:url\" content=\"http:\/\/bilasmidurinn.is\/pl\/vefverslun\/thettilistar\/rudufilt\/alskuffa-fyrir-rudufilt\/\" \/>\n<meta property=\"og:site_name\" content=\"B&iacute;lasmi&eth;urinn\" \/>\n<meta property=\"article:modified_time\" content=\"2021-08-16T10:01:21+00:00\" \/>\n<meta property=\"og:image\" content=\"https:\/\/bilasmidurinn.is\/wp-content\/uploads\/2021\/08\/3720124.png\" \/>\n\t<meta property=\"og:image:width\" content=\"500\" \/>\n\t<meta property=\"og:image:height\" content=\"308\" \/>\n\t<meta property=\"og:image:type\" content=\"image\/png\" \/>\n<meta name=\"twitter:card\" content=\"summary_large_image\" \/>\n<script type=\"application\/ld+json\" class=\"yoast-schema-graph\">{\"@context\":\"https:\\\/\\\/schema.org\",\"@graph\":[{\"@type\":\"WebPage\",\"@id\":\"http:\\\/\\\/bilasmidurinn.is\\\/en\\\/vefverslun\\\/thettilistar\\\/rudufilt\\\/alskuffa-fyrir-rudufilt\\\/\",\"url\":\"http:\\\/\\\/bilasmidurinn.is\\\/en\\\/vefverslun\\\/thettilistar\\\/rudufilt\\\/alskuffa-fyrir-rudufilt\\\/\",\"name\":\"\u00c1lsk\u00faffa fyrir r\u00fa\u00f0ufilt - B&iacute;lasmi&eth;urinn\",\"isPartOf\":{\"@id\":\"https:\\\/\\\/bilasmidurinn.is\\\/#website\"},\"primaryImageOfPage\":{\"@id\":\"http:\\\/\\\/bilasmidurinn.is\\\/en\\\/vefverslun\\\/thettilistar\\\/rudufilt\\\/alskuffa-fyrir-rudufilt\\\/#primaryimage\"},\"image\":{\"@id\":\"http:\\\/\\\/bilasmidurinn.is\\\/en\\\/vefverslun\\\/thettilistar\\\/rudufilt\\\/alskuffa-fyrir-rudufilt\\\/#primaryimage\"},\"thumbnailUrl\":\"https:\\\/\\\/bilasmidurinn.is\\\/wp-content\\\/uploads\\\/2021\\\/08\\\/3720124.png\",\"datePublished\":\"2021-08-16T10:01:20+00:00\",\"dateModified\":\"2021-08-16T10:01:21+00:00\",\"breadcrumb\":{\"@id\":\"http:\\\/\\\/bilasmidurinn.is\\\/en\\\/vefverslun\\\/thettilistar\\\/rudufilt\\\/alskuffa-fyrir-rudufilt\\\/#breadcrumb\"},\"inLanguage\":\"pl-PL\",\"potentialAction\":[{\"@type\":\"ReadAction\",\"target\":[\"http:\\\/\\\/bilasmidurinn.is\\\/en\\\/vefverslun\\\/thettilistar\\\/rudufilt\\\/alskuffa-fyrir-rudufilt\\\/\"]}]},{\"@type\":\"ImageObject\",\"inLanguage\":\"pl-PL\",\"@id\":\"http:\\\/\\\/bilasmidurinn.is\\\/en\\\/vefverslun\\\/thettilistar\\\/rudufilt\\\/alskuffa-fyrir-rudufilt\\\/#primaryimage\",\"url\":\"https:\\\/\\\/bilasmidurinn.is\\\/wp-content\\\/uploads\\\/2021\\\/08\\\/3720124.png\",\"contentUrl\":\"https:\\\/\\\/bilasmidurinn.is\\\/wp-content\\\/uploads\\\/2021\\\/08\\\/3720124.png\",\"width\":500,\"height\":308},{\"@type\":\"BreadcrumbList\",\"@id\":\"http:\\\/\\\/bilasmidurinn.is\\\/en\\\/vefverslun\\\/thettilistar\\\/rudufilt\\\/alskuffa-fyrir-rudufilt\\\/#breadcrumb\",\"itemListElement\":[{\"@type\":\"ListItem\",\"position\":1,\"name\":\"Home\",\"item\":\"https:\\\/\\\/bilasmidurinn.is\\\/\"},{\"@type\":\"ListItem\",\"position\":2,\"name\":\"V\u00f6rur \u00ed verslun\",\"item\":\"https:\\\/\\\/bilasmidurinn.is\\\/vefverslun\\\/\"},{\"@type\":\"ListItem\",\"position\":3,\"name\":\"\u00c1lsk\u00faffa fyrir r\u00fa\u00f0ufilt\"}]},{\"@type\":\"WebSite\",\"@id\":\"https:\\\/\\\/bilasmidurinn.is\\\/#website\",\"url\":\"https:\\\/\\\/bilasmidurinn.is\\\/\",\"name\":\"B&iacute;lasmi&eth;urinn\",\"description\":\"All sem &thorn;&uacute; &thorn;arft &iacute; t&aelig;ki&eth;\",\"potentialAction\":[{\"@type\":\"SearchAction\",\"target\":{\"@type\":\"EntryPoint\",\"urlTemplate\":\"https:\\\/\\\/bilasmidurinn.is\\\/?s={search_term_string}\"},\"query-input\":{\"@type\":\"PropertyValueSpecification\",\"valueRequired\":true,\"valueName\":\"search_term_string\"}}],\"inLanguage\":\"pl-PL\"}]}<\/script>\n<!-- \/ Yoast SEO plugin. -->","yoast_head_json":{"title":"\u00c1lsk\u00faffa fyrir r\u00fa\u00f0ufilt - B&iacute;lasmi&eth;urinn","robots":{"index":"index","follow":"follow","max-snippet":"max-snippet:-1","max-image-preview":"max-image-preview:large","max-video-preview":"max-video-preview:-1"},"canonical":"http:\/\/bilasmidurinn.is\/pl\/vefverslun\/thettilistar\/rudufilt\/alskuffa-fyrir-rudufilt\/","og_locale":"pl_PL","og_type":"article","og_title":"\u00c1lsk\u00faffa fyrir r\u00fa\u00f0ufilt - B&iacute;lasmi&eth;urinn","og_description":"\u00c1lsk\u00faffa fyrir tv\u00f6falt r\u00fa\u00f0ufilt 24mm\u00a0 26&#215;15,5mm utan. p\u00f3lera\u00f0 5m st\u00f6ng ver\u00f0 pr. meter","og_url":"http:\/\/bilasmidurinn.is\/pl\/vefverslun\/thettilistar\/rudufilt\/alskuffa-fyrir-rudufilt\/","og_site_name":"B&iacute;lasmi&eth;urinn","article_modified_time":"2021-08-16T10:01:21+00:00","og_image":[{"width":500,"height":308,"url":"https:\/\/bilasmidurinn.is\/wp-content\/uploads\/2021\/08\/3720124.png","type":"image\/png"}],"twitter_card":"summary_large_image","schema":{"@context":"https:\/\/schema.org","@graph":[{"@type":"WebPage","@id":"http:\/\/bilasmidurinn.is\/en\/vefverslun\/thettilistar\/rudufilt\/alskuffa-fyrir-rudufilt\/","url":"http:\/\/bilasmidurinn.is\/en\/vefverslun\/thettilistar\/rudufilt\/alskuffa-fyrir-rudufilt\/","name":"\u00c1lsk\u00faffa fyrir r\u00fa\u00f0ufilt - B&iacute;lasmi&eth;urinn","isPartOf":{"@id":"https:\/\/bilasmidurinn.is\/#website"},"primaryImageOfPage":{"@id":"http:\/\/bilasmidurinn.is\/en\/vefverslun\/thettilistar\/rudufilt\/alskuffa-fyrir-rudufilt\/#primaryimage"},"image":{"@id":"http:\/\/bilasmidurinn.is\/en\/vefverslun\/thettilistar\/rudufilt\/alskuffa-fyrir-rudufilt\/#primaryimage"},"thumbnailUrl":"https:\/\/bilasmidurinn.is\/wp-content\/uploads\/2021\/08\/3720124.png","datePublished":"2021-08-16T10:01:20+00:00","dateModified":"2021-08-16T10:01:21+00:00","breadcrumb":{"@id":"http:\/\/bilasmidurinn.is\/en\/vefverslun\/thettilistar\/rudufilt\/alskuffa-fyrir-rudufilt\/#breadcrumb"},"inLanguage":"pl-PL","potentialAction":[{"@type":"ReadAction","target":["http:\/\/bilasmidurinn.is\/en\/vefverslun\/thettilistar\/rudufilt\/alskuffa-fyrir-rudufilt\/"]}]},{"@type":"ImageObject","inLanguage":"pl-PL","@id":"http:\/\/bilasmidurinn.is\/en\/vefverslun\/thettilistar\/rudufilt\/alskuffa-fyrir-rudufilt\/#primaryimage","url":"https:\/\/bilasmidurinn.is\/wp-content\/uploads\/2021\/08\/3720124.png","contentUrl":"https:\/\/bilasmidurinn.is\/wp-content\/uploads\/2021\/08\/3720124.png","width":500,"height":308},{"@type":"BreadcrumbList","@id":"http:\/\/bilasmidurinn.is\/en\/vefverslun\/thettilistar\/rudufilt\/alskuffa-fyrir-rudufilt\/#breadcrumb","itemListElement":[{"@type":"ListItem","position":1,"name":"Home","item":"https:\/\/bilasmidurinn.is\/"},{"@type":"ListItem","position":2,"name":"V\u00f6rur \u00ed verslun","item":"https:\/\/bilasmidurinn.is\/vefverslun\/"},{"@type":"ListItem","position":3,"name":"\u00c1lsk\u00faffa fyrir r\u00fa\u00f0ufilt"}]},{"@type":"WebSite","@id":"https:\/\/bilasmidurinn.is\/#website","url":"https:\/\/bilasmidurinn.is\/","name":"B&iacute;lasmi&eth;urinn","description":"All sem &thorn;&uacute; &thorn;arft &iacute; t&aelig;ki&eth;","potentialAction":[{"@type":"SearchAction","target":{"@type":"EntryPoint","urlTemplate":"https:\/\/bilasmidurinn.is\/?s={search_term_string}"},"query-input":{"@type":"PropertyValueSpecification","valueRequired":true,"valueName":"search_term_string"}}],"inLanguage":"pl-PL"}]}},"_links":{"self":[{"href":"https:\/\/bilasmidurinn.is\/pl\/wp-json\/wp\/v2\/product\/12532","targetHints":{"allow":["GET"]}}],"collection":[{"href":"https:\/\/bilasmidurinn.is\/pl\/wp-json\/wp\/v2\/product"}],"about":[{"href":"https:\/\/bilasmidurinn.is\/pl\/wp-json\/wp\/v2\/types\/product"}],"wp:featuredmedia":[{"embeddable":true,"href":"https:\/\/bilasmidurinn.is\/pl\/wp-json\/wp\/v2\/media\/12527"}],"wp:attachment":[{"href":"https:\/\/bilasmidurinn.is\/pl\/wp-json\/wp\/v2\/media?parent=12532"}],"wp:term":[{"taxonomy":"product_brand","embeddable":true,"href":"https:\/\/bilasmidurinn.is\/pl\/wp-json\/wp\/v2\/product_brand?post=12532"},{"taxonomy":"product_cat","embeddable":true,"href":"https:\/\/bilasmidurinn.is\/pl\/wp-json\/wp\/v2\/product_cat?post=12532"},{"taxonomy":"product_tag","embeddable":true,"href":"https:\/\/bilasmidurinn.is\/pl\/wp-json\/wp\/v2\/product_tag?post=12532"}],"curies":[{"name":"wp","href":"https:\/\/api.w.org\/{rel}","templated":true}]}}