{"id":12509,"date":"2021-08-12T12:38:30","date_gmt":"2021-08-12T12:38:30","guid":{"rendered":"https:\/\/bilasmidurinn.is\/?post_type=product&#038;p=12509"},"modified":"2025-12-22T17:27:24","modified_gmt":"2025-12-22T17:27:24","slug":"thettlisti-30mm-fyrir-albraut","status":"publish","type":"product","link":"https:\/\/bilasmidurinn.is\/pl\/vefverslun\/gummilistar\/listar-ur-gummi\/thettlisti-30mm-fyrir-albraut\/","title":{"rendered":"Listwa zag\u0119szczona 30mm na szyn\u0119 aluminiow\u0105"},"content":{"rendered":"<p>Uszczelka 30mm z gumy EPDM do szyny aluminiowej 3720227<\/p>\n<p>30m w rolce sprzedawane po metr<\/p>\n<p>&nbsp;<\/p>","protected":false},"excerpt":{"rendered":"<p>Uszczelka 30mm do szyny aluminiowej<\/p>","protected":false},"featured_media":12510,"template":"","meta":[],"product_brand":[7946],"product_cat":[7960,8025,7974],"product_tag":[],"class_list":{"0":"post-12509","1":"product","2":"type-product","3":"status-publish","4":"has-post-thumbnail","6":"product_brand-happich-ghe","7":"product_cat-gummilistar","8":"product_cat-listar-ur-gummi","9":"product_cat-thettilistar","11":"first","12":"instock","13":"shipping-taxable","14":"product-type-simple"},"yoast_head":"<!-- This site is optimized with the Yoast SEO plugin v27.4 - https:\/\/yoast.com\/product\/yoast-seo-wordpress\/ -->\n<title>\u00de\u00e9ttlisti 30mm fyrir \u00e1lbraut - B&iacute;lasmi&eth;urinn<\/title>\n<meta name=\"robots\" content=\"index, follow, max-snippet:-1, max-image-preview:large, max-video-preview:-1\" \/>\n<link rel=\"canonical\" href=\"https:\/\/bilasmidurinn.is\/pl\/vefverslun\/gummilistar\/listar-ur-gummi\/thettlisti-30mm-fyrir-albraut\/\" \/>\n<meta property=\"og:locale\" content=\"pl_PL\" \/>\n<meta property=\"og:type\" content=\"article\" \/>\n<meta property=\"og:title\" content=\"\u00de\u00e9ttlisti 30mm fyrir \u00e1lbraut - B&iacute;lasmi&eth;urinn\" \/>\n<meta property=\"og:description\" content=\"30mm \u00fe\u00e9ttlisti fyrir \u00e1lbraut\" \/>\n<meta property=\"og:url\" content=\"https:\/\/bilasmidurinn.is\/pl\/vefverslun\/gummilistar\/listar-ur-gummi\/thettlisti-30mm-fyrir-albraut\/\" \/>\n<meta property=\"og:site_name\" content=\"B&iacute;lasmi&eth;urinn\" \/>\n<meta property=\"article:modified_time\" content=\"2025-12-22T17:27:24+00:00\" \/>\n<meta property=\"og:image\" content=\"https:\/\/bilasmidurinn.is\/wp-content\/uploads\/2021\/08\/4030090.png\" \/>\n\t<meta property=\"og:image:width\" content=\"484\" \/>\n\t<meta property=\"og:image:height\" content=\"484\" \/>\n\t<meta property=\"og:image:type\" content=\"image\/png\" \/>\n<meta name=\"twitter:card\" content=\"summary_large_image\" \/>\n<script type=\"application\/ld+json\" class=\"yoast-schema-graph\">{\"@context\":\"https:\\\/\\\/schema.org\",\"@graph\":[{\"@type\":\"WebPage\",\"@id\":\"https:\\\/\\\/bilasmidurinn.is\\\/vefverslun\\\/gummilistar\\\/listar-ur-gummi\\\/thettlisti-30mm-fyrir-albraut\\\/\",\"url\":\"https:\\\/\\\/bilasmidurinn.is\\\/vefverslun\\\/gummilistar\\\/listar-ur-gummi\\\/thettlisti-30mm-fyrir-albraut\\\/\",\"name\":\"\u00de\u00e9ttlisti 30mm fyrir \u00e1lbraut - B&iacute;lasmi&eth;urinn\",\"isPartOf\":{\"@id\":\"https:\\\/\\\/bilasmidurinn.is\\\/#website\"},\"primaryImageOfPage\":{\"@id\":\"https:\\\/\\\/bilasmidurinn.is\\\/vefverslun\\\/gummilistar\\\/listar-ur-gummi\\\/thettlisti-30mm-fyrir-albraut\\\/#primaryimage\"},\"image\":{\"@id\":\"https:\\\/\\\/bilasmidurinn.is\\\/vefverslun\\\/gummilistar\\\/listar-ur-gummi\\\/thettlisti-30mm-fyrir-albraut\\\/#primaryimage\"},\"thumbnailUrl\":\"https:\\\/\\\/bilasmidurinn.is\\\/wp-content\\\/uploads\\\/2021\\\/08\\\/4030090.png\",\"datePublished\":\"2021-08-12T12:38:30+00:00\",\"dateModified\":\"2025-12-22T17:27:24+00:00\",\"breadcrumb\":{\"@id\":\"https:\\\/\\\/bilasmidurinn.is\\\/vefverslun\\\/gummilistar\\\/listar-ur-gummi\\\/thettlisti-30mm-fyrir-albraut\\\/#breadcrumb\"},\"inLanguage\":\"pl-PL\",\"potentialAction\":[{\"@type\":\"ReadAction\",\"target\":[\"https:\\\/\\\/bilasmidurinn.is\\\/vefverslun\\\/gummilistar\\\/listar-ur-gummi\\\/thettlisti-30mm-fyrir-albraut\\\/\"]}]},{\"@type\":\"ImageObject\",\"inLanguage\":\"pl-PL\",\"@id\":\"https:\\\/\\\/bilasmidurinn.is\\\/vefverslun\\\/gummilistar\\\/listar-ur-gummi\\\/thettlisti-30mm-fyrir-albraut\\\/#primaryimage\",\"url\":\"https:\\\/\\\/bilasmidurinn.is\\\/wp-content\\\/uploads\\\/2021\\\/08\\\/4030090.png\",\"contentUrl\":\"https:\\\/\\\/bilasmidurinn.is\\\/wp-content\\\/uploads\\\/2021\\\/08\\\/4030090.png\",\"width\":484,\"height\":484},{\"@type\":\"BreadcrumbList\",\"@id\":\"https:\\\/\\\/bilasmidurinn.is\\\/vefverslun\\\/gummilistar\\\/listar-ur-gummi\\\/thettlisti-30mm-fyrir-albraut\\\/#breadcrumb\",\"itemListElement\":[{\"@type\":\"ListItem\",\"position\":1,\"name\":\"Home\",\"item\":\"https:\\\/\\\/bilasmidurinn.is\\\/\"},{\"@type\":\"ListItem\",\"position\":2,\"name\":\"V\u00f6rur \u00ed verslun\",\"item\":\"https:\\\/\\\/bilasmidurinn.is\\\/vefverslun\\\/\"},{\"@type\":\"ListItem\",\"position\":3,\"name\":\"\u00de\u00e9ttlisti 30mm fyrir \u00e1lbraut\"}]},{\"@type\":\"WebSite\",\"@id\":\"https:\\\/\\\/bilasmidurinn.is\\\/#website\",\"url\":\"https:\\\/\\\/bilasmidurinn.is\\\/\",\"name\":\"B&iacute;lasmi&eth;urinn\",\"description\":\"All sem &thorn;&uacute; &thorn;arft &iacute; t&aelig;ki&eth;\",\"potentialAction\":[{\"@type\":\"SearchAction\",\"target\":{\"@type\":\"EntryPoint\",\"urlTemplate\":\"https:\\\/\\\/bilasmidurinn.is\\\/?s={search_term_string}\"},\"query-input\":{\"@type\":\"PropertyValueSpecification\",\"valueRequired\":true,\"valueName\":\"search_term_string\"}}],\"inLanguage\":\"pl-PL\"}]}<\/script>\n<!-- \/ Yoast SEO plugin. -->","yoast_head_json":{"title":"\u00de\u00e9ttlisti 30mm fyrir \u00e1lbraut - B&iacute;lasmi&eth;urinn","robots":{"index":"index","follow":"follow","max-snippet":"max-snippet:-1","max-image-preview":"max-image-preview:large","max-video-preview":"max-video-preview:-1"},"canonical":"https:\/\/bilasmidurinn.is\/pl\/vefverslun\/gummilistar\/listar-ur-gummi\/thettlisti-30mm-fyrir-albraut\/","og_locale":"pl_PL","og_type":"article","og_title":"\u00de\u00e9ttlisti 30mm fyrir \u00e1lbraut - B&iacute;lasmi&eth;urinn","og_description":"30mm \u00fe\u00e9ttlisti fyrir \u00e1lbraut","og_url":"https:\/\/bilasmidurinn.is\/pl\/vefverslun\/gummilistar\/listar-ur-gummi\/thettlisti-30mm-fyrir-albraut\/","og_site_name":"B&iacute;lasmi&eth;urinn","article_modified_time":"2025-12-22T17:27:24+00:00","og_image":[{"width":484,"height":484,"url":"https:\/\/bilasmidurinn.is\/wp-content\/uploads\/2021\/08\/4030090.png","type":"image\/png"}],"twitter_card":"summary_large_image","schema":{"@context":"https:\/\/schema.org","@graph":[{"@type":"WebPage","@id":"https:\/\/bilasmidurinn.is\/vefverslun\/gummilistar\/listar-ur-gummi\/thettlisti-30mm-fyrir-albraut\/","url":"https:\/\/bilasmidurinn.is\/vefverslun\/gummilistar\/listar-ur-gummi\/thettlisti-30mm-fyrir-albraut\/","name":"\u00de\u00e9ttlisti 30mm fyrir \u00e1lbraut - B&iacute;lasmi&eth;urinn","isPartOf":{"@id":"https:\/\/bilasmidurinn.is\/#website"},"primaryImageOfPage":{"@id":"https:\/\/bilasmidurinn.is\/vefverslun\/gummilistar\/listar-ur-gummi\/thettlisti-30mm-fyrir-albraut\/#primaryimage"},"image":{"@id":"https:\/\/bilasmidurinn.is\/vefverslun\/gummilistar\/listar-ur-gummi\/thettlisti-30mm-fyrir-albraut\/#primaryimage"},"thumbnailUrl":"https:\/\/bilasmidurinn.is\/wp-content\/uploads\/2021\/08\/4030090.png","datePublished":"2021-08-12T12:38:30+00:00","dateModified":"2025-12-22T17:27:24+00:00","breadcrumb":{"@id":"https:\/\/bilasmidurinn.is\/vefverslun\/gummilistar\/listar-ur-gummi\/thettlisti-30mm-fyrir-albraut\/#breadcrumb"},"inLanguage":"pl-PL","potentialAction":[{"@type":"ReadAction","target":["https:\/\/bilasmidurinn.is\/vefverslun\/gummilistar\/listar-ur-gummi\/thettlisti-30mm-fyrir-albraut\/"]}]},{"@type":"ImageObject","inLanguage":"pl-PL","@id":"https:\/\/bilasmidurinn.is\/vefverslun\/gummilistar\/listar-ur-gummi\/thettlisti-30mm-fyrir-albraut\/#primaryimage","url":"https:\/\/bilasmidurinn.is\/wp-content\/uploads\/2021\/08\/4030090.png","contentUrl":"https:\/\/bilasmidurinn.is\/wp-content\/uploads\/2021\/08\/4030090.png","width":484,"height":484},{"@type":"BreadcrumbList","@id":"https:\/\/bilasmidurinn.is\/vefverslun\/gummilistar\/listar-ur-gummi\/thettlisti-30mm-fyrir-albraut\/#breadcrumb","itemListElement":[{"@type":"ListItem","position":1,"name":"Home","item":"https:\/\/bilasmidurinn.is\/"},{"@type":"ListItem","position":2,"name":"V\u00f6rur \u00ed verslun","item":"https:\/\/bilasmidurinn.is\/vefverslun\/"},{"@type":"ListItem","position":3,"name":"\u00de\u00e9ttlisti 30mm fyrir \u00e1lbraut"}]},{"@type":"WebSite","@id":"https:\/\/bilasmidurinn.is\/#website","url":"https:\/\/bilasmidurinn.is\/","name":"B&iacute;lasmi&eth;urinn","description":"All sem &thorn;&uacute; &thorn;arft &iacute; t&aelig;ki&eth;","potentialAction":[{"@type":"SearchAction","target":{"@type":"EntryPoint","urlTemplate":"https:\/\/bilasmidurinn.is\/?s={search_term_string}"},"query-input":{"@type":"PropertyValueSpecification","valueRequired":true,"valueName":"search_term_string"}}],"inLanguage":"pl-PL"}]}},"_links":{"self":[{"href":"https:\/\/bilasmidurinn.is\/pl\/wp-json\/wp\/v2\/product\/12509","targetHints":{"allow":["GET"]}}],"collection":[{"href":"https:\/\/bilasmidurinn.is\/pl\/wp-json\/wp\/v2\/product"}],"about":[{"href":"https:\/\/bilasmidurinn.is\/pl\/wp-json\/wp\/v2\/types\/product"}],"wp:featuredmedia":[{"embeddable":true,"href":"https:\/\/bilasmidurinn.is\/pl\/wp-json\/wp\/v2\/media\/12510"}],"wp:attachment":[{"href":"https:\/\/bilasmidurinn.is\/pl\/wp-json\/wp\/v2\/media?parent=12509"}],"wp:term":[{"taxonomy":"product_brand","embeddable":true,"href":"https:\/\/bilasmidurinn.is\/pl\/wp-json\/wp\/v2\/product_brand?post=12509"},{"taxonomy":"product_cat","embeddable":true,"href":"https:\/\/bilasmidurinn.is\/pl\/wp-json\/wp\/v2\/product_cat?post=12509"},{"taxonomy":"product_tag","embeddable":true,"href":"https:\/\/bilasmidurinn.is\/pl\/wp-json\/wp\/v2\/product_tag?post=12509"}],"curies":[{"name":"wp","href":"https:\/\/api.w.org\/{rel}","templated":true}]}}