{"id":12505,"date":"2021-08-12T12:33:01","date_gmt":"2021-08-12T12:33:01","guid":{"rendered":"https:\/\/bilasmidurinn.is\/?post_type=product&#038;p=12505"},"modified":"2023-12-06T18:50:30","modified_gmt":"2023-12-06T18:50:30","slug":"lamargummi-fyrir-allom","status":"publish","type":"product","link":"https:\/\/bilasmidurinn.is\/pl\/vefverslun\/gummilistar\/listar-ur-gummi\/lamargummi-fyrir-allom\/","title":{"rendered":"Guma do zawias\u00f3w aluminiowych"},"content":{"rendered":"<p>Guma zawiasu do zawiasu pr\u0119towego aluminiowego\/zawiasu poci\u0105gowego 3720235\/236<\/p>","protected":false},"excerpt":{"rendered":"<p>Guma do ramy aluminiowej \/ zawiasu poci\u0105gu<\/p>","protected":false},"featured_media":12506,"template":"","meta":[],"product_brand":[7946],"product_cat":[7953,7960,7891,8025],"product_tag":[],"class_list":{"0":"post-12505","1":"product","2":"type-product","3":"status-publish","4":"has-post-thumbnail","6":"product_brand-happich-ghe","7":"product_cat-allistar","8":"product_cat-gummilistar","9":"product_cat-lamir","10":"product_cat-listar-ur-gummi","12":"first","13":"instock","14":"shipping-taxable","15":"product-type-simple"},"yoast_head":"<!-- This site is optimized with the Yoast SEO plugin v27.4 - https:\/\/yoast.com\/product\/yoast-seo-wordpress\/ -->\n<title>Lamarg\u00famm\u00ed fyrir \u00e1ll\u00f6m - B&iacute;lasmi&eth;urinn<\/title>\n<meta name=\"robots\" content=\"index, follow, max-snippet:-1, max-image-preview:large, max-video-preview:-1\" \/>\n<link rel=\"canonical\" href=\"https:\/\/bilasmidurinn.is\/pl\/vefverslun\/gummilistar\/listar-ur-gummi\/lamargummi-fyrir-allom\/\" \/>\n<meta property=\"og:locale\" content=\"pl_PL\" \/>\n<meta property=\"og:type\" content=\"article\" \/>\n<meta property=\"og:title\" content=\"Lamarg\u00famm\u00ed fyrir \u00e1ll\u00f6m - B&iacute;lasmi&eth;urinn\" \/>\n<meta property=\"og:description\" content=\"G\u00famm\u00ed fyrir \u00e1l stangar\u00f6m \/ lestarl\u00f6m\" \/>\n<meta property=\"og:url\" content=\"https:\/\/bilasmidurinn.is\/pl\/vefverslun\/gummilistar\/listar-ur-gummi\/lamargummi-fyrir-allom\/\" \/>\n<meta property=\"og:site_name\" content=\"B&iacute;lasmi&eth;urinn\" \/>\n<meta property=\"article:modified_time\" content=\"2023-12-06T18:50:30+00:00\" \/>\n<meta property=\"og:image\" content=\"https:\/\/bilasmidurinn.is\/wp-content\/uploads\/2021\/08\/4050003.png\" \/>\n\t<meta property=\"og:image:width\" content=\"528\" \/>\n\t<meta property=\"og:image:height\" content=\"456\" \/>\n\t<meta property=\"og:image:type\" content=\"image\/png\" \/>\n<meta name=\"twitter:card\" content=\"summary_large_image\" \/>\n<meta name=\"twitter:label1\" content=\"Szacowany czas czytania\" \/>\n\t<meta name=\"twitter:data1\" content=\"1 minuta\" \/>\n<script type=\"application\/ld+json\" class=\"yoast-schema-graph\">{\"@context\":\"https:\\\/\\\/schema.org\",\"@graph\":[{\"@type\":\"WebPage\",\"@id\":\"https:\\\/\\\/bilasmidurinn.is\\\/vefverslun\\\/gummilistar\\\/listar-ur-gummi\\\/lamargummi-fyrir-allom\\\/\",\"url\":\"https:\\\/\\\/bilasmidurinn.is\\\/vefverslun\\\/gummilistar\\\/listar-ur-gummi\\\/lamargummi-fyrir-allom\\\/\",\"name\":\"Lamarg\u00famm\u00ed fyrir \u00e1ll\u00f6m - B&iacute;lasmi&eth;urinn\",\"isPartOf\":{\"@id\":\"https:\\\/\\\/bilasmidurinn.is\\\/#website\"},\"primaryImageOfPage\":{\"@id\":\"https:\\\/\\\/bilasmidurinn.is\\\/vefverslun\\\/gummilistar\\\/listar-ur-gummi\\\/lamargummi-fyrir-allom\\\/#primaryimage\"},\"image\":{\"@id\":\"https:\\\/\\\/bilasmidurinn.is\\\/vefverslun\\\/gummilistar\\\/listar-ur-gummi\\\/lamargummi-fyrir-allom\\\/#primaryimage\"},\"thumbnailUrl\":\"https:\\\/\\\/bilasmidurinn.is\\\/wp-content\\\/uploads\\\/2021\\\/08\\\/4050003.png\",\"datePublished\":\"2021-08-12T12:33:01+00:00\",\"dateModified\":\"2023-12-06T18:50:30+00:00\",\"breadcrumb\":{\"@id\":\"https:\\\/\\\/bilasmidurinn.is\\\/vefverslun\\\/gummilistar\\\/listar-ur-gummi\\\/lamargummi-fyrir-allom\\\/#breadcrumb\"},\"inLanguage\":\"pl-PL\",\"potentialAction\":[{\"@type\":\"ReadAction\",\"target\":[\"https:\\\/\\\/bilasmidurinn.is\\\/vefverslun\\\/gummilistar\\\/listar-ur-gummi\\\/lamargummi-fyrir-allom\\\/\"]}]},{\"@type\":\"ImageObject\",\"inLanguage\":\"pl-PL\",\"@id\":\"https:\\\/\\\/bilasmidurinn.is\\\/vefverslun\\\/gummilistar\\\/listar-ur-gummi\\\/lamargummi-fyrir-allom\\\/#primaryimage\",\"url\":\"https:\\\/\\\/bilasmidurinn.is\\\/wp-content\\\/uploads\\\/2021\\\/08\\\/4050003.png\",\"contentUrl\":\"https:\\\/\\\/bilasmidurinn.is\\\/wp-content\\\/uploads\\\/2021\\\/08\\\/4050003.png\",\"width\":528,\"height\":456},{\"@type\":\"BreadcrumbList\",\"@id\":\"https:\\\/\\\/bilasmidurinn.is\\\/vefverslun\\\/gummilistar\\\/listar-ur-gummi\\\/lamargummi-fyrir-allom\\\/#breadcrumb\",\"itemListElement\":[{\"@type\":\"ListItem\",\"position\":1,\"name\":\"Home\",\"item\":\"https:\\\/\\\/bilasmidurinn.is\\\/\"},{\"@type\":\"ListItem\",\"position\":2,\"name\":\"V\u00f6rur \u00ed verslun\",\"item\":\"https:\\\/\\\/bilasmidurinn.is\\\/vefverslun\\\/\"},{\"@type\":\"ListItem\",\"position\":3,\"name\":\"Lamarg\u00famm\u00ed fyrir \u00e1ll\u00f6m\"}]},{\"@type\":\"WebSite\",\"@id\":\"https:\\\/\\\/bilasmidurinn.is\\\/#website\",\"url\":\"https:\\\/\\\/bilasmidurinn.is\\\/\",\"name\":\"B&iacute;lasmi&eth;urinn\",\"description\":\"All sem &thorn;&uacute; &thorn;arft &iacute; t&aelig;ki&eth;\",\"potentialAction\":[{\"@type\":\"SearchAction\",\"target\":{\"@type\":\"EntryPoint\",\"urlTemplate\":\"https:\\\/\\\/bilasmidurinn.is\\\/?s={search_term_string}\"},\"query-input\":{\"@type\":\"PropertyValueSpecification\",\"valueRequired\":true,\"valueName\":\"search_term_string\"}}],\"inLanguage\":\"pl-PL\"}]}<\/script>\n<!-- \/ Yoast SEO plugin. -->","yoast_head_json":{"title":"Lamarg\u00famm\u00ed fyrir \u00e1ll\u00f6m - B&iacute;lasmi&eth;urinn","robots":{"index":"index","follow":"follow","max-snippet":"max-snippet:-1","max-image-preview":"max-image-preview:large","max-video-preview":"max-video-preview:-1"},"canonical":"https:\/\/bilasmidurinn.is\/pl\/vefverslun\/gummilistar\/listar-ur-gummi\/lamargummi-fyrir-allom\/","og_locale":"pl_PL","og_type":"article","og_title":"Lamarg\u00famm\u00ed fyrir \u00e1ll\u00f6m - B&iacute;lasmi&eth;urinn","og_description":"G\u00famm\u00ed fyrir \u00e1l stangar\u00f6m \/ lestarl\u00f6m","og_url":"https:\/\/bilasmidurinn.is\/pl\/vefverslun\/gummilistar\/listar-ur-gummi\/lamargummi-fyrir-allom\/","og_site_name":"B&iacute;lasmi&eth;urinn","article_modified_time":"2023-12-06T18:50:30+00:00","og_image":[{"width":528,"height":456,"url":"https:\/\/bilasmidurinn.is\/wp-content\/uploads\/2021\/08\/4050003.png","type":"image\/png"}],"twitter_card":"summary_large_image","twitter_misc":{"Szacowany czas czytania":"1 minuta"},"schema":{"@context":"https:\/\/schema.org","@graph":[{"@type":"WebPage","@id":"https:\/\/bilasmidurinn.is\/vefverslun\/gummilistar\/listar-ur-gummi\/lamargummi-fyrir-allom\/","url":"https:\/\/bilasmidurinn.is\/vefverslun\/gummilistar\/listar-ur-gummi\/lamargummi-fyrir-allom\/","name":"Lamarg\u00famm\u00ed fyrir \u00e1ll\u00f6m - B&iacute;lasmi&eth;urinn","isPartOf":{"@id":"https:\/\/bilasmidurinn.is\/#website"},"primaryImageOfPage":{"@id":"https:\/\/bilasmidurinn.is\/vefverslun\/gummilistar\/listar-ur-gummi\/lamargummi-fyrir-allom\/#primaryimage"},"image":{"@id":"https:\/\/bilasmidurinn.is\/vefverslun\/gummilistar\/listar-ur-gummi\/lamargummi-fyrir-allom\/#primaryimage"},"thumbnailUrl":"https:\/\/bilasmidurinn.is\/wp-content\/uploads\/2021\/08\/4050003.png","datePublished":"2021-08-12T12:33:01+00:00","dateModified":"2023-12-06T18:50:30+00:00","breadcrumb":{"@id":"https:\/\/bilasmidurinn.is\/vefverslun\/gummilistar\/listar-ur-gummi\/lamargummi-fyrir-allom\/#breadcrumb"},"inLanguage":"pl-PL","potentialAction":[{"@type":"ReadAction","target":["https:\/\/bilasmidurinn.is\/vefverslun\/gummilistar\/listar-ur-gummi\/lamargummi-fyrir-allom\/"]}]},{"@type":"ImageObject","inLanguage":"pl-PL","@id":"https:\/\/bilasmidurinn.is\/vefverslun\/gummilistar\/listar-ur-gummi\/lamargummi-fyrir-allom\/#primaryimage","url":"https:\/\/bilasmidurinn.is\/wp-content\/uploads\/2021\/08\/4050003.png","contentUrl":"https:\/\/bilasmidurinn.is\/wp-content\/uploads\/2021\/08\/4050003.png","width":528,"height":456},{"@type":"BreadcrumbList","@id":"https:\/\/bilasmidurinn.is\/vefverslun\/gummilistar\/listar-ur-gummi\/lamargummi-fyrir-allom\/#breadcrumb","itemListElement":[{"@type":"ListItem","position":1,"name":"Home","item":"https:\/\/bilasmidurinn.is\/"},{"@type":"ListItem","position":2,"name":"V\u00f6rur \u00ed verslun","item":"https:\/\/bilasmidurinn.is\/vefverslun\/"},{"@type":"ListItem","position":3,"name":"Lamarg\u00famm\u00ed fyrir \u00e1ll\u00f6m"}]},{"@type":"WebSite","@id":"https:\/\/bilasmidurinn.is\/#website","url":"https:\/\/bilasmidurinn.is\/","name":"B&iacute;lasmi&eth;urinn","description":"All sem &thorn;&uacute; &thorn;arft &iacute; t&aelig;ki&eth;","potentialAction":[{"@type":"SearchAction","target":{"@type":"EntryPoint","urlTemplate":"https:\/\/bilasmidurinn.is\/?s={search_term_string}"},"query-input":{"@type":"PropertyValueSpecification","valueRequired":true,"valueName":"search_term_string"}}],"inLanguage":"pl-PL"}]}},"_links":{"self":[{"href":"https:\/\/bilasmidurinn.is\/pl\/wp-json\/wp\/v2\/product\/12505","targetHints":{"allow":["GET"]}}],"collection":[{"href":"https:\/\/bilasmidurinn.is\/pl\/wp-json\/wp\/v2\/product"}],"about":[{"href":"https:\/\/bilasmidurinn.is\/pl\/wp-json\/wp\/v2\/types\/product"}],"wp:featuredmedia":[{"embeddable":true,"href":"https:\/\/bilasmidurinn.is\/pl\/wp-json\/wp\/v2\/media\/12506"}],"wp:attachment":[{"href":"https:\/\/bilasmidurinn.is\/pl\/wp-json\/wp\/v2\/media?parent=12505"}],"wp:term":[{"taxonomy":"product_brand","embeddable":true,"href":"https:\/\/bilasmidurinn.is\/pl\/wp-json\/wp\/v2\/product_brand?post=12505"},{"taxonomy":"product_cat","embeddable":true,"href":"https:\/\/bilasmidurinn.is\/pl\/wp-json\/wp\/v2\/product_cat?post=12505"},{"taxonomy":"product_tag","embeddable":true,"href":"https:\/\/bilasmidurinn.is\/pl\/wp-json\/wp\/v2\/product_tag?post=12505"}],"curies":[{"name":"wp","href":"https:\/\/api.w.org\/{rel}","templated":true}]}}