{"id":12487,"date":"2021-08-12T11:21:08","date_gmt":"2021-08-12T11:21:08","guid":{"rendered":"https:\/\/bilasmidurinn.is\/?post_type=product&#038;p=12487"},"modified":"2021-08-12T11:21:08","modified_gmt":"2021-08-12T11:21:08","slug":"rudufilt-145x1325-2","status":"publish","type":"product","link":"https:\/\/bilasmidurinn.is\/pl\/vefverslun\/thettilistar\/rudufilt\/rudufilt-145x1325-2\/","title":{"rendered":"Filc okienny 14,5\u00d713,25"},"content":{"rendered":"<p>Filc okienny 14,5\u00d713,25 na szk\u0142o 6mm<\/p>\n<p>20m na rolce sprzedawane po metr<\/p>","protected":false},"excerpt":{"rendered":"<p>Filc okienny 14,5\u00d713,25 6mm<\/p>","protected":false},"featured_media":12488,"template":"","meta":[],"product_brand":[7946],"product_cat":[8024],"product_tag":[],"class_list":{"0":"post-12487","1":"product","2":"type-product","3":"status-publish","4":"has-post-thumbnail","6":"product_brand-happich-ghe","7":"product_cat-rudufilt","9":"first","10":"instock","11":"shipping-taxable","12":"product-type-simple"},"yoast_head":"<!-- This site is optimized with the Yoast SEO plugin v27.3 - https:\/\/yoast.com\/product\/yoast-seo-wordpress\/ -->\n<title>R\u00fa\u00f0ufilt 14,5x13,25 - B&iacute;lasmi&eth;urinn<\/title>\n<meta name=\"robots\" content=\"index, follow, max-snippet:-1, max-image-preview:large, max-video-preview:-1\" \/>\n<link rel=\"canonical\" href=\"http:\/\/bilasmidurinn.is\/pl\/vefverslun\/thettilistar\/rudufilt\/rudufilt-145x1325-2\/\" \/>\n<meta property=\"og:locale\" content=\"pl_PL\" \/>\n<meta property=\"og:type\" content=\"article\" \/>\n<meta property=\"og:title\" content=\"R\u00fa\u00f0ufilt 14,5x13,25 - B&iacute;lasmi&eth;urinn\" \/>\n<meta property=\"og:description\" content=\"R\u00fa\u00f0ufilt 14,5x13,25 6mm\" \/>\n<meta property=\"og:url\" content=\"http:\/\/bilasmidurinn.is\/pl\/vefverslun\/thettilistar\/rudufilt\/rudufilt-145x1325-2\/\" \/>\n<meta property=\"og:site_name\" content=\"B&iacute;lasmi&eth;urinn\" \/>\n<meta property=\"og:image\" content=\"https:\/\/bilasmidurinn.is\/wp-content\/uploads\/2021\/08\/4620032-1.png\" \/>\n\t<meta property=\"og:image:width\" content=\"384\" \/>\n\t<meta property=\"og:image:height\" content=\"303\" \/>\n\t<meta property=\"og:image:type\" content=\"image\/png\" \/>\n<meta name=\"twitter:card\" content=\"summary_large_image\" \/>\n<script type=\"application\/ld+json\" class=\"yoast-schema-graph\">{\"@context\":\"https:\\\/\\\/schema.org\",\"@graph\":[{\"@type\":\"WebPage\",\"@id\":\"http:\\\/\\\/bilasmidurinn.is\\\/en\\\/vefverslun\\\/thettilistar\\\/rudufilt\\\/rudufilt-145x1325-2\\\/\",\"url\":\"http:\\\/\\\/bilasmidurinn.is\\\/en\\\/vefverslun\\\/thettilistar\\\/rudufilt\\\/rudufilt-145x1325-2\\\/\",\"name\":\"R\u00fa\u00f0ufilt 14,5x13,25 - B&iacute;lasmi&eth;urinn\",\"isPartOf\":{\"@id\":\"https:\\\/\\\/bilasmidurinn.is\\\/#website\"},\"primaryImageOfPage\":{\"@id\":\"http:\\\/\\\/bilasmidurinn.is\\\/en\\\/vefverslun\\\/thettilistar\\\/rudufilt\\\/rudufilt-145x1325-2\\\/#primaryimage\"},\"image\":{\"@id\":\"http:\\\/\\\/bilasmidurinn.is\\\/en\\\/vefverslun\\\/thettilistar\\\/rudufilt\\\/rudufilt-145x1325-2\\\/#primaryimage\"},\"thumbnailUrl\":\"https:\\\/\\\/bilasmidurinn.is\\\/wp-content\\\/uploads\\\/2021\\\/08\\\/4620032-1.png\",\"datePublished\":\"2021-08-12T11:21:08+00:00\",\"breadcrumb\":{\"@id\":\"http:\\\/\\\/bilasmidurinn.is\\\/en\\\/vefverslun\\\/thettilistar\\\/rudufilt\\\/rudufilt-145x1325-2\\\/#breadcrumb\"},\"inLanguage\":\"pl-PL\",\"potentialAction\":[{\"@type\":\"ReadAction\",\"target\":[\"http:\\\/\\\/bilasmidurinn.is\\\/en\\\/vefverslun\\\/thettilistar\\\/rudufilt\\\/rudufilt-145x1325-2\\\/\"]}]},{\"@type\":\"ImageObject\",\"inLanguage\":\"pl-PL\",\"@id\":\"http:\\\/\\\/bilasmidurinn.is\\\/en\\\/vefverslun\\\/thettilistar\\\/rudufilt\\\/rudufilt-145x1325-2\\\/#primaryimage\",\"url\":\"https:\\\/\\\/bilasmidurinn.is\\\/wp-content\\\/uploads\\\/2021\\\/08\\\/4620032-1.png\",\"contentUrl\":\"https:\\\/\\\/bilasmidurinn.is\\\/wp-content\\\/uploads\\\/2021\\\/08\\\/4620032-1.png\",\"width\":384,\"height\":303},{\"@type\":\"BreadcrumbList\",\"@id\":\"http:\\\/\\\/bilasmidurinn.is\\\/en\\\/vefverslun\\\/thettilistar\\\/rudufilt\\\/rudufilt-145x1325-2\\\/#breadcrumb\",\"itemListElement\":[{\"@type\":\"ListItem\",\"position\":1,\"name\":\"Home\",\"item\":\"https:\\\/\\\/bilasmidurinn.is\\\/\"},{\"@type\":\"ListItem\",\"position\":2,\"name\":\"V\u00f6rur \u00ed verslun\",\"item\":\"https:\\\/\\\/bilasmidurinn.is\\\/vefverslun\\\/\"},{\"@type\":\"ListItem\",\"position\":3,\"name\":\"R\u00fa\u00f0ufilt 14,5&#215;13,25\"}]},{\"@type\":\"WebSite\",\"@id\":\"https:\\\/\\\/bilasmidurinn.is\\\/#website\",\"url\":\"https:\\\/\\\/bilasmidurinn.is\\\/\",\"name\":\"B&iacute;lasmi&eth;urinn\",\"description\":\"All sem &thorn;&uacute; &thorn;arft &iacute; t&aelig;ki&eth;\",\"potentialAction\":[{\"@type\":\"SearchAction\",\"target\":{\"@type\":\"EntryPoint\",\"urlTemplate\":\"https:\\\/\\\/bilasmidurinn.is\\\/?s={search_term_string}\"},\"query-input\":{\"@type\":\"PropertyValueSpecification\",\"valueRequired\":true,\"valueName\":\"search_term_string\"}}],\"inLanguage\":\"pl-PL\"}]}<\/script>\n<!-- \/ Yoast SEO plugin. -->","yoast_head_json":{"title":"R\u00fa\u00f0ufilt 14,5x13,25 - B&iacute;lasmi&eth;urinn","robots":{"index":"index","follow":"follow","max-snippet":"max-snippet:-1","max-image-preview":"max-image-preview:large","max-video-preview":"max-video-preview:-1"},"canonical":"http:\/\/bilasmidurinn.is\/pl\/vefverslun\/thettilistar\/rudufilt\/rudufilt-145x1325-2\/","og_locale":"pl_PL","og_type":"article","og_title":"R\u00fa\u00f0ufilt 14,5x13,25 - B&iacute;lasmi&eth;urinn","og_description":"R\u00fa\u00f0ufilt 14,5x13,25 6mm","og_url":"http:\/\/bilasmidurinn.is\/pl\/vefverslun\/thettilistar\/rudufilt\/rudufilt-145x1325-2\/","og_site_name":"B&iacute;lasmi&eth;urinn","og_image":[{"width":384,"height":303,"url":"https:\/\/bilasmidurinn.is\/wp-content\/uploads\/2021\/08\/4620032-1.png","type":"image\/png"}],"twitter_card":"summary_large_image","schema":{"@context":"https:\/\/schema.org","@graph":[{"@type":"WebPage","@id":"http:\/\/bilasmidurinn.is\/en\/vefverslun\/thettilistar\/rudufilt\/rudufilt-145x1325-2\/","url":"http:\/\/bilasmidurinn.is\/en\/vefverslun\/thettilistar\/rudufilt\/rudufilt-145x1325-2\/","name":"R\u00fa\u00f0ufilt 14,5x13,25 - B&iacute;lasmi&eth;urinn","isPartOf":{"@id":"https:\/\/bilasmidurinn.is\/#website"},"primaryImageOfPage":{"@id":"http:\/\/bilasmidurinn.is\/en\/vefverslun\/thettilistar\/rudufilt\/rudufilt-145x1325-2\/#primaryimage"},"image":{"@id":"http:\/\/bilasmidurinn.is\/en\/vefverslun\/thettilistar\/rudufilt\/rudufilt-145x1325-2\/#primaryimage"},"thumbnailUrl":"https:\/\/bilasmidurinn.is\/wp-content\/uploads\/2021\/08\/4620032-1.png","datePublished":"2021-08-12T11:21:08+00:00","breadcrumb":{"@id":"http:\/\/bilasmidurinn.is\/en\/vefverslun\/thettilistar\/rudufilt\/rudufilt-145x1325-2\/#breadcrumb"},"inLanguage":"pl-PL","potentialAction":[{"@type":"ReadAction","target":["http:\/\/bilasmidurinn.is\/en\/vefverslun\/thettilistar\/rudufilt\/rudufilt-145x1325-2\/"]}]},{"@type":"ImageObject","inLanguage":"pl-PL","@id":"http:\/\/bilasmidurinn.is\/en\/vefverslun\/thettilistar\/rudufilt\/rudufilt-145x1325-2\/#primaryimage","url":"https:\/\/bilasmidurinn.is\/wp-content\/uploads\/2021\/08\/4620032-1.png","contentUrl":"https:\/\/bilasmidurinn.is\/wp-content\/uploads\/2021\/08\/4620032-1.png","width":384,"height":303},{"@type":"BreadcrumbList","@id":"http:\/\/bilasmidurinn.is\/en\/vefverslun\/thettilistar\/rudufilt\/rudufilt-145x1325-2\/#breadcrumb","itemListElement":[{"@type":"ListItem","position":1,"name":"Home","item":"https:\/\/bilasmidurinn.is\/"},{"@type":"ListItem","position":2,"name":"V\u00f6rur \u00ed verslun","item":"https:\/\/bilasmidurinn.is\/vefverslun\/"},{"@type":"ListItem","position":3,"name":"R\u00fa\u00f0ufilt 14,5&#215;13,25"}]},{"@type":"WebSite","@id":"https:\/\/bilasmidurinn.is\/#website","url":"https:\/\/bilasmidurinn.is\/","name":"B&iacute;lasmi&eth;urinn","description":"All sem &thorn;&uacute; &thorn;arft &iacute; t&aelig;ki&eth;","potentialAction":[{"@type":"SearchAction","target":{"@type":"EntryPoint","urlTemplate":"https:\/\/bilasmidurinn.is\/?s={search_term_string}"},"query-input":{"@type":"PropertyValueSpecification","valueRequired":true,"valueName":"search_term_string"}}],"inLanguage":"pl-PL"}]}},"_links":{"self":[{"href":"https:\/\/bilasmidurinn.is\/pl\/wp-json\/wp\/v2\/product\/12487","targetHints":{"allow":["GET"]}}],"collection":[{"href":"https:\/\/bilasmidurinn.is\/pl\/wp-json\/wp\/v2\/product"}],"about":[{"href":"https:\/\/bilasmidurinn.is\/pl\/wp-json\/wp\/v2\/types\/product"}],"wp:featuredmedia":[{"embeddable":true,"href":"https:\/\/bilasmidurinn.is\/pl\/wp-json\/wp\/v2\/media\/12488"}],"wp:attachment":[{"href":"https:\/\/bilasmidurinn.is\/pl\/wp-json\/wp\/v2\/media?parent=12487"}],"wp:term":[{"taxonomy":"product_brand","embeddable":true,"href":"https:\/\/bilasmidurinn.is\/pl\/wp-json\/wp\/v2\/product_brand?post=12487"},{"taxonomy":"product_cat","embeddable":true,"href":"https:\/\/bilasmidurinn.is\/pl\/wp-json\/wp\/v2\/product_cat?post=12487"},{"taxonomy":"product_tag","embeddable":true,"href":"https:\/\/bilasmidurinn.is\/pl\/wp-json\/wp\/v2\/product_tag?post=12487"}],"curies":[{"name":"wp","href":"https:\/\/api.w.org\/{rel}","templated":true}]}}