{"id":12344,"date":"2021-08-09T13:22:16","date_gmt":"2021-08-09T13:22:16","guid":{"rendered":"https:\/\/bilasmidurinn.is\/?post_type=product&#038;p=12344"},"modified":"2022-02-24T18:04:10","modified_gmt":"2022-02-24T18:04:10","slug":"skor-gulur-63mm-einangradur","status":"publish","type":"product","link":"https:\/\/bilasmidurinn.is\/pl\/vefverslun\/rafmagnsvorur\/rafmagnsvorur-rafmagnsvorur\/skor-og-tengi\/skor-gulur-63mm-einangradur\/","title":{"rendered":"Z\u0142\u0105cze \u017c\u00f3\u0142te izolowane 6,3mm"},"content":{"rendered":"<p>But \u017c\u00f3\u0142ty, ocieplony o grubo\u015bci 6,3 mm<\/p>","protected":false},"excerpt":{"rendered":"<p>But z \u017c\u00f3\u0142t\u0105 podeszw\u0105 o grubo\u015bci 6,3 mm<\/p>","protected":false},"featured_media":12345,"template":"","meta":[],"product_brand":[7927],"product_cat":[7969,8009,8022],"product_tag":[],"class_list":{"0":"post-12344","1":"product","2":"type-product","3":"status-publish","4":"has-post-thumbnail","6":"product_brand-www-247lighting-net","7":"product_cat-rafmagnsvorur","8":"product_cat-rafmagnsvorur-rafmagnsvorur","9":"product_cat-skor-og-tengi","11":"first","12":"instock","13":"shipping-taxable","14":"product-type-simple"},"yoast_head":"<!-- This site is optimized with the Yoast SEO plugin v27.3 - https:\/\/yoast.com\/product\/yoast-seo-wordpress\/ -->\n<title>Tengisk\u00f3r gulur 6,3mm einangra\u00f0ur - B&iacute;lasmi&eth;urinn<\/title>\n<meta name=\"robots\" content=\"index, follow, max-snippet:-1, max-image-preview:large, max-video-preview:-1\" \/>\n<link rel=\"canonical\" href=\"http:\/\/bilasmidurinn.is\/pl\/vefverslun\/rafmagnsvorur\/rafmagnsvorur-rafmagnsvorur\/skor-og-tengi\/skor-gulur-63mm-einangradur\/\" \/>\n<meta property=\"og:locale\" content=\"pl_PL\" \/>\n<meta property=\"og:type\" content=\"article\" \/>\n<meta property=\"og:title\" content=\"Tengisk\u00f3r gulur 6,3mm einangra\u00f0ur - B&iacute;lasmi&eth;urinn\" \/>\n<meta property=\"og:description\" content=\"Gulur einagra\u00f0ur sk\u00f3\u00a0 6,3mm\" \/>\n<meta property=\"og:url\" content=\"http:\/\/bilasmidurinn.is\/pl\/vefverslun\/rafmagnsvorur\/rafmagnsvorur-rafmagnsvorur\/skor-og-tengi\/skor-gulur-63mm-einangradur\/\" \/>\n<meta property=\"og:site_name\" content=\"B&iacute;lasmi&eth;urinn\" \/>\n<meta property=\"article:modified_time\" content=\"2022-02-24T18:04:10+00:00\" \/>\n<meta property=\"og:image\" content=\"https:\/\/bilasmidurinn.is\/wp-content\/uploads\/2021\/08\/EP325.jpg\" \/>\n\t<meta property=\"og:image:width\" content=\"500\" \/>\n\t<meta property=\"og:image:height\" content=\"500\" \/>\n\t<meta property=\"og:image:type\" content=\"image\/jpeg\" \/>\n<meta name=\"twitter:card\" content=\"summary_large_image\" \/>\n<script type=\"application\/ld+json\" class=\"yoast-schema-graph\">{\"@context\":\"https:\\\/\\\/schema.org\",\"@graph\":[{\"@type\":\"WebPage\",\"@id\":\"http:\\\/\\\/bilasmidurinn.is\\\/pl\\\/vefverslun\\\/rafmagnsvorur\\\/rafmagnsvorur-rafmagnsvorur\\\/skor-og-tengi\\\/skor-gulur-63mm-einangradur\\\/\",\"url\":\"http:\\\/\\\/bilasmidurinn.is\\\/pl\\\/vefverslun\\\/rafmagnsvorur\\\/rafmagnsvorur-rafmagnsvorur\\\/skor-og-tengi\\\/skor-gulur-63mm-einangradur\\\/\",\"name\":\"Tengisk\u00f3r gulur 6,3mm einangra\u00f0ur - B&iacute;lasmi&eth;urinn\",\"isPartOf\":{\"@id\":\"https:\\\/\\\/bilasmidurinn.is\\\/#website\"},\"primaryImageOfPage\":{\"@id\":\"http:\\\/\\\/bilasmidurinn.is\\\/pl\\\/vefverslun\\\/rafmagnsvorur\\\/rafmagnsvorur-rafmagnsvorur\\\/skor-og-tengi\\\/skor-gulur-63mm-einangradur\\\/#primaryimage\"},\"image\":{\"@id\":\"http:\\\/\\\/bilasmidurinn.is\\\/pl\\\/vefverslun\\\/rafmagnsvorur\\\/rafmagnsvorur-rafmagnsvorur\\\/skor-og-tengi\\\/skor-gulur-63mm-einangradur\\\/#primaryimage\"},\"thumbnailUrl\":\"https:\\\/\\\/bilasmidurinn.is\\\/wp-content\\\/uploads\\\/2021\\\/08\\\/EP325.jpg\",\"datePublished\":\"2021-08-09T13:22:16+00:00\",\"dateModified\":\"2022-02-24T18:04:10+00:00\",\"breadcrumb\":{\"@id\":\"http:\\\/\\\/bilasmidurinn.is\\\/pl\\\/vefverslun\\\/rafmagnsvorur\\\/rafmagnsvorur-rafmagnsvorur\\\/skor-og-tengi\\\/skor-gulur-63mm-einangradur\\\/#breadcrumb\"},\"inLanguage\":\"pl-PL\",\"potentialAction\":[{\"@type\":\"ReadAction\",\"target\":[\"http:\\\/\\\/bilasmidurinn.is\\\/pl\\\/vefverslun\\\/rafmagnsvorur\\\/rafmagnsvorur-rafmagnsvorur\\\/skor-og-tengi\\\/skor-gulur-63mm-einangradur\\\/\"]}]},{\"@type\":\"ImageObject\",\"inLanguage\":\"pl-PL\",\"@id\":\"http:\\\/\\\/bilasmidurinn.is\\\/pl\\\/vefverslun\\\/rafmagnsvorur\\\/rafmagnsvorur-rafmagnsvorur\\\/skor-og-tengi\\\/skor-gulur-63mm-einangradur\\\/#primaryimage\",\"url\":\"https:\\\/\\\/bilasmidurinn.is\\\/wp-content\\\/uploads\\\/2021\\\/08\\\/EP325.jpg\",\"contentUrl\":\"https:\\\/\\\/bilasmidurinn.is\\\/wp-content\\\/uploads\\\/2021\\\/08\\\/EP325.jpg\",\"width\":500,\"height\":500},{\"@type\":\"BreadcrumbList\",\"@id\":\"http:\\\/\\\/bilasmidurinn.is\\\/pl\\\/vefverslun\\\/rafmagnsvorur\\\/rafmagnsvorur-rafmagnsvorur\\\/skor-og-tengi\\\/skor-gulur-63mm-einangradur\\\/#breadcrumb\",\"itemListElement\":[{\"@type\":\"ListItem\",\"position\":1,\"name\":\"Home\",\"item\":\"https:\\\/\\\/bilasmidurinn.is\\\/\"},{\"@type\":\"ListItem\",\"position\":2,\"name\":\"V\u00f6rur \u00ed verslun\",\"item\":\"https:\\\/\\\/bilasmidurinn.is\\\/vefverslun\\\/\"},{\"@type\":\"ListItem\",\"position\":3,\"name\":\"Tengisk\u00f3r gulur 6,3mm einangra\u00f0ur\"}]},{\"@type\":\"WebSite\",\"@id\":\"https:\\\/\\\/bilasmidurinn.is\\\/#website\",\"url\":\"https:\\\/\\\/bilasmidurinn.is\\\/\",\"name\":\"B&iacute;lasmi&eth;urinn\",\"description\":\"All sem &thorn;&uacute; &thorn;arft &iacute; t&aelig;ki&eth;\",\"potentialAction\":[{\"@type\":\"SearchAction\",\"target\":{\"@type\":\"EntryPoint\",\"urlTemplate\":\"https:\\\/\\\/bilasmidurinn.is\\\/?s={search_term_string}\"},\"query-input\":{\"@type\":\"PropertyValueSpecification\",\"valueRequired\":true,\"valueName\":\"search_term_string\"}}],\"inLanguage\":\"pl-PL\"}]}<\/script>\n<!-- \/ Yoast SEO plugin. -->","yoast_head_json":{"title":"Tengisk\u00f3r gulur 6,3mm einangra\u00f0ur - B&iacute;lasmi&eth;urinn","robots":{"index":"index","follow":"follow","max-snippet":"max-snippet:-1","max-image-preview":"max-image-preview:large","max-video-preview":"max-video-preview:-1"},"canonical":"http:\/\/bilasmidurinn.is\/pl\/vefverslun\/rafmagnsvorur\/rafmagnsvorur-rafmagnsvorur\/skor-og-tengi\/skor-gulur-63mm-einangradur\/","og_locale":"pl_PL","og_type":"article","og_title":"Tengisk\u00f3r gulur 6,3mm einangra\u00f0ur - B&iacute;lasmi&eth;urinn","og_description":"Gulur einagra\u00f0ur sk\u00f3\u00a0 6,3mm","og_url":"http:\/\/bilasmidurinn.is\/pl\/vefverslun\/rafmagnsvorur\/rafmagnsvorur-rafmagnsvorur\/skor-og-tengi\/skor-gulur-63mm-einangradur\/","og_site_name":"B&iacute;lasmi&eth;urinn","article_modified_time":"2022-02-24T18:04:10+00:00","og_image":[{"width":500,"height":500,"url":"https:\/\/bilasmidurinn.is\/wp-content\/uploads\/2021\/08\/EP325.jpg","type":"image\/jpeg"}],"twitter_card":"summary_large_image","schema":{"@context":"https:\/\/schema.org","@graph":[{"@type":"WebPage","@id":"http:\/\/bilasmidurinn.is\/pl\/vefverslun\/rafmagnsvorur\/rafmagnsvorur-rafmagnsvorur\/skor-og-tengi\/skor-gulur-63mm-einangradur\/","url":"http:\/\/bilasmidurinn.is\/pl\/vefverslun\/rafmagnsvorur\/rafmagnsvorur-rafmagnsvorur\/skor-og-tengi\/skor-gulur-63mm-einangradur\/","name":"Tengisk\u00f3r gulur 6,3mm einangra\u00f0ur - B&iacute;lasmi&eth;urinn","isPartOf":{"@id":"https:\/\/bilasmidurinn.is\/#website"},"primaryImageOfPage":{"@id":"http:\/\/bilasmidurinn.is\/pl\/vefverslun\/rafmagnsvorur\/rafmagnsvorur-rafmagnsvorur\/skor-og-tengi\/skor-gulur-63mm-einangradur\/#primaryimage"},"image":{"@id":"http:\/\/bilasmidurinn.is\/pl\/vefverslun\/rafmagnsvorur\/rafmagnsvorur-rafmagnsvorur\/skor-og-tengi\/skor-gulur-63mm-einangradur\/#primaryimage"},"thumbnailUrl":"https:\/\/bilasmidurinn.is\/wp-content\/uploads\/2021\/08\/EP325.jpg","datePublished":"2021-08-09T13:22:16+00:00","dateModified":"2022-02-24T18:04:10+00:00","breadcrumb":{"@id":"http:\/\/bilasmidurinn.is\/pl\/vefverslun\/rafmagnsvorur\/rafmagnsvorur-rafmagnsvorur\/skor-og-tengi\/skor-gulur-63mm-einangradur\/#breadcrumb"},"inLanguage":"pl-PL","potentialAction":[{"@type":"ReadAction","target":["http:\/\/bilasmidurinn.is\/pl\/vefverslun\/rafmagnsvorur\/rafmagnsvorur-rafmagnsvorur\/skor-og-tengi\/skor-gulur-63mm-einangradur\/"]}]},{"@type":"ImageObject","inLanguage":"pl-PL","@id":"http:\/\/bilasmidurinn.is\/pl\/vefverslun\/rafmagnsvorur\/rafmagnsvorur-rafmagnsvorur\/skor-og-tengi\/skor-gulur-63mm-einangradur\/#primaryimage","url":"https:\/\/bilasmidurinn.is\/wp-content\/uploads\/2021\/08\/EP325.jpg","contentUrl":"https:\/\/bilasmidurinn.is\/wp-content\/uploads\/2021\/08\/EP325.jpg","width":500,"height":500},{"@type":"BreadcrumbList","@id":"http:\/\/bilasmidurinn.is\/pl\/vefverslun\/rafmagnsvorur\/rafmagnsvorur-rafmagnsvorur\/skor-og-tengi\/skor-gulur-63mm-einangradur\/#breadcrumb","itemListElement":[{"@type":"ListItem","position":1,"name":"Home","item":"https:\/\/bilasmidurinn.is\/"},{"@type":"ListItem","position":2,"name":"V\u00f6rur \u00ed verslun","item":"https:\/\/bilasmidurinn.is\/vefverslun\/"},{"@type":"ListItem","position":3,"name":"Tengisk\u00f3r gulur 6,3mm einangra\u00f0ur"}]},{"@type":"WebSite","@id":"https:\/\/bilasmidurinn.is\/#website","url":"https:\/\/bilasmidurinn.is\/","name":"B&iacute;lasmi&eth;urinn","description":"All sem &thorn;&uacute; &thorn;arft &iacute; t&aelig;ki&eth;","potentialAction":[{"@type":"SearchAction","target":{"@type":"EntryPoint","urlTemplate":"https:\/\/bilasmidurinn.is\/?s={search_term_string}"},"query-input":{"@type":"PropertyValueSpecification","valueRequired":true,"valueName":"search_term_string"}}],"inLanguage":"pl-PL"}]}},"_links":{"self":[{"href":"https:\/\/bilasmidurinn.is\/pl\/wp-json\/wp\/v2\/product\/12344","targetHints":{"allow":["GET"]}}],"collection":[{"href":"https:\/\/bilasmidurinn.is\/pl\/wp-json\/wp\/v2\/product"}],"about":[{"href":"https:\/\/bilasmidurinn.is\/pl\/wp-json\/wp\/v2\/types\/product"}],"wp:featuredmedia":[{"embeddable":true,"href":"https:\/\/bilasmidurinn.is\/pl\/wp-json\/wp\/v2\/media\/12345"}],"wp:attachment":[{"href":"https:\/\/bilasmidurinn.is\/pl\/wp-json\/wp\/v2\/media?parent=12344"}],"wp:term":[{"taxonomy":"product_brand","embeddable":true,"href":"https:\/\/bilasmidurinn.is\/pl\/wp-json\/wp\/v2\/product_brand?post=12344"},{"taxonomy":"product_cat","embeddable":true,"href":"https:\/\/bilasmidurinn.is\/pl\/wp-json\/wp\/v2\/product_cat?post=12344"},{"taxonomy":"product_tag","embeddable":true,"href":"https:\/\/bilasmidurinn.is\/pl\/wp-json\/wp\/v2\/product_tag?post=12344"}],"curies":[{"name":"wp","href":"https:\/\/api.w.org\/{rel}","templated":true}]}}