{"id":11746,"date":"2021-07-07T21:36:31","date_gmt":"2021-07-07T21:36:31","guid":{"rendered":"https:\/\/bilasmidurinn.is\/?post_type=product&#038;p=11746"},"modified":"2026-04-14T10:30:09","modified_gmt":"2026-04-14T10:30:09","slug":"rydfri-kassalaesing-105x19mm","status":"publish","type":"product","link":"https:\/\/bilasmidurinn.is\/pl\/vefverslun\/laesingar\/rydfri-kassalaesing-105x19mm\/","title":{"rendered":"Zamek skrzynki nierdzewny 105x19mm"},"content":{"rendered":"<p>Zamek puszka nierdzewna 105x19mm 8mm otw\u00f3r na szyn\u0119 lub ona<\/p>","protected":false},"excerpt":{"rendered":"<p>Zamek puszka nierdzewna 105x19mm<\/p>","protected":false},"featured_media":11747,"template":"","meta":[],"product_brand":[7944],"product_cat":[7965],"product_tag":[],"class_list":{"0":"post-11746","1":"product","2":"type-product","3":"status-publish","4":"has-post-thumbnail","6":"product_brand-pommier","7":"product_cat-laesingar","9":"first","10":"instock","11":"shipping-taxable","12":"product-type-simple"},"yoast_head":"<!-- This site is optimized with the Yoast SEO plugin v27.4 - https:\/\/yoast.com\/product\/yoast-seo-wordpress\/ -->\n<title>Kassal\u00e6sing ry\u00f0fr\u00ed 105x19mm - B&iacute;lasmi&eth;urinn<\/title>\n<meta name=\"robots\" content=\"index, follow, max-snippet:-1, max-image-preview:large, max-video-preview:-1\" \/>\n<link rel=\"canonical\" href=\"https:\/\/bilasmidurinn.is\/pl\/vefverslun\/laesingar\/rydfri-kassalaesing-105x19mm\/\" \/>\n<meta property=\"og:locale\" content=\"pl_PL\" \/>\n<meta property=\"og:type\" content=\"article\" \/>\n<meta property=\"og:title\" content=\"Kassal\u00e6sing ry\u00f0fr\u00ed 105x19mm - B&iacute;lasmi&eth;urinn\" \/>\n<meta property=\"og:description\" content=\"Ry\u00f0fr\u00ed kassal\u00e6sing 105x19mm\" \/>\n<meta property=\"og:url\" content=\"https:\/\/bilasmidurinn.is\/pl\/vefverslun\/laesingar\/rydfri-kassalaesing-105x19mm\/\" \/>\n<meta property=\"og:site_name\" content=\"B&iacute;lasmi&eth;urinn\" \/>\n<meta property=\"article:modified_time\" content=\"2026-04-14T10:30:09+00:00\" \/>\n<meta property=\"og:image\" content=\"https:\/\/bilasmidurinn.is\/wp-content\/uploads\/2021\/07\/21.43281.png\" \/>\n\t<meta property=\"og:image:width\" content=\"284\" \/>\n\t<meta property=\"og:image:height\" content=\"549\" \/>\n\t<meta property=\"og:image:type\" content=\"image\/png\" \/>\n<meta name=\"twitter:card\" content=\"summary_large_image\" \/>\n<script type=\"application\/ld+json\" class=\"yoast-schema-graph\">{\"@context\":\"https:\\\/\\\/schema.org\",\"@graph\":[{\"@type\":\"WebPage\",\"@id\":\"https:\\\/\\\/bilasmidurinn.is\\\/vefverslun\\\/laesingar\\\/rydfri-kassalaesing-105x19mm\\\/\",\"url\":\"https:\\\/\\\/bilasmidurinn.is\\\/vefverslun\\\/laesingar\\\/rydfri-kassalaesing-105x19mm\\\/\",\"name\":\"Kassal\u00e6sing ry\u00f0fr\u00ed 105x19mm - B&iacute;lasmi&eth;urinn\",\"isPartOf\":{\"@id\":\"https:\\\/\\\/bilasmidurinn.is\\\/#website\"},\"primaryImageOfPage\":{\"@id\":\"https:\\\/\\\/bilasmidurinn.is\\\/vefverslun\\\/laesingar\\\/rydfri-kassalaesing-105x19mm\\\/#primaryimage\"},\"image\":{\"@id\":\"https:\\\/\\\/bilasmidurinn.is\\\/vefverslun\\\/laesingar\\\/rydfri-kassalaesing-105x19mm\\\/#primaryimage\"},\"thumbnailUrl\":\"https:\\\/\\\/bilasmidurinn.is\\\/wp-content\\\/uploads\\\/2021\\\/07\\\/21.43281.png\",\"datePublished\":\"2021-07-07T21:36:31+00:00\",\"dateModified\":\"2026-04-14T10:30:09+00:00\",\"breadcrumb\":{\"@id\":\"https:\\\/\\\/bilasmidurinn.is\\\/vefverslun\\\/laesingar\\\/rydfri-kassalaesing-105x19mm\\\/#breadcrumb\"},\"inLanguage\":\"pl-PL\",\"potentialAction\":[{\"@type\":\"ReadAction\",\"target\":[\"https:\\\/\\\/bilasmidurinn.is\\\/vefverslun\\\/laesingar\\\/rydfri-kassalaesing-105x19mm\\\/\"]}]},{\"@type\":\"ImageObject\",\"inLanguage\":\"pl-PL\",\"@id\":\"https:\\\/\\\/bilasmidurinn.is\\\/vefverslun\\\/laesingar\\\/rydfri-kassalaesing-105x19mm\\\/#primaryimage\",\"url\":\"https:\\\/\\\/bilasmidurinn.is\\\/wp-content\\\/uploads\\\/2021\\\/07\\\/21.43281.png\",\"contentUrl\":\"https:\\\/\\\/bilasmidurinn.is\\\/wp-content\\\/uploads\\\/2021\\\/07\\\/21.43281.png\",\"width\":284,\"height\":549},{\"@type\":\"BreadcrumbList\",\"@id\":\"https:\\\/\\\/bilasmidurinn.is\\\/vefverslun\\\/laesingar\\\/rydfri-kassalaesing-105x19mm\\\/#breadcrumb\",\"itemListElement\":[{\"@type\":\"ListItem\",\"position\":1,\"name\":\"Home\",\"item\":\"https:\\\/\\\/bilasmidurinn.is\\\/\"},{\"@type\":\"ListItem\",\"position\":2,\"name\":\"V\u00f6rur \u00ed verslun\",\"item\":\"https:\\\/\\\/bilasmidurinn.is\\\/vefverslun\\\/\"},{\"@type\":\"ListItem\",\"position\":3,\"name\":\"Kassal\u00e6sing ry\u00f0fr\u00ed 105x19mm\"}]},{\"@type\":\"WebSite\",\"@id\":\"https:\\\/\\\/bilasmidurinn.is\\\/#website\",\"url\":\"https:\\\/\\\/bilasmidurinn.is\\\/\",\"name\":\"B&iacute;lasmi&eth;urinn\",\"description\":\"All sem &thorn;&uacute; &thorn;arft &iacute; t&aelig;ki&eth;\",\"potentialAction\":[{\"@type\":\"SearchAction\",\"target\":{\"@type\":\"EntryPoint\",\"urlTemplate\":\"https:\\\/\\\/bilasmidurinn.is\\\/?s={search_term_string}\"},\"query-input\":{\"@type\":\"PropertyValueSpecification\",\"valueRequired\":true,\"valueName\":\"search_term_string\"}}],\"inLanguage\":\"pl-PL\"}]}<\/script>\n<!-- \/ Yoast SEO plugin. -->","yoast_head_json":{"title":"Kassal\u00e6sing ry\u00f0fr\u00ed 105x19mm - B&iacute;lasmi&eth;urinn","robots":{"index":"index","follow":"follow","max-snippet":"max-snippet:-1","max-image-preview":"max-image-preview:large","max-video-preview":"max-video-preview:-1"},"canonical":"https:\/\/bilasmidurinn.is\/pl\/vefverslun\/laesingar\/rydfri-kassalaesing-105x19mm\/","og_locale":"pl_PL","og_type":"article","og_title":"Kassal\u00e6sing ry\u00f0fr\u00ed 105x19mm - B&iacute;lasmi&eth;urinn","og_description":"Ry\u00f0fr\u00ed kassal\u00e6sing 105x19mm","og_url":"https:\/\/bilasmidurinn.is\/pl\/vefverslun\/laesingar\/rydfri-kassalaesing-105x19mm\/","og_site_name":"B&iacute;lasmi&eth;urinn","article_modified_time":"2026-04-14T10:30:09+00:00","og_image":[{"width":284,"height":549,"url":"https:\/\/bilasmidurinn.is\/wp-content\/uploads\/2021\/07\/21.43281.png","type":"image\/png"}],"twitter_card":"summary_large_image","schema":{"@context":"https:\/\/schema.org","@graph":[{"@type":"WebPage","@id":"https:\/\/bilasmidurinn.is\/vefverslun\/laesingar\/rydfri-kassalaesing-105x19mm\/","url":"https:\/\/bilasmidurinn.is\/vefverslun\/laesingar\/rydfri-kassalaesing-105x19mm\/","name":"Kassal\u00e6sing ry\u00f0fr\u00ed 105x19mm - B&iacute;lasmi&eth;urinn","isPartOf":{"@id":"https:\/\/bilasmidurinn.is\/#website"},"primaryImageOfPage":{"@id":"https:\/\/bilasmidurinn.is\/vefverslun\/laesingar\/rydfri-kassalaesing-105x19mm\/#primaryimage"},"image":{"@id":"https:\/\/bilasmidurinn.is\/vefverslun\/laesingar\/rydfri-kassalaesing-105x19mm\/#primaryimage"},"thumbnailUrl":"https:\/\/bilasmidurinn.is\/wp-content\/uploads\/2021\/07\/21.43281.png","datePublished":"2021-07-07T21:36:31+00:00","dateModified":"2026-04-14T10:30:09+00:00","breadcrumb":{"@id":"https:\/\/bilasmidurinn.is\/vefverslun\/laesingar\/rydfri-kassalaesing-105x19mm\/#breadcrumb"},"inLanguage":"pl-PL","potentialAction":[{"@type":"ReadAction","target":["https:\/\/bilasmidurinn.is\/vefverslun\/laesingar\/rydfri-kassalaesing-105x19mm\/"]}]},{"@type":"ImageObject","inLanguage":"pl-PL","@id":"https:\/\/bilasmidurinn.is\/vefverslun\/laesingar\/rydfri-kassalaesing-105x19mm\/#primaryimage","url":"https:\/\/bilasmidurinn.is\/wp-content\/uploads\/2021\/07\/21.43281.png","contentUrl":"https:\/\/bilasmidurinn.is\/wp-content\/uploads\/2021\/07\/21.43281.png","width":284,"height":549},{"@type":"BreadcrumbList","@id":"https:\/\/bilasmidurinn.is\/vefverslun\/laesingar\/rydfri-kassalaesing-105x19mm\/#breadcrumb","itemListElement":[{"@type":"ListItem","position":1,"name":"Home","item":"https:\/\/bilasmidurinn.is\/"},{"@type":"ListItem","position":2,"name":"V\u00f6rur \u00ed verslun","item":"https:\/\/bilasmidurinn.is\/vefverslun\/"},{"@type":"ListItem","position":3,"name":"Kassal\u00e6sing ry\u00f0fr\u00ed 105x19mm"}]},{"@type":"WebSite","@id":"https:\/\/bilasmidurinn.is\/#website","url":"https:\/\/bilasmidurinn.is\/","name":"B&iacute;lasmi&eth;urinn","description":"All sem &thorn;&uacute; &thorn;arft &iacute; t&aelig;ki&eth;","potentialAction":[{"@type":"SearchAction","target":{"@type":"EntryPoint","urlTemplate":"https:\/\/bilasmidurinn.is\/?s={search_term_string}"},"query-input":{"@type":"PropertyValueSpecification","valueRequired":true,"valueName":"search_term_string"}}],"inLanguage":"pl-PL"}]}},"_links":{"self":[{"href":"https:\/\/bilasmidurinn.is\/pl\/wp-json\/wp\/v2\/product\/11746","targetHints":{"allow":["GET"]}}],"collection":[{"href":"https:\/\/bilasmidurinn.is\/pl\/wp-json\/wp\/v2\/product"}],"about":[{"href":"https:\/\/bilasmidurinn.is\/pl\/wp-json\/wp\/v2\/types\/product"}],"wp:featuredmedia":[{"embeddable":true,"href":"https:\/\/bilasmidurinn.is\/pl\/wp-json\/wp\/v2\/media\/11747"}],"wp:attachment":[{"href":"https:\/\/bilasmidurinn.is\/pl\/wp-json\/wp\/v2\/media?parent=11746"}],"wp:term":[{"taxonomy":"product_brand","embeddable":true,"href":"https:\/\/bilasmidurinn.is\/pl\/wp-json\/wp\/v2\/product_brand?post=11746"},{"taxonomy":"product_cat","embeddable":true,"href":"https:\/\/bilasmidurinn.is\/pl\/wp-json\/wp\/v2\/product_cat?post=11746"},{"taxonomy":"product_tag","embeddable":true,"href":"https:\/\/bilasmidurinn.is\/pl\/wp-json\/wp\/v2\/product_tag?post=11746"}],"curies":[{"name":"wp","href":"https:\/\/api.w.org\/{rel}","templated":true}]}}