{"id":11632,"date":"2021-07-07T18:42:05","date_gmt":"2021-07-07T18:42:05","guid":{"rendered":"https:\/\/bilasmidurinn.is\/?post_type=product&#038;p=11632"},"modified":"2026-04-14T15:49:40","modified_gmt":"2026-04-14T15:49:40","slug":"led-loft-inniljos-138mm-12-24v-565lm","status":"publish","type":"product","link":"https:\/\/bilasmidurinn.is\/pl\/vefverslun\/ljos\/inniljos\/led-loft-inniljos-138mm-12-24v-565lm\/","title":{"rendered":"O\u015bwietlenie sufitowe\/wewn\u0119trzne LED 138mm 12\/24V 565Lm"},"content":{"rendered":"<p>Lampa sufitowa LED lub lampa wewn\u0119trzna 1\u00d73,9w okr\u0105g\u0142a, bia\u0142a 3xLed. 565Lm 12\/24v -40\u00b0C- +80\u00b0C IP67<\/p>","protected":false},"excerpt":{"rendered":"<p>Lampa sufitowa LED lub lampa wewn\u0119trzna<\/p>","protected":false},"featured_media":11633,"template":"","meta":[],"product_brand":[7944],"product_cat":[8013,7893],"product_tag":[],"class_list":{"0":"post-11632","1":"product","2":"type-product","3":"status-publish","4":"has-post-thumbnail","6":"product_brand-pommier","7":"product_cat-inniljos","8":"product_cat-ljos","10":"first","11":"instock","12":"shipping-taxable","13":"product-type-simple"},"yoast_head":"<!-- This site is optimized with the Yoast SEO plugin v27.4 - https:\/\/yoast.com\/product\/yoast-seo-wordpress\/ -->\n<title>Led loft\/innilj\u00f3s 138mm 12\/24V 565Lm - B&iacute;lasmi&eth;urinn<\/title>\n<meta name=\"robots\" content=\"index, follow, max-snippet:-1, max-image-preview:large, max-video-preview:-1\" \/>\n<link rel=\"canonical\" href=\"https:\/\/bilasmidurinn.is\/pl\/vefverslun\/ljos\/inniljos\/led-loft-inniljos-138mm-12-24v-565lm\/\" \/>\n<meta property=\"og:locale\" content=\"pl_PL\" \/>\n<meta property=\"og:type\" content=\"article\" \/>\n<meta property=\"og:title\" content=\"Led loft\/innilj\u00f3s 138mm 12\/24V 565Lm - B&iacute;lasmi&eth;urinn\" \/>\n<meta property=\"og:description\" content=\"Led loftlj\u00f3s e\u00f0a innilj\u00f3s\" \/>\n<meta property=\"og:url\" content=\"https:\/\/bilasmidurinn.is\/pl\/vefverslun\/ljos\/inniljos\/led-loft-inniljos-138mm-12-24v-565lm\/\" \/>\n<meta property=\"og:site_name\" content=\"B&iacute;lasmi&eth;urinn\" \/>\n<meta property=\"article:modified_time\" content=\"2026-04-14T15:49:40+00:00\" \/>\n<meta property=\"og:image\" content=\"https:\/\/bilasmidurinn.is\/wp-content\/uploads\/2021\/07\/40.52360.png\" \/>\n\t<meta property=\"og:image:width\" content=\"304\" \/>\n\t<meta property=\"og:image:height\" content=\"335\" \/>\n\t<meta property=\"og:image:type\" content=\"image\/png\" \/>\n<meta name=\"twitter:card\" content=\"summary_large_image\" \/>\n<script type=\"application\/ld+json\" class=\"yoast-schema-graph\">{\"@context\":\"https:\\\/\\\/schema.org\",\"@graph\":[{\"@type\":\"WebPage\",\"@id\":\"https:\\\/\\\/bilasmidurinn.is\\\/vefverslun\\\/ljos\\\/inniljos\\\/led-loft-inniljos-138mm-12-24v-565lm\\\/\",\"url\":\"https:\\\/\\\/bilasmidurinn.is\\\/vefverslun\\\/ljos\\\/inniljos\\\/led-loft-inniljos-138mm-12-24v-565lm\\\/\",\"name\":\"Led loft\\\/innilj\u00f3s 138mm 12\\\/24V 565Lm - B&iacute;lasmi&eth;urinn\",\"isPartOf\":{\"@id\":\"https:\\\/\\\/bilasmidurinn.is\\\/#website\"},\"primaryImageOfPage\":{\"@id\":\"https:\\\/\\\/bilasmidurinn.is\\\/vefverslun\\\/ljos\\\/inniljos\\\/led-loft-inniljos-138mm-12-24v-565lm\\\/#primaryimage\"},\"image\":{\"@id\":\"https:\\\/\\\/bilasmidurinn.is\\\/vefverslun\\\/ljos\\\/inniljos\\\/led-loft-inniljos-138mm-12-24v-565lm\\\/#primaryimage\"},\"thumbnailUrl\":\"https:\\\/\\\/bilasmidurinn.is\\\/wp-content\\\/uploads\\\/2021\\\/07\\\/40.52360.png\",\"datePublished\":\"2021-07-07T18:42:05+00:00\",\"dateModified\":\"2026-04-14T15:49:40+00:00\",\"breadcrumb\":{\"@id\":\"https:\\\/\\\/bilasmidurinn.is\\\/vefverslun\\\/ljos\\\/inniljos\\\/led-loft-inniljos-138mm-12-24v-565lm\\\/#breadcrumb\"},\"inLanguage\":\"pl-PL\",\"potentialAction\":[{\"@type\":\"ReadAction\",\"target\":[\"https:\\\/\\\/bilasmidurinn.is\\\/vefverslun\\\/ljos\\\/inniljos\\\/led-loft-inniljos-138mm-12-24v-565lm\\\/\"]}]},{\"@type\":\"ImageObject\",\"inLanguage\":\"pl-PL\",\"@id\":\"https:\\\/\\\/bilasmidurinn.is\\\/vefverslun\\\/ljos\\\/inniljos\\\/led-loft-inniljos-138mm-12-24v-565lm\\\/#primaryimage\",\"url\":\"https:\\\/\\\/bilasmidurinn.is\\\/wp-content\\\/uploads\\\/2021\\\/07\\\/40.52360.png\",\"contentUrl\":\"https:\\\/\\\/bilasmidurinn.is\\\/wp-content\\\/uploads\\\/2021\\\/07\\\/40.52360.png\",\"width\":304,\"height\":335},{\"@type\":\"BreadcrumbList\",\"@id\":\"https:\\\/\\\/bilasmidurinn.is\\\/vefverslun\\\/ljos\\\/inniljos\\\/led-loft-inniljos-138mm-12-24v-565lm\\\/#breadcrumb\",\"itemListElement\":[{\"@type\":\"ListItem\",\"position\":1,\"name\":\"Home\",\"item\":\"https:\\\/\\\/bilasmidurinn.is\\\/\"},{\"@type\":\"ListItem\",\"position\":2,\"name\":\"V\u00f6rur \u00ed verslun\",\"item\":\"https:\\\/\\\/bilasmidurinn.is\\\/vefverslun\\\/\"},{\"@type\":\"ListItem\",\"position\":3,\"name\":\"Led loft\\\/innilj\u00f3s 138mm 12\\\/24V 565Lm\"}]},{\"@type\":\"WebSite\",\"@id\":\"https:\\\/\\\/bilasmidurinn.is\\\/#website\",\"url\":\"https:\\\/\\\/bilasmidurinn.is\\\/\",\"name\":\"B&iacute;lasmi&eth;urinn\",\"description\":\"All sem &thorn;&uacute; &thorn;arft &iacute; t&aelig;ki&eth;\",\"potentialAction\":[{\"@type\":\"SearchAction\",\"target\":{\"@type\":\"EntryPoint\",\"urlTemplate\":\"https:\\\/\\\/bilasmidurinn.is\\\/?s={search_term_string}\"},\"query-input\":{\"@type\":\"PropertyValueSpecification\",\"valueRequired\":true,\"valueName\":\"search_term_string\"}}],\"inLanguage\":\"pl-PL\"}]}<\/script>\n<!-- \/ Yoast SEO plugin. -->","yoast_head_json":{"title":"Led loft\/innilj\u00f3s 138mm 12\/24V 565Lm - B&iacute;lasmi&eth;urinn","robots":{"index":"index","follow":"follow","max-snippet":"max-snippet:-1","max-image-preview":"max-image-preview:large","max-video-preview":"max-video-preview:-1"},"canonical":"https:\/\/bilasmidurinn.is\/pl\/vefverslun\/ljos\/inniljos\/led-loft-inniljos-138mm-12-24v-565lm\/","og_locale":"pl_PL","og_type":"article","og_title":"Led loft\/innilj\u00f3s 138mm 12\/24V 565Lm - B&iacute;lasmi&eth;urinn","og_description":"Led loftlj\u00f3s e\u00f0a innilj\u00f3s","og_url":"https:\/\/bilasmidurinn.is\/pl\/vefverslun\/ljos\/inniljos\/led-loft-inniljos-138mm-12-24v-565lm\/","og_site_name":"B&iacute;lasmi&eth;urinn","article_modified_time":"2026-04-14T15:49:40+00:00","og_image":[{"width":304,"height":335,"url":"https:\/\/bilasmidurinn.is\/wp-content\/uploads\/2021\/07\/40.52360.png","type":"image\/png"}],"twitter_card":"summary_large_image","schema":{"@context":"https:\/\/schema.org","@graph":[{"@type":"WebPage","@id":"https:\/\/bilasmidurinn.is\/vefverslun\/ljos\/inniljos\/led-loft-inniljos-138mm-12-24v-565lm\/","url":"https:\/\/bilasmidurinn.is\/vefverslun\/ljos\/inniljos\/led-loft-inniljos-138mm-12-24v-565lm\/","name":"Led loft\/innilj\u00f3s 138mm 12\/24V 565Lm - B&iacute;lasmi&eth;urinn","isPartOf":{"@id":"https:\/\/bilasmidurinn.is\/#website"},"primaryImageOfPage":{"@id":"https:\/\/bilasmidurinn.is\/vefverslun\/ljos\/inniljos\/led-loft-inniljos-138mm-12-24v-565lm\/#primaryimage"},"image":{"@id":"https:\/\/bilasmidurinn.is\/vefverslun\/ljos\/inniljos\/led-loft-inniljos-138mm-12-24v-565lm\/#primaryimage"},"thumbnailUrl":"https:\/\/bilasmidurinn.is\/wp-content\/uploads\/2021\/07\/40.52360.png","datePublished":"2021-07-07T18:42:05+00:00","dateModified":"2026-04-14T15:49:40+00:00","breadcrumb":{"@id":"https:\/\/bilasmidurinn.is\/vefverslun\/ljos\/inniljos\/led-loft-inniljos-138mm-12-24v-565lm\/#breadcrumb"},"inLanguage":"pl-PL","potentialAction":[{"@type":"ReadAction","target":["https:\/\/bilasmidurinn.is\/vefverslun\/ljos\/inniljos\/led-loft-inniljos-138mm-12-24v-565lm\/"]}]},{"@type":"ImageObject","inLanguage":"pl-PL","@id":"https:\/\/bilasmidurinn.is\/vefverslun\/ljos\/inniljos\/led-loft-inniljos-138mm-12-24v-565lm\/#primaryimage","url":"https:\/\/bilasmidurinn.is\/wp-content\/uploads\/2021\/07\/40.52360.png","contentUrl":"https:\/\/bilasmidurinn.is\/wp-content\/uploads\/2021\/07\/40.52360.png","width":304,"height":335},{"@type":"BreadcrumbList","@id":"https:\/\/bilasmidurinn.is\/vefverslun\/ljos\/inniljos\/led-loft-inniljos-138mm-12-24v-565lm\/#breadcrumb","itemListElement":[{"@type":"ListItem","position":1,"name":"Home","item":"https:\/\/bilasmidurinn.is\/"},{"@type":"ListItem","position":2,"name":"V\u00f6rur \u00ed verslun","item":"https:\/\/bilasmidurinn.is\/vefverslun\/"},{"@type":"ListItem","position":3,"name":"Led loft\/innilj\u00f3s 138mm 12\/24V 565Lm"}]},{"@type":"WebSite","@id":"https:\/\/bilasmidurinn.is\/#website","url":"https:\/\/bilasmidurinn.is\/","name":"B&iacute;lasmi&eth;urinn","description":"All sem &thorn;&uacute; &thorn;arft &iacute; t&aelig;ki&eth;","potentialAction":[{"@type":"SearchAction","target":{"@type":"EntryPoint","urlTemplate":"https:\/\/bilasmidurinn.is\/?s={search_term_string}"},"query-input":{"@type":"PropertyValueSpecification","valueRequired":true,"valueName":"search_term_string"}}],"inLanguage":"pl-PL"}]}},"_links":{"self":[{"href":"https:\/\/bilasmidurinn.is\/pl\/wp-json\/wp\/v2\/product\/11632","targetHints":{"allow":["GET"]}}],"collection":[{"href":"https:\/\/bilasmidurinn.is\/pl\/wp-json\/wp\/v2\/product"}],"about":[{"href":"https:\/\/bilasmidurinn.is\/pl\/wp-json\/wp\/v2\/types\/product"}],"wp:featuredmedia":[{"embeddable":true,"href":"https:\/\/bilasmidurinn.is\/pl\/wp-json\/wp\/v2\/media\/11633"}],"wp:attachment":[{"href":"https:\/\/bilasmidurinn.is\/pl\/wp-json\/wp\/v2\/media?parent=11632"}],"wp:term":[{"taxonomy":"product_brand","embeddable":true,"href":"https:\/\/bilasmidurinn.is\/pl\/wp-json\/wp\/v2\/product_brand?post=11632"},{"taxonomy":"product_cat","embeddable":true,"href":"https:\/\/bilasmidurinn.is\/pl\/wp-json\/wp\/v2\/product_cat?post=11632"},{"taxonomy":"product_tag","embeddable":true,"href":"https:\/\/bilasmidurinn.is\/pl\/wp-json\/wp\/v2\/product_tag?post=11632"}],"curies":[{"name":"wp","href":"https:\/\/api.w.org\/{rel}","templated":true}]}}