{"id":11556,"date":"2021-07-05T20:07:35","date_gmt":"2021-07-05T20:07:35","guid":{"rendered":"https:\/\/bilasmidurinn.is\/?post_type=product&#038;p=11556"},"modified":"2023-04-24T10:14:44","modified_gmt":"2023-04-24T10:14:44","slug":"allom-med-fodringum-og-rydfr-tholinmod","status":"publish","type":"product","link":"https:\/\/bilasmidurinn.is\/pl\/vefverslun\/lamir\/allom-med-fodringum-og-rydfr-tholinmod\/","title":{"rendered":"zawiasy wykonane z aluminium z ok\u0142adzinami i antykorozyjne. pacjent"},"content":{"rendered":"<p>Zawiasy z wk\u0142adkami i nierdzewne. pacjent, anodowany z ocynkowanymi otworami 5mm 80x80mm<\/p>","protected":false},"excerpt":{"rendered":"<p>Zawiasy z wk\u0142adkami i nierdzewne. pacjent 80x80mm<\/p>","protected":false},"featured_media":11553,"template":"","meta":[],"product_brand":[7944],"product_cat":[7891],"product_tag":[],"class_list":{"0":"post-11556","1":"product","2":"type-product","3":"status-publish","4":"has-post-thumbnail","6":"product_brand-pommier","7":"product_cat-lamir","9":"first","10":"instock","11":"shipping-taxable","12":"product-type-simple"},"yoast_head":"<!-- This site is optimized with the Yoast SEO plugin v27.4 - https:\/\/yoast.com\/product\/yoast-seo-wordpress\/ -->\n<title>l\u00f6m \u00far \u00e1li me\u00f0 f\u00f3\u00f0ringum og ry\u00f0fr. \u00feolinm\u00f3\u00f0 - B&iacute;lasmi&eth;urinn<\/title>\n<meta name=\"robots\" content=\"index, follow, max-snippet:-1, max-image-preview:large, max-video-preview:-1\" \/>\n<link rel=\"canonical\" href=\"https:\/\/bilasmidurinn.is\/pl\/vefverslun\/lamir\/allom-med-fodringum-og-rydfr-tholinmod\/\" \/>\n<meta property=\"og:locale\" content=\"pl_PL\" \/>\n<meta property=\"og:type\" content=\"article\" \/>\n<meta property=\"og:title\" content=\"l\u00f6m \u00far \u00e1li me\u00f0 f\u00f3\u00f0ringum og ry\u00f0fr. \u00feolinm\u00f3\u00f0 - B&iacute;lasmi&eth;urinn\" \/>\n<meta property=\"og:description\" content=\"\u00c1ll\u00f6m me\u00f0 f\u00f3\u00f0ringum og ry\u00f0fr. \u00feolinm\u00f3\u00f0 80x80mm\" \/>\n<meta property=\"og:url\" content=\"https:\/\/bilasmidurinn.is\/pl\/vefverslun\/lamir\/allom-med-fodringum-og-rydfr-tholinmod\/\" \/>\n<meta property=\"og:site_name\" content=\"B&iacute;lasmi&eth;urinn\" \/>\n<meta property=\"article:modified_time\" content=\"2023-04-24T10:14:44+00:00\" \/>\n<meta property=\"og:image\" content=\"https:\/\/bilasmidurinn.is\/wp-content\/uploads\/2021\/07\/27.38001.png\" \/>\n\t<meta property=\"og:image:width\" content=\"224\" \/>\n\t<meta property=\"og:image:height\" content=\"177\" \/>\n\t<meta property=\"og:image:type\" content=\"image\/png\" \/>\n<meta name=\"twitter:card\" content=\"summary_large_image\" \/>\n<script type=\"application\/ld+json\" class=\"yoast-schema-graph\">{\"@context\":\"https:\\\/\\\/schema.org\",\"@graph\":[{\"@type\":\"WebPage\",\"@id\":\"https:\\\/\\\/bilasmidurinn.is\\\/vefverslun\\\/lamir\\\/allom-med-fodringum-og-rydfr-tholinmod\\\/\",\"url\":\"https:\\\/\\\/bilasmidurinn.is\\\/vefverslun\\\/lamir\\\/allom-med-fodringum-og-rydfr-tholinmod\\\/\",\"name\":\"l\u00f6m \u00far \u00e1li me\u00f0 f\u00f3\u00f0ringum og ry\u00f0fr. \u00feolinm\u00f3\u00f0 - B&iacute;lasmi&eth;urinn\",\"isPartOf\":{\"@id\":\"https:\\\/\\\/bilasmidurinn.is\\\/#website\"},\"primaryImageOfPage\":{\"@id\":\"https:\\\/\\\/bilasmidurinn.is\\\/vefverslun\\\/lamir\\\/allom-med-fodringum-og-rydfr-tholinmod\\\/#primaryimage\"},\"image\":{\"@id\":\"https:\\\/\\\/bilasmidurinn.is\\\/vefverslun\\\/lamir\\\/allom-med-fodringum-og-rydfr-tholinmod\\\/#primaryimage\"},\"thumbnailUrl\":\"https:\\\/\\\/bilasmidurinn.is\\\/wp-content\\\/uploads\\\/2021\\\/07\\\/27.38001.png\",\"datePublished\":\"2021-07-05T20:07:35+00:00\",\"dateModified\":\"2023-04-24T10:14:44+00:00\",\"breadcrumb\":{\"@id\":\"https:\\\/\\\/bilasmidurinn.is\\\/vefverslun\\\/lamir\\\/allom-med-fodringum-og-rydfr-tholinmod\\\/#breadcrumb\"},\"inLanguage\":\"pl-PL\",\"potentialAction\":[{\"@type\":\"ReadAction\",\"target\":[\"https:\\\/\\\/bilasmidurinn.is\\\/vefverslun\\\/lamir\\\/allom-med-fodringum-og-rydfr-tholinmod\\\/\"]}]},{\"@type\":\"ImageObject\",\"inLanguage\":\"pl-PL\",\"@id\":\"https:\\\/\\\/bilasmidurinn.is\\\/vefverslun\\\/lamir\\\/allom-med-fodringum-og-rydfr-tholinmod\\\/#primaryimage\",\"url\":\"https:\\\/\\\/bilasmidurinn.is\\\/wp-content\\\/uploads\\\/2021\\\/07\\\/27.38001.png\",\"contentUrl\":\"https:\\\/\\\/bilasmidurinn.is\\\/wp-content\\\/uploads\\\/2021\\\/07\\\/27.38001.png\",\"width\":224,\"height\":177},{\"@type\":\"BreadcrumbList\",\"@id\":\"https:\\\/\\\/bilasmidurinn.is\\\/vefverslun\\\/lamir\\\/allom-med-fodringum-og-rydfr-tholinmod\\\/#breadcrumb\",\"itemListElement\":[{\"@type\":\"ListItem\",\"position\":1,\"name\":\"Home\",\"item\":\"https:\\\/\\\/bilasmidurinn.is\\\/\"},{\"@type\":\"ListItem\",\"position\":2,\"name\":\"V\u00f6rur \u00ed verslun\",\"item\":\"https:\\\/\\\/bilasmidurinn.is\\\/vefverslun\\\/\"},{\"@type\":\"ListItem\",\"position\":3,\"name\":\"l\u00f6m \u00far \u00e1li me\u00f0 f\u00f3\u00f0ringum og ry\u00f0fr. \u00feolinm\u00f3\u00f0\"}]},{\"@type\":\"WebSite\",\"@id\":\"https:\\\/\\\/bilasmidurinn.is\\\/#website\",\"url\":\"https:\\\/\\\/bilasmidurinn.is\\\/\",\"name\":\"B&iacute;lasmi&eth;urinn\",\"description\":\"All sem &thorn;&uacute; &thorn;arft &iacute; t&aelig;ki&eth;\",\"potentialAction\":[{\"@type\":\"SearchAction\",\"target\":{\"@type\":\"EntryPoint\",\"urlTemplate\":\"https:\\\/\\\/bilasmidurinn.is\\\/?s={search_term_string}\"},\"query-input\":{\"@type\":\"PropertyValueSpecification\",\"valueRequired\":true,\"valueName\":\"search_term_string\"}}],\"inLanguage\":\"pl-PL\"}]}<\/script>\n<!-- \/ Yoast SEO plugin. -->","yoast_head_json":{"title":"l\u00f6m \u00far \u00e1li me\u00f0 f\u00f3\u00f0ringum og ry\u00f0fr. \u00feolinm\u00f3\u00f0 - B&iacute;lasmi&eth;urinn","robots":{"index":"index","follow":"follow","max-snippet":"max-snippet:-1","max-image-preview":"max-image-preview:large","max-video-preview":"max-video-preview:-1"},"canonical":"https:\/\/bilasmidurinn.is\/pl\/vefverslun\/lamir\/allom-med-fodringum-og-rydfr-tholinmod\/","og_locale":"pl_PL","og_type":"article","og_title":"l\u00f6m \u00far \u00e1li me\u00f0 f\u00f3\u00f0ringum og ry\u00f0fr. \u00feolinm\u00f3\u00f0 - B&iacute;lasmi&eth;urinn","og_description":"\u00c1ll\u00f6m me\u00f0 f\u00f3\u00f0ringum og ry\u00f0fr. \u00feolinm\u00f3\u00f0 80x80mm","og_url":"https:\/\/bilasmidurinn.is\/pl\/vefverslun\/lamir\/allom-med-fodringum-og-rydfr-tholinmod\/","og_site_name":"B&iacute;lasmi&eth;urinn","article_modified_time":"2023-04-24T10:14:44+00:00","og_image":[{"width":224,"height":177,"url":"https:\/\/bilasmidurinn.is\/wp-content\/uploads\/2021\/07\/27.38001.png","type":"image\/png"}],"twitter_card":"summary_large_image","schema":{"@context":"https:\/\/schema.org","@graph":[{"@type":"WebPage","@id":"https:\/\/bilasmidurinn.is\/vefverslun\/lamir\/allom-med-fodringum-og-rydfr-tholinmod\/","url":"https:\/\/bilasmidurinn.is\/vefverslun\/lamir\/allom-med-fodringum-og-rydfr-tholinmod\/","name":"l\u00f6m \u00far \u00e1li me\u00f0 f\u00f3\u00f0ringum og ry\u00f0fr. \u00feolinm\u00f3\u00f0 - B&iacute;lasmi&eth;urinn","isPartOf":{"@id":"https:\/\/bilasmidurinn.is\/#website"},"primaryImageOfPage":{"@id":"https:\/\/bilasmidurinn.is\/vefverslun\/lamir\/allom-med-fodringum-og-rydfr-tholinmod\/#primaryimage"},"image":{"@id":"https:\/\/bilasmidurinn.is\/vefverslun\/lamir\/allom-med-fodringum-og-rydfr-tholinmod\/#primaryimage"},"thumbnailUrl":"https:\/\/bilasmidurinn.is\/wp-content\/uploads\/2021\/07\/27.38001.png","datePublished":"2021-07-05T20:07:35+00:00","dateModified":"2023-04-24T10:14:44+00:00","breadcrumb":{"@id":"https:\/\/bilasmidurinn.is\/vefverslun\/lamir\/allom-med-fodringum-og-rydfr-tholinmod\/#breadcrumb"},"inLanguage":"pl-PL","potentialAction":[{"@type":"ReadAction","target":["https:\/\/bilasmidurinn.is\/vefverslun\/lamir\/allom-med-fodringum-og-rydfr-tholinmod\/"]}]},{"@type":"ImageObject","inLanguage":"pl-PL","@id":"https:\/\/bilasmidurinn.is\/vefverslun\/lamir\/allom-med-fodringum-og-rydfr-tholinmod\/#primaryimage","url":"https:\/\/bilasmidurinn.is\/wp-content\/uploads\/2021\/07\/27.38001.png","contentUrl":"https:\/\/bilasmidurinn.is\/wp-content\/uploads\/2021\/07\/27.38001.png","width":224,"height":177},{"@type":"BreadcrumbList","@id":"https:\/\/bilasmidurinn.is\/vefverslun\/lamir\/allom-med-fodringum-og-rydfr-tholinmod\/#breadcrumb","itemListElement":[{"@type":"ListItem","position":1,"name":"Home","item":"https:\/\/bilasmidurinn.is\/"},{"@type":"ListItem","position":2,"name":"V\u00f6rur \u00ed verslun","item":"https:\/\/bilasmidurinn.is\/vefverslun\/"},{"@type":"ListItem","position":3,"name":"l\u00f6m \u00far \u00e1li me\u00f0 f\u00f3\u00f0ringum og ry\u00f0fr. \u00feolinm\u00f3\u00f0"}]},{"@type":"WebSite","@id":"https:\/\/bilasmidurinn.is\/#website","url":"https:\/\/bilasmidurinn.is\/","name":"B&iacute;lasmi&eth;urinn","description":"All sem &thorn;&uacute; &thorn;arft &iacute; t&aelig;ki&eth;","potentialAction":[{"@type":"SearchAction","target":{"@type":"EntryPoint","urlTemplate":"https:\/\/bilasmidurinn.is\/?s={search_term_string}"},"query-input":{"@type":"PropertyValueSpecification","valueRequired":true,"valueName":"search_term_string"}}],"inLanguage":"pl-PL"}]}},"_links":{"self":[{"href":"https:\/\/bilasmidurinn.is\/pl\/wp-json\/wp\/v2\/product\/11556","targetHints":{"allow":["GET"]}}],"collection":[{"href":"https:\/\/bilasmidurinn.is\/pl\/wp-json\/wp\/v2\/product"}],"about":[{"href":"https:\/\/bilasmidurinn.is\/pl\/wp-json\/wp\/v2\/types\/product"}],"wp:featuredmedia":[{"embeddable":true,"href":"https:\/\/bilasmidurinn.is\/pl\/wp-json\/wp\/v2\/media\/11553"}],"wp:attachment":[{"href":"https:\/\/bilasmidurinn.is\/pl\/wp-json\/wp\/v2\/media?parent=11556"}],"wp:term":[{"taxonomy":"product_brand","embeddable":true,"href":"https:\/\/bilasmidurinn.is\/pl\/wp-json\/wp\/v2\/product_brand?post=11556"},{"taxonomy":"product_cat","embeddable":true,"href":"https:\/\/bilasmidurinn.is\/pl\/wp-json\/wp\/v2\/product_cat?post=11556"},{"taxonomy":"product_tag","embeddable":true,"href":"https:\/\/bilasmidurinn.is\/pl\/wp-json\/wp\/v2\/product_tag?post=11556"}],"curies":[{"name":"wp","href":"https:\/\/api.w.org\/{rel}","templated":true}]}}