{"id":11438,"date":"2021-06-30T21:12:02","date_gmt":"2021-06-30T21:12:02","guid":{"rendered":"https:\/\/bilasmidurinn.is\/?post_type=product&#038;p=11438"},"modified":"2021-09-01T15:05:05","modified_gmt":"2021-09-01T15:05:05","slug":"thetttlisti-fyrir-vorukassa-33-35mm-hurdarthykkt-27m-verd-pr-stykki","status":"publish","type":"product","link":"https:\/\/bilasmidurinn.is\/pl\/vefverslun\/thettilistar\/thetttlisti-fyrir-vorukassa-33-35mm-hurdarthykkt-27m-verd-pr-stykki\/","title":{"rendered":"Kompaktowa lista dla produktu box 33-35mm grubo\u015b\u0107 drzwi 2,7m cena za 1 szt kawa\u0142ek"},"content":{"rendered":"<p>Skr\u00f3cona lista dla kartonu produktu 33-35 mm grubo\u015b\u0107 drzwi 2,7 m na jednostk\u0119.<\/p>","protected":false},"excerpt":{"rendered":"<p>Kompaktowa lista dla produktu box 33-35mm grubo\u015b\u0107 drzwi 2,7m cena za 1 szt sztuka<\/p>","protected":false},"featured_media":11439,"template":"","meta":[],"product_brand":[7944],"product_cat":[7974],"product_tag":[],"class_list":{"0":"post-11438","1":"product","2":"type-product","3":"status-publish","4":"has-post-thumbnail","6":"product_brand-pommier","7":"product_cat-thettilistar","9":"first","10":"instock","11":"shipping-taxable","12":"product-type-simple"},"yoast_head":"<!-- This site is optimized with the Yoast SEO plugin v27.4 - https:\/\/yoast.com\/product\/yoast-seo-wordpress\/ -->\n<title>\u00de\u00e9tttlisti fyrir v\u00f6rukassa 33-35mm hur\u00f0ar\u00feykkt 2,7m ver\u00f0 pr. stykki - B&iacute;lasmi&eth;urinn<\/title>\n<meta name=\"robots\" content=\"index, follow, max-snippet:-1, max-image-preview:large, max-video-preview:-1\" \/>\n<link rel=\"canonical\" href=\"https:\/\/bilasmidurinn.is\/pl\/vefverslun\/thettilistar\/thetttlisti-fyrir-vorukassa-33-35mm-hurdarthykkt-27m-verd-pr-stykki\/\" \/>\n<meta property=\"og:locale\" content=\"pl_PL\" \/>\n<meta property=\"og:type\" content=\"article\" \/>\n<meta property=\"og:title\" content=\"\u00de\u00e9tttlisti fyrir v\u00f6rukassa 33-35mm hur\u00f0ar\u00feykkt 2,7m ver\u00f0 pr. stykki - B&iacute;lasmi&eth;urinn\" \/>\n<meta property=\"og:description\" content=\"\u00de\u00e9tttlisti fyrir v\u00f6rukassa 33-35mm hur\u00f0ar\u00feykkt 2,7m ver\u00f0 pr. stykki\" \/>\n<meta property=\"og:url\" content=\"https:\/\/bilasmidurinn.is\/pl\/vefverslun\/thettilistar\/thetttlisti-fyrir-vorukassa-33-35mm-hurdarthykkt-27m-verd-pr-stykki\/\" \/>\n<meta property=\"og:site_name\" content=\"B&iacute;lasmi&eth;urinn\" \/>\n<meta property=\"article:modified_time\" content=\"2021-09-01T15:05:05+00:00\" \/>\n<meta property=\"og:image\" content=\"https:\/\/bilasmidurinn.is\/wp-content\/uploads\/2021\/06\/11.32401.png\" \/>\n\t<meta property=\"og:image:width\" content=\"256\" \/>\n\t<meta property=\"og:image:height\" content=\"193\" \/>\n\t<meta property=\"og:image:type\" content=\"image\/png\" \/>\n<meta name=\"twitter:card\" content=\"summary_large_image\" \/>\n<script type=\"application\/ld+json\" class=\"yoast-schema-graph\">{\"@context\":\"https:\\\/\\\/schema.org\",\"@graph\":[{\"@type\":\"WebPage\",\"@id\":\"https:\\\/\\\/bilasmidurinn.is\\\/en\\\/vefverslun\\\/thettilistar\\\/thetttlisti-fyrir-vorukassa-33-35mm-hurdarthykkt-27m-verd-pr-stykki\\\/\",\"url\":\"https:\\\/\\\/bilasmidurinn.is\\\/en\\\/vefverslun\\\/thettilistar\\\/thetttlisti-fyrir-vorukassa-33-35mm-hurdarthykkt-27m-verd-pr-stykki\\\/\",\"name\":\"\u00de\u00e9tttlisti fyrir v\u00f6rukassa 33-35mm hur\u00f0ar\u00feykkt 2,7m ver\u00f0 pr. stykki - B&iacute;lasmi&eth;urinn\",\"isPartOf\":{\"@id\":\"https:\\\/\\\/bilasmidurinn.is\\\/#website\"},\"primaryImageOfPage\":{\"@id\":\"https:\\\/\\\/bilasmidurinn.is\\\/en\\\/vefverslun\\\/thettilistar\\\/thetttlisti-fyrir-vorukassa-33-35mm-hurdarthykkt-27m-verd-pr-stykki\\\/#primaryimage\"},\"image\":{\"@id\":\"https:\\\/\\\/bilasmidurinn.is\\\/en\\\/vefverslun\\\/thettilistar\\\/thetttlisti-fyrir-vorukassa-33-35mm-hurdarthykkt-27m-verd-pr-stykki\\\/#primaryimage\"},\"thumbnailUrl\":\"https:\\\/\\\/bilasmidurinn.is\\\/wp-content\\\/uploads\\\/2021\\\/06\\\/11.32401.png\",\"datePublished\":\"2021-06-30T21:12:02+00:00\",\"dateModified\":\"2021-09-01T15:05:05+00:00\",\"breadcrumb\":{\"@id\":\"https:\\\/\\\/bilasmidurinn.is\\\/en\\\/vefverslun\\\/thettilistar\\\/thetttlisti-fyrir-vorukassa-33-35mm-hurdarthykkt-27m-verd-pr-stykki\\\/#breadcrumb\"},\"inLanguage\":\"pl-PL\",\"potentialAction\":[{\"@type\":\"ReadAction\",\"target\":[\"https:\\\/\\\/bilasmidurinn.is\\\/en\\\/vefverslun\\\/thettilistar\\\/thetttlisti-fyrir-vorukassa-33-35mm-hurdarthykkt-27m-verd-pr-stykki\\\/\"]}]},{\"@type\":\"ImageObject\",\"inLanguage\":\"pl-PL\",\"@id\":\"https:\\\/\\\/bilasmidurinn.is\\\/en\\\/vefverslun\\\/thettilistar\\\/thetttlisti-fyrir-vorukassa-33-35mm-hurdarthykkt-27m-verd-pr-stykki\\\/#primaryimage\",\"url\":\"https:\\\/\\\/bilasmidurinn.is\\\/wp-content\\\/uploads\\\/2021\\\/06\\\/11.32401.png\",\"contentUrl\":\"https:\\\/\\\/bilasmidurinn.is\\\/wp-content\\\/uploads\\\/2021\\\/06\\\/11.32401.png\",\"width\":256,\"height\":193},{\"@type\":\"BreadcrumbList\",\"@id\":\"https:\\\/\\\/bilasmidurinn.is\\\/en\\\/vefverslun\\\/thettilistar\\\/thetttlisti-fyrir-vorukassa-33-35mm-hurdarthykkt-27m-verd-pr-stykki\\\/#breadcrumb\",\"itemListElement\":[{\"@type\":\"ListItem\",\"position\":1,\"name\":\"Home\",\"item\":\"https:\\\/\\\/bilasmidurinn.is\\\/\"},{\"@type\":\"ListItem\",\"position\":2,\"name\":\"V\u00f6rur \u00ed verslun\",\"item\":\"https:\\\/\\\/bilasmidurinn.is\\\/vefverslun\\\/\"},{\"@type\":\"ListItem\",\"position\":3,\"name\":\"\u00de\u00e9tttlisti fyrir v\u00f6rukassa 33-35mm hur\u00f0ar\u00feykkt 2,7m ver\u00f0 pr. stykki\"}]},{\"@type\":\"WebSite\",\"@id\":\"https:\\\/\\\/bilasmidurinn.is\\\/#website\",\"url\":\"https:\\\/\\\/bilasmidurinn.is\\\/\",\"name\":\"B&iacute;lasmi&eth;urinn\",\"description\":\"All sem &thorn;&uacute; &thorn;arft &iacute; t&aelig;ki&eth;\",\"potentialAction\":[{\"@type\":\"SearchAction\",\"target\":{\"@type\":\"EntryPoint\",\"urlTemplate\":\"https:\\\/\\\/bilasmidurinn.is\\\/?s={search_term_string}\"},\"query-input\":{\"@type\":\"PropertyValueSpecification\",\"valueRequired\":true,\"valueName\":\"search_term_string\"}}],\"inLanguage\":\"pl-PL\"}]}<\/script>\n<!-- \/ Yoast SEO plugin. -->","yoast_head_json":{"title":"\u00de\u00e9tttlisti fyrir v\u00f6rukassa 33-35mm hur\u00f0ar\u00feykkt 2,7m ver\u00f0 pr. stykki - B&iacute;lasmi&eth;urinn","robots":{"index":"index","follow":"follow","max-snippet":"max-snippet:-1","max-image-preview":"max-image-preview:large","max-video-preview":"max-video-preview:-1"},"canonical":"https:\/\/bilasmidurinn.is\/pl\/vefverslun\/thettilistar\/thetttlisti-fyrir-vorukassa-33-35mm-hurdarthykkt-27m-verd-pr-stykki\/","og_locale":"pl_PL","og_type":"article","og_title":"\u00de\u00e9tttlisti fyrir v\u00f6rukassa 33-35mm hur\u00f0ar\u00feykkt 2,7m ver\u00f0 pr. stykki - B&iacute;lasmi&eth;urinn","og_description":"\u00de\u00e9tttlisti fyrir v\u00f6rukassa 33-35mm hur\u00f0ar\u00feykkt 2,7m ver\u00f0 pr. stykki","og_url":"https:\/\/bilasmidurinn.is\/pl\/vefverslun\/thettilistar\/thetttlisti-fyrir-vorukassa-33-35mm-hurdarthykkt-27m-verd-pr-stykki\/","og_site_name":"B&iacute;lasmi&eth;urinn","article_modified_time":"2021-09-01T15:05:05+00:00","og_image":[{"width":256,"height":193,"url":"https:\/\/bilasmidurinn.is\/wp-content\/uploads\/2021\/06\/11.32401.png","type":"image\/png"}],"twitter_card":"summary_large_image","schema":{"@context":"https:\/\/schema.org","@graph":[{"@type":"WebPage","@id":"https:\/\/bilasmidurinn.is\/en\/vefverslun\/thettilistar\/thetttlisti-fyrir-vorukassa-33-35mm-hurdarthykkt-27m-verd-pr-stykki\/","url":"https:\/\/bilasmidurinn.is\/en\/vefverslun\/thettilistar\/thetttlisti-fyrir-vorukassa-33-35mm-hurdarthykkt-27m-verd-pr-stykki\/","name":"\u00de\u00e9tttlisti fyrir v\u00f6rukassa 33-35mm hur\u00f0ar\u00feykkt 2,7m ver\u00f0 pr. stykki - B&iacute;lasmi&eth;urinn","isPartOf":{"@id":"https:\/\/bilasmidurinn.is\/#website"},"primaryImageOfPage":{"@id":"https:\/\/bilasmidurinn.is\/en\/vefverslun\/thettilistar\/thetttlisti-fyrir-vorukassa-33-35mm-hurdarthykkt-27m-verd-pr-stykki\/#primaryimage"},"image":{"@id":"https:\/\/bilasmidurinn.is\/en\/vefverslun\/thettilistar\/thetttlisti-fyrir-vorukassa-33-35mm-hurdarthykkt-27m-verd-pr-stykki\/#primaryimage"},"thumbnailUrl":"https:\/\/bilasmidurinn.is\/wp-content\/uploads\/2021\/06\/11.32401.png","datePublished":"2021-06-30T21:12:02+00:00","dateModified":"2021-09-01T15:05:05+00:00","breadcrumb":{"@id":"https:\/\/bilasmidurinn.is\/en\/vefverslun\/thettilistar\/thetttlisti-fyrir-vorukassa-33-35mm-hurdarthykkt-27m-verd-pr-stykki\/#breadcrumb"},"inLanguage":"pl-PL","potentialAction":[{"@type":"ReadAction","target":["https:\/\/bilasmidurinn.is\/en\/vefverslun\/thettilistar\/thetttlisti-fyrir-vorukassa-33-35mm-hurdarthykkt-27m-verd-pr-stykki\/"]}]},{"@type":"ImageObject","inLanguage":"pl-PL","@id":"https:\/\/bilasmidurinn.is\/en\/vefverslun\/thettilistar\/thetttlisti-fyrir-vorukassa-33-35mm-hurdarthykkt-27m-verd-pr-stykki\/#primaryimage","url":"https:\/\/bilasmidurinn.is\/wp-content\/uploads\/2021\/06\/11.32401.png","contentUrl":"https:\/\/bilasmidurinn.is\/wp-content\/uploads\/2021\/06\/11.32401.png","width":256,"height":193},{"@type":"BreadcrumbList","@id":"https:\/\/bilasmidurinn.is\/en\/vefverslun\/thettilistar\/thetttlisti-fyrir-vorukassa-33-35mm-hurdarthykkt-27m-verd-pr-stykki\/#breadcrumb","itemListElement":[{"@type":"ListItem","position":1,"name":"Home","item":"https:\/\/bilasmidurinn.is\/"},{"@type":"ListItem","position":2,"name":"V\u00f6rur \u00ed verslun","item":"https:\/\/bilasmidurinn.is\/vefverslun\/"},{"@type":"ListItem","position":3,"name":"\u00de\u00e9tttlisti fyrir v\u00f6rukassa 33-35mm hur\u00f0ar\u00feykkt 2,7m ver\u00f0 pr. stykki"}]},{"@type":"WebSite","@id":"https:\/\/bilasmidurinn.is\/#website","url":"https:\/\/bilasmidurinn.is\/","name":"B&iacute;lasmi&eth;urinn","description":"All sem &thorn;&uacute; &thorn;arft &iacute; t&aelig;ki&eth;","potentialAction":[{"@type":"SearchAction","target":{"@type":"EntryPoint","urlTemplate":"https:\/\/bilasmidurinn.is\/?s={search_term_string}"},"query-input":{"@type":"PropertyValueSpecification","valueRequired":true,"valueName":"search_term_string"}}],"inLanguage":"pl-PL"}]}},"_links":{"self":[{"href":"https:\/\/bilasmidurinn.is\/pl\/wp-json\/wp\/v2\/product\/11438","targetHints":{"allow":["GET"]}}],"collection":[{"href":"https:\/\/bilasmidurinn.is\/pl\/wp-json\/wp\/v2\/product"}],"about":[{"href":"https:\/\/bilasmidurinn.is\/pl\/wp-json\/wp\/v2\/types\/product"}],"wp:featuredmedia":[{"embeddable":true,"href":"https:\/\/bilasmidurinn.is\/pl\/wp-json\/wp\/v2\/media\/11439"}],"wp:attachment":[{"href":"https:\/\/bilasmidurinn.is\/pl\/wp-json\/wp\/v2\/media?parent=11438"}],"wp:term":[{"taxonomy":"product_brand","embeddable":true,"href":"https:\/\/bilasmidurinn.is\/pl\/wp-json\/wp\/v2\/product_brand?post=11438"},{"taxonomy":"product_cat","embeddable":true,"href":"https:\/\/bilasmidurinn.is\/pl\/wp-json\/wp\/v2\/product_cat?post=11438"},{"taxonomy":"product_tag","embeddable":true,"href":"https:\/\/bilasmidurinn.is\/pl\/wp-json\/wp\/v2\/product_tag?post=11438"}],"curies":[{"name":"wp","href":"https:\/\/api.w.org\/{rel}","templated":true}]}}