{"id":11422,"date":"2021-06-30T20:39:04","date_gmt":"2021-06-30T20:39:04","guid":{"rendered":"https:\/\/bilasmidurinn.is\/?post_type=product&#038;p=11422"},"modified":"2021-06-30T20:39:04","modified_gmt":"2021-06-30T20:39:04","slug":"thettilisti-fyir-vorukassa-20-215mm-hurdarthykkt-5m-verd-pr-meter","status":"publish","type":"product","link":"https:\/\/bilasmidurinn.is\/pl\/vefverslun\/thettilistar\/thettilisti-fyir-vorukassa-20-215mm-hurdarthykkt-5m-verd-pr-meter\/","title":{"rendered":"Wykaz uszczelek do puszki produktowej 20-21,5mm grubo\u015b\u0107 drzwi 5m cena za sztuk\u0119 metr"},"content":{"rendered":"<p>Wykaz uszczelek do puszki produktowej 20-21,5mm grubo\u015b\u0107 drzwi 5m cena za sztuk\u0119 metr<\/p>","protected":false},"excerpt":{"rendered":"<p>Uszczelka do puszki produktowej 20-21,5mm grubo\u015b\u0107 drzwi 5m<\/p>","protected":false},"featured_media":11420,"template":"","meta":[],"product_brand":[7944],"product_cat":[7974],"product_tag":[],"class_list":{"0":"post-11422","1":"product","2":"type-product","3":"status-publish","4":"has-post-thumbnail","6":"product_brand-pommier","7":"product_cat-thettilistar","9":"first","10":"instock","11":"shipping-taxable","12":"product-type-simple"},"yoast_head":"<!-- This site is optimized with the Yoast SEO plugin v27.3 - https:\/\/yoast.com\/product\/yoast-seo-wordpress\/ -->\n<title>\u00de\u00e9ttilisti fyir v\u00f6rukassa 20-21,5mm hur\u00f0ar\u00feykkt 5m ver\u00f0 pr. meter - B&iacute;lasmi&eth;urinn<\/title>\n<meta name=\"robots\" content=\"index, follow, max-snippet:-1, max-image-preview:large, max-video-preview:-1\" \/>\n<link rel=\"canonical\" href=\"https:\/\/bilasmidurinn.is\/pl\/vefverslun\/thettilistar\/thettilisti-fyir-vorukassa-20-215mm-hurdarthykkt-5m-verd-pr-meter\/\" \/>\n<meta property=\"og:locale\" content=\"pl_PL\" \/>\n<meta property=\"og:type\" content=\"article\" \/>\n<meta property=\"og:title\" content=\"\u00de\u00e9ttilisti fyir v\u00f6rukassa 20-21,5mm hur\u00f0ar\u00feykkt 5m ver\u00f0 pr. meter - B&iacute;lasmi&eth;urinn\" \/>\n<meta property=\"og:description\" content=\"\u00de\u00e9ttilisti fyrir v\u00f6rukassa 20-21,5mm hur\u00f0ar\u00feykkt 5m\" \/>\n<meta property=\"og:url\" content=\"https:\/\/bilasmidurinn.is\/pl\/vefverslun\/thettilistar\/thettilisti-fyir-vorukassa-20-215mm-hurdarthykkt-5m-verd-pr-meter\/\" \/>\n<meta property=\"og:site_name\" content=\"B&iacute;lasmi&eth;urinn\" \/>\n<meta property=\"og:image\" content=\"https:\/\/bilasmidurinn.is\/wp-content\/uploads\/2021\/06\/11.32374.jpg.png\" \/>\n\t<meta property=\"og:image:width\" content=\"252\" \/>\n\t<meta property=\"og:image:height\" content=\"196\" \/>\n\t<meta property=\"og:image:type\" content=\"image\/png\" \/>\n<meta name=\"twitter:card\" content=\"summary_large_image\" \/>\n<script type=\"application\/ld+json\" class=\"yoast-schema-graph\">{\"@context\":\"https:\\\/\\\/schema.org\",\"@graph\":[{\"@type\":\"WebPage\",\"@id\":\"https:\\\/\\\/bilasmidurinn.is\\\/en\\\/vefverslun\\\/thettilistar\\\/thettilisti-fyir-vorukassa-20-215mm-hurdarthykkt-5m-verd-pr-meter\\\/\",\"url\":\"https:\\\/\\\/bilasmidurinn.is\\\/en\\\/vefverslun\\\/thettilistar\\\/thettilisti-fyir-vorukassa-20-215mm-hurdarthykkt-5m-verd-pr-meter\\\/\",\"name\":\"\u00de\u00e9ttilisti fyir v\u00f6rukassa 20-21,5mm hur\u00f0ar\u00feykkt 5m ver\u00f0 pr. meter - B&iacute;lasmi&eth;urinn\",\"isPartOf\":{\"@id\":\"https:\\\/\\\/bilasmidurinn.is\\\/#website\"},\"primaryImageOfPage\":{\"@id\":\"https:\\\/\\\/bilasmidurinn.is\\\/en\\\/vefverslun\\\/thettilistar\\\/thettilisti-fyir-vorukassa-20-215mm-hurdarthykkt-5m-verd-pr-meter\\\/#primaryimage\"},\"image\":{\"@id\":\"https:\\\/\\\/bilasmidurinn.is\\\/en\\\/vefverslun\\\/thettilistar\\\/thettilisti-fyir-vorukassa-20-215mm-hurdarthykkt-5m-verd-pr-meter\\\/#primaryimage\"},\"thumbnailUrl\":\"https:\\\/\\\/bilasmidurinn.is\\\/wp-content\\\/uploads\\\/2021\\\/06\\\/11.32374.jpg.png\",\"datePublished\":\"2021-06-30T20:39:04+00:00\",\"breadcrumb\":{\"@id\":\"https:\\\/\\\/bilasmidurinn.is\\\/en\\\/vefverslun\\\/thettilistar\\\/thettilisti-fyir-vorukassa-20-215mm-hurdarthykkt-5m-verd-pr-meter\\\/#breadcrumb\"},\"inLanguage\":\"pl-PL\",\"potentialAction\":[{\"@type\":\"ReadAction\",\"target\":[\"https:\\\/\\\/bilasmidurinn.is\\\/en\\\/vefverslun\\\/thettilistar\\\/thettilisti-fyir-vorukassa-20-215mm-hurdarthykkt-5m-verd-pr-meter\\\/\"]}]},{\"@type\":\"ImageObject\",\"inLanguage\":\"pl-PL\",\"@id\":\"https:\\\/\\\/bilasmidurinn.is\\\/en\\\/vefverslun\\\/thettilistar\\\/thettilisti-fyir-vorukassa-20-215mm-hurdarthykkt-5m-verd-pr-meter\\\/#primaryimage\",\"url\":\"https:\\\/\\\/bilasmidurinn.is\\\/wp-content\\\/uploads\\\/2021\\\/06\\\/11.32374.jpg.png\",\"contentUrl\":\"https:\\\/\\\/bilasmidurinn.is\\\/wp-content\\\/uploads\\\/2021\\\/06\\\/11.32374.jpg.png\",\"width\":252,\"height\":196},{\"@type\":\"BreadcrumbList\",\"@id\":\"https:\\\/\\\/bilasmidurinn.is\\\/en\\\/vefverslun\\\/thettilistar\\\/thettilisti-fyir-vorukassa-20-215mm-hurdarthykkt-5m-verd-pr-meter\\\/#breadcrumb\",\"itemListElement\":[{\"@type\":\"ListItem\",\"position\":1,\"name\":\"Home\",\"item\":\"https:\\\/\\\/bilasmidurinn.is\\\/\"},{\"@type\":\"ListItem\",\"position\":2,\"name\":\"V\u00f6rur \u00ed verslun\",\"item\":\"https:\\\/\\\/bilasmidurinn.is\\\/vefverslun\\\/\"},{\"@type\":\"ListItem\",\"position\":3,\"name\":\"\u00de\u00e9ttilisti fyir v\u00f6rukassa 20-21,5mm hur\u00f0ar\u00feykkt 5m ver\u00f0 pr. meter\"}]},{\"@type\":\"WebSite\",\"@id\":\"https:\\\/\\\/bilasmidurinn.is\\\/#website\",\"url\":\"https:\\\/\\\/bilasmidurinn.is\\\/\",\"name\":\"B&iacute;lasmi&eth;urinn\",\"description\":\"All sem &thorn;&uacute; &thorn;arft &iacute; t&aelig;ki&eth;\",\"potentialAction\":[{\"@type\":\"SearchAction\",\"target\":{\"@type\":\"EntryPoint\",\"urlTemplate\":\"https:\\\/\\\/bilasmidurinn.is\\\/?s={search_term_string}\"},\"query-input\":{\"@type\":\"PropertyValueSpecification\",\"valueRequired\":true,\"valueName\":\"search_term_string\"}}],\"inLanguage\":\"pl-PL\"}]}<\/script>\n<!-- \/ Yoast SEO plugin. -->","yoast_head_json":{"title":"\u00de\u00e9ttilisti fyir v\u00f6rukassa 20-21,5mm hur\u00f0ar\u00feykkt 5m ver\u00f0 pr. meter - B&iacute;lasmi&eth;urinn","robots":{"index":"index","follow":"follow","max-snippet":"max-snippet:-1","max-image-preview":"max-image-preview:large","max-video-preview":"max-video-preview:-1"},"canonical":"https:\/\/bilasmidurinn.is\/pl\/vefverslun\/thettilistar\/thettilisti-fyir-vorukassa-20-215mm-hurdarthykkt-5m-verd-pr-meter\/","og_locale":"pl_PL","og_type":"article","og_title":"\u00de\u00e9ttilisti fyir v\u00f6rukassa 20-21,5mm hur\u00f0ar\u00feykkt 5m ver\u00f0 pr. meter - B&iacute;lasmi&eth;urinn","og_description":"\u00de\u00e9ttilisti fyrir v\u00f6rukassa 20-21,5mm hur\u00f0ar\u00feykkt 5m","og_url":"https:\/\/bilasmidurinn.is\/pl\/vefverslun\/thettilistar\/thettilisti-fyir-vorukassa-20-215mm-hurdarthykkt-5m-verd-pr-meter\/","og_site_name":"B&iacute;lasmi&eth;urinn","og_image":[{"width":252,"height":196,"url":"https:\/\/bilasmidurinn.is\/wp-content\/uploads\/2021\/06\/11.32374.jpg.png","type":"image\/png"}],"twitter_card":"summary_large_image","schema":{"@context":"https:\/\/schema.org","@graph":[{"@type":"WebPage","@id":"https:\/\/bilasmidurinn.is\/en\/vefverslun\/thettilistar\/thettilisti-fyir-vorukassa-20-215mm-hurdarthykkt-5m-verd-pr-meter\/","url":"https:\/\/bilasmidurinn.is\/en\/vefverslun\/thettilistar\/thettilisti-fyir-vorukassa-20-215mm-hurdarthykkt-5m-verd-pr-meter\/","name":"\u00de\u00e9ttilisti fyir v\u00f6rukassa 20-21,5mm hur\u00f0ar\u00feykkt 5m ver\u00f0 pr. meter - B&iacute;lasmi&eth;urinn","isPartOf":{"@id":"https:\/\/bilasmidurinn.is\/#website"},"primaryImageOfPage":{"@id":"https:\/\/bilasmidurinn.is\/en\/vefverslun\/thettilistar\/thettilisti-fyir-vorukassa-20-215mm-hurdarthykkt-5m-verd-pr-meter\/#primaryimage"},"image":{"@id":"https:\/\/bilasmidurinn.is\/en\/vefverslun\/thettilistar\/thettilisti-fyir-vorukassa-20-215mm-hurdarthykkt-5m-verd-pr-meter\/#primaryimage"},"thumbnailUrl":"https:\/\/bilasmidurinn.is\/wp-content\/uploads\/2021\/06\/11.32374.jpg.png","datePublished":"2021-06-30T20:39:04+00:00","breadcrumb":{"@id":"https:\/\/bilasmidurinn.is\/en\/vefverslun\/thettilistar\/thettilisti-fyir-vorukassa-20-215mm-hurdarthykkt-5m-verd-pr-meter\/#breadcrumb"},"inLanguage":"pl-PL","potentialAction":[{"@type":"ReadAction","target":["https:\/\/bilasmidurinn.is\/en\/vefverslun\/thettilistar\/thettilisti-fyir-vorukassa-20-215mm-hurdarthykkt-5m-verd-pr-meter\/"]}]},{"@type":"ImageObject","inLanguage":"pl-PL","@id":"https:\/\/bilasmidurinn.is\/en\/vefverslun\/thettilistar\/thettilisti-fyir-vorukassa-20-215mm-hurdarthykkt-5m-verd-pr-meter\/#primaryimage","url":"https:\/\/bilasmidurinn.is\/wp-content\/uploads\/2021\/06\/11.32374.jpg.png","contentUrl":"https:\/\/bilasmidurinn.is\/wp-content\/uploads\/2021\/06\/11.32374.jpg.png","width":252,"height":196},{"@type":"BreadcrumbList","@id":"https:\/\/bilasmidurinn.is\/en\/vefverslun\/thettilistar\/thettilisti-fyir-vorukassa-20-215mm-hurdarthykkt-5m-verd-pr-meter\/#breadcrumb","itemListElement":[{"@type":"ListItem","position":1,"name":"Home","item":"https:\/\/bilasmidurinn.is\/"},{"@type":"ListItem","position":2,"name":"V\u00f6rur \u00ed verslun","item":"https:\/\/bilasmidurinn.is\/vefverslun\/"},{"@type":"ListItem","position":3,"name":"\u00de\u00e9ttilisti fyir v\u00f6rukassa 20-21,5mm hur\u00f0ar\u00feykkt 5m ver\u00f0 pr. meter"}]},{"@type":"WebSite","@id":"https:\/\/bilasmidurinn.is\/#website","url":"https:\/\/bilasmidurinn.is\/","name":"B&iacute;lasmi&eth;urinn","description":"All sem &thorn;&uacute; &thorn;arft &iacute; t&aelig;ki&eth;","potentialAction":[{"@type":"SearchAction","target":{"@type":"EntryPoint","urlTemplate":"https:\/\/bilasmidurinn.is\/?s={search_term_string}"},"query-input":{"@type":"PropertyValueSpecification","valueRequired":true,"valueName":"search_term_string"}}],"inLanguage":"pl-PL"}]}},"_links":{"self":[{"href":"https:\/\/bilasmidurinn.is\/pl\/wp-json\/wp\/v2\/product\/11422","targetHints":{"allow":["GET"]}}],"collection":[{"href":"https:\/\/bilasmidurinn.is\/pl\/wp-json\/wp\/v2\/product"}],"about":[{"href":"https:\/\/bilasmidurinn.is\/pl\/wp-json\/wp\/v2\/types\/product"}],"wp:featuredmedia":[{"embeddable":true,"href":"https:\/\/bilasmidurinn.is\/pl\/wp-json\/wp\/v2\/media\/11420"}],"wp:attachment":[{"href":"https:\/\/bilasmidurinn.is\/pl\/wp-json\/wp\/v2\/media?parent=11422"}],"wp:term":[{"taxonomy":"product_brand","embeddable":true,"href":"https:\/\/bilasmidurinn.is\/pl\/wp-json\/wp\/v2\/product_brand?post=11422"},{"taxonomy":"product_cat","embeddable":true,"href":"https:\/\/bilasmidurinn.is\/pl\/wp-json\/wp\/v2\/product_cat?post=11422"},{"taxonomy":"product_tag","embeddable":true,"href":"https:\/\/bilasmidurinn.is\/pl\/wp-json\/wp\/v2\/product_tag?post=11422"}],"curies":[{"name":"wp","href":"https:\/\/api.w.org\/{rel}","templated":true}]}}