{"id":10817,"date":"2021-06-28T19:05:42","date_gmt":"2021-06-28T19:05:42","guid":{"rendered":"https:\/\/bilasmidurinn.is\/?post_type=product&#038;p=10817"},"modified":"2022-01-12T10:18:41","modified_gmt":"2022-01-12T10:18:41","slug":"recaro-solskyggni-a-zero1-og-salia","status":"publish","type":"product","link":"https:\/\/bilasmidurinn.is\/pl\/vefverslun\/barnabilstolar\/recaro-solskyggni-a-zero1-og-salia\/","title":{"rendered":"Os\u0142ona przeciws\u0142oneczna RECARO w fotelikach dzieci\u0119cych Zero1 i Salia"},"content":{"rendered":"<p>Os\u0142ona przeciws\u0142oneczna do fotelik\u00f3w samochodowych Recaro Zero1 lub Salia, mocowana z przodu, przedni\u0105 cz\u0119\u015b\u0107 mo\u017cna z\u0142o\u017cy\u0107, aby zablokowa\u0107 wi\u0119kszo\u015b\u0107 \u015bwiat\u0142a, gdy s\u0142o\u0144ce jest nisko na niebie. Niezb\u0119dny dodatek dla najmniejszych dzieci.<\/p>\n<p>&nbsp;<\/p>","protected":false},"excerpt":{"rendered":"<p>Os\u0142ona przeciws\u0142oneczna w fotelikach dzieci\u0119cych Zero1 i Salia<\/p>","protected":false},"featured_media":10845,"template":"","meta":[],"product_brand":[7941],"product_cat":[8005],"product_tag":[],"class_list":{"0":"post-10817","1":"product","2":"type-product","3":"status-publish","4":"has-post-thumbnail","6":"product_brand-recaro-kids","7":"product_cat-barnabilstolar","9":"first","10":"instock","11":"shipping-taxable","12":"product-type-simple"},"yoast_head":"<!-- This site is optimized with the Yoast SEO plugin v27.4 - https:\/\/yoast.com\/product\/yoast-seo-wordpress\/ -->\n<title>RECARO s\u00f3lskyggni \u00e1 Zero1 og Salia barnab\u00edlst\u00f3la - B&iacute;lasmi&eth;urinn<\/title>\n<meta name=\"robots\" content=\"index, follow, max-snippet:-1, max-image-preview:large, max-video-preview:-1\" \/>\n<link rel=\"canonical\" href=\"https:\/\/bilasmidurinn.is\/pl\/vefverslun\/barnabilstolar\/recaro-solskyggni-a-zero1-og-salia\/\" \/>\n<meta property=\"og:locale\" content=\"pl_PL\" \/>\n<meta property=\"og:type\" content=\"article\" \/>\n<meta property=\"og:title\" content=\"RECARO s\u00f3lskyggni \u00e1 Zero1 og Salia barnab\u00edlst\u00f3la - B&iacute;lasmi&eth;urinn\" \/>\n<meta property=\"og:description\" content=\"S\u00f3lskyggni \u00e1 Zero1 og Salia barnab\u00edlst\u00f3la\" \/>\n<meta property=\"og:url\" content=\"https:\/\/bilasmidurinn.is\/pl\/vefverslun\/barnabilstolar\/recaro-solskyggni-a-zero1-og-salia\/\" \/>\n<meta property=\"og:site_name\" content=\"B&iacute;lasmi&eth;urinn\" \/>\n<meta property=\"article:modified_time\" content=\"2022-01-12T10:18:41+00:00\" \/>\n<meta property=\"og:image\" content=\"https:\/\/bilasmidurinn.is\/wp-content\/uploads\/2021\/06\/00089220240070.jpg\" \/>\n\t<meta property=\"og:image:width\" content=\"460\" \/>\n\t<meta property=\"og:image:height\" content=\"613\" \/>\n\t<meta property=\"og:image:type\" content=\"image\/jpeg\" \/>\n<meta name=\"twitter:card\" content=\"summary_large_image\" \/>\n<script type=\"application\/ld+json\" class=\"yoast-schema-graph\">{\"@context\":\"https:\\\/\\\/schema.org\",\"@graph\":[{\"@type\":\"WebPage\",\"@id\":\"https:\\\/\\\/bilasmidurinn.is\\\/vefverslun\\\/barnabilstolar\\\/recaro-solskyggni-a-zero1-og-salia\\\/\",\"url\":\"https:\\\/\\\/bilasmidurinn.is\\\/vefverslun\\\/barnabilstolar\\\/recaro-solskyggni-a-zero1-og-salia\\\/\",\"name\":\"RECARO s\u00f3lskyggni \u00e1 Zero1 og Salia barnab\u00edlst\u00f3la - B&iacute;lasmi&eth;urinn\",\"isPartOf\":{\"@id\":\"https:\\\/\\\/bilasmidurinn.is\\\/#website\"},\"primaryImageOfPage\":{\"@id\":\"https:\\\/\\\/bilasmidurinn.is\\\/vefverslun\\\/barnabilstolar\\\/recaro-solskyggni-a-zero1-og-salia\\\/#primaryimage\"},\"image\":{\"@id\":\"https:\\\/\\\/bilasmidurinn.is\\\/vefverslun\\\/barnabilstolar\\\/recaro-solskyggni-a-zero1-og-salia\\\/#primaryimage\"},\"thumbnailUrl\":\"https:\\\/\\\/bilasmidurinn.is\\\/wp-content\\\/uploads\\\/2021\\\/06\\\/00089220240070.jpg\",\"datePublished\":\"2021-06-28T19:05:42+00:00\",\"dateModified\":\"2022-01-12T10:18:41+00:00\",\"breadcrumb\":{\"@id\":\"https:\\\/\\\/bilasmidurinn.is\\\/vefverslun\\\/barnabilstolar\\\/recaro-solskyggni-a-zero1-og-salia\\\/#breadcrumb\"},\"inLanguage\":\"pl-PL\",\"potentialAction\":[{\"@type\":\"ReadAction\",\"target\":[\"https:\\\/\\\/bilasmidurinn.is\\\/vefverslun\\\/barnabilstolar\\\/recaro-solskyggni-a-zero1-og-salia\\\/\"]}]},{\"@type\":\"ImageObject\",\"inLanguage\":\"pl-PL\",\"@id\":\"https:\\\/\\\/bilasmidurinn.is\\\/vefverslun\\\/barnabilstolar\\\/recaro-solskyggni-a-zero1-og-salia\\\/#primaryimage\",\"url\":\"https:\\\/\\\/bilasmidurinn.is\\\/wp-content\\\/uploads\\\/2021\\\/06\\\/00089220240070.jpg\",\"contentUrl\":\"https:\\\/\\\/bilasmidurinn.is\\\/wp-content\\\/uploads\\\/2021\\\/06\\\/00089220240070.jpg\",\"width\":460,\"height\":613},{\"@type\":\"BreadcrumbList\",\"@id\":\"https:\\\/\\\/bilasmidurinn.is\\\/vefverslun\\\/barnabilstolar\\\/recaro-solskyggni-a-zero1-og-salia\\\/#breadcrumb\",\"itemListElement\":[{\"@type\":\"ListItem\",\"position\":1,\"name\":\"Home\",\"item\":\"https:\\\/\\\/bilasmidurinn.is\\\/\"},{\"@type\":\"ListItem\",\"position\":2,\"name\":\"V\u00f6rur \u00ed verslun\",\"item\":\"https:\\\/\\\/bilasmidurinn.is\\\/vefverslun\\\/\"},{\"@type\":\"ListItem\",\"position\":3,\"name\":\"RECARO s\u00f3lskyggni \u00e1 Zero1 og Salia barnab\u00edlst\u00f3la\"}]},{\"@type\":\"WebSite\",\"@id\":\"https:\\\/\\\/bilasmidurinn.is\\\/#website\",\"url\":\"https:\\\/\\\/bilasmidurinn.is\\\/\",\"name\":\"B&iacute;lasmi&eth;urinn\",\"description\":\"All sem &thorn;&uacute; &thorn;arft &iacute; t&aelig;ki&eth;\",\"potentialAction\":[{\"@type\":\"SearchAction\",\"target\":{\"@type\":\"EntryPoint\",\"urlTemplate\":\"https:\\\/\\\/bilasmidurinn.is\\\/?s={search_term_string}\"},\"query-input\":{\"@type\":\"PropertyValueSpecification\",\"valueRequired\":true,\"valueName\":\"search_term_string\"}}],\"inLanguage\":\"pl-PL\"}]}<\/script>\n<!-- \/ Yoast SEO plugin. -->","yoast_head_json":{"title":"RECARO s\u00f3lskyggni \u00e1 Zero1 og Salia barnab\u00edlst\u00f3la - B&iacute;lasmi&eth;urinn","robots":{"index":"index","follow":"follow","max-snippet":"max-snippet:-1","max-image-preview":"max-image-preview:large","max-video-preview":"max-video-preview:-1"},"canonical":"https:\/\/bilasmidurinn.is\/pl\/vefverslun\/barnabilstolar\/recaro-solskyggni-a-zero1-og-salia\/","og_locale":"pl_PL","og_type":"article","og_title":"RECARO s\u00f3lskyggni \u00e1 Zero1 og Salia barnab\u00edlst\u00f3la - B&iacute;lasmi&eth;urinn","og_description":"S\u00f3lskyggni \u00e1 Zero1 og Salia barnab\u00edlst\u00f3la","og_url":"https:\/\/bilasmidurinn.is\/pl\/vefverslun\/barnabilstolar\/recaro-solskyggni-a-zero1-og-salia\/","og_site_name":"B&iacute;lasmi&eth;urinn","article_modified_time":"2022-01-12T10:18:41+00:00","og_image":[{"width":460,"height":613,"url":"https:\/\/bilasmidurinn.is\/wp-content\/uploads\/2021\/06\/00089220240070.jpg","type":"image\/jpeg"}],"twitter_card":"summary_large_image","schema":{"@context":"https:\/\/schema.org","@graph":[{"@type":"WebPage","@id":"https:\/\/bilasmidurinn.is\/vefverslun\/barnabilstolar\/recaro-solskyggni-a-zero1-og-salia\/","url":"https:\/\/bilasmidurinn.is\/vefverslun\/barnabilstolar\/recaro-solskyggni-a-zero1-og-salia\/","name":"RECARO s\u00f3lskyggni \u00e1 Zero1 og Salia barnab\u00edlst\u00f3la - B&iacute;lasmi&eth;urinn","isPartOf":{"@id":"https:\/\/bilasmidurinn.is\/#website"},"primaryImageOfPage":{"@id":"https:\/\/bilasmidurinn.is\/vefverslun\/barnabilstolar\/recaro-solskyggni-a-zero1-og-salia\/#primaryimage"},"image":{"@id":"https:\/\/bilasmidurinn.is\/vefverslun\/barnabilstolar\/recaro-solskyggni-a-zero1-og-salia\/#primaryimage"},"thumbnailUrl":"https:\/\/bilasmidurinn.is\/wp-content\/uploads\/2021\/06\/00089220240070.jpg","datePublished":"2021-06-28T19:05:42+00:00","dateModified":"2022-01-12T10:18:41+00:00","breadcrumb":{"@id":"https:\/\/bilasmidurinn.is\/vefverslun\/barnabilstolar\/recaro-solskyggni-a-zero1-og-salia\/#breadcrumb"},"inLanguage":"pl-PL","potentialAction":[{"@type":"ReadAction","target":["https:\/\/bilasmidurinn.is\/vefverslun\/barnabilstolar\/recaro-solskyggni-a-zero1-og-salia\/"]}]},{"@type":"ImageObject","inLanguage":"pl-PL","@id":"https:\/\/bilasmidurinn.is\/vefverslun\/barnabilstolar\/recaro-solskyggni-a-zero1-og-salia\/#primaryimage","url":"https:\/\/bilasmidurinn.is\/wp-content\/uploads\/2021\/06\/00089220240070.jpg","contentUrl":"https:\/\/bilasmidurinn.is\/wp-content\/uploads\/2021\/06\/00089220240070.jpg","width":460,"height":613},{"@type":"BreadcrumbList","@id":"https:\/\/bilasmidurinn.is\/vefverslun\/barnabilstolar\/recaro-solskyggni-a-zero1-og-salia\/#breadcrumb","itemListElement":[{"@type":"ListItem","position":1,"name":"Home","item":"https:\/\/bilasmidurinn.is\/"},{"@type":"ListItem","position":2,"name":"V\u00f6rur \u00ed verslun","item":"https:\/\/bilasmidurinn.is\/vefverslun\/"},{"@type":"ListItem","position":3,"name":"RECARO s\u00f3lskyggni \u00e1 Zero1 og Salia barnab\u00edlst\u00f3la"}]},{"@type":"WebSite","@id":"https:\/\/bilasmidurinn.is\/#website","url":"https:\/\/bilasmidurinn.is\/","name":"B&iacute;lasmi&eth;urinn","description":"All sem &thorn;&uacute; &thorn;arft &iacute; t&aelig;ki&eth;","potentialAction":[{"@type":"SearchAction","target":{"@type":"EntryPoint","urlTemplate":"https:\/\/bilasmidurinn.is\/?s={search_term_string}"},"query-input":{"@type":"PropertyValueSpecification","valueRequired":true,"valueName":"search_term_string"}}],"inLanguage":"pl-PL"}]}},"_links":{"self":[{"href":"https:\/\/bilasmidurinn.is\/pl\/wp-json\/wp\/v2\/product\/10817","targetHints":{"allow":["GET"]}}],"collection":[{"href":"https:\/\/bilasmidurinn.is\/pl\/wp-json\/wp\/v2\/product"}],"about":[{"href":"https:\/\/bilasmidurinn.is\/pl\/wp-json\/wp\/v2\/types\/product"}],"wp:featuredmedia":[{"embeddable":true,"href":"https:\/\/bilasmidurinn.is\/pl\/wp-json\/wp\/v2\/media\/10845"}],"wp:attachment":[{"href":"https:\/\/bilasmidurinn.is\/pl\/wp-json\/wp\/v2\/media?parent=10817"}],"wp:term":[{"taxonomy":"product_brand","embeddable":true,"href":"https:\/\/bilasmidurinn.is\/pl\/wp-json\/wp\/v2\/product_brand?post=10817"},{"taxonomy":"product_cat","embeddable":true,"href":"https:\/\/bilasmidurinn.is\/pl\/wp-json\/wp\/v2\/product_cat?post=10817"},{"taxonomy":"product_tag","embeddable":true,"href":"https:\/\/bilasmidurinn.is\/pl\/wp-json\/wp\/v2\/product_tag?post=10817"}],"curies":[{"name":"wp","href":"https:\/\/api.w.org\/{rel}","templated":true}]}}