{"id":81,"date":"2021-01-12T09:01:19","date_gmt":"2021-01-12T09:01:19","guid":{"rendered":"https:\/\/bilasmidurinn.is\/?page_id=81"},"modified":"2021-06-14T15:52:56","modified_gmt":"2021-06-14T15:52:56","slug":"skilmalar","status":"publish","type":"page","link":"https:\/\/bilasmidurinn.is\/pl\/skilmalar\/","title":{"rendered":"semestry"},"content":{"rendered":"<h1>\u00a0<\/h1>\n<h1><span style=\"font-size: 120%;\">SEMESTRY<\/span><\/h1>\n<p>\u00a0<\/p>\n<p><span style=\"text-decoration: underline;\"><strong>Zam\u00f3wienia<\/strong><\/span><\/p>\n<p>Zam\u00f3wienie jest wi\u0105\u017c\u0105ce, gdy jego potwierdzenie zostanie zaakceptowane przez kupuj\u0105cego.<\/p>\n<p><span style=\"text-decoration: underline;\"><strong>Prawo zwrotu<\/strong><\/span><\/p>\n<p>Termin to min 1 miesi\u0105c po okazaniu paragonu lub faktury. Produkt musi by\u0107 nieuszkodzony iw takim stanie, w jakim zosta\u0142 dostarczony.\u00a0<\/p>\n<p>Je\u015bli istnieje mo\u017cliwa do zweryfikowania wada, kupuj\u0105cy otrzyma rekompensat\u0119 za produkt w takim stanie, w jakim jest lub ze zwrotem pieni\u0119dzy. W przypadku konieczno\u015bci przes\u0142ania go do odbiorcy, koszty z tym zwi\u0105zane ponosi sprzedawca.\u00a0<\/p>\n<p><span style=\"text-decoration: underline;\"><strong>metody dostarczania<\/strong><\/span><\/p>\n<p>Zam\u00f3wienia s\u0105 ka\u017cdorazowo realizowane mo\u017cliwie najszybciej, zam\u00f3wienia dostarczane s\u0105 do przewo\u017anika na terenie miasta sto\u0142ecznego bez op\u0142at, oraz obowi\u0105zuj\u0105 warunki dostawy i gwarancji osoby, kt\u00f3ra przewozi produkt do miejsca przeznaczenia.<\/p>\n<p><span style=\"text-decoration: underline;\"><strong>P\u0142atno\u015bci<\/strong><\/span><\/p>\n<p>Mo\u017cesz zap\u0142aci\u0107 kart\u0105 kredytow\u0105, przelewem bankowym na konto sprzedawcy lub przekazem pocztowym \u00cdslandsp\u00f3st, je\u015bli dana osoba nie ma konta u sprzedawcy.<\/p>\n<p><span style=\"text-decoration: underline;\"><strong>Informacje o cenie i produkcie<\/strong><\/span><\/p>\n<p>Sprzedawca w miar\u0119 swoich mo\u017cliwo\u015bci zawsze udziela informacji o produktach i us\u0142ugach.<\/p>\n<p>Sprzedawca zastrzega sobie prawo do zmiany cen w Sklepie bez uprzedzenia, ale jest zwi\u0105zany wcze\u015bniej z\u0142o\u017conymi ofertami cenowymi, o ile nie up\u0142yn\u0105\u0142 termin ich obowi\u0105zywania.<\/p>\n<p>Wszystkie podane ceny zawieraj\u0105 podatek VAT, chyba \u017ce kupuj\u0105cy wyra\u017anie tego za\u017c\u0105da.<\/p>\n<p>Sprzedaj\u0105cy zobowi\u0105zuje si\u0119 do zachowania pe\u0142nej poufno\u015bci w odniesieniu do wszelkich informacji, kt\u00f3re przekazuje w zwi\u0105zku z transakcj\u0105. Informacje nie s\u0105 w \u017caden spos\u00f3b przekazywane osobom trzecim.<\/p>\n<p>\u00a0<\/p>","protected":false},"excerpt":{"rendered":"","protected":false},"author":1,"featured_media":0,"parent":0,"menu_order":0,"comment_status":"closed","ping_status":"closed","template":"","meta":{"footnotes":""},"class_list":["post-81","page","type-page","status-publish","hentry"],"yoast_head":"<!-- This site is optimized with the Yoast SEO plugin v27.4 - https:\/\/yoast.com\/product\/yoast-seo-wordpress\/ -->\n<title>Skilm\u00e1lar - B&iacute;lasmi&eth;urinn<\/title>\n<meta name=\"robots\" content=\"index, follow, max-snippet:-1, max-image-preview:large, max-video-preview:-1\" \/>\n<link rel=\"canonical\" href=\"http:\/\/bilasmidurinn.is\/pl\/skilmalar\/\" \/>\n<meta property=\"og:locale\" content=\"pl_PL\" \/>\n<meta property=\"og:type\" content=\"article\" \/>\n<meta property=\"og:title\" content=\"Skilm\u00e1lar - B&iacute;lasmi&eth;urinn\" \/>\n<meta property=\"og:url\" content=\"http:\/\/bilasmidurinn.is\/pl\/skilmalar\/\" \/>\n<meta property=\"og:site_name\" content=\"B&iacute;lasmi&eth;urinn\" \/>\n<meta property=\"article:modified_time\" content=\"2021-06-14T15:52:56+00:00\" \/>\n<meta name=\"twitter:card\" content=\"summary_large_image\" \/>\n<meta name=\"twitter:label1\" content=\"Szacowany czas czytania\" \/>\n\t<meta name=\"twitter:data1\" content=\"1 minuta\" \/>\n<script type=\"application\/ld+json\" class=\"yoast-schema-graph\">{\"@context\":\"https:\\\/\\\/schema.org\",\"@graph\":[{\"@type\":\"WebPage\",\"@id\":\"http:\\\/\\\/bilasmidurinn.is\\\/en\\\/skilmalar\\\/\",\"url\":\"http:\\\/\\\/bilasmidurinn.is\\\/en\\\/skilmalar\\\/\",\"name\":\"Skilm\u00e1lar - B&iacute;lasmi&eth;urinn\",\"isPartOf\":{\"@id\":\"https:\\\/\\\/bilasmidurinn.is\\\/#website\"},\"datePublished\":\"2021-01-12T09:01:19+00:00\",\"dateModified\":\"2021-06-14T15:52:56+00:00\",\"breadcrumb\":{\"@id\":\"http:\\\/\\\/bilasmidurinn.is\\\/en\\\/skilmalar\\\/#breadcrumb\"},\"inLanguage\":\"pl-PL\",\"potentialAction\":[{\"@type\":\"ReadAction\",\"target\":[\"http:\\\/\\\/bilasmidurinn.is\\\/en\\\/skilmalar\\\/\"]}]},{\"@type\":\"BreadcrumbList\",\"@id\":\"http:\\\/\\\/bilasmidurinn.is\\\/en\\\/skilmalar\\\/#breadcrumb\",\"itemListElement\":[{\"@type\":\"ListItem\",\"position\":1,\"name\":\"Home\",\"item\":\"https:\\\/\\\/bilasmidurinn.is\\\/\"},{\"@type\":\"ListItem\",\"position\":2,\"name\":\"Skilm\u00e1lar\"}]},{\"@type\":\"WebSite\",\"@id\":\"https:\\\/\\\/bilasmidurinn.is\\\/#website\",\"url\":\"https:\\\/\\\/bilasmidurinn.is\\\/\",\"name\":\"B&iacute;lasmi&eth;urinn\",\"description\":\"All sem &thorn;&uacute; &thorn;arft &iacute; t&aelig;ki&eth;\",\"potentialAction\":[{\"@type\":\"SearchAction\",\"target\":{\"@type\":\"EntryPoint\",\"urlTemplate\":\"https:\\\/\\\/bilasmidurinn.is\\\/?s={search_term_string}\"},\"query-input\":{\"@type\":\"PropertyValueSpecification\",\"valueRequired\":true,\"valueName\":\"search_term_string\"}}],\"inLanguage\":\"pl-PL\"}]}<\/script>\n<!-- \/ Yoast SEO plugin. -->","yoast_head_json":{"title":"Skilm\u00e1lar - B&iacute;lasmi&eth;urinn","robots":{"index":"index","follow":"follow","max-snippet":"max-snippet:-1","max-image-preview":"max-image-preview:large","max-video-preview":"max-video-preview:-1"},"canonical":"http:\/\/bilasmidurinn.is\/pl\/skilmalar\/","og_locale":"pl_PL","og_type":"article","og_title":"Skilm\u00e1lar - B&iacute;lasmi&eth;urinn","og_url":"http:\/\/bilasmidurinn.is\/pl\/skilmalar\/","og_site_name":"B&iacute;lasmi&eth;urinn","article_modified_time":"2021-06-14T15:52:56+00:00","twitter_card":"summary_large_image","twitter_misc":{"Szacowany czas czytania":"1 minuta"},"schema":{"@context":"https:\/\/schema.org","@graph":[{"@type":"WebPage","@id":"http:\/\/bilasmidurinn.is\/en\/skilmalar\/","url":"http:\/\/bilasmidurinn.is\/en\/skilmalar\/","name":"Skilm\u00e1lar - B&iacute;lasmi&eth;urinn","isPartOf":{"@id":"https:\/\/bilasmidurinn.is\/#website"},"datePublished":"2021-01-12T09:01:19+00:00","dateModified":"2021-06-14T15:52:56+00:00","breadcrumb":{"@id":"http:\/\/bilasmidurinn.is\/en\/skilmalar\/#breadcrumb"},"inLanguage":"pl-PL","potentialAction":[{"@type":"ReadAction","target":["http:\/\/bilasmidurinn.is\/en\/skilmalar\/"]}]},{"@type":"BreadcrumbList","@id":"http:\/\/bilasmidurinn.is\/en\/skilmalar\/#breadcrumb","itemListElement":[{"@type":"ListItem","position":1,"name":"Home","item":"https:\/\/bilasmidurinn.is\/"},{"@type":"ListItem","position":2,"name":"Skilm\u00e1lar"}]},{"@type":"WebSite","@id":"https:\/\/bilasmidurinn.is\/#website","url":"https:\/\/bilasmidurinn.is\/","name":"B&iacute;lasmi&eth;urinn","description":"All sem &thorn;&uacute; &thorn;arft &iacute; t&aelig;ki&eth;","potentialAction":[{"@type":"SearchAction","target":{"@type":"EntryPoint","urlTemplate":"https:\/\/bilasmidurinn.is\/?s={search_term_string}"},"query-input":{"@type":"PropertyValueSpecification","valueRequired":true,"valueName":"search_term_string"}}],"inLanguage":"pl-PL"}]}},"_links":{"self":[{"href":"https:\/\/bilasmidurinn.is\/pl\/wp-json\/wp\/v2\/pages\/81","targetHints":{"allow":["GET"]}}],"collection":[{"href":"https:\/\/bilasmidurinn.is\/pl\/wp-json\/wp\/v2\/pages"}],"about":[{"href":"https:\/\/bilasmidurinn.is\/pl\/wp-json\/wp\/v2\/types\/page"}],"author":[{"embeddable":true,"href":"https:\/\/bilasmidurinn.is\/pl\/wp-json\/wp\/v2\/users\/1"}],"replies":[{"embeddable":true,"href":"https:\/\/bilasmidurinn.is\/pl\/wp-json\/wp\/v2\/comments?post=81"}],"version-history":[{"count":1,"href":"https:\/\/bilasmidurinn.is\/pl\/wp-json\/wp\/v2\/pages\/81\/revisions"}],"predecessor-version":[{"id":10530,"href":"https:\/\/bilasmidurinn.is\/pl\/wp-json\/wp\/v2\/pages\/81\/revisions\/10530"}],"wp:attachment":[{"href":"https:\/\/bilasmidurinn.is\/pl\/wp-json\/wp\/v2\/media?parent=81"}],"curies":[{"name":"wp","href":"https:\/\/api.w.org\/{rel}","templated":true}]}}