{"id":3,"date":"2021-01-11T12:34:47","date_gmt":"2021-01-11T12:34:47","guid":{"rendered":"https:\/\/bilasmidurinn.is\/?page_id=3"},"modified":"2021-10-22T14:08:16","modified_gmt":"2021-10-22T14:08:16","slug":"personuverndarstefna","status":"publish","type":"page","link":"https:\/\/bilasmidurinn.is\/pl\/personuverndarstefna\/","title":{"rendered":"Polityka prywatno\u015bci"},"content":{"rendered":"<h1>&nbsp;<\/h1>\n<h1 class=\"uppercase\" style=\"text-align: left;\"><span style=\"font-size: 120%;\">Polityka prywatno\u015bci<\/span><\/h1>\n<p>&nbsp;<\/p>\n<p>Dotyczy to wszystkich informacji, kt\u00f3re dobrowolnie wysy\u0142asz\/podajesz nam, kt\u00f3re Ci\u0119 identyfikuj\u0105, informacji \u0142\u0105cz\u0105cych, takich jak imi\u0119 i nazwisko, adres e-mail, nazwa firmy, adres, numer telefonu i inne informacje o Tobie lub Twojej firmie.<\/p>\n<p>Dane osobowe mog\u0105 r\u00f3wnie\u017c obejmowa\u0107 informacje o transakcjach, zar\u00f3wno bezp\u0142atnych, jak i p\u0142atnych, dokonywanych na Stronach internetowych oraz informacje publiczne na Tw\u00f3j temat dost\u0119pne online.<br>To, co zosta\u0142o okre\u015blone powy\u017cej, to jedyne informacje, jakie posiadamy na Tw\u00f3j temat i nie wykorzystujemy ich do niczego innego ni\u017c wysy\u0142anie Ci zam\u00f3wie\u0144, je\u015bli to konieczne*.<\/p>\n<p>*Zastrzegamy sobie prawo do ujawnienia danych osobowych, gdy jest to wymagane przez prawo lub w dobrej wierze, \u017ce jest to konieczne do przestrzegania prawa lub do przestrzegania procesu prawnego na naszej stronie. Bilasmidurinn hf. r\u00f3wnie\u017c zastrzega zastrzega sobie prawo do ujawnienia danych osobowych, je\u015bli jest to absolutnie konieczne do ochrony naszych praw, bezpiecze\u0144stwa u\u017cytkownika i\/lub innych os\u00f3b.<\/p>","protected":false},"excerpt":{"rendered":"","protected":false},"author":1,"featured_media":0,"parent":0,"menu_order":0,"comment_status":"closed","ping_status":"closed","template":"","meta":{"footnotes":""},"class_list":["post-3","page","type-page","status-publish","hentry"],"yoast_head":"<!-- This site is optimized with the Yoast SEO plugin v27.4 - https:\/\/yoast.com\/product\/yoast-seo-wordpress\/ -->\n<title>Pers\u00f3nuverndarstefna - B&iacute;lasmi&eth;urinn<\/title>\n<meta name=\"robots\" content=\"index, follow, max-snippet:-1, max-image-preview:large, max-video-preview:-1\" \/>\n<link rel=\"canonical\" href=\"http:\/\/bilasmidurinn.is\/pl\/personuverndarstefna\/\" \/>\n<meta property=\"og:locale\" content=\"pl_PL\" \/>\n<meta property=\"og:type\" content=\"article\" \/>\n<meta property=\"og:title\" content=\"Pers\u00f3nuverndarstefna - B&iacute;lasmi&eth;urinn\" \/>\n<meta property=\"og:url\" content=\"http:\/\/bilasmidurinn.is\/pl\/personuverndarstefna\/\" \/>\n<meta property=\"og:site_name\" content=\"B&iacute;lasmi&eth;urinn\" \/>\n<meta property=\"article:modified_time\" content=\"2021-10-22T14:08:16+00:00\" \/>\n<meta name=\"twitter:card\" content=\"summary_large_image\" \/>\n<meta name=\"twitter:label1\" content=\"Szacowany czas czytania\" \/>\n\t<meta name=\"twitter:data1\" content=\"1 minuta\" \/>\n<script type=\"application\/ld+json\" class=\"yoast-schema-graph\">{\"@context\":\"https:\\\/\\\/schema.org\",\"@graph\":[{\"@type\":\"WebPage\",\"@id\":\"http:\\\/\\\/bilasmidurinn.is\\\/en\\\/personuverndarstefna\\\/\",\"url\":\"http:\\\/\\\/bilasmidurinn.is\\\/en\\\/personuverndarstefna\\\/\",\"name\":\"Pers\u00f3nuverndarstefna - B&iacute;lasmi&eth;urinn\",\"isPartOf\":{\"@id\":\"https:\\\/\\\/bilasmidurinn.is\\\/#website\"},\"datePublished\":\"2021-01-11T12:34:47+00:00\",\"dateModified\":\"2021-10-22T14:08:16+00:00\",\"breadcrumb\":{\"@id\":\"http:\\\/\\\/bilasmidurinn.is\\\/en\\\/personuverndarstefna\\\/#breadcrumb\"},\"inLanguage\":\"pl-PL\",\"potentialAction\":[{\"@type\":\"ReadAction\",\"target\":[\"http:\\\/\\\/bilasmidurinn.is\\\/en\\\/personuverndarstefna\\\/\"]}]},{\"@type\":\"BreadcrumbList\",\"@id\":\"http:\\\/\\\/bilasmidurinn.is\\\/en\\\/personuverndarstefna\\\/#breadcrumb\",\"itemListElement\":[{\"@type\":\"ListItem\",\"position\":1,\"name\":\"Home\",\"item\":\"https:\\\/\\\/bilasmidurinn.is\\\/\"},{\"@type\":\"ListItem\",\"position\":2,\"name\":\"Pers\u00f3nuverndarstefna\"}]},{\"@type\":\"WebSite\",\"@id\":\"https:\\\/\\\/bilasmidurinn.is\\\/#website\",\"url\":\"https:\\\/\\\/bilasmidurinn.is\\\/\",\"name\":\"B&iacute;lasmi&eth;urinn\",\"description\":\"All sem &thorn;&uacute; &thorn;arft &iacute; t&aelig;ki&eth;\",\"potentialAction\":[{\"@type\":\"SearchAction\",\"target\":{\"@type\":\"EntryPoint\",\"urlTemplate\":\"https:\\\/\\\/bilasmidurinn.is\\\/?s={search_term_string}\"},\"query-input\":{\"@type\":\"PropertyValueSpecification\",\"valueRequired\":true,\"valueName\":\"search_term_string\"}}],\"inLanguage\":\"pl-PL\"}]}<\/script>\n<!-- \/ Yoast SEO plugin. -->","yoast_head_json":{"title":"Pers\u00f3nuverndarstefna - B&iacute;lasmi&eth;urinn","robots":{"index":"index","follow":"follow","max-snippet":"max-snippet:-1","max-image-preview":"max-image-preview:large","max-video-preview":"max-video-preview:-1"},"canonical":"http:\/\/bilasmidurinn.is\/pl\/personuverndarstefna\/","og_locale":"pl_PL","og_type":"article","og_title":"Pers\u00f3nuverndarstefna - B&iacute;lasmi&eth;urinn","og_url":"http:\/\/bilasmidurinn.is\/pl\/personuverndarstefna\/","og_site_name":"B&iacute;lasmi&eth;urinn","article_modified_time":"2021-10-22T14:08:16+00:00","twitter_card":"summary_large_image","twitter_misc":{"Szacowany czas czytania":"1 minuta"},"schema":{"@context":"https:\/\/schema.org","@graph":[{"@type":"WebPage","@id":"http:\/\/bilasmidurinn.is\/en\/personuverndarstefna\/","url":"http:\/\/bilasmidurinn.is\/en\/personuverndarstefna\/","name":"Pers\u00f3nuverndarstefna - B&iacute;lasmi&eth;urinn","isPartOf":{"@id":"https:\/\/bilasmidurinn.is\/#website"},"datePublished":"2021-01-11T12:34:47+00:00","dateModified":"2021-10-22T14:08:16+00:00","breadcrumb":{"@id":"http:\/\/bilasmidurinn.is\/en\/personuverndarstefna\/#breadcrumb"},"inLanguage":"pl-PL","potentialAction":[{"@type":"ReadAction","target":["http:\/\/bilasmidurinn.is\/en\/personuverndarstefna\/"]}]},{"@type":"BreadcrumbList","@id":"http:\/\/bilasmidurinn.is\/en\/personuverndarstefna\/#breadcrumb","itemListElement":[{"@type":"ListItem","position":1,"name":"Home","item":"https:\/\/bilasmidurinn.is\/"},{"@type":"ListItem","position":2,"name":"Pers\u00f3nuverndarstefna"}]},{"@type":"WebSite","@id":"https:\/\/bilasmidurinn.is\/#website","url":"https:\/\/bilasmidurinn.is\/","name":"B&iacute;lasmi&eth;urinn","description":"All sem &thorn;&uacute; &thorn;arft &iacute; t&aelig;ki&eth;","potentialAction":[{"@type":"SearchAction","target":{"@type":"EntryPoint","urlTemplate":"https:\/\/bilasmidurinn.is\/?s={search_term_string}"},"query-input":{"@type":"PropertyValueSpecification","valueRequired":true,"valueName":"search_term_string"}}],"inLanguage":"pl-PL"}]}},"_links":{"self":[{"href":"https:\/\/bilasmidurinn.is\/pl\/wp-json\/wp\/v2\/pages\/3","targetHints":{"allow":["GET"]}}],"collection":[{"href":"https:\/\/bilasmidurinn.is\/pl\/wp-json\/wp\/v2\/pages"}],"about":[{"href":"https:\/\/bilasmidurinn.is\/pl\/wp-json\/wp\/v2\/types\/page"}],"author":[{"embeddable":true,"href":"https:\/\/bilasmidurinn.is\/pl\/wp-json\/wp\/v2\/users\/1"}],"replies":[{"embeddable":true,"href":"https:\/\/bilasmidurinn.is\/pl\/wp-json\/wp\/v2\/comments?post=3"}],"version-history":[{"count":2,"href":"https:\/\/bilasmidurinn.is\/pl\/wp-json\/wp\/v2\/pages\/3\/revisions"}],"predecessor-version":[{"id":13955,"href":"https:\/\/bilasmidurinn.is\/pl\/wp-json\/wp\/v2\/pages\/3\/revisions\/13955"}],"wp:attachment":[{"href":"https:\/\/bilasmidurinn.is\/pl\/wp-json\/wp\/v2\/media?parent=3"}],"curies":[{"name":"wp","href":"https:\/\/api.w.org\/{rel}","templated":true}]}}