{"id":237,"date":"2021-01-13T14:21:25","date_gmt":"2021-01-13T14:21:25","guid":{"rendered":"https:\/\/bilasmidurinn.is\/?page_id=237"},"modified":"2021-06-14T15:52:49","modified_gmt":"2021-06-14T15:52:49","slug":"vafrakokur","status":"publish","type":"page","link":"https:\/\/bilasmidurinn.is\/pl\/vafrakokur\/","title":{"rendered":"Ciasteczka"},"content":{"rendered":"<h1>\u00a0<\/h1>\n<h1><span style=\"font-size: 120%;\">PLIKI COOKIE PRZEGL\u0104DARKI<\/span><\/h1>\n<p>Pliki cookie s\u0105 wykorzystywane na r\u00f3\u017cne sposoby na bilasmidurinn.is. Mog\u0105 s\u0142u\u017cy\u0107 np. do \u015bledzenia \u015bcie\u017cki u\u017cytkownik\u00f3w na naszej stronie, \u015bledzenia \u015bcie\u017cek, kt\u00f3re do nas prowadz\u0105 oraz analizy ruchu na stronie.<br \/>S\u0105 one r\u00f3wnie\u017c wykorzystywane do udoskonalania naszej wyszukiwarki poprzez przechowywanie s\u0142\u00f3w kluczowych i produkt\u00f3w, kt\u00f3re pojawiaj\u0105 si\u0119, gdy te s\u0142owa kluczowe s\u0105 u\u017cywane.<\/p>\n<p><b>Pliki cookie nie s\u0105 powi\u0105zane z danymi osobowymi<\/b>. Dane osobowe nigdy nie s\u0105 zapisywane w samych plikach cookie. Dane osobowe u\u017cytkownik\u00f3w nigdy nie s\u0105 przekazywane stronom trzecim bez zgody osoby, kt\u00f3rej dane dotycz\u0105, z wyj\u0105tkiem sytuacji, gdy jest to wymagane przez prawo lub jest to bezwzgl\u0119dnie konieczne w celu zachowania zgodno\u015bci z prawem lub post\u0119powania prawnego na naszej stronie.\u00a0<a href=\"https:\/\/bilasmidurinn.is\/pl\/personuverndarstefna\/\">&gt;&gt;Zobacz polityk\u0119 prywatno\u015bci<\/a><\/p>","protected":false},"excerpt":{"rendered":"","protected":false},"author":1,"featured_media":0,"parent":0,"menu_order":0,"comment_status":"closed","ping_status":"closed","template":"","meta":{"footnotes":""},"class_list":["post-237","page","type-page","status-publish","hentry"],"yoast_head":"<!-- This site is optimized with the Yoast SEO plugin v27.5 - https:\/\/yoast.com\/product\/yoast-seo-wordpress\/ -->\n<title>Vafrak\u00f6kur - B&iacute;lasmi&eth;urinn<\/title>\n<meta name=\"robots\" content=\"index, follow, max-snippet:-1, max-image-preview:large, max-video-preview:-1\" \/>\n<link rel=\"canonical\" href=\"https:\/\/bilasmidurinn.is\/pl\/vafrakokur\/\" \/>\n<meta property=\"og:locale\" content=\"pl_PL\" \/>\n<meta property=\"og:type\" content=\"article\" \/>\n<meta property=\"og:title\" content=\"Vafrak\u00f6kur - B&iacute;lasmi&eth;urinn\" \/>\n<meta property=\"og:url\" content=\"https:\/\/bilasmidurinn.is\/pl\/vafrakokur\/\" \/>\n<meta property=\"og:site_name\" content=\"B&iacute;lasmi&eth;urinn\" \/>\n<meta property=\"article:modified_time\" content=\"2021-06-14T15:52:49+00:00\" \/>\n<meta name=\"twitter:card\" content=\"summary_large_image\" \/>\n<meta name=\"twitter:label1\" content=\"Szacowany czas czytania\" \/>\n\t<meta name=\"twitter:data1\" content=\"1 minuta\" \/>\n<script type=\"application\/ld+json\" class=\"yoast-schema-graph\">{\"@context\":\"https:\\\/\\\/schema.org\",\"@graph\":[{\"@type\":\"WebPage\",\"@id\":\"https:\\\/\\\/bilasmidurinn.is\\\/vafrakokur\\\/\",\"url\":\"https:\\\/\\\/bilasmidurinn.is\\\/vafrakokur\\\/\",\"name\":\"Vafrak\u00f6kur - B&iacute;lasmi&eth;urinn\",\"isPartOf\":{\"@id\":\"https:\\\/\\\/bilasmidurinn.is\\\/#website\"},\"datePublished\":\"2021-01-13T14:21:25+00:00\",\"dateModified\":\"2021-06-14T15:52:49+00:00\",\"breadcrumb\":{\"@id\":\"https:\\\/\\\/bilasmidurinn.is\\\/vafrakokur\\\/#breadcrumb\"},\"inLanguage\":\"pl-PL\",\"potentialAction\":[{\"@type\":\"ReadAction\",\"target\":[\"https:\\\/\\\/bilasmidurinn.is\\\/vafrakokur\\\/\"]}]},{\"@type\":\"BreadcrumbList\",\"@id\":\"https:\\\/\\\/bilasmidurinn.is\\\/vafrakokur\\\/#breadcrumb\",\"itemListElement\":[{\"@type\":\"ListItem\",\"position\":1,\"name\":\"Home\",\"item\":\"https:\\\/\\\/bilasmidurinn.is\\\/\"},{\"@type\":\"ListItem\",\"position\":2,\"name\":\"Vafrak\u00f6kur\"}]},{\"@type\":\"WebSite\",\"@id\":\"https:\\\/\\\/bilasmidurinn.is\\\/#website\",\"url\":\"https:\\\/\\\/bilasmidurinn.is\\\/\",\"name\":\"B&iacute;lasmi&eth;urinn\",\"description\":\"All sem &thorn;&uacute; &thorn;arft &iacute; t&aelig;ki&eth;\",\"potentialAction\":[{\"@type\":\"SearchAction\",\"target\":{\"@type\":\"EntryPoint\",\"urlTemplate\":\"https:\\\/\\\/bilasmidurinn.is\\\/?s={search_term_string}\"},\"query-input\":{\"@type\":\"PropertyValueSpecification\",\"valueRequired\":true,\"valueName\":\"search_term_string\"}}],\"inLanguage\":\"pl-PL\"}]}<\/script>\n<!-- \/ Yoast SEO plugin. -->","yoast_head_json":{"title":"Vafrak\u00f6kur - B&iacute;lasmi&eth;urinn","robots":{"index":"index","follow":"follow","max-snippet":"max-snippet:-1","max-image-preview":"max-image-preview:large","max-video-preview":"max-video-preview:-1"},"canonical":"https:\/\/bilasmidurinn.is\/pl\/vafrakokur\/","og_locale":"pl_PL","og_type":"article","og_title":"Vafrak\u00f6kur - B&iacute;lasmi&eth;urinn","og_url":"https:\/\/bilasmidurinn.is\/pl\/vafrakokur\/","og_site_name":"B&iacute;lasmi&eth;urinn","article_modified_time":"2021-06-14T15:52:49+00:00","twitter_card":"summary_large_image","twitter_misc":{"Szacowany czas czytania":"1 minuta"},"schema":{"@context":"https:\/\/schema.org","@graph":[{"@type":"WebPage","@id":"https:\/\/bilasmidurinn.is\/vafrakokur\/","url":"https:\/\/bilasmidurinn.is\/vafrakokur\/","name":"Vafrak\u00f6kur - B&iacute;lasmi&eth;urinn","isPartOf":{"@id":"https:\/\/bilasmidurinn.is\/#website"},"datePublished":"2021-01-13T14:21:25+00:00","dateModified":"2021-06-14T15:52:49+00:00","breadcrumb":{"@id":"https:\/\/bilasmidurinn.is\/vafrakokur\/#breadcrumb"},"inLanguage":"pl-PL","potentialAction":[{"@type":"ReadAction","target":["https:\/\/bilasmidurinn.is\/vafrakokur\/"]}]},{"@type":"BreadcrumbList","@id":"https:\/\/bilasmidurinn.is\/vafrakokur\/#breadcrumb","itemListElement":[{"@type":"ListItem","position":1,"name":"Home","item":"https:\/\/bilasmidurinn.is\/"},{"@type":"ListItem","position":2,"name":"Vafrak\u00f6kur"}]},{"@type":"WebSite","@id":"https:\/\/bilasmidurinn.is\/#website","url":"https:\/\/bilasmidurinn.is\/","name":"B&iacute;lasmi&eth;urinn","description":"All sem &thorn;&uacute; &thorn;arft &iacute; t&aelig;ki&eth;","potentialAction":[{"@type":"SearchAction","target":{"@type":"EntryPoint","urlTemplate":"https:\/\/bilasmidurinn.is\/?s={search_term_string}"},"query-input":{"@type":"PropertyValueSpecification","valueRequired":true,"valueName":"search_term_string"}}],"inLanguage":"pl-PL"}]}},"_links":{"self":[{"href":"https:\/\/bilasmidurinn.is\/pl\/wp-json\/wp\/v2\/pages\/237","targetHints":{"allow":["GET"]}}],"collection":[{"href":"https:\/\/bilasmidurinn.is\/pl\/wp-json\/wp\/v2\/pages"}],"about":[{"href":"https:\/\/bilasmidurinn.is\/pl\/wp-json\/wp\/v2\/types\/page"}],"author":[{"embeddable":true,"href":"https:\/\/bilasmidurinn.is\/pl\/wp-json\/wp\/v2\/users\/1"}],"replies":[{"embeddable":true,"href":"https:\/\/bilasmidurinn.is\/pl\/wp-json\/wp\/v2\/comments?post=237"}],"version-history":[{"count":1,"href":"https:\/\/bilasmidurinn.is\/pl\/wp-json\/wp\/v2\/pages\/237\/revisions"}],"predecessor-version":[{"id":10531,"href":"https:\/\/bilasmidurinn.is\/pl\/wp-json\/wp\/v2\/pages\/237\/revisions\/10531"}],"wp:attachment":[{"href":"https:\/\/bilasmidurinn.is\/pl\/wp-json\/wp\/v2\/media?parent=237"}],"curies":[{"name":"wp","href":"https:\/\/api.w.org\/{rel}","templated":true}]}}