{"id":10486,"date":"2021-06-08T13:28:40","date_gmt":"2021-06-08T13:28:40","guid":{"rendered":"https:\/\/bilasmidurinn.is\/?page_id=10486"},"modified":"2023-05-17T09:37:56","modified_gmt":"2023-05-17T09:37:56","slug":"starfsmenn","status":"publish","type":"page","link":"https:\/\/bilasmidurinn.is\/pl\/starfsmenn\/","title":{"rendered":"Pracownicy"},"content":{"rendered":"<section class=\"section\" id=\"section_1107671768\">\n\t\t<div class=\"section-bg fill\" >\n\t\t\t\t\t\t\t\t\t\n\t\t\t\n\n\t\t<\/div>\n\n\t\t\n\n\t\t<div class=\"section-content relative\">\n\t\t\t\n\n\t<div id=\"gap-1048454424\" class=\"gap-element clearfix\" style=\"display:block; height:auto;\">\n\t\t\n<style>\n#gap-1048454424 {\n  padding-top: 30px;\n}\n<\/style>\n\t<\/div>\n\t\n\n<div class=\"row align-center\"  id=\"row-1066938783\">\n\n\n\t<div id=\"col-1111912870\" class=\"col medium-5 small-12 large-5\"  >\n\t\t\t\t<div class=\"col-inner text-center\"  >\n\t\t\t\n\t\t\t\n\n\t<div id=\"text-3821245009\" class=\"text\">\n\t\t\n\n<h6>Ludzie<\/h6>\n\t\t\n<style>\n#text-3821245009 {\n  font-size: 0.9rem;\n}\n<\/style>\n\t<\/div>\n\t\n\t<div id=\"gap-30353178\" class=\"gap-element clearfix\" style=\"display:block; height:auto;\">\n\t\t\n<style>\n#gap-30353178 {\n  padding-top: 10px;\n}\n<\/style>\n\t<\/div>\n\t\n\n\t<div id=\"text-3887476167\" class=\"text\">\n\t\t\n\n<h3>Pracownicy<\/h3>\n\t\t\n<style>\n#text-3887476167 {\n  font-size: 2rem;\n  line-height: 1;\n}\n<\/style>\n\t<\/div>\n\t\n\n\t\t<\/div>\n\t\t\t\t\t<\/div>\n\n\t\n\n<\/div>\n<div class=\"row row-small\"  id=\"row-1025253480\">\n\n\n\t<div id=\"col-484677278\" class=\"col medium-3 small-6 large-4\"  >\n\t\t\t\t<div class=\"col-inner\"  >\n\t\t\t\n\t\t\t\n\n    <div class=\"box has-hover has-hover box-text-bottom\" >\n\n                  <div class=\"box-image\" style=\"width:45%;\">\n           <div class=\"box-image-inner image-cover\" style=\"border-radius:100%;padding-top:100%;\">\n              <img loading=\"lazy\" decoding=\"async\" width=\"512\" height=\"512\" src=\"https:\/\/bilasmidurinn.is\/wp-content\/uploads\/2021\/06\/cropped-bilasmidurinn-logo-1.png\" class=\"attachment- size-\" alt=\"\" srcset=\"https:\/\/bilasmidurinn.is\/wp-content\/uploads\/2021\/06\/cropped-bilasmidurinn-logo-1.png 512w, https:\/\/bilasmidurinn.is\/wp-content\/uploads\/2021\/06\/cropped-bilasmidurinn-logo-1-300x300.png 300w, https:\/\/bilasmidurinn.is\/wp-content\/uploads\/2021\/06\/cropped-bilasmidurinn-logo-1-150x150.png 150w, https:\/\/bilasmidurinn.is\/wp-content\/uploads\/2021\/06\/cropped-bilasmidurinn-logo-1-100x100.png 100w, https:\/\/bilasmidurinn.is\/wp-content\/uploads\/2021\/06\/cropped-bilasmidurinn-logo-1-270x270.png 270w, https:\/\/bilasmidurinn.is\/wp-content\/uploads\/2021\/06\/cropped-bilasmidurinn-logo-1-192x192.png 192w, https:\/\/bilasmidurinn.is\/wp-content\/uploads\/2021\/06\/cropped-bilasmidurinn-logo-1-180x180.png 180w, https:\/\/bilasmidurinn.is\/wp-content\/uploads\/2021\/06\/cropped-bilasmidurinn-logo-1-32x32.png 32w\" sizes=\"auto, (max-width: 512px) 100vw, 512px\" \/>                         <\/div>\n          <\/div>\n         \n          <div class=\"box-text text-center\" >\n                <div class=\"box-text-inner\">\n                  <h4 class=\"uppercase\">\n                    <span class=\"person-name\">Erla Leifsd\u00f3ttir<\/span><br\/>\n                    <span class=\"person-title is-small thin-font op-7\">\n                      Zarz\u0105dzanie biurem, ksi\u0119gowo\u015bci\u0105, c\u0142em i sprzeda\u017c\u0105                    <\/span>\n                  <\/h4>\n\t\t\t\t\t\n\n\t<div id=\"gap-2056883869\" class=\"gap-element clearfix\" style=\"display:block; height:auto;\">\n\t\t\n<style>\n#gap-2056883869 {\n  padding-top: 10px;\n}\n<\/style>\n\t<\/div>\n\t\n\n\n                <\/div>\n          <\/div>\n    <\/div>\n\n\t\n    \n\n\t\t<\/div>\n\t\t\t\t\t<\/div>\n\n\t\n\n\t<div id=\"col-1390476263\" class=\"col medium-3 small-6 large-4\"  >\n\t\t\t\t<div class=\"col-inner\"  >\n\t\t\t\n\t\t\t\n\n    <div class=\"box has-hover has-hover box-text-bottom\" >\n\n                  <div class=\"box-image\" style=\"width:45%;\">\n           <div class=\"box-image-inner image-cover\" style=\"border-radius:100%;padding-top:100%;\">\n              <img loading=\"lazy\" decoding=\"async\" width=\"512\" height=\"512\" src=\"https:\/\/bilasmidurinn.is\/wp-content\/uploads\/2021\/06\/cropped-bilasmidurinn-logo-1.png\" class=\"attachment- size-\" alt=\"\" srcset=\"https:\/\/bilasmidurinn.is\/wp-content\/uploads\/2021\/06\/cropped-bilasmidurinn-logo-1.png 512w, https:\/\/bilasmidurinn.is\/wp-content\/uploads\/2021\/06\/cropped-bilasmidurinn-logo-1-300x300.png 300w, https:\/\/bilasmidurinn.is\/wp-content\/uploads\/2021\/06\/cropped-bilasmidurinn-logo-1-150x150.png 150w, https:\/\/bilasmidurinn.is\/wp-content\/uploads\/2021\/06\/cropped-bilasmidurinn-logo-1-100x100.png 100w, https:\/\/bilasmidurinn.is\/wp-content\/uploads\/2021\/06\/cropped-bilasmidurinn-logo-1-270x270.png 270w, https:\/\/bilasmidurinn.is\/wp-content\/uploads\/2021\/06\/cropped-bilasmidurinn-logo-1-192x192.png 192w, https:\/\/bilasmidurinn.is\/wp-content\/uploads\/2021\/06\/cropped-bilasmidurinn-logo-1-180x180.png 180w, https:\/\/bilasmidurinn.is\/wp-content\/uploads\/2021\/06\/cropped-bilasmidurinn-logo-1-32x32.png 32w\" sizes=\"auto, (max-width: 512px) 100vw, 512px\" \/>                         <\/div>\n          <\/div>\n         \n          <div class=\"box-text text-center\" >\n                <div class=\"box-text-inner\">\n                  <h4 class=\"uppercase\">\n                    <span class=\"person-name\">Pall \u00de. Leifson<\/span><br\/>\n                    <span class=\"person-title is-small thin-font op-7\">\n                      Zarz\u0105dzanie, zakupy, doradztwo i sprzeda\u017c..                    <\/span>\n                  <\/h4>\n\t\t\t\t\t\n\n\t<div id=\"gap-1311600238\" class=\"gap-element clearfix\" style=\"display:block; height:auto;\">\n\t\t\n<style>\n#gap-1311600238 {\n  padding-top: 10px;\n}\n<\/style>\n\t<\/div>\n\t\n\n\n                <\/div>\n          <\/div>\n    <\/div>\n\n\t\n    \n\n\t\t<\/div>\n\t\t\t\t\t<\/div>\n\n\t\n\n\t<div id=\"col-541007088\" class=\"col medium-3 small-6 large-4\"  >\n\t\t\t\t<div class=\"col-inner\"  >\n\t\t\t\n\t\t\t\n\n    <div class=\"box has-hover has-hover box-text-bottom\" >\n\n                  <div class=\"box-image\" style=\"width:45%;\">\n           <div class=\"box-image-inner image-cover\" style=\"border-radius:100%;padding-top:100%;\">\n              <img loading=\"lazy\" decoding=\"async\" width=\"512\" height=\"512\" src=\"https:\/\/bilasmidurinn.is\/wp-content\/uploads\/2021\/06\/cropped-bilasmidurinn-logo-1.png\" class=\"attachment- size-\" alt=\"\" srcset=\"https:\/\/bilasmidurinn.is\/wp-content\/uploads\/2021\/06\/cropped-bilasmidurinn-logo-1.png 512w, https:\/\/bilasmidurinn.is\/wp-content\/uploads\/2021\/06\/cropped-bilasmidurinn-logo-1-300x300.png 300w, https:\/\/bilasmidurinn.is\/wp-content\/uploads\/2021\/06\/cropped-bilasmidurinn-logo-1-150x150.png 150w, https:\/\/bilasmidurinn.is\/wp-content\/uploads\/2021\/06\/cropped-bilasmidurinn-logo-1-100x100.png 100w, https:\/\/bilasmidurinn.is\/wp-content\/uploads\/2021\/06\/cropped-bilasmidurinn-logo-1-270x270.png 270w, https:\/\/bilasmidurinn.is\/wp-content\/uploads\/2021\/06\/cropped-bilasmidurinn-logo-1-192x192.png 192w, https:\/\/bilasmidurinn.is\/wp-content\/uploads\/2021\/06\/cropped-bilasmidurinn-logo-1-180x180.png 180w, https:\/\/bilasmidurinn.is\/wp-content\/uploads\/2021\/06\/cropped-bilasmidurinn-logo-1-32x32.png 32w\" sizes=\"auto, (max-width: 512px) 100vw, 512px\" \/>                         <\/div>\n          <\/div>\n         \n          <div class=\"box-text text-center\" >\n                <div class=\"box-text-inner\">\n                  <h4 class=\"uppercase\">\n                    <span class=\"person-name\">Daniela Jonssona<\/span><br\/>\n                    <span class=\"person-title is-small thin-font op-7\">\n                      Doradztwo i sprzeda\u017c                    <\/span>\n                  <\/h4>\n\t\t\t\t\t\n\n\t<div id=\"gap-1683446289\" class=\"gap-element clearfix\" style=\"display:block; height:auto;\">\n\t\t\n<style>\n#gap-1683446289 {\n  padding-top: 10px;\n}\n<\/style>\n\t<\/div>\n\t\n\n\n                <\/div>\n          <\/div>\n    <\/div>\n\n\t\n    \n\n\t\t<\/div>\n\t\t\t\t\t<\/div>\n\n\t\n\n<\/div>\n<div class=\"row row-small\"  id=\"row-1448910597\">\n\n\n\t<div id=\"col-699126136\" class=\"col medium-3 small-6 large-4\"  >\n\t\t\t\t<div class=\"col-inner\"  >\n\t\t\t\n\t\t\t\n\n    <div class=\"box has-hover has-hover box-text-bottom\" >\n\n                  <div class=\"box-image\" style=\"width:45%;\">\n           <div class=\"box-image-inner image-cover\" style=\"border-radius:100%;padding-top:100%;\">\n              <img loading=\"lazy\" decoding=\"async\" width=\"512\" height=\"512\" src=\"https:\/\/bilasmidurinn.is\/wp-content\/uploads\/2021\/06\/cropped-bilasmidurinn-logo-1.png\" class=\"attachment- size-\" alt=\"\" srcset=\"https:\/\/bilasmidurinn.is\/wp-content\/uploads\/2021\/06\/cropped-bilasmidurinn-logo-1.png 512w, https:\/\/bilasmidurinn.is\/wp-content\/uploads\/2021\/06\/cropped-bilasmidurinn-logo-1-300x300.png 300w, https:\/\/bilasmidurinn.is\/wp-content\/uploads\/2021\/06\/cropped-bilasmidurinn-logo-1-150x150.png 150w, https:\/\/bilasmidurinn.is\/wp-content\/uploads\/2021\/06\/cropped-bilasmidurinn-logo-1-100x100.png 100w, https:\/\/bilasmidurinn.is\/wp-content\/uploads\/2021\/06\/cropped-bilasmidurinn-logo-1-270x270.png 270w, https:\/\/bilasmidurinn.is\/wp-content\/uploads\/2021\/06\/cropped-bilasmidurinn-logo-1-192x192.png 192w, https:\/\/bilasmidurinn.is\/wp-content\/uploads\/2021\/06\/cropped-bilasmidurinn-logo-1-180x180.png 180w, https:\/\/bilasmidurinn.is\/wp-content\/uploads\/2021\/06\/cropped-bilasmidurinn-logo-1-32x32.png 32w\" sizes=\"auto, (max-width: 512px) 100vw, 512px\" \/>                         <\/div>\n          <\/div>\n         \n          <div class=\"box-text text-center\" >\n                <div class=\"box-text-inner\">\n                  <h4 class=\"uppercase\">\n                    <span class=\"person-name\">Isak Valgeirsson<\/span><br\/>\n                    <span class=\"person-title is-small thin-font op-7\">\n                      Zapasy i sprzeda\u017c                    <\/span>\n                  <\/h4>\n\t\t\t\t\t\n\n\t<div id=\"gap-1606741094\" class=\"gap-element clearfix\" style=\"display:block; height:auto;\">\n\t\t\n<style>\n#gap-1606741094 {\n  padding-top: 10px;\n}\n<\/style>\n\t<\/div>\n\t\n\n\n                <\/div>\n          <\/div>\n    <\/div>\n\n\t\n    \n\n\t\t<\/div>\n\t\t\t\t\t<\/div>\n\n\t\n\n\t<div id=\"col-181855737\" class=\"col medium-3 small-6 large-4\"  >\n\t\t\t\t<div class=\"col-inner\"  >\n\t\t\t\n\t\t\t\n\n\n\t\t<\/div>\n\t\t\t\t\t<\/div>\n\n\t\n\n\t<div id=\"col-1896112108\" class=\"col medium-3 small-6 large-4\"  >\n\t\t\t\t<div class=\"col-inner\"  >\n\t\t\t\n\t\t\t\n\n    <div class=\"box has-hover has-hover box-text-bottom\" >\n\n                  <div class=\"box-image\" style=\"width:45%;\">\n           <div class=\"box-image-inner image-cover\" style=\"border-radius:100%;padding-top:100%;\">\n              <img loading=\"lazy\" decoding=\"async\" width=\"512\" height=\"512\" src=\"https:\/\/bilasmidurinn.is\/wp-content\/uploads\/2021\/06\/cropped-bilasmidurinn-logo-1.png\" class=\"attachment- size-\" alt=\"\" srcset=\"https:\/\/bilasmidurinn.is\/wp-content\/uploads\/2021\/06\/cropped-bilasmidurinn-logo-1.png 512w, https:\/\/bilasmidurinn.is\/wp-content\/uploads\/2021\/06\/cropped-bilasmidurinn-logo-1-300x300.png 300w, https:\/\/bilasmidurinn.is\/wp-content\/uploads\/2021\/06\/cropped-bilasmidurinn-logo-1-150x150.png 150w, https:\/\/bilasmidurinn.is\/wp-content\/uploads\/2021\/06\/cropped-bilasmidurinn-logo-1-100x100.png 100w, https:\/\/bilasmidurinn.is\/wp-content\/uploads\/2021\/06\/cropped-bilasmidurinn-logo-1-270x270.png 270w, https:\/\/bilasmidurinn.is\/wp-content\/uploads\/2021\/06\/cropped-bilasmidurinn-logo-1-192x192.png 192w, https:\/\/bilasmidurinn.is\/wp-content\/uploads\/2021\/06\/cropped-bilasmidurinn-logo-1-180x180.png 180w, https:\/\/bilasmidurinn.is\/wp-content\/uploads\/2021\/06\/cropped-bilasmidurinn-logo-1-32x32.png 32w\" sizes=\"auto, (max-width: 512px) 100vw, 512px\" \/>                         <\/div>\n          <\/div>\n         \n          <div class=\"box-text text-center\" >\n                <div class=\"box-text-inner\">\n                  <h4 class=\"uppercase\">\n                    <span class=\"person-name\">Rezgara Mahmoudiego<\/span><br\/>\n                    <span class=\"person-title is-small thin-font op-7\">\n                      Warsztat                    <\/span>\n                  <\/h4>\n\t\t\t\t\t\n\n\t<div id=\"gap-2011268192\" class=\"gap-element clearfix\" style=\"display:block; height:auto;\">\n\t\t\n<style>\n#gap-2011268192 {\n  padding-top: 10px;\n}\n<\/style>\n\t<\/div>\n\t\n\n\n                <\/div>\n          <\/div>\n    <\/div>\n\n\t\n    \n\n\t\t<\/div>\n\t\t\t\t\t<\/div>\n\n\t\n\n<\/div>\n\n\t\t<\/div>\n\n\t\t\n<style>\n#section_1107671768 {\n  padding-top: 30px;\n  padding-bottom: 30px;\n}\n<\/style>\n\t<\/section>","protected":false},"excerpt":{"rendered":"","protected":false},"author":2,"featured_media":0,"parent":0,"menu_order":0,"comment_status":"closed","ping_status":"closed","template":"page-blank.php","meta":{"footnotes":""},"class_list":["post-10486","page","type-page","status-publish","hentry"],"yoast_head":"<!-- This site is optimized with the Yoast SEO plugin v27.4 - https:\/\/yoast.com\/product\/yoast-seo-wordpress\/ -->\n<title>Starfsmenn - B&iacute;lasmi&eth;urinn<\/title>\n<meta name=\"robots\" content=\"index, follow, max-snippet:-1, max-image-preview:large, max-video-preview:-1\" \/>\n<link rel=\"canonical\" href=\"https:\/\/bilasmidurinn.is\/pl\/starfsmenn\/\" \/>\n<meta property=\"og:locale\" content=\"pl_PL\" \/>\n<meta property=\"og:type\" content=\"article\" \/>\n<meta property=\"og:title\" content=\"Starfsmenn - B&iacute;lasmi&eth;urinn\" \/>\n<meta property=\"og:url\" content=\"https:\/\/bilasmidurinn.is\/pl\/starfsmenn\/\" \/>\n<meta property=\"og:site_name\" content=\"B&iacute;lasmi&eth;urinn\" \/>\n<meta property=\"article:modified_time\" content=\"2023-05-17T09:37:56+00:00\" \/>\n<meta name=\"twitter:card\" content=\"summary_large_image\" \/>\n<meta name=\"twitter:label1\" content=\"Szacowany czas czytania\" \/>\n\t<meta name=\"twitter:data1\" content=\"1 minuta\" \/>\n<script type=\"application\/ld+json\" class=\"yoast-schema-graph\">{\"@context\":\"https:\\\/\\\/schema.org\",\"@graph\":[{\"@type\":\"WebPage\",\"@id\":\"https:\\\/\\\/bilasmidurinn.is\\\/starfsmenn\\\/\",\"url\":\"https:\\\/\\\/bilasmidurinn.is\\\/starfsmenn\\\/\",\"name\":\"Starfsmenn - B&iacute;lasmi&eth;urinn\",\"isPartOf\":{\"@id\":\"https:\\\/\\\/bilasmidurinn.is\\\/#website\"},\"datePublished\":\"2021-06-08T13:28:40+00:00\",\"dateModified\":\"2023-05-17T09:37:56+00:00\",\"breadcrumb\":{\"@id\":\"https:\\\/\\\/bilasmidurinn.is\\\/starfsmenn\\\/#breadcrumb\"},\"inLanguage\":\"pl-PL\",\"potentialAction\":[{\"@type\":\"ReadAction\",\"target\":[\"https:\\\/\\\/bilasmidurinn.is\\\/starfsmenn\\\/\"]}]},{\"@type\":\"BreadcrumbList\",\"@id\":\"https:\\\/\\\/bilasmidurinn.is\\\/starfsmenn\\\/#breadcrumb\",\"itemListElement\":[{\"@type\":\"ListItem\",\"position\":1,\"name\":\"Home\",\"item\":\"https:\\\/\\\/bilasmidurinn.is\\\/\"},{\"@type\":\"ListItem\",\"position\":2,\"name\":\"Starfsmenn\"}]},{\"@type\":\"WebSite\",\"@id\":\"https:\\\/\\\/bilasmidurinn.is\\\/#website\",\"url\":\"https:\\\/\\\/bilasmidurinn.is\\\/\",\"name\":\"B&iacute;lasmi&eth;urinn\",\"description\":\"All sem &thorn;&uacute; &thorn;arft &iacute; t&aelig;ki&eth;\",\"potentialAction\":[{\"@type\":\"SearchAction\",\"target\":{\"@type\":\"EntryPoint\",\"urlTemplate\":\"https:\\\/\\\/bilasmidurinn.is\\\/?s={search_term_string}\"},\"query-input\":{\"@type\":\"PropertyValueSpecification\",\"valueRequired\":true,\"valueName\":\"search_term_string\"}}],\"inLanguage\":\"pl-PL\"}]}<\/script>\n<!-- \/ Yoast SEO plugin. -->","yoast_head_json":{"title":"Starfsmenn - B&iacute;lasmi&eth;urinn","robots":{"index":"index","follow":"follow","max-snippet":"max-snippet:-1","max-image-preview":"max-image-preview:large","max-video-preview":"max-video-preview:-1"},"canonical":"https:\/\/bilasmidurinn.is\/pl\/starfsmenn\/","og_locale":"pl_PL","og_type":"article","og_title":"Starfsmenn - B&iacute;lasmi&eth;urinn","og_url":"https:\/\/bilasmidurinn.is\/pl\/starfsmenn\/","og_site_name":"B&iacute;lasmi&eth;urinn","article_modified_time":"2023-05-17T09:37:56+00:00","twitter_card":"summary_large_image","twitter_misc":{"Szacowany czas czytania":"1 minuta"},"schema":{"@context":"https:\/\/schema.org","@graph":[{"@type":"WebPage","@id":"https:\/\/bilasmidurinn.is\/starfsmenn\/","url":"https:\/\/bilasmidurinn.is\/starfsmenn\/","name":"Starfsmenn - B&iacute;lasmi&eth;urinn","isPartOf":{"@id":"https:\/\/bilasmidurinn.is\/#website"},"datePublished":"2021-06-08T13:28:40+00:00","dateModified":"2023-05-17T09:37:56+00:00","breadcrumb":{"@id":"https:\/\/bilasmidurinn.is\/starfsmenn\/#breadcrumb"},"inLanguage":"pl-PL","potentialAction":[{"@type":"ReadAction","target":["https:\/\/bilasmidurinn.is\/starfsmenn\/"]}]},{"@type":"BreadcrumbList","@id":"https:\/\/bilasmidurinn.is\/starfsmenn\/#breadcrumb","itemListElement":[{"@type":"ListItem","position":1,"name":"Home","item":"https:\/\/bilasmidurinn.is\/"},{"@type":"ListItem","position":2,"name":"Starfsmenn"}]},{"@type":"WebSite","@id":"https:\/\/bilasmidurinn.is\/#website","url":"https:\/\/bilasmidurinn.is\/","name":"B&iacute;lasmi&eth;urinn","description":"All sem &thorn;&uacute; &thorn;arft &iacute; t&aelig;ki&eth;","potentialAction":[{"@type":"SearchAction","target":{"@type":"EntryPoint","urlTemplate":"https:\/\/bilasmidurinn.is\/?s={search_term_string}"},"query-input":{"@type":"PropertyValueSpecification","valueRequired":true,"valueName":"search_term_string"}}],"inLanguage":"pl-PL"}]}},"_links":{"self":[{"href":"https:\/\/bilasmidurinn.is\/pl\/wp-json\/wp\/v2\/pages\/10486","targetHints":{"allow":["GET"]}}],"collection":[{"href":"https:\/\/bilasmidurinn.is\/pl\/wp-json\/wp\/v2\/pages"}],"about":[{"href":"https:\/\/bilasmidurinn.is\/pl\/wp-json\/wp\/v2\/types\/page"}],"author":[{"embeddable":true,"href":"https:\/\/bilasmidurinn.is\/pl\/wp-json\/wp\/v2\/users\/2"}],"replies":[{"embeddable":true,"href":"https:\/\/bilasmidurinn.is\/pl\/wp-json\/wp\/v2\/comments?post=10486"}],"version-history":[{"count":15,"href":"https:\/\/bilasmidurinn.is\/pl\/wp-json\/wp\/v2\/pages\/10486\/revisions"}],"predecessor-version":[{"id":15188,"href":"https:\/\/bilasmidurinn.is\/pl\/wp-json\/wp\/v2\/pages\/10486\/revisions\/15188"}],"wp:attachment":[{"href":"https:\/\/bilasmidurinn.is\/pl\/wp-json\/wp\/v2\/media?parent=10486"}],"curies":[{"name":"wp","href":"https:\/\/api.w.org\/{rel}","templated":true}]}}