{"id":10442,"date":"2021-06-07T13:40:18","date_gmt":"2021-06-07T13:40:18","guid":{"rendered":"https:\/\/bilasmidurinn.is\/?page_id=10442"},"modified":"2026-01-26T17:30:36","modified_gmt":"2026-01-26T17:30:36","slug":"um-okkur","status":"publish","type":"page","link":"https:\/\/bilasmidurinn.is\/pl\/um-okkur\/","title":{"rendered":"O nas"},"content":{"rendered":"<div id=\"page-header-1615410650\" class=\"page-header-wrapper\">\n  <div class=\"page-title dark featured-title\">\n\n        <div class=\"page-title-bg\">\n      <div class=\"title-bg fill bg-fill\"\n        data-parallax-container=\".page-title\"\n        data-parallax-background\n data-parallax=\"-\">\n      <\/div>\n      <div class=\"title-overlay fill\"><\/div>\n    <\/div>\n    \n    <div class=\"page-title-inner container align-center text-center flex-row-col medium-flex-wrap\" >\n              <div class=\"title-wrapper uppercase is-larger flex-col\">\n          <h1 class=\"entry-title mb-0\">\n            Producent samochod\u00f3w          <\/h1>\n        <\/div>\n                    <div class=\"title-content flex-col\">\n        <ul class=\"nav sm-touch-scroll nav-line nav-uppercase text-center nav-center\"><li class=\"nav-single-page hidden\"><\/li><\/ul>      <\/div>\n    <\/div>\n\n     \n<style>\n#page-header-1615410650 .page-title-inner {\n  min-height: 300px;\n}\n#page-header-1615410650 .title-bg {\n  background-image: url(https:\/\/bilasmidurinn.is\/wp-content\/uploads\/2021\/06\/jonathan-gallegos-nyK5gEbLnMg-unsplash-scaled.jpg);\n  background-position: 59% 0%;\n}\n<\/style>\n  <\/div>\n    <\/div>\n  \n\n\n\t<section class=\"section\" id=\"section_1474030034\">\n\t\t<div class=\"section-bg fill\" >\n\t\t\t\t\t\t\t\t\t\n\t\t\t\n\n\t\t<\/div>\n\n\t\t\n\n\t\t<div class=\"section-content relative\">\n\t\t\t\n\n<div class=\"row\"  id=\"row-1762562960\">\n\n\n\t<div id=\"col-1387130761\" class=\"col small-12 large-12\"  >\n\t\t\t\t<div class=\"col-inner\" style=\"background-color:rgb(255,255,255);\" >\n\t\t\t\n\t\t\t\n\n<div class=\"text-center\"><div class=\"is-divider divider clearfix\" style=\"margin-top:10px;margin-bottom:10px;background-color:rgba(1, 80, 212, 0.16);\"><\/div><\/div>\n\n<div class=\"row align-center\"  id=\"row-1694019149\">\n\n\n\t<div id=\"col-652757955\" class=\"col medium-9 small-10 large-8\"  >\n\t\t\t\t<div class=\"col-inner text-center\"  >\n\t\t\t\n\t\t\t\n\n<h2 style=\"text-align: center;\">O nas<\/h2>\n<p style=\"text-align: left;\">Firma B\u00edlasmi\u00f0uri\u00f0in hf zosta\u0142a za\u0142o\u017cona w 1980 roku przez Leifa \u00deorleifssona, mistrza motoryzacyjnego i jego rodzin\u0119, firma nadal jest w\u0142asno\u015bci\u0105 rodziny. Jej g\u0142\u00f3wn\u0105 dzia\u0142alno\u015bci\u0105 jest sprzeda\u017c hurtowa i detaliczna produkt\u00f3w zwi\u0105zanych z r\u00f3\u017cnymi ga\u0142\u0119ziami przemys\u0142u, r\u00f3\u017cnych cz\u0119\u015bci do pojazd\u00f3w u\u017cytkowych i urz\u0105dze\u0144 oraz produkt\u00f3w przemys\u0142owych dla morza i l\u0105du. W naszym sklepie na B\u00edldsh\u00f6f\u00f0i 16 posiadamy szeroki wyb\u00f3r produkt\u00f3w na sprzeda\u017c, znajdziecie Pa\u0144stwo zawiasy, zamki, uszczelki gumowe, profile aluminiowe, pompki do gazu, izolacje, w\u0142azy, \u015bwiat\u0142a, foteliki samochodowe, foteliki samochodowe dla dzieci, dywaniki, piasty, lod\u00f3wki , stacje \u0142adowania samochod\u00f3w elektrycznych, tablice, \u017car\u00f3wki itp.<\/p>\n<p style=\"text-align: left;\">\u00a0 Firma posiada r\u00f3wnie\u017c serwis i warsztaty dla drugorz\u0119dnych centr\u00f3w Webasto pod adresem Eldsh\u00f6f\u00f0i 19.<\/p>\n<p style=\"text-align: left;\">Pracownicy firmy posiadaj\u0105 szerok\u0105 wiedz\u0119 produktow\u0105 i techniczn\u0105, a tak\u017ce s\u0142u\u017cymy r\u00f3\u017cnorodnym doradztwem przy zakupie produkt\u00f3w znajduj\u0105cych si\u0119 w ofercie firmy. Du\u017cy nacisk k\u0142adzie si\u0119 na oferowanie wy\u0142\u0105cznie produkt\u00f3w wysokiej jako\u015bci w rozs\u0105dnych cenach.<\/p>\n\n\t\t<\/div>\n\t\t\t\t\n<style>\n#col-652757955 > .col-inner {\n  margin: 20px 0px 20px 0px;\n}\n<\/style>\n\t<\/div>\n\n\t\n\n<\/div>\n<div class=\"row align-center\"  id=\"row-1784415107\">\n\n\n\t<div id=\"col-827321797\" class=\"col medium-11 small-12 large-10\"  >\n\t\t\t\t<div class=\"col-inner\"  >\n\t\t\t\n\t\t\t\n\n<h1 style=\"text-align: center;\">Godziny otwarcia sklepu<\/h1>\n<p style=\"text-align: center;\">Otwarte 1.09-31.05 w ka\u017cdy dzie\u0144 powszedni od 08:00 do 18:00<\/p>\n<p style=\"text-align: center;\">I 1\/6-31\/8 od 08:17:00.<\/p>\n<p style=\"text-align: center;\">Zamkni\u0119te w weekendy.<\/p>\n\n\t\t<\/div>\n\t\t\t\t\n<style>\n#col-827321797 > .col-inner {\n  margin: 0px 0px -160px 0px;\n}\n<\/style>\n\t<\/div>\n\n\t\n\n<\/div>\n\n\t\t<\/div>\n\t\t\t\t\n<style>\n#col-1387130761 > .col-inner {\n  padding: 50px 0px 0px 0px;\n  margin: -70px 0px 0px 0px;\n}\n<\/style>\n\t<\/div>\n\n\t\n\n<\/div>\n\n\t\t<\/div>\n\n\t\t\n<style>\n#section_1474030034 {\n  padding-top: 30px;\n  padding-bottom: 30px;\n}\n<\/style>\n\t<\/section>\n\t\n\t<div id=\"gap-1069528064\" class=\"gap-element clearfix\" style=\"display:block; height:auto;\">\n\t\t\n<style>\n#gap-1069528064 {\n  padding-top: 100px;\n}\n<\/style>\n\t<\/div>","protected":false},"excerpt":{"rendered":"","protected":false},"author":2,"featured_media":0,"parent":0,"menu_order":0,"comment_status":"closed","ping_status":"closed","template":"page-blank.php","meta":{"footnotes":""},"class_list":["post-10442","page","type-page","status-publish","hentry"],"yoast_head":"<!-- This site is optimized with the Yoast SEO plugin v27.4 - https:\/\/yoast.com\/product\/yoast-seo-wordpress\/ -->\n<title>Um okkur - B&iacute;lasmi&eth;urinn<\/title>\n<meta name=\"robots\" content=\"index, follow, max-snippet:-1, max-image-preview:large, max-video-preview:-1\" \/>\n<link rel=\"canonical\" href=\"https:\/\/bilasmidurinn.is\/pl\/um-okkur\/\" \/>\n<meta property=\"og:locale\" content=\"pl_PL\" \/>\n<meta property=\"og:type\" content=\"article\" \/>\n<meta property=\"og:title\" content=\"Um okkur - B&iacute;lasmi&eth;urinn\" \/>\n<meta property=\"og:url\" content=\"https:\/\/bilasmidurinn.is\/pl\/um-okkur\/\" \/>\n<meta property=\"og:site_name\" content=\"B&iacute;lasmi&eth;urinn\" \/>\n<meta property=\"article:modified_time\" content=\"2026-01-26T17:30:36+00:00\" \/>\n<meta name=\"twitter:card\" content=\"summary_large_image\" \/>\n<meta name=\"twitter:label1\" content=\"Szacowany czas czytania\" \/>\n\t<meta name=\"twitter:data1\" content=\"2 minuty\" \/>\n<script type=\"application\/ld+json\" class=\"yoast-schema-graph\">{\"@context\":\"https:\\\/\\\/schema.org\",\"@graph\":[{\"@type\":\"WebPage\",\"@id\":\"https:\\\/\\\/bilasmidurinn.is\\\/um-okkur\\\/\",\"url\":\"https:\\\/\\\/bilasmidurinn.is\\\/um-okkur\\\/\",\"name\":\"Um okkur - B&iacute;lasmi&eth;urinn\",\"isPartOf\":{\"@id\":\"https:\\\/\\\/bilasmidurinn.is\\\/#website\"},\"datePublished\":\"2021-06-07T13:40:18+00:00\",\"dateModified\":\"2026-01-26T17:30:36+00:00\",\"breadcrumb\":{\"@id\":\"https:\\\/\\\/bilasmidurinn.is\\\/um-okkur\\\/#breadcrumb\"},\"inLanguage\":\"pl-PL\",\"potentialAction\":[{\"@type\":\"ReadAction\",\"target\":[\"https:\\\/\\\/bilasmidurinn.is\\\/um-okkur\\\/\"]}]},{\"@type\":\"BreadcrumbList\",\"@id\":\"https:\\\/\\\/bilasmidurinn.is\\\/um-okkur\\\/#breadcrumb\",\"itemListElement\":[{\"@type\":\"ListItem\",\"position\":1,\"name\":\"Home\",\"item\":\"https:\\\/\\\/bilasmidurinn.is\\\/\"},{\"@type\":\"ListItem\",\"position\":2,\"name\":\"Um okkur\"}]},{\"@type\":\"WebSite\",\"@id\":\"https:\\\/\\\/bilasmidurinn.is\\\/#website\",\"url\":\"https:\\\/\\\/bilasmidurinn.is\\\/\",\"name\":\"B&iacute;lasmi&eth;urinn\",\"description\":\"All sem &thorn;&uacute; &thorn;arft &iacute; t&aelig;ki&eth;\",\"potentialAction\":[{\"@type\":\"SearchAction\",\"target\":{\"@type\":\"EntryPoint\",\"urlTemplate\":\"https:\\\/\\\/bilasmidurinn.is\\\/?s={search_term_string}\"},\"query-input\":{\"@type\":\"PropertyValueSpecification\",\"valueRequired\":true,\"valueName\":\"search_term_string\"}}],\"inLanguage\":\"pl-PL\"}]}<\/script>\n<!-- \/ Yoast SEO plugin. -->","yoast_head_json":{"title":"Um okkur - B&iacute;lasmi&eth;urinn","robots":{"index":"index","follow":"follow","max-snippet":"max-snippet:-1","max-image-preview":"max-image-preview:large","max-video-preview":"max-video-preview:-1"},"canonical":"https:\/\/bilasmidurinn.is\/pl\/um-okkur\/","og_locale":"pl_PL","og_type":"article","og_title":"Um okkur - B&iacute;lasmi&eth;urinn","og_url":"https:\/\/bilasmidurinn.is\/pl\/um-okkur\/","og_site_name":"B&iacute;lasmi&eth;urinn","article_modified_time":"2026-01-26T17:30:36+00:00","twitter_card":"summary_large_image","twitter_misc":{"Szacowany czas czytania":"2 minuty"},"schema":{"@context":"https:\/\/schema.org","@graph":[{"@type":"WebPage","@id":"https:\/\/bilasmidurinn.is\/um-okkur\/","url":"https:\/\/bilasmidurinn.is\/um-okkur\/","name":"Um okkur - B&iacute;lasmi&eth;urinn","isPartOf":{"@id":"https:\/\/bilasmidurinn.is\/#website"},"datePublished":"2021-06-07T13:40:18+00:00","dateModified":"2026-01-26T17:30:36+00:00","breadcrumb":{"@id":"https:\/\/bilasmidurinn.is\/um-okkur\/#breadcrumb"},"inLanguage":"pl-PL","potentialAction":[{"@type":"ReadAction","target":["https:\/\/bilasmidurinn.is\/um-okkur\/"]}]},{"@type":"BreadcrumbList","@id":"https:\/\/bilasmidurinn.is\/um-okkur\/#breadcrumb","itemListElement":[{"@type":"ListItem","position":1,"name":"Home","item":"https:\/\/bilasmidurinn.is\/"},{"@type":"ListItem","position":2,"name":"Um okkur"}]},{"@type":"WebSite","@id":"https:\/\/bilasmidurinn.is\/#website","url":"https:\/\/bilasmidurinn.is\/","name":"B&iacute;lasmi&eth;urinn","description":"All sem &thorn;&uacute; &thorn;arft &iacute; t&aelig;ki&eth;","potentialAction":[{"@type":"SearchAction","target":{"@type":"EntryPoint","urlTemplate":"https:\/\/bilasmidurinn.is\/?s={search_term_string}"},"query-input":{"@type":"PropertyValueSpecification","valueRequired":true,"valueName":"search_term_string"}}],"inLanguage":"pl-PL"}]}},"_links":{"self":[{"href":"https:\/\/bilasmidurinn.is\/pl\/wp-json\/wp\/v2\/pages\/10442","targetHints":{"allow":["GET"]}}],"collection":[{"href":"https:\/\/bilasmidurinn.is\/pl\/wp-json\/wp\/v2\/pages"}],"about":[{"href":"https:\/\/bilasmidurinn.is\/pl\/wp-json\/wp\/v2\/types\/page"}],"author":[{"embeddable":true,"href":"https:\/\/bilasmidurinn.is\/pl\/wp-json\/wp\/v2\/users\/2"}],"replies":[{"embeddable":true,"href":"https:\/\/bilasmidurinn.is\/pl\/wp-json\/wp\/v2\/comments?post=10442"}],"version-history":[{"count":4,"href":"https:\/\/bilasmidurinn.is\/pl\/wp-json\/wp\/v2\/pages\/10442\/revisions"}],"predecessor-version":[{"id":10565,"href":"https:\/\/bilasmidurinn.is\/pl\/wp-json\/wp\/v2\/pages\/10442\/revisions\/10565"}],"wp:attachment":[{"href":"https:\/\/bilasmidurinn.is\/pl\/wp-json\/wp\/v2\/media?parent=10442"}],"curies":[{"name":"wp","href":"https:\/\/api.w.org\/{rel}","templated":true}]}}