{"id":15789,"date":"2026-02-06T17:22:45","date_gmt":"2026-02-06T17:22:45","guid":{"rendered":"https:\/\/bilasmidurinn.is\/?post_type=product&#038;p=15789"},"modified":"2026-02-06T17:32:51","modified_gmt":"2026-02-06T17:32:51","slug":"led-aukakastari-7-on-off-road","status":"publish","type":"product","link":"https:\/\/bilasmidurinn.is\/en\/vefverslun\/ljos\/ljoskastarar\/led-aukakastari-7-on-off-road\/","title":{"rendered":"LED lj\u00f3skastari 7&#8243; ON-Off road"},"content":{"rendered":"<p>Vignal aukalj\u00f3skastari 7&#8243; 10-30V 108W\u00a0 h\u00e1i R149 vi\u00f0urkenndur og Off Road stilling, H\u00e1g\u00e6\u00f0a 7&#8243; me\u00f0 &#8220; ON og OFF -road&#8220; stillingu.<\/p>\n<p>Allt a\u00f0 1138m dr\u00e6gni \u00e1 OFF-road stillingu.<\/p>\n<p>Linsan er \u00far h\u00e1g\u00e6\u00f0a \u00f3brj\u00f3anlegu Polycarbonate.<\/p>\n<p>Parklj\u00f3s hv\u00edtt e\u00f0a gult ( Amber )<\/p>\n<p>Festingar \u00far r\u00fd\u00f0fr\u00edu st\u00e1li\u00a0 DT tengi<\/p>\n<p>IP68\u00a0 EMC ECE R10<\/p>\n<p>&nbsp;<\/p>","protected":false},"excerpt":{"rendered":"<p>LED Vignal lj\u00f3skaskastari 7&#8243;\u00a0 me\u00f0 parki &#8211; hv\u00edtu og gulu ( Amber )\u00a0 innbygg\u00f0 Off-road stilling.<\/p>\n<p>108w\u00a0 allt a\u00f0 1138m dr\u00e6gni.\u00a0 Fr\u00e1b\u00e6rir og flottir aukakastarar \u00e1 fjallab\u00edlinn.<\/p>\n<p>https:\/\/youtu.be\/ug1viJ-H8Fg<\/p>","protected":false},"featured_media":15790,"template":"","meta":[],"product_brand":[7992],"product_cat":[7893,8042],"product_tag":[],"class_list":{"0":"post-15789","1":"product","2":"type-product","3":"status-publish","4":"has-post-thumbnail","6":"product_brand-vignal","7":"product_cat-ljos","8":"product_cat-ljoskastarar","10":"first","11":"instock","12":"shipping-taxable","13":"product-type-simple"},"yoast_head":"<!-- This site is optimized with the Yoast SEO plugin v27.4 - https:\/\/yoast.com\/product\/yoast-seo-wordpress\/ -->\n<title>LED lj\u00f3skastari 7&quot; ON-Off road - B&iacute;lasmi&eth;urinn<\/title>\n<meta name=\"robots\" content=\"index, follow, max-snippet:-1, max-image-preview:large, max-video-preview:-1\" \/>\n<link rel=\"canonical\" href=\"https:\/\/bilasmidurinn.is\/en\/vefverslun\/ljos\/ljoskastarar\/led-aukakastari-7-on-off-road\/\" \/>\n<meta property=\"og:locale\" content=\"en_GB\" \/>\n<meta property=\"og:type\" content=\"article\" \/>\n<meta property=\"og:title\" content=\"LED lj\u00f3skastari 7&quot; ON-Off road - B&iacute;lasmi&eth;urinn\" \/>\n<meta property=\"og:description\" content=\"LED Vignal lj\u00f3skaskastari 7&quot;\u00a0 me\u00f0 parki - hv\u00edtu og gulu ( Amber )\u00a0 innbygg\u00f0 Off-road stilling.  108w\u00a0 allt a\u00f0 1138m dr\u00e6gni.\u00a0 Fr\u00e1b\u00e6rir og flottir aukakastarar \u00e1 fjallab\u00edlinn.  https:\/\/youtu.be\/ug1viJ-H8Fg\" \/>\n<meta property=\"og:url\" content=\"https:\/\/bilasmidurinn.is\/en\/vefverslun\/ljos\/ljoskastarar\/led-aukakastari-7-on-off-road\/\" \/>\n<meta property=\"og:site_name\" content=\"B&iacute;lasmi&eth;urinn\" \/>\n<meta property=\"article:modified_time\" content=\"2026-02-06T17:32:51+00:00\" \/>\n<meta property=\"og:image\" content=\"https:\/\/bilasmidurinn.is\/wp-content\/uploads\/2026\/02\/D16077-.jpg\" \/>\n\t<meta property=\"og:image:width\" content=\"1736\" \/>\n\t<meta property=\"og:image:height\" content=\"1736\" \/>\n\t<meta property=\"og:image:type\" content=\"image\/jpeg\" \/>\n<meta name=\"twitter:card\" content=\"summary_large_image\" \/>\n<meta name=\"twitter:label1\" content=\"Estimated reading time\" \/>\n\t<meta name=\"twitter:data1\" content=\"1 minute\" \/>\n<script type=\"application\/ld+json\" class=\"yoast-schema-graph\">{\"@context\":\"https:\\\/\\\/schema.org\",\"@graph\":[{\"@type\":\"WebPage\",\"@id\":\"https:\\\/\\\/bilasmidurinn.is\\\/vefverslun\\\/ljos\\\/ljoskastarar\\\/led-aukakastari-7-on-off-road\\\/\",\"url\":\"https:\\\/\\\/bilasmidurinn.is\\\/vefverslun\\\/ljos\\\/ljoskastarar\\\/led-aukakastari-7-on-off-road\\\/\",\"name\":\"LED lj\u00f3skastari 7\\\" ON-Off road - B&iacute;lasmi&eth;urinn\",\"isPartOf\":{\"@id\":\"https:\\\/\\\/bilasmidurinn.is\\\/#website\"},\"primaryImageOfPage\":{\"@id\":\"https:\\\/\\\/bilasmidurinn.is\\\/vefverslun\\\/ljos\\\/ljoskastarar\\\/led-aukakastari-7-on-off-road\\\/#primaryimage\"},\"image\":{\"@id\":\"https:\\\/\\\/bilasmidurinn.is\\\/vefverslun\\\/ljos\\\/ljoskastarar\\\/led-aukakastari-7-on-off-road\\\/#primaryimage\"},\"thumbnailUrl\":\"https:\\\/\\\/bilasmidurinn.is\\\/wp-content\\\/uploads\\\/2026\\\/02\\\/D16077-.jpg\",\"datePublished\":\"2026-02-06T17:22:45+00:00\",\"dateModified\":\"2026-02-06T17:32:51+00:00\",\"breadcrumb\":{\"@id\":\"https:\\\/\\\/bilasmidurinn.is\\\/vefverslun\\\/ljos\\\/ljoskastarar\\\/led-aukakastari-7-on-off-road\\\/#breadcrumb\"},\"inLanguage\":\"en-GB\",\"potentialAction\":[{\"@type\":\"ReadAction\",\"target\":[\"https:\\\/\\\/bilasmidurinn.is\\\/vefverslun\\\/ljos\\\/ljoskastarar\\\/led-aukakastari-7-on-off-road\\\/\"]}]},{\"@type\":\"ImageObject\",\"inLanguage\":\"en-GB\",\"@id\":\"https:\\\/\\\/bilasmidurinn.is\\\/vefverslun\\\/ljos\\\/ljoskastarar\\\/led-aukakastari-7-on-off-road\\\/#primaryimage\",\"url\":\"https:\\\/\\\/bilasmidurinn.is\\\/wp-content\\\/uploads\\\/2026\\\/02\\\/D16077-.jpg\",\"contentUrl\":\"https:\\\/\\\/bilasmidurinn.is\\\/wp-content\\\/uploads\\\/2026\\\/02\\\/D16077-.jpg\",\"width\":1736,\"height\":1736},{\"@type\":\"BreadcrumbList\",\"@id\":\"https:\\\/\\\/bilasmidurinn.is\\\/vefverslun\\\/ljos\\\/ljoskastarar\\\/led-aukakastari-7-on-off-road\\\/#breadcrumb\",\"itemListElement\":[{\"@type\":\"ListItem\",\"position\":1,\"name\":\"Home\",\"item\":\"https:\\\/\\\/bilasmidurinn.is\\\/\"},{\"@type\":\"ListItem\",\"position\":2,\"name\":\"V\u00f6rur \u00ed verslun\",\"item\":\"https:\\\/\\\/bilasmidurinn.is\\\/vefverslun\\\/\"},{\"@type\":\"ListItem\",\"position\":3,\"name\":\"LED lj\u00f3skastari 7&#8243; ON-Off road\"}]},{\"@type\":\"WebSite\",\"@id\":\"https:\\\/\\\/bilasmidurinn.is\\\/#website\",\"url\":\"https:\\\/\\\/bilasmidurinn.is\\\/\",\"name\":\"B&iacute;lasmi&eth;urinn\",\"description\":\"All sem &thorn;&uacute; &thorn;arft &iacute; t&aelig;ki&eth;\",\"potentialAction\":[{\"@type\":\"SearchAction\",\"target\":{\"@type\":\"EntryPoint\",\"urlTemplate\":\"https:\\\/\\\/bilasmidurinn.is\\\/?s={search_term_string}\"},\"query-input\":{\"@type\":\"PropertyValueSpecification\",\"valueRequired\":true,\"valueName\":\"search_term_string\"}}],\"inLanguage\":\"en-GB\"}]}<\/script>\n<!-- \/ Yoast SEO plugin. -->","yoast_head_json":{"title":"LED lj\u00f3skastari 7\" ON-Off road - B&iacute;lasmi&eth;urinn","robots":{"index":"index","follow":"follow","max-snippet":"max-snippet:-1","max-image-preview":"max-image-preview:large","max-video-preview":"max-video-preview:-1"},"canonical":"https:\/\/bilasmidurinn.is\/en\/vefverslun\/ljos\/ljoskastarar\/led-aukakastari-7-on-off-road\/","og_locale":"en_GB","og_type":"article","og_title":"LED lj\u00f3skastari 7\" ON-Off road - B&iacute;lasmi&eth;urinn","og_description":"LED Vignal lj\u00f3skaskastari 7\"\u00a0 me\u00f0 parki - hv\u00edtu og gulu ( Amber )\u00a0 innbygg\u00f0 Off-road stilling.  108w\u00a0 allt a\u00f0 1138m dr\u00e6gni.\u00a0 Fr\u00e1b\u00e6rir og flottir aukakastarar \u00e1 fjallab\u00edlinn.  https:\/\/youtu.be\/ug1viJ-H8Fg","og_url":"https:\/\/bilasmidurinn.is\/en\/vefverslun\/ljos\/ljoskastarar\/led-aukakastari-7-on-off-road\/","og_site_name":"B&iacute;lasmi&eth;urinn","article_modified_time":"2026-02-06T17:32:51+00:00","og_image":[{"width":1736,"height":1736,"url":"https:\/\/bilasmidurinn.is\/wp-content\/uploads\/2026\/02\/D16077-.jpg","type":"image\/jpeg"}],"twitter_card":"summary_large_image","twitter_misc":{"Estimated reading time":"1 minute"},"schema":{"@context":"https:\/\/schema.org","@graph":[{"@type":"WebPage","@id":"https:\/\/bilasmidurinn.is\/vefverslun\/ljos\/ljoskastarar\/led-aukakastari-7-on-off-road\/","url":"https:\/\/bilasmidurinn.is\/vefverslun\/ljos\/ljoskastarar\/led-aukakastari-7-on-off-road\/","name":"LED lj\u00f3skastari 7\" ON-Off road - B&iacute;lasmi&eth;urinn","isPartOf":{"@id":"https:\/\/bilasmidurinn.is\/#website"},"primaryImageOfPage":{"@id":"https:\/\/bilasmidurinn.is\/vefverslun\/ljos\/ljoskastarar\/led-aukakastari-7-on-off-road\/#primaryimage"},"image":{"@id":"https:\/\/bilasmidurinn.is\/vefverslun\/ljos\/ljoskastarar\/led-aukakastari-7-on-off-road\/#primaryimage"},"thumbnailUrl":"https:\/\/bilasmidurinn.is\/wp-content\/uploads\/2026\/02\/D16077-.jpg","datePublished":"2026-02-06T17:22:45+00:00","dateModified":"2026-02-06T17:32:51+00:00","breadcrumb":{"@id":"https:\/\/bilasmidurinn.is\/vefverslun\/ljos\/ljoskastarar\/led-aukakastari-7-on-off-road\/#breadcrumb"},"inLanguage":"en-GB","potentialAction":[{"@type":"ReadAction","target":["https:\/\/bilasmidurinn.is\/vefverslun\/ljos\/ljoskastarar\/led-aukakastari-7-on-off-road\/"]}]},{"@type":"ImageObject","inLanguage":"en-GB","@id":"https:\/\/bilasmidurinn.is\/vefverslun\/ljos\/ljoskastarar\/led-aukakastari-7-on-off-road\/#primaryimage","url":"https:\/\/bilasmidurinn.is\/wp-content\/uploads\/2026\/02\/D16077-.jpg","contentUrl":"https:\/\/bilasmidurinn.is\/wp-content\/uploads\/2026\/02\/D16077-.jpg","width":1736,"height":1736},{"@type":"BreadcrumbList","@id":"https:\/\/bilasmidurinn.is\/vefverslun\/ljos\/ljoskastarar\/led-aukakastari-7-on-off-road\/#breadcrumb","itemListElement":[{"@type":"ListItem","position":1,"name":"Home","item":"https:\/\/bilasmidurinn.is\/"},{"@type":"ListItem","position":2,"name":"V\u00f6rur \u00ed verslun","item":"https:\/\/bilasmidurinn.is\/vefverslun\/"},{"@type":"ListItem","position":3,"name":"LED lj\u00f3skastari 7&#8243; ON-Off road"}]},{"@type":"WebSite","@id":"https:\/\/bilasmidurinn.is\/#website","url":"https:\/\/bilasmidurinn.is\/","name":"B&iacute;lasmi&eth;urinn","description":"All sem &thorn;&uacute; &thorn;arft &iacute; t&aelig;ki&eth;","potentialAction":[{"@type":"SearchAction","target":{"@type":"EntryPoint","urlTemplate":"https:\/\/bilasmidurinn.is\/?s={search_term_string}"},"query-input":{"@type":"PropertyValueSpecification","valueRequired":true,"valueName":"search_term_string"}}],"inLanguage":"en-GB"}]}},"_links":{"self":[{"href":"https:\/\/bilasmidurinn.is\/en\/wp-json\/wp\/v2\/product\/15789","targetHints":{"allow":["GET"]}}],"collection":[{"href":"https:\/\/bilasmidurinn.is\/en\/wp-json\/wp\/v2\/product"}],"about":[{"href":"https:\/\/bilasmidurinn.is\/en\/wp-json\/wp\/v2\/types\/product"}],"wp:featuredmedia":[{"embeddable":true,"href":"https:\/\/bilasmidurinn.is\/en\/wp-json\/wp\/v2\/media\/15790"}],"wp:attachment":[{"href":"https:\/\/bilasmidurinn.is\/en\/wp-json\/wp\/v2\/media?parent=15789"}],"wp:term":[{"taxonomy":"product_brand","embeddable":true,"href":"https:\/\/bilasmidurinn.is\/en\/wp-json\/wp\/v2\/product_brand?post=15789"},{"taxonomy":"product_cat","embeddable":true,"href":"https:\/\/bilasmidurinn.is\/en\/wp-json\/wp\/v2\/product_cat?post=15789"},{"taxonomy":"product_tag","embeddable":true,"href":"https:\/\/bilasmidurinn.is\/en\/wp-json\/wp\/v2\/product_tag?post=15789"}],"curies":[{"name":"wp","href":"https:\/\/api.w.org\/{rel}","templated":true}]}}