{"id":15742,"date":"2026-01-03T14:02:23","date_gmt":"2026-01-03T14:02:23","guid":{"rendered":"https:\/\/bilasmidurinn.is\/?post_type=product&#038;p=15742"},"modified":"2026-01-03T14:04:29","modified_gmt":"2026-01-03T14:04:29","slug":"bakkmyndavel-sett-vingal-sarr-thradlaust-7-split","status":"publish","type":"product","link":"https:\/\/bilasmidurinn.is\/en\/vefverslun\/oryggisvorur\/bakkmyndavel-sett-vingal-sarr-thradlaust-7-split\/","title":{"rendered":"Bakkmyndav\u00e9l sett Vignal Sarr \u00fer\u00e1\u00f0laust 7&#8243; Split"},"content":{"rendered":"<p>\u00der\u00e1\u00f0laust bakkmyndav\u00e9la sett, n\u00fdasta kynsl\u00f3\u00f0in fr\u00e1 Vignal Sarr, h\u00e1g\u00e6\u00f0a fyrir atvinnut\u00e6ki, hetar fyrir v\u00f6rub\u00edla, vinnuv\u00e9lar, traktora, lyftara og \u00f6nnur atvinnut\u00e6ki.\u00a0 Einf\u00f6ld \u00ed uppsetningu.<\/p>\n<p>Setti\u00f0 inniheldur: 7&#8243; HD skj\u00e1, kapalsett, \u00e1samt sigarettu tengi\u00a0 og festingu fyrir skj\u00e1 me\u00f0 sogsk\u00e1l \u00e1samt einni 1080pixla myndav\u00e9l\u00a0 130\u00b0.<\/p>\n<p>H\u00e6gt a\u00f0 b\u00e6ta 3 myndav\u00e9lum vi\u00f0, Skj\u00e1rinn er &#8222;spitt&#8220; og h\u00e6gt a\u00f0 sj\u00e1 allar myndav\u00e9larnar \u00ed einu e\u00f0a hverja fyrir sig.<\/p>\n<p>300m dr\u00e6gni og sj\u00e1lfvirk p\u00f6run.<\/p>\n<p>Mynda\u00fe\u00e9ttleiki IP69K, n\u00e6tursj\u00f3n 8-10m<\/p>\n<p>Upptaka m\u00f6guleg.<\/p>","protected":false},"excerpt":{"rendered":"<p>Bakkmyndav\u00e9la sett fyrir 4 myndav\u00e9lar \u00ed HD upplausn, allt a\u00f0 300m dr\u00e6ngi,\u00a0 Vatns\u00fe\u00e9tt myndav\u00e9l IP69K, Splitt skj\u00e1r 7&#8243;<\/p>\n<p>Hentar fyrir allskonar atvinnut\u00e6ki \u00fear sem myndg\u00e6\u00f0in ver\u00f0a a\u00f0 skila s\u00e9r, upptaka m\u00f6guleg.<\/p>\n<p>Auka myndav\u00e9lar til \u00e1 lager. D16045 standard e\u00f0a D16046 me\u00f0 hle\u00f0slubattery og segli<\/p>","protected":false},"featured_media":15743,"template":"","meta":[],"product_brand":[7992],"product_cat":[8062,7968],"product_tag":[],"class_list":{"0":"post-15742","1":"product","2":"type-product","3":"status-publish","4":"has-post-thumbnail","6":"product_brand-vignal","7":"product_cat-bakkmyndavelar","8":"product_cat-oryggisvorur","10":"first","11":"instock","12":"shipping-taxable","13":"product-type-simple"},"yoast_head":"<!-- This site is optimized with the Yoast SEO plugin v27.5 - https:\/\/yoast.com\/product\/yoast-seo-wordpress\/ -->\n<title>Bakkmyndav\u00e9l sett Vignal Sarr \u00fer\u00e1\u00f0laust 7&quot; Split - B&iacute;lasmi&eth;urinn<\/title>\n<meta name=\"robots\" content=\"index, follow, max-snippet:-1, max-image-preview:large, max-video-preview:-1\" \/>\n<link rel=\"canonical\" href=\"https:\/\/bilasmidurinn.is\/en\/vefverslun\/oryggisvorur\/bakkmyndavel-sett-vingal-sarr-thradlaust-7-split\/\" \/>\n<meta property=\"og:locale\" content=\"en_GB\" \/>\n<meta property=\"og:type\" content=\"article\" \/>\n<meta property=\"og:title\" content=\"Bakkmyndav\u00e9l sett Vignal Sarr \u00fer\u00e1\u00f0laust 7&quot; Split - B&iacute;lasmi&eth;urinn\" \/>\n<meta property=\"og:description\" content=\"Bakkmyndav\u00e9la sett fyrir 4 myndav\u00e9lar \u00ed HD upplausn, allt a\u00f0 300m dr\u00e6ngi,\u00a0 Vatns\u00fe\u00e9tt myndav\u00e9l IP69K, Splitt skj\u00e1r 7&quot;  Hentar fyrir allskonar atvinnut\u00e6ki \u00fear sem myndg\u00e6\u00f0in ver\u00f0a a\u00f0 skila s\u00e9r, upptaka m\u00f6guleg.  Auka myndav\u00e9lar til \u00e1 lager. D16045 standard e\u00f0a D16046 me\u00f0 hle\u00f0slubattery og segli\" \/>\n<meta property=\"og:url\" content=\"https:\/\/bilasmidurinn.is\/en\/vefverslun\/oryggisvorur\/bakkmyndavel-sett-vingal-sarr-thradlaust-7-split\/\" \/>\n<meta property=\"og:site_name\" content=\"B&iacute;lasmi&eth;urinn\" \/>\n<meta property=\"article:modified_time\" content=\"2026-01-03T14:04:29+00:00\" \/>\n<meta property=\"og:image\" content=\"https:\/\/bilasmidurinn.is\/wp-content\/uploads\/2026\/01\/D16044_HD-1024x1024.png\" \/>\n\t<meta property=\"og:image:width\" content=\"1024\" \/>\n\t<meta property=\"og:image:height\" content=\"1024\" \/>\n\t<meta property=\"og:image:type\" content=\"image\/png\" \/>\n<meta name=\"twitter:card\" content=\"summary_large_image\" \/>\n<meta name=\"twitter:label1\" content=\"Estimated reading time\" \/>\n\t<meta name=\"twitter:data1\" content=\"1 minute\" \/>\n<script type=\"application\/ld+json\" class=\"yoast-schema-graph\">{\"@context\":\"https:\\\/\\\/schema.org\",\"@graph\":[{\"@type\":\"WebPage\",\"@id\":\"https:\\\/\\\/bilasmidurinn.is\\\/vefverslun\\\/oryggisvorur\\\/bakkmyndavel-sett-vingal-sarr-thradlaust-7-split\\\/\",\"url\":\"https:\\\/\\\/bilasmidurinn.is\\\/vefverslun\\\/oryggisvorur\\\/bakkmyndavel-sett-vingal-sarr-thradlaust-7-split\\\/\",\"name\":\"Bakkmyndav\u00e9l sett Vignal Sarr \u00fer\u00e1\u00f0laust 7\\\" Split - B&iacute;lasmi&eth;urinn\",\"isPartOf\":{\"@id\":\"https:\\\/\\\/bilasmidurinn.is\\\/#website\"},\"primaryImageOfPage\":{\"@id\":\"https:\\\/\\\/bilasmidurinn.is\\\/vefverslun\\\/oryggisvorur\\\/bakkmyndavel-sett-vingal-sarr-thradlaust-7-split\\\/#primaryimage\"},\"image\":{\"@id\":\"https:\\\/\\\/bilasmidurinn.is\\\/vefverslun\\\/oryggisvorur\\\/bakkmyndavel-sett-vingal-sarr-thradlaust-7-split\\\/#primaryimage\"},\"thumbnailUrl\":\"https:\\\/\\\/bilasmidurinn.is\\\/wp-content\\\/uploads\\\/2026\\\/01\\\/D16044_HD-scaled.png\",\"datePublished\":\"2026-01-03T14:02:23+00:00\",\"dateModified\":\"2026-01-03T14:04:29+00:00\",\"breadcrumb\":{\"@id\":\"https:\\\/\\\/bilasmidurinn.is\\\/vefverslun\\\/oryggisvorur\\\/bakkmyndavel-sett-vingal-sarr-thradlaust-7-split\\\/#breadcrumb\"},\"inLanguage\":\"en-GB\",\"potentialAction\":[{\"@type\":\"ReadAction\",\"target\":[\"https:\\\/\\\/bilasmidurinn.is\\\/vefverslun\\\/oryggisvorur\\\/bakkmyndavel-sett-vingal-sarr-thradlaust-7-split\\\/\"]}]},{\"@type\":\"ImageObject\",\"inLanguage\":\"en-GB\",\"@id\":\"https:\\\/\\\/bilasmidurinn.is\\\/vefverslun\\\/oryggisvorur\\\/bakkmyndavel-sett-vingal-sarr-thradlaust-7-split\\\/#primaryimage\",\"url\":\"https:\\\/\\\/bilasmidurinn.is\\\/wp-content\\\/uploads\\\/2026\\\/01\\\/D16044_HD-scaled.png\",\"contentUrl\":\"https:\\\/\\\/bilasmidurinn.is\\\/wp-content\\\/uploads\\\/2026\\\/01\\\/D16044_HD-scaled.png\",\"width\":2422,\"height\":2560},{\"@type\":\"BreadcrumbList\",\"@id\":\"https:\\\/\\\/bilasmidurinn.is\\\/vefverslun\\\/oryggisvorur\\\/bakkmyndavel-sett-vingal-sarr-thradlaust-7-split\\\/#breadcrumb\",\"itemListElement\":[{\"@type\":\"ListItem\",\"position\":1,\"name\":\"Home\",\"item\":\"https:\\\/\\\/bilasmidurinn.is\\\/\"},{\"@type\":\"ListItem\",\"position\":2,\"name\":\"V\u00f6rur \u00ed verslun\",\"item\":\"https:\\\/\\\/bilasmidurinn.is\\\/vefverslun\\\/\"},{\"@type\":\"ListItem\",\"position\":3,\"name\":\"Bakkmyndav\u00e9l sett Vignal Sarr \u00fer\u00e1\u00f0laust 7&#8243; Split\"}]},{\"@type\":\"WebSite\",\"@id\":\"https:\\\/\\\/bilasmidurinn.is\\\/#website\",\"url\":\"https:\\\/\\\/bilasmidurinn.is\\\/\",\"name\":\"B&iacute;lasmi&eth;urinn\",\"description\":\"All sem &thorn;&uacute; &thorn;arft &iacute; t&aelig;ki&eth;\",\"potentialAction\":[{\"@type\":\"SearchAction\",\"target\":{\"@type\":\"EntryPoint\",\"urlTemplate\":\"https:\\\/\\\/bilasmidurinn.is\\\/?s={search_term_string}\"},\"query-input\":{\"@type\":\"PropertyValueSpecification\",\"valueRequired\":true,\"valueName\":\"search_term_string\"}}],\"inLanguage\":\"en-GB\"}]}<\/script>\n<!-- \/ Yoast SEO plugin. -->","yoast_head_json":{"title":"Bakkmyndav\u00e9l sett Vignal Sarr \u00fer\u00e1\u00f0laust 7\" Split - B&iacute;lasmi&eth;urinn","robots":{"index":"index","follow":"follow","max-snippet":"max-snippet:-1","max-image-preview":"max-image-preview:large","max-video-preview":"max-video-preview:-1"},"canonical":"https:\/\/bilasmidurinn.is\/en\/vefverslun\/oryggisvorur\/bakkmyndavel-sett-vingal-sarr-thradlaust-7-split\/","og_locale":"en_GB","og_type":"article","og_title":"Bakkmyndav\u00e9l sett Vignal Sarr \u00fer\u00e1\u00f0laust 7\" Split - B&iacute;lasmi&eth;urinn","og_description":"Bakkmyndav\u00e9la sett fyrir 4 myndav\u00e9lar \u00ed HD upplausn, allt a\u00f0 300m dr\u00e6ngi,\u00a0 Vatns\u00fe\u00e9tt myndav\u00e9l IP69K, Splitt skj\u00e1r 7\"  Hentar fyrir allskonar atvinnut\u00e6ki \u00fear sem myndg\u00e6\u00f0in ver\u00f0a a\u00f0 skila s\u00e9r, upptaka m\u00f6guleg.  Auka myndav\u00e9lar til \u00e1 lager. D16045 standard e\u00f0a D16046 me\u00f0 hle\u00f0slubattery og segli","og_url":"https:\/\/bilasmidurinn.is\/en\/vefverslun\/oryggisvorur\/bakkmyndavel-sett-vingal-sarr-thradlaust-7-split\/","og_site_name":"B&iacute;lasmi&eth;urinn","article_modified_time":"2026-01-03T14:04:29+00:00","og_image":[{"width":1024,"height":1024,"url":"https:\/\/bilasmidurinn.is\/wp-content\/uploads\/2026\/01\/D16044_HD-1024x1024.png","type":"image\/png"}],"twitter_card":"summary_large_image","twitter_misc":{"Estimated reading time":"1 minute"},"schema":{"@context":"https:\/\/schema.org","@graph":[{"@type":"WebPage","@id":"https:\/\/bilasmidurinn.is\/vefverslun\/oryggisvorur\/bakkmyndavel-sett-vingal-sarr-thradlaust-7-split\/","url":"https:\/\/bilasmidurinn.is\/vefverslun\/oryggisvorur\/bakkmyndavel-sett-vingal-sarr-thradlaust-7-split\/","name":"Bakkmyndav\u00e9l sett Vignal Sarr \u00fer\u00e1\u00f0laust 7\" Split - B&iacute;lasmi&eth;urinn","isPartOf":{"@id":"https:\/\/bilasmidurinn.is\/#website"},"primaryImageOfPage":{"@id":"https:\/\/bilasmidurinn.is\/vefverslun\/oryggisvorur\/bakkmyndavel-sett-vingal-sarr-thradlaust-7-split\/#primaryimage"},"image":{"@id":"https:\/\/bilasmidurinn.is\/vefverslun\/oryggisvorur\/bakkmyndavel-sett-vingal-sarr-thradlaust-7-split\/#primaryimage"},"thumbnailUrl":"https:\/\/bilasmidurinn.is\/wp-content\/uploads\/2026\/01\/D16044_HD-scaled.png","datePublished":"2026-01-03T14:02:23+00:00","dateModified":"2026-01-03T14:04:29+00:00","breadcrumb":{"@id":"https:\/\/bilasmidurinn.is\/vefverslun\/oryggisvorur\/bakkmyndavel-sett-vingal-sarr-thradlaust-7-split\/#breadcrumb"},"inLanguage":"en-GB","potentialAction":[{"@type":"ReadAction","target":["https:\/\/bilasmidurinn.is\/vefverslun\/oryggisvorur\/bakkmyndavel-sett-vingal-sarr-thradlaust-7-split\/"]}]},{"@type":"ImageObject","inLanguage":"en-GB","@id":"https:\/\/bilasmidurinn.is\/vefverslun\/oryggisvorur\/bakkmyndavel-sett-vingal-sarr-thradlaust-7-split\/#primaryimage","url":"https:\/\/bilasmidurinn.is\/wp-content\/uploads\/2026\/01\/D16044_HD-scaled.png","contentUrl":"https:\/\/bilasmidurinn.is\/wp-content\/uploads\/2026\/01\/D16044_HD-scaled.png","width":2422,"height":2560},{"@type":"BreadcrumbList","@id":"https:\/\/bilasmidurinn.is\/vefverslun\/oryggisvorur\/bakkmyndavel-sett-vingal-sarr-thradlaust-7-split\/#breadcrumb","itemListElement":[{"@type":"ListItem","position":1,"name":"Home","item":"https:\/\/bilasmidurinn.is\/"},{"@type":"ListItem","position":2,"name":"V\u00f6rur \u00ed verslun","item":"https:\/\/bilasmidurinn.is\/vefverslun\/"},{"@type":"ListItem","position":3,"name":"Bakkmyndav\u00e9l sett Vignal Sarr \u00fer\u00e1\u00f0laust 7&#8243; Split"}]},{"@type":"WebSite","@id":"https:\/\/bilasmidurinn.is\/#website","url":"https:\/\/bilasmidurinn.is\/","name":"B&iacute;lasmi&eth;urinn","description":"All sem &thorn;&uacute; &thorn;arft &iacute; t&aelig;ki&eth;","potentialAction":[{"@type":"SearchAction","target":{"@type":"EntryPoint","urlTemplate":"https:\/\/bilasmidurinn.is\/?s={search_term_string}"},"query-input":{"@type":"PropertyValueSpecification","valueRequired":true,"valueName":"search_term_string"}}],"inLanguage":"en-GB"}]}},"_links":{"self":[{"href":"https:\/\/bilasmidurinn.is\/en\/wp-json\/wp\/v2\/product\/15742","targetHints":{"allow":["GET"]}}],"collection":[{"href":"https:\/\/bilasmidurinn.is\/en\/wp-json\/wp\/v2\/product"}],"about":[{"href":"https:\/\/bilasmidurinn.is\/en\/wp-json\/wp\/v2\/types\/product"}],"wp:featuredmedia":[{"embeddable":true,"href":"https:\/\/bilasmidurinn.is\/en\/wp-json\/wp\/v2\/media\/15743"}],"wp:attachment":[{"href":"https:\/\/bilasmidurinn.is\/en\/wp-json\/wp\/v2\/media?parent=15742"}],"wp:term":[{"taxonomy":"product_brand","embeddable":true,"href":"https:\/\/bilasmidurinn.is\/en\/wp-json\/wp\/v2\/product_brand?post=15742"},{"taxonomy":"product_cat","embeddable":true,"href":"https:\/\/bilasmidurinn.is\/en\/wp-json\/wp\/v2\/product_cat?post=15742"},{"taxonomy":"product_tag","embeddable":true,"href":"https:\/\/bilasmidurinn.is\/en\/wp-json\/wp\/v2\/product_tag?post=15742"}],"curies":[{"name":"wp","href":"https:\/\/api.w.org\/{rel}","templated":true}]}}