{"id":15739,"date":"2026-01-03T13:34:04","date_gmt":"2026-01-03T13:34:04","guid":{"rendered":"https:\/\/bilasmidurinn.is\/?post_type=product&#038;p=15739"},"modified":"2026-01-03T13:34:04","modified_gmt":"2026-01-03T13:34:04","slug":"bakkmyndavel-sett-7-vignal-sarr-hd-kapal","status":"publish","type":"product","link":"https:\/\/bilasmidurinn.is\/en\/vefverslun\/oryggisvorur\/bakkmyndavel-sett-7-vignal-sarr-hd-kapal\/","title":{"rendered":"Bakkmyndav\u00e9l sett 7&#8243; Vignal Sarr HD kapal"},"content":{"rendered":"<p>Bakkmyndav\u00e9lasett fyrir 3 myndav\u00e9lar,\u00a0 7&#8243; skj\u00e1r HD \u00ed 720P upplausn,\u00a0 hentar fyrir v\u00f6rub\u00edla, vinnuv\u00e9lar, og \u00f6nnur t\u00e6ki \u00fear sem myndg\u00e6\u00f0in ver\u00f0a a\u00f0 vera \u00ed g\u00f3\u00f0ri upplausn.<\/p>\n<p>Ein myndav\u00e9l fylgir en h\u00e6gt a\u00f0 b\u00e6ta auka tveimur vi\u00f0,\u00a0 Myndv\u00e9lin er me\u00f0 120\u00b0 glei\u00f0linsu, og 1Million pixla,\u00a0 \u00fe\u00e9ttleiki IP69K og n\u00e6tursj\u00f3n.\u00a0 20m kapall fylgir, aukamyndav\u00e9lar og kaplar til \u00e1 lager.<\/p>\n<p>Tengiv\u00edrar fyrir bakkvirkni e\u00f0a a\u00f0ra skynjara t.d.<\/p>\n<p>12 og 24V<\/p>","protected":false},"excerpt":{"rendered":"<p>H\u00e1g\u00e6\u00f0a bakkmyndav\u00e9lasett me\u00f0 7&#8243; HD skj\u00e1 (high definition)\u00a0 myndav\u00e9l me\u00f0 120\u00b0 linsu og lj\u00f3sn\u00e6mi fr\u00e1\u00a0 0,1lux<\/p>\n<p>Sj\u00e1lvirk kveiking m\u00f6guleg me\u00f0 t.d. bakklj\u00f3sum<\/p>\n<p>Vatns\u00fe\u00e9tt IP69K<\/p>\n<p>H\u00e6gt a\u00f0 setja up \u00e1 n\u00e6stum hva\u00f0a t\u00e6ki sem er.<\/p>\n<p>12-24V DC<\/p>\n<p>2 year warranty<\/p>","protected":false},"featured_media":15740,"template":"","meta":[],"product_brand":[7992],"product_cat":[8062,7968],"product_tag":[],"class_list":{"0":"post-15739","1":"product","2":"type-product","3":"status-publish","4":"has-post-thumbnail","6":"product_brand-vignal","7":"product_cat-bakkmyndavelar","8":"product_cat-oryggisvorur","10":"first","11":"instock","12":"shipping-taxable","13":"product-type-simple"},"yoast_head":"<!-- This site is optimized with the Yoast SEO plugin v27.5 - https:\/\/yoast.com\/product\/yoast-seo-wordpress\/ -->\n<title>Bakkmyndav\u00e9l sett 7&quot; Vignal Sarr HD kapal - B&iacute;lasmi&eth;urinn<\/title>\n<meta name=\"robots\" content=\"index, follow, max-snippet:-1, max-image-preview:large, max-video-preview:-1\" \/>\n<link rel=\"canonical\" href=\"https:\/\/bilasmidurinn.is\/en\/vefverslun\/oryggisvorur\/bakkmyndavel-sett-7-vignal-sarr-hd-kapal\/\" \/>\n<meta property=\"og:locale\" content=\"en_GB\" \/>\n<meta property=\"og:type\" content=\"article\" \/>\n<meta property=\"og:title\" content=\"Bakkmyndav\u00e9l sett 7&quot; Vignal Sarr HD kapal - B&iacute;lasmi&eth;urinn\" \/>\n<meta property=\"og:description\" content=\"H\u00e1g\u00e6\u00f0a bakkmyndav\u00e9lasett me\u00f0 7&quot; HD skj\u00e1 (high definition)\u00a0 myndav\u00e9l me\u00f0 120\u00b0 linsu og lj\u00f3sn\u00e6mi fr\u00e1\u00a0 0,1lux  Sj\u00e1lvirk kveiking m\u00f6guleg me\u00f0 t.d. bakklj\u00f3sum  Vatns\u00fe\u00e9tt IP69K  H\u00e6gt a\u00f0 setja up \u00e1 n\u00e6stum hva\u00f0a t\u00e6ki sem er.  12-24V DC  2\u00e1ra \u00e1byrg\u00f0\" \/>\n<meta property=\"og:url\" content=\"https:\/\/bilasmidurinn.is\/en\/vefverslun\/oryggisvorur\/bakkmyndavel-sett-7-vignal-sarr-hd-kapal\/\" \/>\n<meta property=\"og:site_name\" content=\"B&iacute;lasmi&eth;urinn\" \/>\n<meta property=\"og:image\" content=\"https:\/\/bilasmidurinn.is\/wp-content\/uploads\/2026\/01\/D16033_HD.jpg\" \/>\n\t<meta property=\"og:image:width\" content=\"1200\" \/>\n\t<meta property=\"og:image:height\" content=\"1200\" \/>\n\t<meta property=\"og:image:type\" content=\"image\/jpeg\" \/>\n<meta name=\"twitter:card\" content=\"summary_large_image\" \/>\n<meta name=\"twitter:label1\" content=\"Estimated reading time\" \/>\n\t<meta name=\"twitter:data1\" content=\"1 minute\" \/>\n<script type=\"application\/ld+json\" class=\"yoast-schema-graph\">{\"@context\":\"https:\\\/\\\/schema.org\",\"@graph\":[{\"@type\":\"WebPage\",\"@id\":\"https:\\\/\\\/bilasmidurinn.is\\\/vefverslun\\\/oryggisvorur\\\/bakkmyndavel-sett-7-vignal-sarr-hd-kapal\\\/\",\"url\":\"https:\\\/\\\/bilasmidurinn.is\\\/vefverslun\\\/oryggisvorur\\\/bakkmyndavel-sett-7-vignal-sarr-hd-kapal\\\/\",\"name\":\"Bakkmyndav\u00e9l sett 7\\\" Vignal Sarr HD kapal - B&iacute;lasmi&eth;urinn\",\"isPartOf\":{\"@id\":\"https:\\\/\\\/bilasmidurinn.is\\\/#website\"},\"primaryImageOfPage\":{\"@id\":\"https:\\\/\\\/bilasmidurinn.is\\\/vefverslun\\\/oryggisvorur\\\/bakkmyndavel-sett-7-vignal-sarr-hd-kapal\\\/#primaryimage\"},\"image\":{\"@id\":\"https:\\\/\\\/bilasmidurinn.is\\\/vefverslun\\\/oryggisvorur\\\/bakkmyndavel-sett-7-vignal-sarr-hd-kapal\\\/#primaryimage\"},\"thumbnailUrl\":\"https:\\\/\\\/bilasmidurinn.is\\\/wp-content\\\/uploads\\\/2026\\\/01\\\/D16033_HD.jpg\",\"datePublished\":\"2026-01-03T13:34:04+00:00\",\"breadcrumb\":{\"@id\":\"https:\\\/\\\/bilasmidurinn.is\\\/vefverslun\\\/oryggisvorur\\\/bakkmyndavel-sett-7-vignal-sarr-hd-kapal\\\/#breadcrumb\"},\"inLanguage\":\"en-GB\",\"potentialAction\":[{\"@type\":\"ReadAction\",\"target\":[\"https:\\\/\\\/bilasmidurinn.is\\\/vefverslun\\\/oryggisvorur\\\/bakkmyndavel-sett-7-vignal-sarr-hd-kapal\\\/\"]}]},{\"@type\":\"ImageObject\",\"inLanguage\":\"en-GB\",\"@id\":\"https:\\\/\\\/bilasmidurinn.is\\\/vefverslun\\\/oryggisvorur\\\/bakkmyndavel-sett-7-vignal-sarr-hd-kapal\\\/#primaryimage\",\"url\":\"https:\\\/\\\/bilasmidurinn.is\\\/wp-content\\\/uploads\\\/2026\\\/01\\\/D16033_HD.jpg\",\"contentUrl\":\"https:\\\/\\\/bilasmidurinn.is\\\/wp-content\\\/uploads\\\/2026\\\/01\\\/D16033_HD.jpg\",\"width\":1200,\"height\":1200},{\"@type\":\"BreadcrumbList\",\"@id\":\"https:\\\/\\\/bilasmidurinn.is\\\/vefverslun\\\/oryggisvorur\\\/bakkmyndavel-sett-7-vignal-sarr-hd-kapal\\\/#breadcrumb\",\"itemListElement\":[{\"@type\":\"ListItem\",\"position\":1,\"name\":\"Home\",\"item\":\"https:\\\/\\\/bilasmidurinn.is\\\/\"},{\"@type\":\"ListItem\",\"position\":2,\"name\":\"V\u00f6rur \u00ed verslun\",\"item\":\"https:\\\/\\\/bilasmidurinn.is\\\/vefverslun\\\/\"},{\"@type\":\"ListItem\",\"position\":3,\"name\":\"Bakkmyndav\u00e9l sett 7&#8243; Vignal Sarr HD kapal\"}]},{\"@type\":\"WebSite\",\"@id\":\"https:\\\/\\\/bilasmidurinn.is\\\/#website\",\"url\":\"https:\\\/\\\/bilasmidurinn.is\\\/\",\"name\":\"B&iacute;lasmi&eth;urinn\",\"description\":\"All sem &thorn;&uacute; &thorn;arft &iacute; t&aelig;ki&eth;\",\"potentialAction\":[{\"@type\":\"SearchAction\",\"target\":{\"@type\":\"EntryPoint\",\"urlTemplate\":\"https:\\\/\\\/bilasmidurinn.is\\\/?s={search_term_string}\"},\"query-input\":{\"@type\":\"PropertyValueSpecification\",\"valueRequired\":true,\"valueName\":\"search_term_string\"}}],\"inLanguage\":\"en-GB\"}]}<\/script>\n<!-- \/ Yoast SEO plugin. -->","yoast_head_json":{"title":"Bakkmyndav\u00e9l sett 7\" Vignal Sarr HD kapal - B&iacute;lasmi&eth;urinn","robots":{"index":"index","follow":"follow","max-snippet":"max-snippet:-1","max-image-preview":"max-image-preview:large","max-video-preview":"max-video-preview:-1"},"canonical":"https:\/\/bilasmidurinn.is\/en\/vefverslun\/oryggisvorur\/bakkmyndavel-sett-7-vignal-sarr-hd-kapal\/","og_locale":"en_GB","og_type":"article","og_title":"Bakkmyndav\u00e9l sett 7\" Vignal Sarr HD kapal - B&iacute;lasmi&eth;urinn","og_description":"H\u00e1g\u00e6\u00f0a bakkmyndav\u00e9lasett me\u00f0 7\" HD skj\u00e1 (high definition)\u00a0 myndav\u00e9l me\u00f0 120\u00b0 linsu og lj\u00f3sn\u00e6mi fr\u00e1\u00a0 0,1lux  Sj\u00e1lvirk kveiking m\u00f6guleg me\u00f0 t.d. bakklj\u00f3sum  Vatns\u00fe\u00e9tt IP69K  H\u00e6gt a\u00f0 setja up \u00e1 n\u00e6stum hva\u00f0a t\u00e6ki sem er.  12-24V DC  2\u00e1ra \u00e1byrg\u00f0","og_url":"https:\/\/bilasmidurinn.is\/en\/vefverslun\/oryggisvorur\/bakkmyndavel-sett-7-vignal-sarr-hd-kapal\/","og_site_name":"B&iacute;lasmi&eth;urinn","og_image":[{"width":1200,"height":1200,"url":"https:\/\/bilasmidurinn.is\/wp-content\/uploads\/2026\/01\/D16033_HD.jpg","type":"image\/jpeg"}],"twitter_card":"summary_large_image","twitter_misc":{"Estimated reading time":"1 minute"},"schema":{"@context":"https:\/\/schema.org","@graph":[{"@type":"WebPage","@id":"https:\/\/bilasmidurinn.is\/vefverslun\/oryggisvorur\/bakkmyndavel-sett-7-vignal-sarr-hd-kapal\/","url":"https:\/\/bilasmidurinn.is\/vefverslun\/oryggisvorur\/bakkmyndavel-sett-7-vignal-sarr-hd-kapal\/","name":"Bakkmyndav\u00e9l sett 7\" Vignal Sarr HD kapal - B&iacute;lasmi&eth;urinn","isPartOf":{"@id":"https:\/\/bilasmidurinn.is\/#website"},"primaryImageOfPage":{"@id":"https:\/\/bilasmidurinn.is\/vefverslun\/oryggisvorur\/bakkmyndavel-sett-7-vignal-sarr-hd-kapal\/#primaryimage"},"image":{"@id":"https:\/\/bilasmidurinn.is\/vefverslun\/oryggisvorur\/bakkmyndavel-sett-7-vignal-sarr-hd-kapal\/#primaryimage"},"thumbnailUrl":"https:\/\/bilasmidurinn.is\/wp-content\/uploads\/2026\/01\/D16033_HD.jpg","datePublished":"2026-01-03T13:34:04+00:00","breadcrumb":{"@id":"https:\/\/bilasmidurinn.is\/vefverslun\/oryggisvorur\/bakkmyndavel-sett-7-vignal-sarr-hd-kapal\/#breadcrumb"},"inLanguage":"en-GB","potentialAction":[{"@type":"ReadAction","target":["https:\/\/bilasmidurinn.is\/vefverslun\/oryggisvorur\/bakkmyndavel-sett-7-vignal-sarr-hd-kapal\/"]}]},{"@type":"ImageObject","inLanguage":"en-GB","@id":"https:\/\/bilasmidurinn.is\/vefverslun\/oryggisvorur\/bakkmyndavel-sett-7-vignal-sarr-hd-kapal\/#primaryimage","url":"https:\/\/bilasmidurinn.is\/wp-content\/uploads\/2026\/01\/D16033_HD.jpg","contentUrl":"https:\/\/bilasmidurinn.is\/wp-content\/uploads\/2026\/01\/D16033_HD.jpg","width":1200,"height":1200},{"@type":"BreadcrumbList","@id":"https:\/\/bilasmidurinn.is\/vefverslun\/oryggisvorur\/bakkmyndavel-sett-7-vignal-sarr-hd-kapal\/#breadcrumb","itemListElement":[{"@type":"ListItem","position":1,"name":"Home","item":"https:\/\/bilasmidurinn.is\/"},{"@type":"ListItem","position":2,"name":"V\u00f6rur \u00ed verslun","item":"https:\/\/bilasmidurinn.is\/vefverslun\/"},{"@type":"ListItem","position":3,"name":"Bakkmyndav\u00e9l sett 7&#8243; Vignal Sarr HD kapal"}]},{"@type":"WebSite","@id":"https:\/\/bilasmidurinn.is\/#website","url":"https:\/\/bilasmidurinn.is\/","name":"B&iacute;lasmi&eth;urinn","description":"All sem &thorn;&uacute; &thorn;arft &iacute; t&aelig;ki&eth;","potentialAction":[{"@type":"SearchAction","target":{"@type":"EntryPoint","urlTemplate":"https:\/\/bilasmidurinn.is\/?s={search_term_string}"},"query-input":{"@type":"PropertyValueSpecification","valueRequired":true,"valueName":"search_term_string"}}],"inLanguage":"en-GB"}]}},"_links":{"self":[{"href":"https:\/\/bilasmidurinn.is\/en\/wp-json\/wp\/v2\/product\/15739","targetHints":{"allow":["GET"]}}],"collection":[{"href":"https:\/\/bilasmidurinn.is\/en\/wp-json\/wp\/v2\/product"}],"about":[{"href":"https:\/\/bilasmidurinn.is\/en\/wp-json\/wp\/v2\/types\/product"}],"wp:featuredmedia":[{"embeddable":true,"href":"https:\/\/bilasmidurinn.is\/en\/wp-json\/wp\/v2\/media\/15740"}],"wp:attachment":[{"href":"https:\/\/bilasmidurinn.is\/en\/wp-json\/wp\/v2\/media?parent=15739"}],"wp:term":[{"taxonomy":"product_brand","embeddable":true,"href":"https:\/\/bilasmidurinn.is\/en\/wp-json\/wp\/v2\/product_brand?post=15739"},{"taxonomy":"product_cat","embeddable":true,"href":"https:\/\/bilasmidurinn.is\/en\/wp-json\/wp\/v2\/product_cat?post=15739"},{"taxonomy":"product_tag","embeddable":true,"href":"https:\/\/bilasmidurinn.is\/en\/wp-json\/wp\/v2\/product_tag?post=15739"}],"curies":[{"name":"wp","href":"https:\/\/api.w.org\/{rel}","templated":true}]}}