{"id":15538,"date":"2025-05-16T16:58:05","date_gmt":"2025-05-16T16:58:05","guid":{"rendered":"https:\/\/bilasmidurinn.is\/?post_type=product&#038;p=15538"},"modified":"2025-05-16T16:58:05","modified_gmt":"2025-05-16T16:58:05","slug":"afturljos-multipoint-ii-12v","status":"publish","type":"product","link":"https:\/\/bilasmidurinn.is\/en\/vefverslun\/ljos\/afturljos\/afturljos-multipoint-ii-12v\/","title":{"rendered":"Afturlj\u00f3s Multipoint II 12V"},"content":{"rendered":"<p>Kerru afturlj\u00f3s Multipoint II me\u00f0 \u00fer\u00edhyrning 12v.\u00a0 5pin Bayonet tengi vinstra me\u00f0 \u00feokulj\u00f3si.<\/p>","protected":false},"excerpt":{"rendered":"<p>Multipoint II Asp\u00f6ck kerrulj\u00f3s 12V vinstra megin me\u00f0 \u00feokulj\u00f3si og \u00fer\u00edhyrningi, 5pin Bayonet tengi,<\/p>","protected":false},"featured_media":15539,"template":"","meta":[],"product_brand":[8059],"product_cat":[8016,7893],"product_tag":[],"class_list":{"0":"post-15538","1":"product","2":"type-product","3":"status-publish","4":"has-post-thumbnail","6":"product_brand-aspock","7":"product_cat-afturljos","8":"product_cat-ljos","10":"first","11":"instock","12":"shipping-taxable","13":"product-type-simple"},"yoast_head":"<!-- This site is optimized with the Yoast SEO plugin v27.4 - https:\/\/yoast.com\/product\/yoast-seo-wordpress\/ -->\n<title>Afturlj\u00f3s Multipoint II 12V - B&iacute;lasmi&eth;urinn<\/title>\n<meta name=\"robots\" content=\"index, follow, max-snippet:-1, max-image-preview:large, max-video-preview:-1\" \/>\n<link rel=\"canonical\" href=\"https:\/\/bilasmidurinn.is\/en\/vefverslun\/ljos\/afturljos\/afturljos-multipoint-ii-12v\/\" \/>\n<meta property=\"og:locale\" content=\"en_GB\" \/>\n<meta property=\"og:type\" content=\"article\" \/>\n<meta property=\"og:title\" content=\"Afturlj\u00f3s Multipoint II 12V - B&iacute;lasmi&eth;urinn\" \/>\n<meta property=\"og:description\" content=\"Multipoint II Asp\u00f6ck kerrulj\u00f3s 12V vinstra megin me\u00f0 \u00feokulj\u00f3si og \u00fer\u00edhyrningi, 5pin Bayonet tengi,\" \/>\n<meta property=\"og:url\" content=\"https:\/\/bilasmidurinn.is\/en\/vefverslun\/ljos\/afturljos\/afturljos-multipoint-ii-12v\/\" \/>\n<meta property=\"og:site_name\" content=\"B&iacute;lasmi&eth;urinn\" \/>\n<meta property=\"og:image\" content=\"https:\/\/bilasmidurinn.is\/wp-content\/uploads\/2025\/05\/Multipoint-II.png\" \/>\n\t<meta property=\"og:image:width\" content=\"200\" \/>\n\t<meta property=\"og:image:height\" content=\"232\" \/>\n\t<meta property=\"og:image:type\" content=\"image\/png\" \/>\n<meta name=\"twitter:card\" content=\"summary_large_image\" \/>\n<meta name=\"twitter:label1\" content=\"Estimated reading time\" \/>\n\t<meta name=\"twitter:data1\" content=\"1 minute\" \/>\n<script type=\"application\/ld+json\" class=\"yoast-schema-graph\">{\"@context\":\"https:\\\/\\\/schema.org\",\"@graph\":[{\"@type\":\"WebPage\",\"@id\":\"https:\\\/\\\/bilasmidurinn.is\\\/vefverslun\\\/ljos\\\/afturljos\\\/afturljos-multipoint-ii-12v\\\/\",\"url\":\"https:\\\/\\\/bilasmidurinn.is\\\/vefverslun\\\/ljos\\\/afturljos\\\/afturljos-multipoint-ii-12v\\\/\",\"name\":\"Afturlj\u00f3s Multipoint II 12V - B&iacute;lasmi&eth;urinn\",\"isPartOf\":{\"@id\":\"https:\\\/\\\/bilasmidurinn.is\\\/#website\"},\"primaryImageOfPage\":{\"@id\":\"https:\\\/\\\/bilasmidurinn.is\\\/vefverslun\\\/ljos\\\/afturljos\\\/afturljos-multipoint-ii-12v\\\/#primaryimage\"},\"image\":{\"@id\":\"https:\\\/\\\/bilasmidurinn.is\\\/vefverslun\\\/ljos\\\/afturljos\\\/afturljos-multipoint-ii-12v\\\/#primaryimage\"},\"thumbnailUrl\":\"https:\\\/\\\/bilasmidurinn.is\\\/wp-content\\\/uploads\\\/2025\\\/05\\\/Multipoint-II.png\",\"datePublished\":\"2025-05-16T16:58:05+00:00\",\"breadcrumb\":{\"@id\":\"https:\\\/\\\/bilasmidurinn.is\\\/vefverslun\\\/ljos\\\/afturljos\\\/afturljos-multipoint-ii-12v\\\/#breadcrumb\"},\"inLanguage\":\"en-GB\",\"potentialAction\":[{\"@type\":\"ReadAction\",\"target\":[\"https:\\\/\\\/bilasmidurinn.is\\\/vefverslun\\\/ljos\\\/afturljos\\\/afturljos-multipoint-ii-12v\\\/\"]}]},{\"@type\":\"ImageObject\",\"inLanguage\":\"en-GB\",\"@id\":\"https:\\\/\\\/bilasmidurinn.is\\\/vefverslun\\\/ljos\\\/afturljos\\\/afturljos-multipoint-ii-12v\\\/#primaryimage\",\"url\":\"https:\\\/\\\/bilasmidurinn.is\\\/wp-content\\\/uploads\\\/2025\\\/05\\\/Multipoint-II.png\",\"contentUrl\":\"https:\\\/\\\/bilasmidurinn.is\\\/wp-content\\\/uploads\\\/2025\\\/05\\\/Multipoint-II.png\",\"width\":200,\"height\":232},{\"@type\":\"BreadcrumbList\",\"@id\":\"https:\\\/\\\/bilasmidurinn.is\\\/vefverslun\\\/ljos\\\/afturljos\\\/afturljos-multipoint-ii-12v\\\/#breadcrumb\",\"itemListElement\":[{\"@type\":\"ListItem\",\"position\":1,\"name\":\"Home\",\"item\":\"https:\\\/\\\/bilasmidurinn.is\\\/\"},{\"@type\":\"ListItem\",\"position\":2,\"name\":\"V\u00f6rur \u00ed verslun\",\"item\":\"https:\\\/\\\/bilasmidurinn.is\\\/vefverslun\\\/\"},{\"@type\":\"ListItem\",\"position\":3,\"name\":\"Afturlj\u00f3s Multipoint II 12V\"}]},{\"@type\":\"WebSite\",\"@id\":\"https:\\\/\\\/bilasmidurinn.is\\\/#website\",\"url\":\"https:\\\/\\\/bilasmidurinn.is\\\/\",\"name\":\"B&iacute;lasmi&eth;urinn\",\"description\":\"All sem &thorn;&uacute; &thorn;arft &iacute; t&aelig;ki&eth;\",\"potentialAction\":[{\"@type\":\"SearchAction\",\"target\":{\"@type\":\"EntryPoint\",\"urlTemplate\":\"https:\\\/\\\/bilasmidurinn.is\\\/?s={search_term_string}\"},\"query-input\":{\"@type\":\"PropertyValueSpecification\",\"valueRequired\":true,\"valueName\":\"search_term_string\"}}],\"inLanguage\":\"en-GB\"}]}<\/script>\n<!-- \/ Yoast SEO plugin. -->","yoast_head_json":{"title":"Afturlj\u00f3s Multipoint II 12V - B&iacute;lasmi&eth;urinn","robots":{"index":"index","follow":"follow","max-snippet":"max-snippet:-1","max-image-preview":"max-image-preview:large","max-video-preview":"max-video-preview:-1"},"canonical":"https:\/\/bilasmidurinn.is\/en\/vefverslun\/ljos\/afturljos\/afturljos-multipoint-ii-12v\/","og_locale":"en_GB","og_type":"article","og_title":"Afturlj\u00f3s Multipoint II 12V - B&iacute;lasmi&eth;urinn","og_description":"Multipoint II Asp\u00f6ck kerrulj\u00f3s 12V vinstra megin me\u00f0 \u00feokulj\u00f3si og \u00fer\u00edhyrningi, 5pin Bayonet tengi,","og_url":"https:\/\/bilasmidurinn.is\/en\/vefverslun\/ljos\/afturljos\/afturljos-multipoint-ii-12v\/","og_site_name":"B&iacute;lasmi&eth;urinn","og_image":[{"width":200,"height":232,"url":"https:\/\/bilasmidurinn.is\/wp-content\/uploads\/2025\/05\/Multipoint-II.png","type":"image\/png"}],"twitter_card":"summary_large_image","twitter_misc":{"Estimated reading time":"1 minute"},"schema":{"@context":"https:\/\/schema.org","@graph":[{"@type":"WebPage","@id":"https:\/\/bilasmidurinn.is\/vefverslun\/ljos\/afturljos\/afturljos-multipoint-ii-12v\/","url":"https:\/\/bilasmidurinn.is\/vefverslun\/ljos\/afturljos\/afturljos-multipoint-ii-12v\/","name":"Afturlj\u00f3s Multipoint II 12V - B&iacute;lasmi&eth;urinn","isPartOf":{"@id":"https:\/\/bilasmidurinn.is\/#website"},"primaryImageOfPage":{"@id":"https:\/\/bilasmidurinn.is\/vefverslun\/ljos\/afturljos\/afturljos-multipoint-ii-12v\/#primaryimage"},"image":{"@id":"https:\/\/bilasmidurinn.is\/vefverslun\/ljos\/afturljos\/afturljos-multipoint-ii-12v\/#primaryimage"},"thumbnailUrl":"https:\/\/bilasmidurinn.is\/wp-content\/uploads\/2025\/05\/Multipoint-II.png","datePublished":"2025-05-16T16:58:05+00:00","breadcrumb":{"@id":"https:\/\/bilasmidurinn.is\/vefverslun\/ljos\/afturljos\/afturljos-multipoint-ii-12v\/#breadcrumb"},"inLanguage":"en-GB","potentialAction":[{"@type":"ReadAction","target":["https:\/\/bilasmidurinn.is\/vefverslun\/ljos\/afturljos\/afturljos-multipoint-ii-12v\/"]}]},{"@type":"ImageObject","inLanguage":"en-GB","@id":"https:\/\/bilasmidurinn.is\/vefverslun\/ljos\/afturljos\/afturljos-multipoint-ii-12v\/#primaryimage","url":"https:\/\/bilasmidurinn.is\/wp-content\/uploads\/2025\/05\/Multipoint-II.png","contentUrl":"https:\/\/bilasmidurinn.is\/wp-content\/uploads\/2025\/05\/Multipoint-II.png","width":200,"height":232},{"@type":"BreadcrumbList","@id":"https:\/\/bilasmidurinn.is\/vefverslun\/ljos\/afturljos\/afturljos-multipoint-ii-12v\/#breadcrumb","itemListElement":[{"@type":"ListItem","position":1,"name":"Home","item":"https:\/\/bilasmidurinn.is\/"},{"@type":"ListItem","position":2,"name":"V\u00f6rur \u00ed verslun","item":"https:\/\/bilasmidurinn.is\/vefverslun\/"},{"@type":"ListItem","position":3,"name":"Afturlj\u00f3s Multipoint II 12V"}]},{"@type":"WebSite","@id":"https:\/\/bilasmidurinn.is\/#website","url":"https:\/\/bilasmidurinn.is\/","name":"B&iacute;lasmi&eth;urinn","description":"All sem &thorn;&uacute; &thorn;arft &iacute; t&aelig;ki&eth;","potentialAction":[{"@type":"SearchAction","target":{"@type":"EntryPoint","urlTemplate":"https:\/\/bilasmidurinn.is\/?s={search_term_string}"},"query-input":{"@type":"PropertyValueSpecification","valueRequired":true,"valueName":"search_term_string"}}],"inLanguage":"en-GB"}]}},"_links":{"self":[{"href":"https:\/\/bilasmidurinn.is\/en\/wp-json\/wp\/v2\/product\/15538","targetHints":{"allow":["GET"]}}],"collection":[{"href":"https:\/\/bilasmidurinn.is\/en\/wp-json\/wp\/v2\/product"}],"about":[{"href":"https:\/\/bilasmidurinn.is\/en\/wp-json\/wp\/v2\/types\/product"}],"wp:featuredmedia":[{"embeddable":true,"href":"https:\/\/bilasmidurinn.is\/en\/wp-json\/wp\/v2\/media\/15539"}],"wp:attachment":[{"href":"https:\/\/bilasmidurinn.is\/en\/wp-json\/wp\/v2\/media?parent=15538"}],"wp:term":[{"taxonomy":"product_brand","embeddable":true,"href":"https:\/\/bilasmidurinn.is\/en\/wp-json\/wp\/v2\/product_brand?post=15538"},{"taxonomy":"product_cat","embeddable":true,"href":"https:\/\/bilasmidurinn.is\/en\/wp-json\/wp\/v2\/product_cat?post=15538"},{"taxonomy":"product_tag","embeddable":true,"href":"https:\/\/bilasmidurinn.is\/en\/wp-json\/wp\/v2\/product_tag?post=15538"}],"curies":[{"name":"wp","href":"https:\/\/api.w.org\/{rel}","templated":true}]}}