{"id":15468,"date":"2024-05-28T12:33:15","date_gmt":"2024-05-28T12:33:15","guid":{"rendered":"https:\/\/bilasmidurinn.is\/?post_type=product&#038;p=15468"},"modified":"2024-05-28T13:00:53","modified_gmt":"2024-05-28T13:00:53","slug":"isskapur-65l-indelb-black-line-12-24v","status":"publish","type":"product","link":"https:\/\/bilasmidurinn.is\/en\/vefverslun\/isskapar\/isskapur-65l-indelb-black-line-12-24v\/","title":{"rendered":"Refrigerator 65L IndelB Black line 12\/24v"},"content":{"rendered":"<p>Refrigerator 65L with 6L freezer compartment, 12\/24V DC with press, extremely economical, Suitable for campers, caravans and boats.<\/p>\n<p>Size 535x450x511mm<\/p>\n<p>0.288kW\/24h<\/p>\n<p>Manufacturer IndelB Italy.<\/p>","protected":false},"excerpt":{"rendered":"<p>65L fridge with 6L freezer compartment 12\/24V IndelB Black line<\/p>","protected":false},"featured_media":15457,"template":"","meta":[],"product_brand":[],"product_cat":[7962],"product_tag":[],"class_list":{"0":"post-15468","1":"product","2":"type-product","3":"status-publish","4":"has-post-thumbnail","6":"product_cat-isskapar","8":"first","9":"instock","10":"shipping-taxable","11":"product-type-simple"},"yoast_head":"<!-- This site is optimized with the Yoast SEO plugin v27.3 - https:\/\/yoast.com\/product\/yoast-seo-wordpress\/ -->\n<title>\u00cdssk\u00e1pur 65L IndelB Black line 12\/24v - B&iacute;lasmi&eth;urinn<\/title>\n<meta name=\"robots\" content=\"index, follow, max-snippet:-1, max-image-preview:large, max-video-preview:-1\" \/>\n<link rel=\"canonical\" href=\"https:\/\/bilasmidurinn.is\/en\/vefverslun\/isskapar\/isskapur-65l-indelb-black-line-12-24v\/\" \/>\n<meta property=\"og:locale\" content=\"en_GB\" \/>\n<meta property=\"og:type\" content=\"article\" \/>\n<meta property=\"og:title\" content=\"\u00cdssk\u00e1pur 65L IndelB Black line 12\/24v - B&iacute;lasmi&eth;urinn\" \/>\n<meta property=\"og:description\" content=\"65L \u00edssk\u00e1pur me\u00f0 6L frystih\u00f3lfi\u00a0 12\/24V IndelB Black line\" \/>\n<meta property=\"og:url\" content=\"https:\/\/bilasmidurinn.is\/en\/vefverslun\/isskapar\/isskapur-65l-indelb-black-line-12-24v\/\" \/>\n<meta property=\"og:site_name\" content=\"B&iacute;lasmi&eth;urinn\" \/>\n<meta property=\"article:modified_time\" content=\"2024-05-28T13:00:53+00:00\" \/>\n<meta property=\"og:image\" content=\"https:\/\/bilasmidurinn.is\/wp-content\/uploads\/2022\/07\/OFF85L.png\" \/>\n\t<meta property=\"og:image:width\" content=\"212\" \/>\n\t<meta property=\"og:image:height\" content=\"198\" \/>\n\t<meta property=\"og:image:type\" content=\"image\/png\" \/>\n<meta name=\"twitter:card\" content=\"summary_large_image\" \/>\n<meta name=\"twitter:label1\" content=\"Estimated reading time\" \/>\n\t<meta name=\"twitter:data1\" content=\"1 minute\" \/>\n<script type=\"application\/ld+json\" class=\"yoast-schema-graph\">{\"@context\":\"https:\\\/\\\/schema.org\",\"@graph\":[{\"@type\":\"WebPage\",\"@id\":\"https:\\\/\\\/bilasmidurinn.is\\\/vefverslun\\\/isskapar\\\/isskapur-65l-indelb-black-line-12-24v\\\/\",\"url\":\"https:\\\/\\\/bilasmidurinn.is\\\/vefverslun\\\/isskapar\\\/isskapur-65l-indelb-black-line-12-24v\\\/\",\"name\":\"\u00cdssk\u00e1pur 65L IndelB Black line 12\\\/24v - B&iacute;lasmi&eth;urinn\",\"isPartOf\":{\"@id\":\"https:\\\/\\\/bilasmidurinn.is\\\/#website\"},\"primaryImageOfPage\":{\"@id\":\"https:\\\/\\\/bilasmidurinn.is\\\/vefverslun\\\/isskapar\\\/isskapur-65l-indelb-black-line-12-24v\\\/#primaryimage\"},\"image\":{\"@id\":\"https:\\\/\\\/bilasmidurinn.is\\\/vefverslun\\\/isskapar\\\/isskapur-65l-indelb-black-line-12-24v\\\/#primaryimage\"},\"thumbnailUrl\":\"https:\\\/\\\/bilasmidurinn.is\\\/wp-content\\\/uploads\\\/2022\\\/07\\\/OFF85L.png\",\"datePublished\":\"2024-05-28T12:33:15+00:00\",\"dateModified\":\"2024-05-28T13:00:53+00:00\",\"breadcrumb\":{\"@id\":\"https:\\\/\\\/bilasmidurinn.is\\\/vefverslun\\\/isskapar\\\/isskapur-65l-indelb-black-line-12-24v\\\/#breadcrumb\"},\"inLanguage\":\"en-GB\",\"potentialAction\":[{\"@type\":\"ReadAction\",\"target\":[\"https:\\\/\\\/bilasmidurinn.is\\\/vefverslun\\\/isskapar\\\/isskapur-65l-indelb-black-line-12-24v\\\/\"]}]},{\"@type\":\"ImageObject\",\"inLanguage\":\"en-GB\",\"@id\":\"https:\\\/\\\/bilasmidurinn.is\\\/vefverslun\\\/isskapar\\\/isskapur-65l-indelb-black-line-12-24v\\\/#primaryimage\",\"url\":\"https:\\\/\\\/bilasmidurinn.is\\\/wp-content\\\/uploads\\\/2022\\\/07\\\/OFF85L.png\",\"contentUrl\":\"https:\\\/\\\/bilasmidurinn.is\\\/wp-content\\\/uploads\\\/2022\\\/07\\\/OFF85L.png\",\"width\":212,\"height\":198},{\"@type\":\"BreadcrumbList\",\"@id\":\"https:\\\/\\\/bilasmidurinn.is\\\/vefverslun\\\/isskapar\\\/isskapur-65l-indelb-black-line-12-24v\\\/#breadcrumb\",\"itemListElement\":[{\"@type\":\"ListItem\",\"position\":1,\"name\":\"Home\",\"item\":\"https:\\\/\\\/bilasmidurinn.is\\\/\"},{\"@type\":\"ListItem\",\"position\":2,\"name\":\"V\u00f6rur \u00ed verslun\",\"item\":\"https:\\\/\\\/bilasmidurinn.is\\\/vefverslun\\\/\"},{\"@type\":\"ListItem\",\"position\":3,\"name\":\"\u00cdssk\u00e1pur 65L IndelB Black line 12\\\/24v\"}]},{\"@type\":\"WebSite\",\"@id\":\"https:\\\/\\\/bilasmidurinn.is\\\/#website\",\"url\":\"https:\\\/\\\/bilasmidurinn.is\\\/\",\"name\":\"B&iacute;lasmi&eth;urinn\",\"description\":\"All sem &thorn;&uacute; &thorn;arft &iacute; t&aelig;ki&eth;\",\"potentialAction\":[{\"@type\":\"SearchAction\",\"target\":{\"@type\":\"EntryPoint\",\"urlTemplate\":\"https:\\\/\\\/bilasmidurinn.is\\\/?s={search_term_string}\"},\"query-input\":{\"@type\":\"PropertyValueSpecification\",\"valueRequired\":true,\"valueName\":\"search_term_string\"}}],\"inLanguage\":\"en-GB\"}]}<\/script>\n<!-- \/ Yoast SEO plugin. -->","yoast_head_json":{"title":"\u00cdssk\u00e1pur 65L IndelB Black line 12\/24v - B&iacute;lasmi&eth;urinn","robots":{"index":"index","follow":"follow","max-snippet":"max-snippet:-1","max-image-preview":"max-image-preview:large","max-video-preview":"max-video-preview:-1"},"canonical":"https:\/\/bilasmidurinn.is\/en\/vefverslun\/isskapar\/isskapur-65l-indelb-black-line-12-24v\/","og_locale":"en_GB","og_type":"article","og_title":"\u00cdssk\u00e1pur 65L IndelB Black line 12\/24v - B&iacute;lasmi&eth;urinn","og_description":"65L \u00edssk\u00e1pur me\u00f0 6L frystih\u00f3lfi\u00a0 12\/24V IndelB Black line","og_url":"https:\/\/bilasmidurinn.is\/en\/vefverslun\/isskapar\/isskapur-65l-indelb-black-line-12-24v\/","og_site_name":"B&iacute;lasmi&eth;urinn","article_modified_time":"2024-05-28T13:00:53+00:00","og_image":[{"width":212,"height":198,"url":"https:\/\/bilasmidurinn.is\/wp-content\/uploads\/2022\/07\/OFF85L.png","type":"image\/png"}],"twitter_card":"summary_large_image","twitter_misc":{"Estimated reading time":"1 minute"},"schema":{"@context":"https:\/\/schema.org","@graph":[{"@type":"WebPage","@id":"https:\/\/bilasmidurinn.is\/vefverslun\/isskapar\/isskapur-65l-indelb-black-line-12-24v\/","url":"https:\/\/bilasmidurinn.is\/vefverslun\/isskapar\/isskapur-65l-indelb-black-line-12-24v\/","name":"\u00cdssk\u00e1pur 65L IndelB Black line 12\/24v - B&iacute;lasmi&eth;urinn","isPartOf":{"@id":"https:\/\/bilasmidurinn.is\/#website"},"primaryImageOfPage":{"@id":"https:\/\/bilasmidurinn.is\/vefverslun\/isskapar\/isskapur-65l-indelb-black-line-12-24v\/#primaryimage"},"image":{"@id":"https:\/\/bilasmidurinn.is\/vefverslun\/isskapar\/isskapur-65l-indelb-black-line-12-24v\/#primaryimage"},"thumbnailUrl":"https:\/\/bilasmidurinn.is\/wp-content\/uploads\/2022\/07\/OFF85L.png","datePublished":"2024-05-28T12:33:15+00:00","dateModified":"2024-05-28T13:00:53+00:00","breadcrumb":{"@id":"https:\/\/bilasmidurinn.is\/vefverslun\/isskapar\/isskapur-65l-indelb-black-line-12-24v\/#breadcrumb"},"inLanguage":"en-GB","potentialAction":[{"@type":"ReadAction","target":["https:\/\/bilasmidurinn.is\/vefverslun\/isskapar\/isskapur-65l-indelb-black-line-12-24v\/"]}]},{"@type":"ImageObject","inLanguage":"en-GB","@id":"https:\/\/bilasmidurinn.is\/vefverslun\/isskapar\/isskapur-65l-indelb-black-line-12-24v\/#primaryimage","url":"https:\/\/bilasmidurinn.is\/wp-content\/uploads\/2022\/07\/OFF85L.png","contentUrl":"https:\/\/bilasmidurinn.is\/wp-content\/uploads\/2022\/07\/OFF85L.png","width":212,"height":198},{"@type":"BreadcrumbList","@id":"https:\/\/bilasmidurinn.is\/vefverslun\/isskapar\/isskapur-65l-indelb-black-line-12-24v\/#breadcrumb","itemListElement":[{"@type":"ListItem","position":1,"name":"Home","item":"https:\/\/bilasmidurinn.is\/"},{"@type":"ListItem","position":2,"name":"V\u00f6rur \u00ed verslun","item":"https:\/\/bilasmidurinn.is\/vefverslun\/"},{"@type":"ListItem","position":3,"name":"\u00cdssk\u00e1pur 65L IndelB Black line 12\/24v"}]},{"@type":"WebSite","@id":"https:\/\/bilasmidurinn.is\/#website","url":"https:\/\/bilasmidurinn.is\/","name":"B&iacute;lasmi&eth;urinn","description":"All sem &thorn;&uacute; &thorn;arft &iacute; t&aelig;ki&eth;","potentialAction":[{"@type":"SearchAction","target":{"@type":"EntryPoint","urlTemplate":"https:\/\/bilasmidurinn.is\/?s={search_term_string}"},"query-input":{"@type":"PropertyValueSpecification","valueRequired":true,"valueName":"search_term_string"}}],"inLanguage":"en-GB"}]}},"_links":{"self":[{"href":"https:\/\/bilasmidurinn.is\/en\/wp-json\/wp\/v2\/product\/15468","targetHints":{"allow":["GET"]}}],"collection":[{"href":"https:\/\/bilasmidurinn.is\/en\/wp-json\/wp\/v2\/product"}],"about":[{"href":"https:\/\/bilasmidurinn.is\/en\/wp-json\/wp\/v2\/types\/product"}],"wp:featuredmedia":[{"embeddable":true,"href":"https:\/\/bilasmidurinn.is\/en\/wp-json\/wp\/v2\/media\/15457"}],"wp:attachment":[{"href":"https:\/\/bilasmidurinn.is\/en\/wp-json\/wp\/v2\/media?parent=15468"}],"wp:term":[{"taxonomy":"product_brand","embeddable":true,"href":"https:\/\/bilasmidurinn.is\/en\/wp-json\/wp\/v2\/product_brand?post=15468"},{"taxonomy":"product_cat","embeddable":true,"href":"https:\/\/bilasmidurinn.is\/en\/wp-json\/wp\/v2\/product_cat?post=15468"},{"taxonomy":"product_tag","embeddable":true,"href":"https:\/\/bilasmidurinn.is\/en\/wp-json\/wp\/v2\/product_tag?post=15468"}],"curies":[{"name":"wp","href":"https:\/\/api.w.org\/{rel}","templated":true}]}}