{"id":15405,"date":"2024-03-13T20:41:41","date_gmt":"2024-03-13T20:41:41","guid":{"rendered":"https:\/\/bilasmidurinn.is\/?post_type=product&#038;p=15405"},"modified":"2024-10-16T13:59:33","modified_gmt":"2024-10-16T13:59:33","slug":"nbb-alpha-pro-led-7-ljoskastari","status":"publish","type":"product","link":"https:\/\/bilasmidurinn.is\/en\/vefverslun\/ljos\/ljoskastarar\/nbb-alpha-pro-led-7-ljoskastari\/","title":{"rendered":"NBB Alpha Pro LED 7\u2033 Floodlight"},"content":{"rendered":"<p>NBB Alpha Pro LED 7\u2033 are extremely well designed auxiliary lights with a park. Excellent light dispersion meet ECE R112 10 as extra high beams.<\/p>\n<p>Clear covers are included that protect against condensation and form an air chamber that heats up together with a ring in several colors. Extremely strong fasteners that hold and last.<\/p>\n<p>see pfd.<\/p>\n<p>NBB is produced by ABL Vignal.<\/p>\n<p>&nbsp;<\/p>","protected":false},"excerpt":{"rendered":"<p>BB Alpha Pro LED 7\u2033 is an extremely well-designed additional light with a park. Excellent light dispersion meet ECE R112 10 as extra high beams.<\/p>\n<p>https:\/\/youtu.be\/_klgA-Kw3jM?si=bHC2tZ6wQ8uXkBPd<\/p>","protected":false},"featured_media":15406,"template":"","meta":[],"product_brand":[7993,7994,7992],"product_cat":[7893,8042],"product_tag":[],"class_list":{"0":"post-15405","1":"product","2":"type-product","3":"status-publish","4":"has-post-thumbnail","6":"product_brand-abl","7":"product_brand-nbb","8":"product_brand-vignal","9":"product_cat-ljos","10":"product_cat-ljoskastarar","12":"first","13":"instock","14":"shipping-taxable","15":"product-type-simple"},"yoast_head":"<!-- This site is optimized with the Yoast SEO plugin v27.5 - https:\/\/yoast.com\/product\/yoast-seo-wordpress\/ -->\n<title>NBB Alpha Pro LED 7&quot; Lj\u00f3skastari - B&iacute;lasmi&eth;urinn<\/title>\n<meta name=\"robots\" content=\"index, follow, max-snippet:-1, max-image-preview:large, max-video-preview:-1\" \/>\n<link rel=\"canonical\" href=\"https:\/\/bilasmidurinn.is\/en\/vefverslun\/ljos\/ljoskastarar\/nbb-alpha-pro-led-7-ljoskastari\/\" \/>\n<meta property=\"og:locale\" content=\"en_GB\" \/>\n<meta property=\"og:type\" content=\"article\" \/>\n<meta property=\"og:title\" content=\"NBB Alpha Pro LED 7&quot; Lj\u00f3skastari - B&iacute;lasmi&eth;urinn\" \/>\n<meta property=\"og:description\" content=\"BB Alpha Pro LED 7&quot; eru einstaklega vel h\u00f6nnu aukalj\u00f3s me\u00f0 parki.\u00a0 Fr\u00e1b\u00e6r lj\u00f3sdreyfing uppfylla ECE R112 10 sem auka h\u00e1i geysli.  https:\/\/youtu.be\/_klgA-Kw3jM?si=bHC2tZ6wQ8uXkBPd\" \/>\n<meta property=\"og:url\" content=\"https:\/\/bilasmidurinn.is\/en\/vefverslun\/ljos\/ljoskastarar\/nbb-alpha-pro-led-7-ljoskastari\/\" \/>\n<meta property=\"og:site_name\" content=\"B&iacute;lasmi&eth;urinn\" \/>\n<meta property=\"article:modified_time\" content=\"2024-10-16T13:59:33+00:00\" \/>\n<meta property=\"og:image\" content=\"https:\/\/bilasmidurinn.is\/wp-content\/uploads\/2024\/03\/NBB255265-5910_2.webp\" \/>\n\t<meta property=\"og:image:width\" content=\"304\" \/>\n\t<meta property=\"og:image:height\" content=\"228\" \/>\n\t<meta property=\"og:image:type\" content=\"image\/webp\" \/>\n<meta name=\"twitter:card\" content=\"summary_large_image\" \/>\n<meta name=\"twitter:label1\" content=\"Estimated reading time\" \/>\n\t<meta name=\"twitter:data1\" content=\"1 minute\" \/>\n<script type=\"application\/ld+json\" class=\"yoast-schema-graph\">{\"@context\":\"https:\\\/\\\/schema.org\",\"@graph\":[{\"@type\":\"WebPage\",\"@id\":\"https:\\\/\\\/bilasmidurinn.is\\\/vefverslun\\\/ljos\\\/ljoskastarar\\\/nbb-alpha-pro-led-7-ljoskastari\\\/\",\"url\":\"https:\\\/\\\/bilasmidurinn.is\\\/vefverslun\\\/ljos\\\/ljoskastarar\\\/nbb-alpha-pro-led-7-ljoskastari\\\/\",\"name\":\"NBB Alpha Pro LED 7\\\" Lj\u00f3skastari - B&iacute;lasmi&eth;urinn\",\"isPartOf\":{\"@id\":\"https:\\\/\\\/bilasmidurinn.is\\\/#website\"},\"primaryImageOfPage\":{\"@id\":\"https:\\\/\\\/bilasmidurinn.is\\\/vefverslun\\\/ljos\\\/ljoskastarar\\\/nbb-alpha-pro-led-7-ljoskastari\\\/#primaryimage\"},\"image\":{\"@id\":\"https:\\\/\\\/bilasmidurinn.is\\\/vefverslun\\\/ljos\\\/ljoskastarar\\\/nbb-alpha-pro-led-7-ljoskastari\\\/#primaryimage\"},\"thumbnailUrl\":\"https:\\\/\\\/bilasmidurinn.is\\\/wp-content\\\/uploads\\\/2024\\\/03\\\/NBB255265-5910_2.webp\",\"datePublished\":\"2024-03-13T20:41:41+00:00\",\"dateModified\":\"2024-10-16T13:59:33+00:00\",\"breadcrumb\":{\"@id\":\"https:\\\/\\\/bilasmidurinn.is\\\/vefverslun\\\/ljos\\\/ljoskastarar\\\/nbb-alpha-pro-led-7-ljoskastari\\\/#breadcrumb\"},\"inLanguage\":\"en-GB\",\"potentialAction\":[{\"@type\":\"ReadAction\",\"target\":[\"https:\\\/\\\/bilasmidurinn.is\\\/vefverslun\\\/ljos\\\/ljoskastarar\\\/nbb-alpha-pro-led-7-ljoskastari\\\/\"]}]},{\"@type\":\"ImageObject\",\"inLanguage\":\"en-GB\",\"@id\":\"https:\\\/\\\/bilasmidurinn.is\\\/vefverslun\\\/ljos\\\/ljoskastarar\\\/nbb-alpha-pro-led-7-ljoskastari\\\/#primaryimage\",\"url\":\"https:\\\/\\\/bilasmidurinn.is\\\/wp-content\\\/uploads\\\/2024\\\/03\\\/NBB255265-5910_2.webp\",\"contentUrl\":\"https:\\\/\\\/bilasmidurinn.is\\\/wp-content\\\/uploads\\\/2024\\\/03\\\/NBB255265-5910_2.webp\",\"width\":304,\"height\":228},{\"@type\":\"BreadcrumbList\",\"@id\":\"https:\\\/\\\/bilasmidurinn.is\\\/vefverslun\\\/ljos\\\/ljoskastarar\\\/nbb-alpha-pro-led-7-ljoskastari\\\/#breadcrumb\",\"itemListElement\":[{\"@type\":\"ListItem\",\"position\":1,\"name\":\"Home\",\"item\":\"https:\\\/\\\/bilasmidurinn.is\\\/\"},{\"@type\":\"ListItem\",\"position\":2,\"name\":\"V\u00f6rur \u00ed verslun\",\"item\":\"https:\\\/\\\/bilasmidurinn.is\\\/vefverslun\\\/\"},{\"@type\":\"ListItem\",\"position\":3,\"name\":\"NBB Alpha Pro LED 7&#8243; Lj\u00f3skastari\"}]},{\"@type\":\"WebSite\",\"@id\":\"https:\\\/\\\/bilasmidurinn.is\\\/#website\",\"url\":\"https:\\\/\\\/bilasmidurinn.is\\\/\",\"name\":\"B&iacute;lasmi&eth;urinn\",\"description\":\"All sem &thorn;&uacute; &thorn;arft &iacute; t&aelig;ki&eth;\",\"potentialAction\":[{\"@type\":\"SearchAction\",\"target\":{\"@type\":\"EntryPoint\",\"urlTemplate\":\"https:\\\/\\\/bilasmidurinn.is\\\/?s={search_term_string}\"},\"query-input\":{\"@type\":\"PropertyValueSpecification\",\"valueRequired\":true,\"valueName\":\"search_term_string\"}}],\"inLanguage\":\"en-GB\"}]}<\/script>\n<!-- \/ Yoast SEO plugin. -->","yoast_head_json":{"title":"NBB Alpha Pro LED 7\" Lj\u00f3skastari - B&iacute;lasmi&eth;urinn","robots":{"index":"index","follow":"follow","max-snippet":"max-snippet:-1","max-image-preview":"max-image-preview:large","max-video-preview":"max-video-preview:-1"},"canonical":"https:\/\/bilasmidurinn.is\/en\/vefverslun\/ljos\/ljoskastarar\/nbb-alpha-pro-led-7-ljoskastari\/","og_locale":"en_GB","og_type":"article","og_title":"NBB Alpha Pro LED 7\" Lj\u00f3skastari - B&iacute;lasmi&eth;urinn","og_description":"BB Alpha Pro LED 7\" eru einstaklega vel h\u00f6nnu aukalj\u00f3s me\u00f0 parki.\u00a0 Fr\u00e1b\u00e6r lj\u00f3sdreyfing uppfylla ECE R112 10 sem auka h\u00e1i geysli.  https:\/\/youtu.be\/_klgA-Kw3jM?si=bHC2tZ6wQ8uXkBPd","og_url":"https:\/\/bilasmidurinn.is\/en\/vefverslun\/ljos\/ljoskastarar\/nbb-alpha-pro-led-7-ljoskastari\/","og_site_name":"B&iacute;lasmi&eth;urinn","article_modified_time":"2024-10-16T13:59:33+00:00","og_image":[{"width":304,"height":228,"url":"https:\/\/bilasmidurinn.is\/wp-content\/uploads\/2024\/03\/NBB255265-5910_2.webp","type":"image\/webp"}],"twitter_card":"summary_large_image","twitter_misc":{"Estimated reading time":"1 minute"},"schema":{"@context":"https:\/\/schema.org","@graph":[{"@type":"WebPage","@id":"https:\/\/bilasmidurinn.is\/vefverslun\/ljos\/ljoskastarar\/nbb-alpha-pro-led-7-ljoskastari\/","url":"https:\/\/bilasmidurinn.is\/vefverslun\/ljos\/ljoskastarar\/nbb-alpha-pro-led-7-ljoskastari\/","name":"NBB Alpha Pro LED 7\" Lj\u00f3skastari - B&iacute;lasmi&eth;urinn","isPartOf":{"@id":"https:\/\/bilasmidurinn.is\/#website"},"primaryImageOfPage":{"@id":"https:\/\/bilasmidurinn.is\/vefverslun\/ljos\/ljoskastarar\/nbb-alpha-pro-led-7-ljoskastari\/#primaryimage"},"image":{"@id":"https:\/\/bilasmidurinn.is\/vefverslun\/ljos\/ljoskastarar\/nbb-alpha-pro-led-7-ljoskastari\/#primaryimage"},"thumbnailUrl":"https:\/\/bilasmidurinn.is\/wp-content\/uploads\/2024\/03\/NBB255265-5910_2.webp","datePublished":"2024-03-13T20:41:41+00:00","dateModified":"2024-10-16T13:59:33+00:00","breadcrumb":{"@id":"https:\/\/bilasmidurinn.is\/vefverslun\/ljos\/ljoskastarar\/nbb-alpha-pro-led-7-ljoskastari\/#breadcrumb"},"inLanguage":"en-GB","potentialAction":[{"@type":"ReadAction","target":["https:\/\/bilasmidurinn.is\/vefverslun\/ljos\/ljoskastarar\/nbb-alpha-pro-led-7-ljoskastari\/"]}]},{"@type":"ImageObject","inLanguage":"en-GB","@id":"https:\/\/bilasmidurinn.is\/vefverslun\/ljos\/ljoskastarar\/nbb-alpha-pro-led-7-ljoskastari\/#primaryimage","url":"https:\/\/bilasmidurinn.is\/wp-content\/uploads\/2024\/03\/NBB255265-5910_2.webp","contentUrl":"https:\/\/bilasmidurinn.is\/wp-content\/uploads\/2024\/03\/NBB255265-5910_2.webp","width":304,"height":228},{"@type":"BreadcrumbList","@id":"https:\/\/bilasmidurinn.is\/vefverslun\/ljos\/ljoskastarar\/nbb-alpha-pro-led-7-ljoskastari\/#breadcrumb","itemListElement":[{"@type":"ListItem","position":1,"name":"Home","item":"https:\/\/bilasmidurinn.is\/"},{"@type":"ListItem","position":2,"name":"V\u00f6rur \u00ed verslun","item":"https:\/\/bilasmidurinn.is\/vefverslun\/"},{"@type":"ListItem","position":3,"name":"NBB Alpha Pro LED 7&#8243; Lj\u00f3skastari"}]},{"@type":"WebSite","@id":"https:\/\/bilasmidurinn.is\/#website","url":"https:\/\/bilasmidurinn.is\/","name":"B&iacute;lasmi&eth;urinn","description":"All sem &thorn;&uacute; &thorn;arft &iacute; t&aelig;ki&eth;","potentialAction":[{"@type":"SearchAction","target":{"@type":"EntryPoint","urlTemplate":"https:\/\/bilasmidurinn.is\/?s={search_term_string}"},"query-input":{"@type":"PropertyValueSpecification","valueRequired":true,"valueName":"search_term_string"}}],"inLanguage":"en-GB"}]}},"_links":{"self":[{"href":"https:\/\/bilasmidurinn.is\/en\/wp-json\/wp\/v2\/product\/15405","targetHints":{"allow":["GET"]}}],"collection":[{"href":"https:\/\/bilasmidurinn.is\/en\/wp-json\/wp\/v2\/product"}],"about":[{"href":"https:\/\/bilasmidurinn.is\/en\/wp-json\/wp\/v2\/types\/product"}],"wp:featuredmedia":[{"embeddable":true,"href":"https:\/\/bilasmidurinn.is\/en\/wp-json\/wp\/v2\/media\/15406"}],"wp:attachment":[{"href":"https:\/\/bilasmidurinn.is\/en\/wp-json\/wp\/v2\/media?parent=15405"}],"wp:term":[{"taxonomy":"product_brand","embeddable":true,"href":"https:\/\/bilasmidurinn.is\/en\/wp-json\/wp\/v2\/product_brand?post=15405"},{"taxonomy":"product_cat","embeddable":true,"href":"https:\/\/bilasmidurinn.is\/en\/wp-json\/wp\/v2\/product_cat?post=15405"},{"taxonomy":"product_tag","embeddable":true,"href":"https:\/\/bilasmidurinn.is\/en\/wp-json\/wp\/v2\/product_tag?post=15405"}],"curies":[{"name":"wp","href":"https:\/\/api.w.org\/{rel}","templated":true}]}}