{"id":15396,"date":"2024-03-13T20:25:24","date_gmt":"2024-03-13T20:25:24","guid":{"rendered":"https:\/\/bilasmidurinn.is\/?post_type=product&#038;p=15396"},"modified":"2024-10-16T14:00:32","modified_gmt":"2024-10-16T14:00:32","slug":"nbb-alpha-pro-led-9-ljoskastari","status":"publish","type":"product","link":"https:\/\/bilasmidurinn.is\/en\/vefverslun\/ljos\/ljoskastarar\/nbb-alpha-pro-led-9-ljoskastari\/","title":{"rendered":"NBB Alpha Pro LED 9\u2033 Spotlight"},"content":{"rendered":"<p>The Alpha 225 LED floodlight\/auxiliary light is of exceptional quality that delivers the light correctly to the vehicle without causing glare.<\/p>\n<p>ECE R112 10 Type certified as extra high with parka. A clear lens is included, which creates an air chamber in between, and thus the lens heats up and melts away heat and protects against formation. Extremely strong fasteners and temperature control of the power diodes that ensure durability.<\/p>\n<p>8500Lm \/150W, 10-33V DC with polarity protection, rings in different colors included.<\/p>\n<p>NBB is produced by ABL Vignal group.<\/p>\n<p>&nbsp;<\/p>","protected":false},"excerpt":{"rendered":"<p>The Alpha 225 LED floodlight\/auxiliary light is of exceptional quality that delivers the light correctly to the vehicle without causing glare.<\/p>\n<p>ECE R112 10 Type certified as extra high with parka. A clear lens is included, which creates an air chamber in between, and thus the lens heats up and melts away heat and protects against formation. Extremely strong fasteners and temperature control of the power diodes that ensure durability.<\/p>\n<p>https:\/\/youtu.be\/_klgA-Kw3jM?si=bHC2tZ6wQ8uXkBPd<\/p>","protected":false},"featured_media":15397,"template":"","meta":[],"product_brand":[7993,7994,7992],"product_cat":[7893,8042],"product_tag":[],"class_list":{"0":"post-15396","1":"product","2":"type-product","3":"status-publish","4":"has-post-thumbnail","6":"product_brand-abl","7":"product_brand-nbb","8":"product_brand-vignal","9":"product_cat-ljos","10":"product_cat-ljoskastarar","12":"first","13":"instock","14":"shipping-taxable","15":"product-type-simple"},"yoast_head":"<!-- This site is optimized with the Yoast SEO plugin v27.5 - https:\/\/yoast.com\/product\/yoast-seo-wordpress\/ -->\n<title>NBB Alpha Pro LED 9&quot; Lj\u00f3skastari - B&iacute;lasmi&eth;urinn<\/title>\n<meta name=\"robots\" content=\"index, follow, max-snippet:-1, max-image-preview:large, max-video-preview:-1\" \/>\n<link rel=\"canonical\" href=\"https:\/\/bilasmidurinn.is\/en\/vefverslun\/ljos\/ljoskastarar\/nbb-alpha-pro-led-9-ljoskastari\/\" \/>\n<meta property=\"og:locale\" content=\"en_GB\" \/>\n<meta property=\"og:type\" content=\"article\" \/>\n<meta property=\"og:title\" content=\"NBB Alpha Pro LED 9&quot; Lj\u00f3skastari - B&iacute;lasmi&eth;urinn\" \/>\n<meta property=\"og:description\" content=\"Alpha 225 LED lj\u00f3skastari\/aukalj\u00f3s er \u00ed einst\u00f6kum g\u00e6\u00f0um sem skilar lj\u00f3sinu \u00e1 r\u00e9ttan h\u00e1tt fram \u00e1 vegnin \u00e1n \u00feess a\u00f0 valda gl\u00edu.  ECE R112 10 Ger\u00f0arvotta\u00f0 sem auka h\u00e1i me\u00f0 parki.\u00a0 Gl\u00e6r linsa fylgir sem b\u00fdr til lofth\u00f3lf \u00e1 milli og \u00feannig htinar linsan og br\u00e6\u00f0ir af s\u00e9r hr\u00edm og ver gagnvart ver\u00f0un.\u00a0 Einstaklega sterkar festingar og hitast\u00fdring \u00e1\u00a0 kraft d\u00edo\u00f0unum sem tryggja endingu.  https:\/\/youtu.be\/_klgA-Kw3jM?si=bHC2tZ6wQ8uXkBPd\" \/>\n<meta property=\"og:url\" content=\"https:\/\/bilasmidurinn.is\/en\/vefverslun\/ljos\/ljoskastarar\/nbb-alpha-pro-led-9-ljoskastari\/\" \/>\n<meta property=\"og:site_name\" content=\"B&iacute;lasmi&eth;urinn\" \/>\n<meta property=\"article:modified_time\" content=\"2024-10-16T14:00:32+00:00\" \/>\n<meta property=\"og:image\" content=\"https:\/\/bilasmidurinn.is\/wp-content\/uploads\/2024\/03\/NBB225.jpg\" \/>\n\t<meta property=\"og:image:width\" content=\"225\" \/>\n\t<meta property=\"og:image:height\" content=\"225\" \/>\n\t<meta property=\"og:image:type\" content=\"image\/jpeg\" \/>\n<meta name=\"twitter:card\" content=\"summary_large_image\" \/>\n<meta name=\"twitter:label1\" content=\"Estimated reading time\" \/>\n\t<meta name=\"twitter:data1\" content=\"1 minute\" \/>\n<script type=\"application\/ld+json\" class=\"yoast-schema-graph\">{\"@context\":\"https:\\\/\\\/schema.org\",\"@graph\":[{\"@type\":\"WebPage\",\"@id\":\"https:\\\/\\\/bilasmidurinn.is\\\/vefverslun\\\/ljos\\\/ljoskastarar\\\/nbb-alpha-pro-led-9-ljoskastari\\\/\",\"url\":\"https:\\\/\\\/bilasmidurinn.is\\\/vefverslun\\\/ljos\\\/ljoskastarar\\\/nbb-alpha-pro-led-9-ljoskastari\\\/\",\"name\":\"NBB Alpha Pro LED 9\\\" Lj\u00f3skastari - B&iacute;lasmi&eth;urinn\",\"isPartOf\":{\"@id\":\"https:\\\/\\\/bilasmidurinn.is\\\/#website\"},\"primaryImageOfPage\":{\"@id\":\"https:\\\/\\\/bilasmidurinn.is\\\/vefverslun\\\/ljos\\\/ljoskastarar\\\/nbb-alpha-pro-led-9-ljoskastari\\\/#primaryimage\"},\"image\":{\"@id\":\"https:\\\/\\\/bilasmidurinn.is\\\/vefverslun\\\/ljos\\\/ljoskastarar\\\/nbb-alpha-pro-led-9-ljoskastari\\\/#primaryimage\"},\"thumbnailUrl\":\"https:\\\/\\\/bilasmidurinn.is\\\/wp-content\\\/uploads\\\/2024\\\/03\\\/NBB225.jpg\",\"datePublished\":\"2024-03-13T20:25:24+00:00\",\"dateModified\":\"2024-10-16T14:00:32+00:00\",\"breadcrumb\":{\"@id\":\"https:\\\/\\\/bilasmidurinn.is\\\/vefverslun\\\/ljos\\\/ljoskastarar\\\/nbb-alpha-pro-led-9-ljoskastari\\\/#breadcrumb\"},\"inLanguage\":\"en-GB\",\"potentialAction\":[{\"@type\":\"ReadAction\",\"target\":[\"https:\\\/\\\/bilasmidurinn.is\\\/vefverslun\\\/ljos\\\/ljoskastarar\\\/nbb-alpha-pro-led-9-ljoskastari\\\/\"]}]},{\"@type\":\"ImageObject\",\"inLanguage\":\"en-GB\",\"@id\":\"https:\\\/\\\/bilasmidurinn.is\\\/vefverslun\\\/ljos\\\/ljoskastarar\\\/nbb-alpha-pro-led-9-ljoskastari\\\/#primaryimage\",\"url\":\"https:\\\/\\\/bilasmidurinn.is\\\/wp-content\\\/uploads\\\/2024\\\/03\\\/NBB225.jpg\",\"contentUrl\":\"https:\\\/\\\/bilasmidurinn.is\\\/wp-content\\\/uploads\\\/2024\\\/03\\\/NBB225.jpg\",\"width\":225,\"height\":225},{\"@type\":\"BreadcrumbList\",\"@id\":\"https:\\\/\\\/bilasmidurinn.is\\\/vefverslun\\\/ljos\\\/ljoskastarar\\\/nbb-alpha-pro-led-9-ljoskastari\\\/#breadcrumb\",\"itemListElement\":[{\"@type\":\"ListItem\",\"position\":1,\"name\":\"Home\",\"item\":\"https:\\\/\\\/bilasmidurinn.is\\\/\"},{\"@type\":\"ListItem\",\"position\":2,\"name\":\"V\u00f6rur \u00ed verslun\",\"item\":\"https:\\\/\\\/bilasmidurinn.is\\\/vefverslun\\\/\"},{\"@type\":\"ListItem\",\"position\":3,\"name\":\"NBB Alpha Pro LED 9&#8243; Lj\u00f3skastari\"}]},{\"@type\":\"WebSite\",\"@id\":\"https:\\\/\\\/bilasmidurinn.is\\\/#website\",\"url\":\"https:\\\/\\\/bilasmidurinn.is\\\/\",\"name\":\"B&iacute;lasmi&eth;urinn\",\"description\":\"All sem &thorn;&uacute; &thorn;arft &iacute; t&aelig;ki&eth;\",\"potentialAction\":[{\"@type\":\"SearchAction\",\"target\":{\"@type\":\"EntryPoint\",\"urlTemplate\":\"https:\\\/\\\/bilasmidurinn.is\\\/?s={search_term_string}\"},\"query-input\":{\"@type\":\"PropertyValueSpecification\",\"valueRequired\":true,\"valueName\":\"search_term_string\"}}],\"inLanguage\":\"en-GB\"}]}<\/script>\n<!-- \/ Yoast SEO plugin. -->","yoast_head_json":{"title":"NBB Alpha Pro LED 9\" Lj\u00f3skastari - B&iacute;lasmi&eth;urinn","robots":{"index":"index","follow":"follow","max-snippet":"max-snippet:-1","max-image-preview":"max-image-preview:large","max-video-preview":"max-video-preview:-1"},"canonical":"https:\/\/bilasmidurinn.is\/en\/vefverslun\/ljos\/ljoskastarar\/nbb-alpha-pro-led-9-ljoskastari\/","og_locale":"en_GB","og_type":"article","og_title":"NBB Alpha Pro LED 9\" Lj\u00f3skastari - B&iacute;lasmi&eth;urinn","og_description":"Alpha 225 LED lj\u00f3skastari\/aukalj\u00f3s er \u00ed einst\u00f6kum g\u00e6\u00f0um sem skilar lj\u00f3sinu \u00e1 r\u00e9ttan h\u00e1tt fram \u00e1 vegnin \u00e1n \u00feess a\u00f0 valda gl\u00edu.  ECE R112 10 Ger\u00f0arvotta\u00f0 sem auka h\u00e1i me\u00f0 parki.\u00a0 Gl\u00e6r linsa fylgir sem b\u00fdr til lofth\u00f3lf \u00e1 milli og \u00feannig htinar linsan og br\u00e6\u00f0ir af s\u00e9r hr\u00edm og ver gagnvart ver\u00f0un.\u00a0 Einstaklega sterkar festingar og hitast\u00fdring \u00e1\u00a0 kraft d\u00edo\u00f0unum sem tryggja endingu.  https:\/\/youtu.be\/_klgA-Kw3jM?si=bHC2tZ6wQ8uXkBPd","og_url":"https:\/\/bilasmidurinn.is\/en\/vefverslun\/ljos\/ljoskastarar\/nbb-alpha-pro-led-9-ljoskastari\/","og_site_name":"B&iacute;lasmi&eth;urinn","article_modified_time":"2024-10-16T14:00:32+00:00","og_image":[{"width":225,"height":225,"url":"https:\/\/bilasmidurinn.is\/wp-content\/uploads\/2024\/03\/NBB225.jpg","type":"image\/jpeg"}],"twitter_card":"summary_large_image","twitter_misc":{"Estimated reading time":"1 minute"},"schema":{"@context":"https:\/\/schema.org","@graph":[{"@type":"WebPage","@id":"https:\/\/bilasmidurinn.is\/vefverslun\/ljos\/ljoskastarar\/nbb-alpha-pro-led-9-ljoskastari\/","url":"https:\/\/bilasmidurinn.is\/vefverslun\/ljos\/ljoskastarar\/nbb-alpha-pro-led-9-ljoskastari\/","name":"NBB Alpha Pro LED 9\" Lj\u00f3skastari - B&iacute;lasmi&eth;urinn","isPartOf":{"@id":"https:\/\/bilasmidurinn.is\/#website"},"primaryImageOfPage":{"@id":"https:\/\/bilasmidurinn.is\/vefverslun\/ljos\/ljoskastarar\/nbb-alpha-pro-led-9-ljoskastari\/#primaryimage"},"image":{"@id":"https:\/\/bilasmidurinn.is\/vefverslun\/ljos\/ljoskastarar\/nbb-alpha-pro-led-9-ljoskastari\/#primaryimage"},"thumbnailUrl":"https:\/\/bilasmidurinn.is\/wp-content\/uploads\/2024\/03\/NBB225.jpg","datePublished":"2024-03-13T20:25:24+00:00","dateModified":"2024-10-16T14:00:32+00:00","breadcrumb":{"@id":"https:\/\/bilasmidurinn.is\/vefverslun\/ljos\/ljoskastarar\/nbb-alpha-pro-led-9-ljoskastari\/#breadcrumb"},"inLanguage":"en-GB","potentialAction":[{"@type":"ReadAction","target":["https:\/\/bilasmidurinn.is\/vefverslun\/ljos\/ljoskastarar\/nbb-alpha-pro-led-9-ljoskastari\/"]}]},{"@type":"ImageObject","inLanguage":"en-GB","@id":"https:\/\/bilasmidurinn.is\/vefverslun\/ljos\/ljoskastarar\/nbb-alpha-pro-led-9-ljoskastari\/#primaryimage","url":"https:\/\/bilasmidurinn.is\/wp-content\/uploads\/2024\/03\/NBB225.jpg","contentUrl":"https:\/\/bilasmidurinn.is\/wp-content\/uploads\/2024\/03\/NBB225.jpg","width":225,"height":225},{"@type":"BreadcrumbList","@id":"https:\/\/bilasmidurinn.is\/vefverslun\/ljos\/ljoskastarar\/nbb-alpha-pro-led-9-ljoskastari\/#breadcrumb","itemListElement":[{"@type":"ListItem","position":1,"name":"Home","item":"https:\/\/bilasmidurinn.is\/"},{"@type":"ListItem","position":2,"name":"V\u00f6rur \u00ed verslun","item":"https:\/\/bilasmidurinn.is\/vefverslun\/"},{"@type":"ListItem","position":3,"name":"NBB Alpha Pro LED 9&#8243; Lj\u00f3skastari"}]},{"@type":"WebSite","@id":"https:\/\/bilasmidurinn.is\/#website","url":"https:\/\/bilasmidurinn.is\/","name":"B&iacute;lasmi&eth;urinn","description":"All sem &thorn;&uacute; &thorn;arft &iacute; t&aelig;ki&eth;","potentialAction":[{"@type":"SearchAction","target":{"@type":"EntryPoint","urlTemplate":"https:\/\/bilasmidurinn.is\/?s={search_term_string}"},"query-input":{"@type":"PropertyValueSpecification","valueRequired":true,"valueName":"search_term_string"}}],"inLanguage":"en-GB"}]}},"_links":{"self":[{"href":"https:\/\/bilasmidurinn.is\/en\/wp-json\/wp\/v2\/product\/15396","targetHints":{"allow":["GET"]}}],"collection":[{"href":"https:\/\/bilasmidurinn.is\/en\/wp-json\/wp\/v2\/product"}],"about":[{"href":"https:\/\/bilasmidurinn.is\/en\/wp-json\/wp\/v2\/types\/product"}],"wp:featuredmedia":[{"embeddable":true,"href":"https:\/\/bilasmidurinn.is\/en\/wp-json\/wp\/v2\/media\/15397"}],"wp:attachment":[{"href":"https:\/\/bilasmidurinn.is\/en\/wp-json\/wp\/v2\/media?parent=15396"}],"wp:term":[{"taxonomy":"product_brand","embeddable":true,"href":"https:\/\/bilasmidurinn.is\/en\/wp-json\/wp\/v2\/product_brand?post=15396"},{"taxonomy":"product_cat","embeddable":true,"href":"https:\/\/bilasmidurinn.is\/en\/wp-json\/wp\/v2\/product_cat?post=15396"},{"taxonomy":"product_tag","embeddable":true,"href":"https:\/\/bilasmidurinn.is\/en\/wp-json\/wp\/v2\/product_tag?post=15396"}],"curies":[{"name":"wp","href":"https:\/\/api.w.org\/{rel}","templated":true}]}}