{"id":15385,"date":"2024-03-13T19:49:58","date_gmt":"2024-03-13T19:49:58","guid":{"rendered":"https:\/\/bilasmidurinn.is\/?post_type=product&#038;p=15385"},"modified":"2024-05-31T16:05:10","modified_gmt":"2024-05-31T16:05:10","slug":"be-ge-9200a-fjadrandi-stolar","status":"publish","type":"product","link":"https:\/\/bilasmidurinn.is\/en\/vefverslun\/stolar\/be-ge-9200a-fjadrandi-stolar\/","title":{"rendered":"BE-GE 9200A suspension chairs"},"content":{"rendered":"<p>BE-GE 9200A are spring loaded with dual action and specially designed for heavy loads and the toughest demands.<\/p>\n<p>With two dual-action dampers, the 9200A is equipped with armrests and headrests, lumbar adjustment, sliders, headrest, easy-to-clean PVC upholstery.<\/p>\n<p>Easy to maintain, all extras and spare parts available, the car repair and maintenance service.<\/p>\n<p>The BE-GE chairs are manufactured in Oskarsham, Sweden.<\/p>\n<p>&nbsp;<\/p>","protected":false},"excerpt":{"rendered":"<p>BE-GE 9200A are spring loaded with dual action and specially designed for heavy loads and the toughest demands.<\/p>\n<p>With two dual action shock absorbers, the 9200A is equipped with armrests and headrest, lumbar adjustment, sliders, headrest, easy-to-clean PVC cover<\/p>","protected":false},"featured_media":15386,"template":"","meta":[],"product_brand":[7989],"product_cat":[7971],"product_tag":[],"class_list":{"0":"post-15385","1":"product","2":"type-product","3":"status-publish","4":"has-post-thumbnail","6":"product_brand-be-ge","7":"product_cat-stolar","9":"first","10":"instock","11":"shipping-taxable","12":"product-type-simple"},"yoast_head":"<!-- This site is optimized with the Yoast SEO plugin v27.4 - https:\/\/yoast.com\/product\/yoast-seo-wordpress\/ -->\n<title>BE-GE 9200A fja\u00f0randi st\u00f3lar - B&iacute;lasmi&eth;urinn<\/title>\n<meta name=\"robots\" content=\"index, follow, max-snippet:-1, max-image-preview:large, max-video-preview:-1\" \/>\n<link rel=\"canonical\" href=\"https:\/\/bilasmidurinn.is\/en\/vefverslun\/stolar\/be-ge-9200a-fjadrandi-stolar\/\" \/>\n<meta property=\"og:locale\" content=\"en_GB\" \/>\n<meta property=\"og:type\" content=\"article\" \/>\n<meta property=\"og:title\" content=\"BE-GE 9200A fja\u00f0randi st\u00f3lar - B&iacute;lasmi&eth;urinn\" \/>\n<meta property=\"og:description\" content=\"BE-GE 9200A eru fja\u00f0randi me\u00f0 tv\u00f6faldri virkni og s\u00e9r\u00fatb\u00fanir fyrir miki\u00f0 \u00e1la\u00f0 og h\u00f6r\u00f0ustu kr\u00f6fur.  Me\u00f0 tveimum tv\u00edvirkum dempurum, 9200A er \u00fatb\u00fainn me\u00f0 armp\u00fa\u00f0um og h\u00f6fu\u00f0p\u00fa\u00f0a, mj\u00f3baksstilling, sle\u00f0ar, h\u00f6fu\u00f0p\u00fa\u00f0i, PVC \u00e1kl\u00e6\u00f0i sem au\u00f0velt er a\u00f0 \u00fer\u00edfa\" \/>\n<meta property=\"og:url\" content=\"https:\/\/bilasmidurinn.is\/en\/vefverslun\/stolar\/be-ge-9200a-fjadrandi-stolar\/\" \/>\n<meta property=\"og:site_name\" content=\"B&iacute;lasmi&eth;urinn\" \/>\n<meta property=\"article:modified_time\" content=\"2024-05-31T16:05:10+00:00\" \/>\n<meta property=\"og:image\" content=\"https:\/\/bilasmidurinn.is\/wp-content\/uploads\/2024\/03\/92-right-scaled.jpg\" \/>\n\t<meta property=\"og:image:width\" content=\"1709\" \/>\n\t<meta property=\"og:image:height\" content=\"2560\" \/>\n\t<meta property=\"og:image:type\" content=\"image\/jpeg\" \/>\n<meta name=\"twitter:card\" content=\"summary_large_image\" \/>\n<meta name=\"twitter:label1\" content=\"Estimated reading time\" \/>\n\t<meta name=\"twitter:data1\" content=\"1 minute\" \/>\n<script type=\"application\/ld+json\" class=\"yoast-schema-graph\">{\"@context\":\"https:\\\/\\\/schema.org\",\"@graph\":[{\"@type\":\"WebPage\",\"@id\":\"https:\\\/\\\/bilasmidurinn.is\\\/vefverslun\\\/stolar\\\/be-ge-9200a-fjadrandi-stolar\\\/\",\"url\":\"https:\\\/\\\/bilasmidurinn.is\\\/vefverslun\\\/stolar\\\/be-ge-9200a-fjadrandi-stolar\\\/\",\"name\":\"BE-GE 9200A fja\u00f0randi st\u00f3lar - B&iacute;lasmi&eth;urinn\",\"isPartOf\":{\"@id\":\"https:\\\/\\\/bilasmidurinn.is\\\/#website\"},\"primaryImageOfPage\":{\"@id\":\"https:\\\/\\\/bilasmidurinn.is\\\/vefverslun\\\/stolar\\\/be-ge-9200a-fjadrandi-stolar\\\/#primaryimage\"},\"image\":{\"@id\":\"https:\\\/\\\/bilasmidurinn.is\\\/vefverslun\\\/stolar\\\/be-ge-9200a-fjadrandi-stolar\\\/#primaryimage\"},\"thumbnailUrl\":\"https:\\\/\\\/bilasmidurinn.is\\\/wp-content\\\/uploads\\\/2024\\\/03\\\/92-right-scaled.jpg\",\"datePublished\":\"2024-03-13T19:49:58+00:00\",\"dateModified\":\"2024-05-31T16:05:10+00:00\",\"breadcrumb\":{\"@id\":\"https:\\\/\\\/bilasmidurinn.is\\\/vefverslun\\\/stolar\\\/be-ge-9200a-fjadrandi-stolar\\\/#breadcrumb\"},\"inLanguage\":\"en-GB\",\"potentialAction\":[{\"@type\":\"ReadAction\",\"target\":[\"https:\\\/\\\/bilasmidurinn.is\\\/vefverslun\\\/stolar\\\/be-ge-9200a-fjadrandi-stolar\\\/\"]}]},{\"@type\":\"ImageObject\",\"inLanguage\":\"en-GB\",\"@id\":\"https:\\\/\\\/bilasmidurinn.is\\\/vefverslun\\\/stolar\\\/be-ge-9200a-fjadrandi-stolar\\\/#primaryimage\",\"url\":\"https:\\\/\\\/bilasmidurinn.is\\\/wp-content\\\/uploads\\\/2024\\\/03\\\/92-right-scaled.jpg\",\"contentUrl\":\"https:\\\/\\\/bilasmidurinn.is\\\/wp-content\\\/uploads\\\/2024\\\/03\\\/92-right-scaled.jpg\",\"width\":1709,\"height\":2560},{\"@type\":\"BreadcrumbList\",\"@id\":\"https:\\\/\\\/bilasmidurinn.is\\\/vefverslun\\\/stolar\\\/be-ge-9200a-fjadrandi-stolar\\\/#breadcrumb\",\"itemListElement\":[{\"@type\":\"ListItem\",\"position\":1,\"name\":\"Home\",\"item\":\"https:\\\/\\\/bilasmidurinn.is\\\/\"},{\"@type\":\"ListItem\",\"position\":2,\"name\":\"V\u00f6rur \u00ed verslun\",\"item\":\"https:\\\/\\\/bilasmidurinn.is\\\/vefverslun\\\/\"},{\"@type\":\"ListItem\",\"position\":3,\"name\":\"BE-GE 9200A fja\u00f0randi st\u00f3lar\"}]},{\"@type\":\"WebSite\",\"@id\":\"https:\\\/\\\/bilasmidurinn.is\\\/#website\",\"url\":\"https:\\\/\\\/bilasmidurinn.is\\\/\",\"name\":\"B&iacute;lasmi&eth;urinn\",\"description\":\"All sem &thorn;&uacute; &thorn;arft &iacute; t&aelig;ki&eth;\",\"potentialAction\":[{\"@type\":\"SearchAction\",\"target\":{\"@type\":\"EntryPoint\",\"urlTemplate\":\"https:\\\/\\\/bilasmidurinn.is\\\/?s={search_term_string}\"},\"query-input\":{\"@type\":\"PropertyValueSpecification\",\"valueRequired\":true,\"valueName\":\"search_term_string\"}}],\"inLanguage\":\"en-GB\"}]}<\/script>\n<!-- \/ Yoast SEO plugin. -->","yoast_head_json":{"title":"BE-GE 9200A fja\u00f0randi st\u00f3lar - B&iacute;lasmi&eth;urinn","robots":{"index":"index","follow":"follow","max-snippet":"max-snippet:-1","max-image-preview":"max-image-preview:large","max-video-preview":"max-video-preview:-1"},"canonical":"https:\/\/bilasmidurinn.is\/en\/vefverslun\/stolar\/be-ge-9200a-fjadrandi-stolar\/","og_locale":"en_GB","og_type":"article","og_title":"BE-GE 9200A fja\u00f0randi st\u00f3lar - B&iacute;lasmi&eth;urinn","og_description":"BE-GE 9200A eru fja\u00f0randi me\u00f0 tv\u00f6faldri virkni og s\u00e9r\u00fatb\u00fanir fyrir miki\u00f0 \u00e1la\u00f0 og h\u00f6r\u00f0ustu kr\u00f6fur.  Me\u00f0 tveimum tv\u00edvirkum dempurum, 9200A er \u00fatb\u00fainn me\u00f0 armp\u00fa\u00f0um og h\u00f6fu\u00f0p\u00fa\u00f0a, mj\u00f3baksstilling, sle\u00f0ar, h\u00f6fu\u00f0p\u00fa\u00f0i, PVC \u00e1kl\u00e6\u00f0i sem au\u00f0velt er a\u00f0 \u00fer\u00edfa","og_url":"https:\/\/bilasmidurinn.is\/en\/vefverslun\/stolar\/be-ge-9200a-fjadrandi-stolar\/","og_site_name":"B&iacute;lasmi&eth;urinn","article_modified_time":"2024-05-31T16:05:10+00:00","og_image":[{"width":1709,"height":2560,"url":"https:\/\/bilasmidurinn.is\/wp-content\/uploads\/2024\/03\/92-right-scaled.jpg","type":"image\/jpeg"}],"twitter_card":"summary_large_image","twitter_misc":{"Estimated reading time":"1 minute"},"schema":{"@context":"https:\/\/schema.org","@graph":[{"@type":"WebPage","@id":"https:\/\/bilasmidurinn.is\/vefverslun\/stolar\/be-ge-9200a-fjadrandi-stolar\/","url":"https:\/\/bilasmidurinn.is\/vefverslun\/stolar\/be-ge-9200a-fjadrandi-stolar\/","name":"BE-GE 9200A fja\u00f0randi st\u00f3lar - B&iacute;lasmi&eth;urinn","isPartOf":{"@id":"https:\/\/bilasmidurinn.is\/#website"},"primaryImageOfPage":{"@id":"https:\/\/bilasmidurinn.is\/vefverslun\/stolar\/be-ge-9200a-fjadrandi-stolar\/#primaryimage"},"image":{"@id":"https:\/\/bilasmidurinn.is\/vefverslun\/stolar\/be-ge-9200a-fjadrandi-stolar\/#primaryimage"},"thumbnailUrl":"https:\/\/bilasmidurinn.is\/wp-content\/uploads\/2024\/03\/92-right-scaled.jpg","datePublished":"2024-03-13T19:49:58+00:00","dateModified":"2024-05-31T16:05:10+00:00","breadcrumb":{"@id":"https:\/\/bilasmidurinn.is\/vefverslun\/stolar\/be-ge-9200a-fjadrandi-stolar\/#breadcrumb"},"inLanguage":"en-GB","potentialAction":[{"@type":"ReadAction","target":["https:\/\/bilasmidurinn.is\/vefverslun\/stolar\/be-ge-9200a-fjadrandi-stolar\/"]}]},{"@type":"ImageObject","inLanguage":"en-GB","@id":"https:\/\/bilasmidurinn.is\/vefverslun\/stolar\/be-ge-9200a-fjadrandi-stolar\/#primaryimage","url":"https:\/\/bilasmidurinn.is\/wp-content\/uploads\/2024\/03\/92-right-scaled.jpg","contentUrl":"https:\/\/bilasmidurinn.is\/wp-content\/uploads\/2024\/03\/92-right-scaled.jpg","width":1709,"height":2560},{"@type":"BreadcrumbList","@id":"https:\/\/bilasmidurinn.is\/vefverslun\/stolar\/be-ge-9200a-fjadrandi-stolar\/#breadcrumb","itemListElement":[{"@type":"ListItem","position":1,"name":"Home","item":"https:\/\/bilasmidurinn.is\/"},{"@type":"ListItem","position":2,"name":"V\u00f6rur \u00ed verslun","item":"https:\/\/bilasmidurinn.is\/vefverslun\/"},{"@type":"ListItem","position":3,"name":"BE-GE 9200A fja\u00f0randi st\u00f3lar"}]},{"@type":"WebSite","@id":"https:\/\/bilasmidurinn.is\/#website","url":"https:\/\/bilasmidurinn.is\/","name":"B&iacute;lasmi&eth;urinn","description":"All sem &thorn;&uacute; &thorn;arft &iacute; t&aelig;ki&eth;","potentialAction":[{"@type":"SearchAction","target":{"@type":"EntryPoint","urlTemplate":"https:\/\/bilasmidurinn.is\/?s={search_term_string}"},"query-input":{"@type":"PropertyValueSpecification","valueRequired":true,"valueName":"search_term_string"}}],"inLanguage":"en-GB"}]}},"_links":{"self":[{"href":"https:\/\/bilasmidurinn.is\/en\/wp-json\/wp\/v2\/product\/15385","targetHints":{"allow":["GET"]}}],"collection":[{"href":"https:\/\/bilasmidurinn.is\/en\/wp-json\/wp\/v2\/product"}],"about":[{"href":"https:\/\/bilasmidurinn.is\/en\/wp-json\/wp\/v2\/types\/product"}],"wp:featuredmedia":[{"embeddable":true,"href":"https:\/\/bilasmidurinn.is\/en\/wp-json\/wp\/v2\/media\/15386"}],"wp:attachment":[{"href":"https:\/\/bilasmidurinn.is\/en\/wp-json\/wp\/v2\/media?parent=15385"}],"wp:term":[{"taxonomy":"product_brand","embeddable":true,"href":"https:\/\/bilasmidurinn.is\/en\/wp-json\/wp\/v2\/product_brand?post=15385"},{"taxonomy":"product_cat","embeddable":true,"href":"https:\/\/bilasmidurinn.is\/en\/wp-json\/wp\/v2\/product_cat?post=15385"},{"taxonomy":"product_tag","embeddable":true,"href":"https:\/\/bilasmidurinn.is\/en\/wp-json\/wp\/v2\/product_tag?post=15385"}],"curies":[{"name":"wp","href":"https:\/\/api.w.org\/{rel}","templated":true}]}}