{"id":15366,"date":"2024-03-13T18:18:57","date_gmt":"2024-03-13T18:18:57","guid":{"rendered":"https:\/\/bilasmidurinn.is\/?post_type=product&#038;p=15366"},"modified":"2024-03-13T18:43:11","modified_gmt":"2024-03-13T18:43:11","slug":"ljoskastari-v-sight-rage-9-154w","status":"publish","type":"product","link":"https:\/\/bilasmidurinn.is\/en\/vefverslun\/ljos\/ljoskastarar\/ljoskastari-v-sight-rage-9-154w\/","title":{"rendered":"Spotlight V-Sight Rage 9\u2033 154w"},"content":{"rendered":"<p>V-Sight Rage 9\u2033 Led headlight 154W very well made light that meets the strictest safety standards ECE R112 10 E type approved as extra high beam but has a &quot;Boost&quot; wire that can be activated with a switch and gives extra 35% perfect off-road lighting there which is good to have as well...this that is sometimes missing and pulls them over 1000m which makes it a superior searchlight.<\/p>\n<p>The lighting creates a special width and length in the same reservoir and makes it particularly comfortable in all-round conditions.<\/p>\n<p>Comes with strong mounts and simple adjustments. The lens is made of Polycarbonate<\/p>\n<p>Voltage 9-36V, 154W, 13500Lm, 1Lux @742m \u2013 1484m throw length. EMC certified does not interfere with radio waves.<\/p>\n<p>deutche port,<\/p>\n<p>3 year warranty.<\/p>","protected":false},"excerpt":{"rendered":"<p>V-Sight Rage 9\u2033 Led headlight 154W very well made light that meets the strictest safety standards ECE R112 10 E type approved as extra high beam but has a &quot;Boost&quot; wire that can be activated with a switch and gives extra 35% perfect off-road lighting there which is good to have as well...this that is sometimes missing and pulls them over 1000m which makes it a superior searchlight.<\/p>","protected":false},"featured_media":15367,"template":"","meta":[],"product_brand":[8048],"product_cat":[7893,8042],"product_tag":[],"class_list":{"0":"post-15366","1":"product","2":"type-product","3":"status-publish","4":"has-post-thumbnail","6":"product_brand-niso","7":"product_cat-ljos","8":"product_cat-ljoskastarar","10":"first","11":"instock","12":"shipping-taxable","13":"product-type-simple"},"yoast_head":"<!-- This site is optimized with the Yoast SEO plugin v27.4 - https:\/\/yoast.com\/product\/yoast-seo-wordpress\/ -->\n<title>Lj\u00f3skastari V-Sight Rage 9&quot; 154w - B&iacute;lasmi&eth;urinn<\/title>\n<meta name=\"robots\" content=\"index, follow, max-snippet:-1, max-image-preview:large, max-video-preview:-1\" \/>\n<link rel=\"canonical\" href=\"https:\/\/bilasmidurinn.is\/en\/vefverslun\/ljos\/ljoskastarar\/ljoskastari-v-sight-rage-9-154w\/\" \/>\n<meta property=\"og:locale\" content=\"en_GB\" \/>\n<meta property=\"og:type\" content=\"article\" \/>\n<meta property=\"og:title\" content=\"Lj\u00f3skastari V-Sight Rage 9&quot; 154w - B&iacute;lasmi&eth;urinn\" \/>\n<meta property=\"og:description\" content=\"V-Sight Rage 9&quot; Led lj\u00f3skastari 154W\u00a0 afar vel gert lj\u00f3s sem uppfyllir str\u00f6ngustu \u00f6ryggisstandarda ECE R112 10\u00a0 E ger\u00f0arvi\u00f0urkennt sem auka h\u00e1i geysli en er me\u00f0 &quot;Boost&quot; v\u00edr sem er h\u00e6gt a\u00f0 virkja me\u00f0 rofa og gefur auka 35%\u00a0 fullkomi\u00f0 fyrir utan alfaralei\u00f0a l\u00fdsingu \u00fear sem gott er a\u00f0 hafa a\u00f0 eins meira...\u00feetta sem vantar stundum upp\u00e1 og dregur \u00fe\u00e1 r\u00famlega 1000m sem gerir \u00fea\u00f0 a\u00f0 yfirbur\u00f0a lj\u00f3skastara.\" \/>\n<meta property=\"og:url\" content=\"https:\/\/bilasmidurinn.is\/en\/vefverslun\/ljos\/ljoskastarar\/ljoskastari-v-sight-rage-9-154w\/\" \/>\n<meta property=\"og:site_name\" content=\"B&iacute;lasmi&eth;urinn\" \/>\n<meta property=\"article:modified_time\" content=\"2024-03-13T18:43:11+00:00\" \/>\n<meta property=\"og:image\" content=\"https:\/\/bilasmidurinn.is\/wp-content\/uploads\/2024\/03\/V50-131_1.jpg\" \/>\n\t<meta property=\"og:image:width\" content=\"1000\" \/>\n\t<meta property=\"og:image:height\" content=\"1056\" \/>\n\t<meta property=\"og:image:type\" content=\"image\/jpeg\" \/>\n<meta name=\"twitter:card\" content=\"summary_large_image\" \/>\n<meta name=\"twitter:label1\" content=\"Estimated reading time\" \/>\n\t<meta name=\"twitter:data1\" content=\"1 minute\" \/>\n<script type=\"application\/ld+json\" class=\"yoast-schema-graph\">{\"@context\":\"https:\\\/\\\/schema.org\",\"@graph\":[{\"@type\":\"WebPage\",\"@id\":\"https:\\\/\\\/bilasmidurinn.is\\\/vefverslun\\\/ljos\\\/ljoskastarar\\\/ljoskastari-v-sight-rage-9-154w\\\/\",\"url\":\"https:\\\/\\\/bilasmidurinn.is\\\/vefverslun\\\/ljos\\\/ljoskastarar\\\/ljoskastari-v-sight-rage-9-154w\\\/\",\"name\":\"Lj\u00f3skastari V-Sight Rage 9\\\" 154w - B&iacute;lasmi&eth;urinn\",\"isPartOf\":{\"@id\":\"https:\\\/\\\/bilasmidurinn.is\\\/#website\"},\"primaryImageOfPage\":{\"@id\":\"https:\\\/\\\/bilasmidurinn.is\\\/vefverslun\\\/ljos\\\/ljoskastarar\\\/ljoskastari-v-sight-rage-9-154w\\\/#primaryimage\"},\"image\":{\"@id\":\"https:\\\/\\\/bilasmidurinn.is\\\/vefverslun\\\/ljos\\\/ljoskastarar\\\/ljoskastari-v-sight-rage-9-154w\\\/#primaryimage\"},\"thumbnailUrl\":\"https:\\\/\\\/bilasmidurinn.is\\\/wp-content\\\/uploads\\\/2024\\\/03\\\/V50-131_1.jpg\",\"datePublished\":\"2024-03-13T18:18:57+00:00\",\"dateModified\":\"2024-03-13T18:43:11+00:00\",\"breadcrumb\":{\"@id\":\"https:\\\/\\\/bilasmidurinn.is\\\/vefverslun\\\/ljos\\\/ljoskastarar\\\/ljoskastari-v-sight-rage-9-154w\\\/#breadcrumb\"},\"inLanguage\":\"en-GB\",\"potentialAction\":[{\"@type\":\"ReadAction\",\"target\":[\"https:\\\/\\\/bilasmidurinn.is\\\/vefverslun\\\/ljos\\\/ljoskastarar\\\/ljoskastari-v-sight-rage-9-154w\\\/\"]}]},{\"@type\":\"ImageObject\",\"inLanguage\":\"en-GB\",\"@id\":\"https:\\\/\\\/bilasmidurinn.is\\\/vefverslun\\\/ljos\\\/ljoskastarar\\\/ljoskastari-v-sight-rage-9-154w\\\/#primaryimage\",\"url\":\"https:\\\/\\\/bilasmidurinn.is\\\/wp-content\\\/uploads\\\/2024\\\/03\\\/V50-131_1.jpg\",\"contentUrl\":\"https:\\\/\\\/bilasmidurinn.is\\\/wp-content\\\/uploads\\\/2024\\\/03\\\/V50-131_1.jpg\",\"width\":1000,\"height\":1056},{\"@type\":\"BreadcrumbList\",\"@id\":\"https:\\\/\\\/bilasmidurinn.is\\\/vefverslun\\\/ljos\\\/ljoskastarar\\\/ljoskastari-v-sight-rage-9-154w\\\/#breadcrumb\",\"itemListElement\":[{\"@type\":\"ListItem\",\"position\":1,\"name\":\"Home\",\"item\":\"https:\\\/\\\/bilasmidurinn.is\\\/\"},{\"@type\":\"ListItem\",\"position\":2,\"name\":\"V\u00f6rur \u00ed verslun\",\"item\":\"https:\\\/\\\/bilasmidurinn.is\\\/vefverslun\\\/\"},{\"@type\":\"ListItem\",\"position\":3,\"name\":\"Lj\u00f3skastari V-Sight Rage 9&#8243; 154w\"}]},{\"@type\":\"WebSite\",\"@id\":\"https:\\\/\\\/bilasmidurinn.is\\\/#website\",\"url\":\"https:\\\/\\\/bilasmidurinn.is\\\/\",\"name\":\"B&iacute;lasmi&eth;urinn\",\"description\":\"All sem &thorn;&uacute; &thorn;arft &iacute; t&aelig;ki&eth;\",\"potentialAction\":[{\"@type\":\"SearchAction\",\"target\":{\"@type\":\"EntryPoint\",\"urlTemplate\":\"https:\\\/\\\/bilasmidurinn.is\\\/?s={search_term_string}\"},\"query-input\":{\"@type\":\"PropertyValueSpecification\",\"valueRequired\":true,\"valueName\":\"search_term_string\"}}],\"inLanguage\":\"en-GB\"}]}<\/script>\n<!-- \/ Yoast SEO plugin. -->","yoast_head_json":{"title":"Lj\u00f3skastari V-Sight Rage 9\" 154w - B&iacute;lasmi&eth;urinn","robots":{"index":"index","follow":"follow","max-snippet":"max-snippet:-1","max-image-preview":"max-image-preview:large","max-video-preview":"max-video-preview:-1"},"canonical":"https:\/\/bilasmidurinn.is\/en\/vefverslun\/ljos\/ljoskastarar\/ljoskastari-v-sight-rage-9-154w\/","og_locale":"en_GB","og_type":"article","og_title":"Lj\u00f3skastari V-Sight Rage 9\" 154w - B&iacute;lasmi&eth;urinn","og_description":"V-Sight Rage 9\" Led lj\u00f3skastari 154W\u00a0 afar vel gert lj\u00f3s sem uppfyllir str\u00f6ngustu \u00f6ryggisstandarda ECE R112 10\u00a0 E ger\u00f0arvi\u00f0urkennt sem auka h\u00e1i geysli en er me\u00f0 \"Boost\" v\u00edr sem er h\u00e6gt a\u00f0 virkja me\u00f0 rofa og gefur auka 35%\u00a0 fullkomi\u00f0 fyrir utan alfaralei\u00f0a l\u00fdsingu \u00fear sem gott er a\u00f0 hafa a\u00f0 eins meira...\u00feetta sem vantar stundum upp\u00e1 og dregur \u00fe\u00e1 r\u00famlega 1000m sem gerir \u00fea\u00f0 a\u00f0 yfirbur\u00f0a lj\u00f3skastara.","og_url":"https:\/\/bilasmidurinn.is\/en\/vefverslun\/ljos\/ljoskastarar\/ljoskastari-v-sight-rage-9-154w\/","og_site_name":"B&iacute;lasmi&eth;urinn","article_modified_time":"2024-03-13T18:43:11+00:00","og_image":[{"width":1000,"height":1056,"url":"https:\/\/bilasmidurinn.is\/wp-content\/uploads\/2024\/03\/V50-131_1.jpg","type":"image\/jpeg"}],"twitter_card":"summary_large_image","twitter_misc":{"Estimated reading time":"1 minute"},"schema":{"@context":"https:\/\/schema.org","@graph":[{"@type":"WebPage","@id":"https:\/\/bilasmidurinn.is\/vefverslun\/ljos\/ljoskastarar\/ljoskastari-v-sight-rage-9-154w\/","url":"https:\/\/bilasmidurinn.is\/vefverslun\/ljos\/ljoskastarar\/ljoskastari-v-sight-rage-9-154w\/","name":"Lj\u00f3skastari V-Sight Rage 9\" 154w - B&iacute;lasmi&eth;urinn","isPartOf":{"@id":"https:\/\/bilasmidurinn.is\/#website"},"primaryImageOfPage":{"@id":"https:\/\/bilasmidurinn.is\/vefverslun\/ljos\/ljoskastarar\/ljoskastari-v-sight-rage-9-154w\/#primaryimage"},"image":{"@id":"https:\/\/bilasmidurinn.is\/vefverslun\/ljos\/ljoskastarar\/ljoskastari-v-sight-rage-9-154w\/#primaryimage"},"thumbnailUrl":"https:\/\/bilasmidurinn.is\/wp-content\/uploads\/2024\/03\/V50-131_1.jpg","datePublished":"2024-03-13T18:18:57+00:00","dateModified":"2024-03-13T18:43:11+00:00","breadcrumb":{"@id":"https:\/\/bilasmidurinn.is\/vefverslun\/ljos\/ljoskastarar\/ljoskastari-v-sight-rage-9-154w\/#breadcrumb"},"inLanguage":"en-GB","potentialAction":[{"@type":"ReadAction","target":["https:\/\/bilasmidurinn.is\/vefverslun\/ljos\/ljoskastarar\/ljoskastari-v-sight-rage-9-154w\/"]}]},{"@type":"ImageObject","inLanguage":"en-GB","@id":"https:\/\/bilasmidurinn.is\/vefverslun\/ljos\/ljoskastarar\/ljoskastari-v-sight-rage-9-154w\/#primaryimage","url":"https:\/\/bilasmidurinn.is\/wp-content\/uploads\/2024\/03\/V50-131_1.jpg","contentUrl":"https:\/\/bilasmidurinn.is\/wp-content\/uploads\/2024\/03\/V50-131_1.jpg","width":1000,"height":1056},{"@type":"BreadcrumbList","@id":"https:\/\/bilasmidurinn.is\/vefverslun\/ljos\/ljoskastarar\/ljoskastari-v-sight-rage-9-154w\/#breadcrumb","itemListElement":[{"@type":"ListItem","position":1,"name":"Home","item":"https:\/\/bilasmidurinn.is\/"},{"@type":"ListItem","position":2,"name":"V\u00f6rur \u00ed verslun","item":"https:\/\/bilasmidurinn.is\/vefverslun\/"},{"@type":"ListItem","position":3,"name":"Lj\u00f3skastari V-Sight Rage 9&#8243; 154w"}]},{"@type":"WebSite","@id":"https:\/\/bilasmidurinn.is\/#website","url":"https:\/\/bilasmidurinn.is\/","name":"B&iacute;lasmi&eth;urinn","description":"All sem &thorn;&uacute; &thorn;arft &iacute; t&aelig;ki&eth;","potentialAction":[{"@type":"SearchAction","target":{"@type":"EntryPoint","urlTemplate":"https:\/\/bilasmidurinn.is\/?s={search_term_string}"},"query-input":{"@type":"PropertyValueSpecification","valueRequired":true,"valueName":"search_term_string"}}],"inLanguage":"en-GB"}]}},"_links":{"self":[{"href":"https:\/\/bilasmidurinn.is\/en\/wp-json\/wp\/v2\/product\/15366","targetHints":{"allow":["GET"]}}],"collection":[{"href":"https:\/\/bilasmidurinn.is\/en\/wp-json\/wp\/v2\/product"}],"about":[{"href":"https:\/\/bilasmidurinn.is\/en\/wp-json\/wp\/v2\/types\/product"}],"wp:featuredmedia":[{"embeddable":true,"href":"https:\/\/bilasmidurinn.is\/en\/wp-json\/wp\/v2\/media\/15367"}],"wp:attachment":[{"href":"https:\/\/bilasmidurinn.is\/en\/wp-json\/wp\/v2\/media?parent=15366"}],"wp:term":[{"taxonomy":"product_brand","embeddable":true,"href":"https:\/\/bilasmidurinn.is\/en\/wp-json\/wp\/v2\/product_brand?post=15366"},{"taxonomy":"product_cat","embeddable":true,"href":"https:\/\/bilasmidurinn.is\/en\/wp-json\/wp\/v2\/product_cat?post=15366"},{"taxonomy":"product_tag","embeddable":true,"href":"https:\/\/bilasmidurinn.is\/en\/wp-json\/wp\/v2\/product_tag?post=15366"}],"curies":[{"name":"wp","href":"https:\/\/api.w.org\/{rel}","templated":true}]}}