{"id":15336,"date":"2024-01-06T11:05:33","date_gmt":"2024-01-06T11:05:33","guid":{"rendered":"https:\/\/bilasmidurinn.is\/?post_type=product&#038;p=15336"},"modified":"2024-01-06T11:12:22","modified_gmt":"2024-01-06T11:12:22","slug":"webasto-range-midstod-air-top-2000stc-12v-d-fyrir-eqv-vito","status":"publish","type":"product","link":"https:\/\/bilasmidurinn.is\/en\/vefverslun\/midstodvar\/webasto-range-midstod-air-top-2000stc-12v-d-fyrir-eqv-vito\/","title":{"rendered":"Webasto Range+ center Air Top 2000stc 12v d. for EQV-Vito"},"content":{"rendered":"<p>The Webasto Range+ hub 2kw Air Top 2000stc 12v diesel kit specially designed for the Mercedes EQV-Vito, heats the whole car without using its electric heating. Using the Webasto hub saves significant electricity which can extend the range of the car by up to 80km<\/p>\n<p>&nbsp;<\/p>","protected":false},"excerpt":{"rendered":"<div class=\"tab-panels\">\n<div id=\"tab-description\" class=\"woocommerce-Tabs-panel woocommerce-Tabs-panel--description panel entry-content active\" role=\"tabpanel\" aria-labelledby=\"tab-title-description\">\n<p>Webasto Range+ hub 2kw Air Top 2000stc 12v diesel kit specially designed for Merceded Bens MQV Vito. Using the Webasto hub saves significant electricity, which can extend the car&#039;s range by up to 80km.<\/p>\n<p>The kit contains all parts for installation, together with an 8L tank that is placed under the car with a filling nozzle.<\/p>\n<p>Different controls can be connected to, for example, a remote control, a GSM App or a clock.<\/p>\n<p>see technical description<\/p>\n<\/div>\n<\/div>","protected":false},"featured_media":14132,"template":"","meta":[],"product_brand":[7925],"product_cat":[7967],"product_tag":[],"class_list":{"0":"post-15336","1":"product","2":"type-product","3":"status-publish","4":"has-post-thumbnail","6":"product_brand-webasto","7":"product_cat-midstodvar","9":"first","10":"instock","11":"shipping-taxable","12":"product-type-simple"},"yoast_head":"<!-- This site is optimized with the Yoast SEO plugin v27.4 - https:\/\/yoast.com\/product\/yoast-seo-wordpress\/ -->\n<title>Webasto Range+ mi\u00f0st\u00f6\u00f0 Air Top 2000stc 12v d. fyrir EQV-Vito - B&iacute;lasmi&eth;urinn<\/title>\n<meta name=\"robots\" content=\"index, follow, max-snippet:-1, max-image-preview:large, max-video-preview:-1\" \/>\n<link rel=\"canonical\" href=\"https:\/\/bilasmidurinn.is\/en\/vefverslun\/midstodvar\/webasto-range-midstod-air-top-2000stc-12v-d-fyrir-eqv-vito\/\" \/>\n<meta property=\"og:locale\" content=\"en_GB\" \/>\n<meta property=\"og:type\" content=\"article\" \/>\n<meta property=\"og:title\" content=\"Webasto Range+ mi\u00f0st\u00f6\u00f0 Air Top 2000stc 12v d. fyrir EQV-Vito - B&iacute;lasmi&eth;urinn\" \/>\n<meta property=\"og:description\" content=\"Webasto Range+ mi\u00f0st\u00f6\u00f0 2kw Air Top 2000stc 12v diesel sett sem er s\u00e9r hanna\u00f0 fyrir Merceded Bens MQV Vito.\u00a0 Me\u00f0 \u00fev\u00ed a\u00f0\u00a0 nota Webasto mi\u00f0st\u00f6\u00f0ina sparast verulegt rafmagn sem getur lengt dr\u00e6gni b\u00edlsins um allt a\u00f0 80km.  Setti\u00f0 inniheldur alla hluti til \u00edsetningar \u00e1samt 8L tank sem er settur undir b\u00edlinn me\u00f0 \u00e1fyllingar st\u00fat.  H\u00e6gt a\u00f0 tengja mismunandi st\u00fdringar vi\u00f0 t.d. fjartst\u00fdringu, GSM App e\u00f0a klukku.  sj\u00e1 t\u00e6knil\u00fdsingu\" \/>\n<meta property=\"og:url\" content=\"https:\/\/bilasmidurinn.is\/en\/vefverslun\/midstodvar\/webasto-range-midstod-air-top-2000stc-12v-d-fyrir-eqv-vito\/\" \/>\n<meta property=\"og:site_name\" content=\"B&iacute;lasmi&eth;urinn\" \/>\n<meta property=\"article:modified_time\" content=\"2024-01-06T11:12:22+00:00\" \/>\n<meta property=\"og:image\" content=\"https:\/\/bilasmidurinn.is\/wp-content\/uploads\/2021\/11\/9029250A.jpg\" \/>\n\t<meta property=\"og:image:width\" content=\"600\" \/>\n\t<meta property=\"og:image:height\" content=\"342\" \/>\n\t<meta property=\"og:image:type\" content=\"image\/jpeg\" \/>\n<meta name=\"twitter:card\" content=\"summary_large_image\" \/>\n<meta name=\"twitter:label1\" content=\"Estimated reading time\" \/>\n\t<meta name=\"twitter:data1\" content=\"1 minute\" \/>\n<script type=\"application\/ld+json\" class=\"yoast-schema-graph\">{\"@context\":\"https:\\\/\\\/schema.org\",\"@graph\":[{\"@type\":\"WebPage\",\"@id\":\"https:\\\/\\\/bilasmidurinn.is\\\/vefverslun\\\/midstodvar\\\/webasto-range-midstod-air-top-2000stc-12v-d-fyrir-eqv-vito\\\/\",\"url\":\"https:\\\/\\\/bilasmidurinn.is\\\/vefverslun\\\/midstodvar\\\/webasto-range-midstod-air-top-2000stc-12v-d-fyrir-eqv-vito\\\/\",\"name\":\"Webasto Range+ mi\u00f0st\u00f6\u00f0 Air Top 2000stc 12v d. fyrir EQV-Vito - B&iacute;lasmi&eth;urinn\",\"isPartOf\":{\"@id\":\"https:\\\/\\\/bilasmidurinn.is\\\/#website\"},\"primaryImageOfPage\":{\"@id\":\"https:\\\/\\\/bilasmidurinn.is\\\/vefverslun\\\/midstodvar\\\/webasto-range-midstod-air-top-2000stc-12v-d-fyrir-eqv-vito\\\/#primaryimage\"},\"image\":{\"@id\":\"https:\\\/\\\/bilasmidurinn.is\\\/vefverslun\\\/midstodvar\\\/webasto-range-midstod-air-top-2000stc-12v-d-fyrir-eqv-vito\\\/#primaryimage\"},\"thumbnailUrl\":\"https:\\\/\\\/bilasmidurinn.is\\\/wp-content\\\/uploads\\\/2021\\\/11\\\/9029250A.jpg\",\"datePublished\":\"2024-01-06T11:05:33+00:00\",\"dateModified\":\"2024-01-06T11:12:22+00:00\",\"breadcrumb\":{\"@id\":\"https:\\\/\\\/bilasmidurinn.is\\\/vefverslun\\\/midstodvar\\\/webasto-range-midstod-air-top-2000stc-12v-d-fyrir-eqv-vito\\\/#breadcrumb\"},\"inLanguage\":\"en-GB\",\"potentialAction\":[{\"@type\":\"ReadAction\",\"target\":[\"https:\\\/\\\/bilasmidurinn.is\\\/vefverslun\\\/midstodvar\\\/webasto-range-midstod-air-top-2000stc-12v-d-fyrir-eqv-vito\\\/\"]}]},{\"@type\":\"ImageObject\",\"inLanguage\":\"en-GB\",\"@id\":\"https:\\\/\\\/bilasmidurinn.is\\\/vefverslun\\\/midstodvar\\\/webasto-range-midstod-air-top-2000stc-12v-d-fyrir-eqv-vito\\\/#primaryimage\",\"url\":\"https:\\\/\\\/bilasmidurinn.is\\\/wp-content\\\/uploads\\\/2021\\\/11\\\/9029250A.jpg\",\"contentUrl\":\"https:\\\/\\\/bilasmidurinn.is\\\/wp-content\\\/uploads\\\/2021\\\/11\\\/9029250A.jpg\",\"width\":600,\"height\":342},{\"@type\":\"BreadcrumbList\",\"@id\":\"https:\\\/\\\/bilasmidurinn.is\\\/vefverslun\\\/midstodvar\\\/webasto-range-midstod-air-top-2000stc-12v-d-fyrir-eqv-vito\\\/#breadcrumb\",\"itemListElement\":[{\"@type\":\"ListItem\",\"position\":1,\"name\":\"Home\",\"item\":\"https:\\\/\\\/bilasmidurinn.is\\\/\"},{\"@type\":\"ListItem\",\"position\":2,\"name\":\"V\u00f6rur \u00ed verslun\",\"item\":\"https:\\\/\\\/bilasmidurinn.is\\\/vefverslun\\\/\"},{\"@type\":\"ListItem\",\"position\":3,\"name\":\"Webasto Range+ mi\u00f0st\u00f6\u00f0 Air Top 2000stc 12v d. fyrir EQV-Vito\"}]},{\"@type\":\"WebSite\",\"@id\":\"https:\\\/\\\/bilasmidurinn.is\\\/#website\",\"url\":\"https:\\\/\\\/bilasmidurinn.is\\\/\",\"name\":\"B&iacute;lasmi&eth;urinn\",\"description\":\"All sem &thorn;&uacute; &thorn;arft &iacute; t&aelig;ki&eth;\",\"potentialAction\":[{\"@type\":\"SearchAction\",\"target\":{\"@type\":\"EntryPoint\",\"urlTemplate\":\"https:\\\/\\\/bilasmidurinn.is\\\/?s={search_term_string}\"},\"query-input\":{\"@type\":\"PropertyValueSpecification\",\"valueRequired\":true,\"valueName\":\"search_term_string\"}}],\"inLanguage\":\"en-GB\"}]}<\/script>\n<!-- \/ Yoast SEO plugin. -->","yoast_head_json":{"title":"Webasto Range+ mi\u00f0st\u00f6\u00f0 Air Top 2000stc 12v d. fyrir EQV-Vito - B&iacute;lasmi&eth;urinn","robots":{"index":"index","follow":"follow","max-snippet":"max-snippet:-1","max-image-preview":"max-image-preview:large","max-video-preview":"max-video-preview:-1"},"canonical":"https:\/\/bilasmidurinn.is\/en\/vefverslun\/midstodvar\/webasto-range-midstod-air-top-2000stc-12v-d-fyrir-eqv-vito\/","og_locale":"en_GB","og_type":"article","og_title":"Webasto Range+ mi\u00f0st\u00f6\u00f0 Air Top 2000stc 12v d. fyrir EQV-Vito - B&iacute;lasmi&eth;urinn","og_description":"Webasto Range+ mi\u00f0st\u00f6\u00f0 2kw Air Top 2000stc 12v diesel sett sem er s\u00e9r hanna\u00f0 fyrir Merceded Bens MQV Vito.\u00a0 Me\u00f0 \u00fev\u00ed a\u00f0\u00a0 nota Webasto mi\u00f0st\u00f6\u00f0ina sparast verulegt rafmagn sem getur lengt dr\u00e6gni b\u00edlsins um allt a\u00f0 80km.  Setti\u00f0 inniheldur alla hluti til \u00edsetningar \u00e1samt 8L tank sem er settur undir b\u00edlinn me\u00f0 \u00e1fyllingar st\u00fat.  H\u00e6gt a\u00f0 tengja mismunandi st\u00fdringar vi\u00f0 t.d. fjartst\u00fdringu, GSM App e\u00f0a klukku.  sj\u00e1 t\u00e6knil\u00fdsingu","og_url":"https:\/\/bilasmidurinn.is\/en\/vefverslun\/midstodvar\/webasto-range-midstod-air-top-2000stc-12v-d-fyrir-eqv-vito\/","og_site_name":"B&iacute;lasmi&eth;urinn","article_modified_time":"2024-01-06T11:12:22+00:00","og_image":[{"width":600,"height":342,"url":"https:\/\/bilasmidurinn.is\/wp-content\/uploads\/2021\/11\/9029250A.jpg","type":"image\/jpeg"}],"twitter_card":"summary_large_image","twitter_misc":{"Estimated reading time":"1 minute"},"schema":{"@context":"https:\/\/schema.org","@graph":[{"@type":"WebPage","@id":"https:\/\/bilasmidurinn.is\/vefverslun\/midstodvar\/webasto-range-midstod-air-top-2000stc-12v-d-fyrir-eqv-vito\/","url":"https:\/\/bilasmidurinn.is\/vefverslun\/midstodvar\/webasto-range-midstod-air-top-2000stc-12v-d-fyrir-eqv-vito\/","name":"Webasto Range+ mi\u00f0st\u00f6\u00f0 Air Top 2000stc 12v d. fyrir EQV-Vito - B&iacute;lasmi&eth;urinn","isPartOf":{"@id":"https:\/\/bilasmidurinn.is\/#website"},"primaryImageOfPage":{"@id":"https:\/\/bilasmidurinn.is\/vefverslun\/midstodvar\/webasto-range-midstod-air-top-2000stc-12v-d-fyrir-eqv-vito\/#primaryimage"},"image":{"@id":"https:\/\/bilasmidurinn.is\/vefverslun\/midstodvar\/webasto-range-midstod-air-top-2000stc-12v-d-fyrir-eqv-vito\/#primaryimage"},"thumbnailUrl":"https:\/\/bilasmidurinn.is\/wp-content\/uploads\/2021\/11\/9029250A.jpg","datePublished":"2024-01-06T11:05:33+00:00","dateModified":"2024-01-06T11:12:22+00:00","breadcrumb":{"@id":"https:\/\/bilasmidurinn.is\/vefverslun\/midstodvar\/webasto-range-midstod-air-top-2000stc-12v-d-fyrir-eqv-vito\/#breadcrumb"},"inLanguage":"en-GB","potentialAction":[{"@type":"ReadAction","target":["https:\/\/bilasmidurinn.is\/vefverslun\/midstodvar\/webasto-range-midstod-air-top-2000stc-12v-d-fyrir-eqv-vito\/"]}]},{"@type":"ImageObject","inLanguage":"en-GB","@id":"https:\/\/bilasmidurinn.is\/vefverslun\/midstodvar\/webasto-range-midstod-air-top-2000stc-12v-d-fyrir-eqv-vito\/#primaryimage","url":"https:\/\/bilasmidurinn.is\/wp-content\/uploads\/2021\/11\/9029250A.jpg","contentUrl":"https:\/\/bilasmidurinn.is\/wp-content\/uploads\/2021\/11\/9029250A.jpg","width":600,"height":342},{"@type":"BreadcrumbList","@id":"https:\/\/bilasmidurinn.is\/vefverslun\/midstodvar\/webasto-range-midstod-air-top-2000stc-12v-d-fyrir-eqv-vito\/#breadcrumb","itemListElement":[{"@type":"ListItem","position":1,"name":"Home","item":"https:\/\/bilasmidurinn.is\/"},{"@type":"ListItem","position":2,"name":"V\u00f6rur \u00ed verslun","item":"https:\/\/bilasmidurinn.is\/vefverslun\/"},{"@type":"ListItem","position":3,"name":"Webasto Range+ mi\u00f0st\u00f6\u00f0 Air Top 2000stc 12v d. fyrir EQV-Vito"}]},{"@type":"WebSite","@id":"https:\/\/bilasmidurinn.is\/#website","url":"https:\/\/bilasmidurinn.is\/","name":"B&iacute;lasmi&eth;urinn","description":"All sem &thorn;&uacute; &thorn;arft &iacute; t&aelig;ki&eth;","potentialAction":[{"@type":"SearchAction","target":{"@type":"EntryPoint","urlTemplate":"https:\/\/bilasmidurinn.is\/?s={search_term_string}"},"query-input":{"@type":"PropertyValueSpecification","valueRequired":true,"valueName":"search_term_string"}}],"inLanguage":"en-GB"}]}},"_links":{"self":[{"href":"https:\/\/bilasmidurinn.is\/en\/wp-json\/wp\/v2\/product\/15336","targetHints":{"allow":["GET"]}}],"collection":[{"href":"https:\/\/bilasmidurinn.is\/en\/wp-json\/wp\/v2\/product"}],"about":[{"href":"https:\/\/bilasmidurinn.is\/en\/wp-json\/wp\/v2\/types\/product"}],"wp:featuredmedia":[{"embeddable":true,"href":"https:\/\/bilasmidurinn.is\/en\/wp-json\/wp\/v2\/media\/14132"}],"wp:attachment":[{"href":"https:\/\/bilasmidurinn.is\/en\/wp-json\/wp\/v2\/media?parent=15336"}],"wp:term":[{"taxonomy":"product_brand","embeddable":true,"href":"https:\/\/bilasmidurinn.is\/en\/wp-json\/wp\/v2\/product_brand?post=15336"},{"taxonomy":"product_cat","embeddable":true,"href":"https:\/\/bilasmidurinn.is\/en\/wp-json\/wp\/v2\/product_cat?post=15336"},{"taxonomy":"product_tag","embeddable":true,"href":"https:\/\/bilasmidurinn.is\/en\/wp-json\/wp\/v2\/product_tag?post=15336"}],"curies":[{"name":"wp","href":"https:\/\/api.w.org\/{rel}","templated":true}]}}