{"id":15281,"date":"2023-12-06T19:13:48","date_gmt":"2023-12-06T19:13:48","guid":{"rendered":"https:\/\/bilasmidurinn.is\/?post_type=product&#038;p=15281"},"modified":"2024-09-30T15:55:05","modified_gmt":"2024-09-30T15:55:05","slug":"led-vinnuljos-54w-4-11-32vv-6840lm","status":"publish","type":"product","link":"https:\/\/bilasmidurinn.is\/en\/vefverslun\/ljos\/vinnuljos-ljos\/led-vinnuljos-54w-4-11-32vv-6840lm\/","title":{"rendered":"LED Work light 54W 4\u2033 11-32Vv 6840Lm"},"content":{"rendered":"<p>Work light floodlight Led 54W 6840Lm 10-32V with stainless mounting.<\/p>\n<p>IP65, ECE Reg10, Polycarbonate unbreakable lens.<\/p>\n<p>Deutche connector on 450mm trunk.<\/p>\n<p>Pulls up to 54m<\/p>\n<p>110x48x125mm<\/p>\n<p>&nbsp;<\/p>","protected":false},"excerpt":{"rendered":"<p>LED flood work light 54w 6840Lm 10-32V DC with Deutche connector on 450mm tail<\/p>\n<p>Stainless fitting<\/p>","protected":false},"featured_media":15282,"template":"","meta":[],"product_brand":[7927],"product_cat":[7893,8042,8012],"product_tag":[],"class_list":{"0":"post-15281","1":"product","2":"type-product","3":"status-publish","4":"has-post-thumbnail","6":"product_brand-www-247lighting-net","7":"product_cat-ljos","8":"product_cat-ljoskastarar","9":"product_cat-vinnuljos-ljos","11":"first","12":"instock","13":"shipping-taxable","14":"product-type-simple"},"yoast_head":"<!-- This site is optimized with the Yoast SEO plugin v27.4 - https:\/\/yoast.com\/product\/yoast-seo-wordpress\/ -->\n<title>LED Vinnulj\u00f3s 54W 4&quot; 11-32Vv 6840Lm - B&iacute;lasmi&eth;urinn<\/title>\n<meta name=\"robots\" content=\"index, follow, max-snippet:-1, max-image-preview:large, max-video-preview:-1\" \/>\n<link rel=\"canonical\" href=\"https:\/\/bilasmidurinn.is\/en\/vefverslun\/ljos\/vinnuljos-ljos\/led-vinnuljos-54w-4-11-32vv-6840lm\/\" \/>\n<meta property=\"og:locale\" content=\"en_GB\" \/>\n<meta property=\"og:type\" content=\"article\" \/>\n<meta property=\"og:title\" content=\"LED Vinnulj\u00f3s 54W 4&quot; 11-32Vv 6840Lm - B&iacute;lasmi&eth;urinn\" \/>\n<meta property=\"og:description\" content=\"LED fl\u00f3\u00f0 vinnulj\u00f3s 54w\u00a0 6840Lm 10-32V DC\u00a0 \u00a0me\u00f0 Deutche tengi \u00e1 450mm skotti  Ry\u00f0fr\u00ed festing\" \/>\n<meta property=\"og:url\" content=\"https:\/\/bilasmidurinn.is\/en\/vefverslun\/ljos\/vinnuljos-ljos\/led-vinnuljos-54w-4-11-32vv-6840lm\/\" \/>\n<meta property=\"og:site_name\" content=\"B&iacute;lasmi&eth;urinn\" \/>\n<meta property=\"article:modified_time\" content=\"2024-09-30T15:55:05+00:00\" \/>\n<meta property=\"og:image\" content=\"https:\/\/bilasmidurinn.is\/wp-content\/uploads\/2023\/12\/CA5739.png\" \/>\n\t<meta property=\"og:image:width\" content=\"500\" \/>\n\t<meta property=\"og:image:height\" content=\"500\" \/>\n\t<meta property=\"og:image:type\" content=\"image\/png\" \/>\n<meta name=\"twitter:card\" content=\"summary_large_image\" \/>\n<meta name=\"twitter:label1\" content=\"Estimated reading time\" \/>\n\t<meta name=\"twitter:data1\" content=\"1 minute\" \/>\n<script type=\"application\/ld+json\" class=\"yoast-schema-graph\">{\"@context\":\"https:\\\/\\\/schema.org\",\"@graph\":[{\"@type\":\"WebPage\",\"@id\":\"https:\\\/\\\/bilasmidurinn.is\\\/vefverslun\\\/ljos\\\/vinnuljos-ljos\\\/led-vinnuljos-54w-4-11-32vv-6840lm\\\/\",\"url\":\"https:\\\/\\\/bilasmidurinn.is\\\/vefverslun\\\/ljos\\\/vinnuljos-ljos\\\/led-vinnuljos-54w-4-11-32vv-6840lm\\\/\",\"name\":\"LED Vinnulj\u00f3s 54W 4\\\" 11-32Vv 6840Lm - B&iacute;lasmi&eth;urinn\",\"isPartOf\":{\"@id\":\"https:\\\/\\\/bilasmidurinn.is\\\/#website\"},\"primaryImageOfPage\":{\"@id\":\"https:\\\/\\\/bilasmidurinn.is\\\/vefverslun\\\/ljos\\\/vinnuljos-ljos\\\/led-vinnuljos-54w-4-11-32vv-6840lm\\\/#primaryimage\"},\"image\":{\"@id\":\"https:\\\/\\\/bilasmidurinn.is\\\/vefverslun\\\/ljos\\\/vinnuljos-ljos\\\/led-vinnuljos-54w-4-11-32vv-6840lm\\\/#primaryimage\"},\"thumbnailUrl\":\"https:\\\/\\\/bilasmidurinn.is\\\/wp-content\\\/uploads\\\/2023\\\/12\\\/CA5739.png\",\"datePublished\":\"2023-12-06T19:13:48+00:00\",\"dateModified\":\"2024-09-30T15:55:05+00:00\",\"breadcrumb\":{\"@id\":\"https:\\\/\\\/bilasmidurinn.is\\\/vefverslun\\\/ljos\\\/vinnuljos-ljos\\\/led-vinnuljos-54w-4-11-32vv-6840lm\\\/#breadcrumb\"},\"inLanguage\":\"en-GB\",\"potentialAction\":[{\"@type\":\"ReadAction\",\"target\":[\"https:\\\/\\\/bilasmidurinn.is\\\/vefverslun\\\/ljos\\\/vinnuljos-ljos\\\/led-vinnuljos-54w-4-11-32vv-6840lm\\\/\"]}]},{\"@type\":\"ImageObject\",\"inLanguage\":\"en-GB\",\"@id\":\"https:\\\/\\\/bilasmidurinn.is\\\/vefverslun\\\/ljos\\\/vinnuljos-ljos\\\/led-vinnuljos-54w-4-11-32vv-6840lm\\\/#primaryimage\",\"url\":\"https:\\\/\\\/bilasmidurinn.is\\\/wp-content\\\/uploads\\\/2023\\\/12\\\/CA5739.png\",\"contentUrl\":\"https:\\\/\\\/bilasmidurinn.is\\\/wp-content\\\/uploads\\\/2023\\\/12\\\/CA5739.png\",\"width\":500,\"height\":500},{\"@type\":\"BreadcrumbList\",\"@id\":\"https:\\\/\\\/bilasmidurinn.is\\\/vefverslun\\\/ljos\\\/vinnuljos-ljos\\\/led-vinnuljos-54w-4-11-32vv-6840lm\\\/#breadcrumb\",\"itemListElement\":[{\"@type\":\"ListItem\",\"position\":1,\"name\":\"Home\",\"item\":\"https:\\\/\\\/bilasmidurinn.is\\\/\"},{\"@type\":\"ListItem\",\"position\":2,\"name\":\"V\u00f6rur \u00ed verslun\",\"item\":\"https:\\\/\\\/bilasmidurinn.is\\\/vefverslun\\\/\"},{\"@type\":\"ListItem\",\"position\":3,\"name\":\"LED Vinnulj\u00f3s 54W 4&#8243; 11-32Vv 6840Lm\"}]},{\"@type\":\"WebSite\",\"@id\":\"https:\\\/\\\/bilasmidurinn.is\\\/#website\",\"url\":\"https:\\\/\\\/bilasmidurinn.is\\\/\",\"name\":\"B&iacute;lasmi&eth;urinn\",\"description\":\"All sem &thorn;&uacute; &thorn;arft &iacute; t&aelig;ki&eth;\",\"potentialAction\":[{\"@type\":\"SearchAction\",\"target\":{\"@type\":\"EntryPoint\",\"urlTemplate\":\"https:\\\/\\\/bilasmidurinn.is\\\/?s={search_term_string}\"},\"query-input\":{\"@type\":\"PropertyValueSpecification\",\"valueRequired\":true,\"valueName\":\"search_term_string\"}}],\"inLanguage\":\"en-GB\"}]}<\/script>\n<!-- \/ Yoast SEO plugin. -->","yoast_head_json":{"title":"LED Vinnulj\u00f3s 54W 4\" 11-32Vv 6840Lm - B&iacute;lasmi&eth;urinn","robots":{"index":"index","follow":"follow","max-snippet":"max-snippet:-1","max-image-preview":"max-image-preview:large","max-video-preview":"max-video-preview:-1"},"canonical":"https:\/\/bilasmidurinn.is\/en\/vefverslun\/ljos\/vinnuljos-ljos\/led-vinnuljos-54w-4-11-32vv-6840lm\/","og_locale":"en_GB","og_type":"article","og_title":"LED Vinnulj\u00f3s 54W 4\" 11-32Vv 6840Lm - B&iacute;lasmi&eth;urinn","og_description":"LED fl\u00f3\u00f0 vinnulj\u00f3s 54w\u00a0 6840Lm 10-32V DC\u00a0 \u00a0me\u00f0 Deutche tengi \u00e1 450mm skotti  Ry\u00f0fr\u00ed festing","og_url":"https:\/\/bilasmidurinn.is\/en\/vefverslun\/ljos\/vinnuljos-ljos\/led-vinnuljos-54w-4-11-32vv-6840lm\/","og_site_name":"B&iacute;lasmi&eth;urinn","article_modified_time":"2024-09-30T15:55:05+00:00","og_image":[{"width":500,"height":500,"url":"https:\/\/bilasmidurinn.is\/wp-content\/uploads\/2023\/12\/CA5739.png","type":"image\/png"}],"twitter_card":"summary_large_image","twitter_misc":{"Estimated reading time":"1 minute"},"schema":{"@context":"https:\/\/schema.org","@graph":[{"@type":"WebPage","@id":"https:\/\/bilasmidurinn.is\/vefverslun\/ljos\/vinnuljos-ljos\/led-vinnuljos-54w-4-11-32vv-6840lm\/","url":"https:\/\/bilasmidurinn.is\/vefverslun\/ljos\/vinnuljos-ljos\/led-vinnuljos-54w-4-11-32vv-6840lm\/","name":"LED Vinnulj\u00f3s 54W 4\" 11-32Vv 6840Lm - B&iacute;lasmi&eth;urinn","isPartOf":{"@id":"https:\/\/bilasmidurinn.is\/#website"},"primaryImageOfPage":{"@id":"https:\/\/bilasmidurinn.is\/vefverslun\/ljos\/vinnuljos-ljos\/led-vinnuljos-54w-4-11-32vv-6840lm\/#primaryimage"},"image":{"@id":"https:\/\/bilasmidurinn.is\/vefverslun\/ljos\/vinnuljos-ljos\/led-vinnuljos-54w-4-11-32vv-6840lm\/#primaryimage"},"thumbnailUrl":"https:\/\/bilasmidurinn.is\/wp-content\/uploads\/2023\/12\/CA5739.png","datePublished":"2023-12-06T19:13:48+00:00","dateModified":"2024-09-30T15:55:05+00:00","breadcrumb":{"@id":"https:\/\/bilasmidurinn.is\/vefverslun\/ljos\/vinnuljos-ljos\/led-vinnuljos-54w-4-11-32vv-6840lm\/#breadcrumb"},"inLanguage":"en-GB","potentialAction":[{"@type":"ReadAction","target":["https:\/\/bilasmidurinn.is\/vefverslun\/ljos\/vinnuljos-ljos\/led-vinnuljos-54w-4-11-32vv-6840lm\/"]}]},{"@type":"ImageObject","inLanguage":"en-GB","@id":"https:\/\/bilasmidurinn.is\/vefverslun\/ljos\/vinnuljos-ljos\/led-vinnuljos-54w-4-11-32vv-6840lm\/#primaryimage","url":"https:\/\/bilasmidurinn.is\/wp-content\/uploads\/2023\/12\/CA5739.png","contentUrl":"https:\/\/bilasmidurinn.is\/wp-content\/uploads\/2023\/12\/CA5739.png","width":500,"height":500},{"@type":"BreadcrumbList","@id":"https:\/\/bilasmidurinn.is\/vefverslun\/ljos\/vinnuljos-ljos\/led-vinnuljos-54w-4-11-32vv-6840lm\/#breadcrumb","itemListElement":[{"@type":"ListItem","position":1,"name":"Home","item":"https:\/\/bilasmidurinn.is\/"},{"@type":"ListItem","position":2,"name":"V\u00f6rur \u00ed verslun","item":"https:\/\/bilasmidurinn.is\/vefverslun\/"},{"@type":"ListItem","position":3,"name":"LED Vinnulj\u00f3s 54W 4&#8243; 11-32Vv 6840Lm"}]},{"@type":"WebSite","@id":"https:\/\/bilasmidurinn.is\/#website","url":"https:\/\/bilasmidurinn.is\/","name":"B&iacute;lasmi&eth;urinn","description":"All sem &thorn;&uacute; &thorn;arft &iacute; t&aelig;ki&eth;","potentialAction":[{"@type":"SearchAction","target":{"@type":"EntryPoint","urlTemplate":"https:\/\/bilasmidurinn.is\/?s={search_term_string}"},"query-input":{"@type":"PropertyValueSpecification","valueRequired":true,"valueName":"search_term_string"}}],"inLanguage":"en-GB"}]}},"_links":{"self":[{"href":"https:\/\/bilasmidurinn.is\/en\/wp-json\/wp\/v2\/product\/15281","targetHints":{"allow":["GET"]}}],"collection":[{"href":"https:\/\/bilasmidurinn.is\/en\/wp-json\/wp\/v2\/product"}],"about":[{"href":"https:\/\/bilasmidurinn.is\/en\/wp-json\/wp\/v2\/types\/product"}],"wp:featuredmedia":[{"embeddable":true,"href":"https:\/\/bilasmidurinn.is\/en\/wp-json\/wp\/v2\/media\/15282"}],"wp:attachment":[{"href":"https:\/\/bilasmidurinn.is\/en\/wp-json\/wp\/v2\/media?parent=15281"}],"wp:term":[{"taxonomy":"product_brand","embeddable":true,"href":"https:\/\/bilasmidurinn.is\/en\/wp-json\/wp\/v2\/product_brand?post=15281"},{"taxonomy":"product_cat","embeddable":true,"href":"https:\/\/bilasmidurinn.is\/en\/wp-json\/wp\/v2\/product_cat?post=15281"},{"taxonomy":"product_tag","embeddable":true,"href":"https:\/\/bilasmidurinn.is\/en\/wp-json\/wp\/v2\/product_tag?post=15281"}],"curies":[{"name":"wp","href":"https:\/\/api.w.org\/{rel}","templated":true}]}}