{"id":15279,"date":"2023-12-06T19:04:45","date_gmt":"2023-12-06T19:04:45","guid":{"rendered":"https:\/\/bilasmidurinn.is\/?post_type=product&#038;p=15279"},"modified":"2025-04-14T10:11:53","modified_gmt":"2025-04-14T10:11:53","slug":"vatnsdaela-u4856-6000sc-webasto-valeo","status":"publish","type":"product","link":"https:\/\/bilasmidurinn.is\/en\/vefverslun\/midstodvar\/vatnsmidstodvar\/vatnsdaela-u4856-6000sc-webasto-valeo\/","title":{"rendered":"Water pump U4856 6000SC Webasto\/Valeo"},"content":{"rendered":"<p>U4856 water pump SC6000 24V mep 32mm nozzles, suitable for buses with heating in air shafts, suitable for Webasto \/ Spheros \/ Valeo Thermal 300-350kW oil hubs<\/p>\n<p>&nbsp;<\/p>","protected":false},"excerpt":{"rendered":"<p>U4856 water pump for oil hubs in buses 32mm nozzle, suitable for larger hub systems, 24v<\/p>","protected":false},"featured_media":15285,"template":"","meta":[],"product_brand":[7997,7925],"product_cat":[7967,8036],"product_tag":[],"class_list":{"0":"post-15279","1":"product","2":"type-product","3":"status-publish","4":"has-post-thumbnail","6":"product_brand-valeo-thermo","7":"product_brand-webasto","8":"product_cat-midstodvar","9":"product_cat-vatnsmidstodvar","11":"first","12":"instock","13":"shipping-taxable","14":"product-type-simple"},"yoast_head":"<!-- This site is optimized with the Yoast SEO plugin v27.4 - https:\/\/yoast.com\/product\/yoast-seo-wordpress\/ -->\n<title>Vatnsd\u00e6la U4856 6000SC Webasto\/Valeo - B&iacute;lasmi&eth;urinn<\/title>\n<meta name=\"robots\" content=\"index, follow, max-snippet:-1, max-image-preview:large, max-video-preview:-1\" \/>\n<link rel=\"canonical\" href=\"https:\/\/bilasmidurinn.is\/en\/vefverslun\/midstodvar\/vatnsmidstodvar\/vatnsdaela-u4856-6000sc-webasto-valeo\/\" \/>\n<meta property=\"og:locale\" content=\"en_GB\" \/>\n<meta property=\"og:type\" content=\"article\" \/>\n<meta property=\"og:title\" content=\"Vatnsd\u00e6la U4856 6000SC Webasto\/Valeo - B&iacute;lasmi&eth;urinn\" \/>\n<meta property=\"og:description\" content=\"U4856 vatnsd\u00e6la fyrir ol\u00edumi\u00f0st\u00f6\u00f0var \u00ed r\u00fatur 32mm st\u00fatar, hentar fyrir st\u00e6ri mi\u00f0st\u00f6\u00f0varkerfi,\u00a0 24v\" \/>\n<meta property=\"og:url\" content=\"https:\/\/bilasmidurinn.is\/en\/vefverslun\/midstodvar\/vatnsmidstodvar\/vatnsdaela-u4856-6000sc-webasto-valeo\/\" \/>\n<meta property=\"og:site_name\" content=\"B&iacute;lasmi&eth;urinn\" \/>\n<meta property=\"article:modified_time\" content=\"2025-04-14T10:11:53+00:00\" \/>\n<meta property=\"og:image\" content=\"https:\/\/bilasmidurinn.is\/wp-content\/uploads\/2023\/12\/U4856_1.jpg\" \/>\n\t<meta property=\"og:image:width\" content=\"300\" \/>\n\t<meta property=\"og:image:height\" content=\"168\" \/>\n\t<meta property=\"og:image:type\" content=\"image\/jpeg\" \/>\n<meta name=\"twitter:card\" content=\"summary_large_image\" \/>\n<meta name=\"twitter:label1\" content=\"Estimated reading time\" \/>\n\t<meta name=\"twitter:data1\" content=\"1 minute\" \/>\n<script type=\"application\/ld+json\" class=\"yoast-schema-graph\">{\"@context\":\"https:\\\/\\\/schema.org\",\"@graph\":[{\"@type\":\"WebPage\",\"@id\":\"https:\\\/\\\/bilasmidurinn.is\\\/vefverslun\\\/midstodvar\\\/vatnsmidstodvar\\\/vatnsdaela-u4856-6000sc-webasto-valeo\\\/\",\"url\":\"https:\\\/\\\/bilasmidurinn.is\\\/vefverslun\\\/midstodvar\\\/vatnsmidstodvar\\\/vatnsdaela-u4856-6000sc-webasto-valeo\\\/\",\"name\":\"Vatnsd\u00e6la U4856 6000SC Webasto\\\/Valeo - B&iacute;lasmi&eth;urinn\",\"isPartOf\":{\"@id\":\"https:\\\/\\\/bilasmidurinn.is\\\/#website\"},\"primaryImageOfPage\":{\"@id\":\"https:\\\/\\\/bilasmidurinn.is\\\/vefverslun\\\/midstodvar\\\/vatnsmidstodvar\\\/vatnsdaela-u4856-6000sc-webasto-valeo\\\/#primaryimage\"},\"image\":{\"@id\":\"https:\\\/\\\/bilasmidurinn.is\\\/vefverslun\\\/midstodvar\\\/vatnsmidstodvar\\\/vatnsdaela-u4856-6000sc-webasto-valeo\\\/#primaryimage\"},\"thumbnailUrl\":\"https:\\\/\\\/bilasmidurinn.is\\\/wp-content\\\/uploads\\\/2023\\\/12\\\/U4856_1.jpg\",\"datePublished\":\"2023-12-06T19:04:45+00:00\",\"dateModified\":\"2025-04-14T10:11:53+00:00\",\"breadcrumb\":{\"@id\":\"https:\\\/\\\/bilasmidurinn.is\\\/vefverslun\\\/midstodvar\\\/vatnsmidstodvar\\\/vatnsdaela-u4856-6000sc-webasto-valeo\\\/#breadcrumb\"},\"inLanguage\":\"en-GB\",\"potentialAction\":[{\"@type\":\"ReadAction\",\"target\":[\"https:\\\/\\\/bilasmidurinn.is\\\/vefverslun\\\/midstodvar\\\/vatnsmidstodvar\\\/vatnsdaela-u4856-6000sc-webasto-valeo\\\/\"]}]},{\"@type\":\"ImageObject\",\"inLanguage\":\"en-GB\",\"@id\":\"https:\\\/\\\/bilasmidurinn.is\\\/vefverslun\\\/midstodvar\\\/vatnsmidstodvar\\\/vatnsdaela-u4856-6000sc-webasto-valeo\\\/#primaryimage\",\"url\":\"https:\\\/\\\/bilasmidurinn.is\\\/wp-content\\\/uploads\\\/2023\\\/12\\\/U4856_1.jpg\",\"contentUrl\":\"https:\\\/\\\/bilasmidurinn.is\\\/wp-content\\\/uploads\\\/2023\\\/12\\\/U4856_1.jpg\",\"width\":300,\"height\":168},{\"@type\":\"BreadcrumbList\",\"@id\":\"https:\\\/\\\/bilasmidurinn.is\\\/vefverslun\\\/midstodvar\\\/vatnsmidstodvar\\\/vatnsdaela-u4856-6000sc-webasto-valeo\\\/#breadcrumb\",\"itemListElement\":[{\"@type\":\"ListItem\",\"position\":1,\"name\":\"Home\",\"item\":\"https:\\\/\\\/bilasmidurinn.is\\\/\"},{\"@type\":\"ListItem\",\"position\":2,\"name\":\"V\u00f6rur \u00ed verslun\",\"item\":\"https:\\\/\\\/bilasmidurinn.is\\\/vefverslun\\\/\"},{\"@type\":\"ListItem\",\"position\":3,\"name\":\"Vatnsd\u00e6la U4856 6000SC Webasto\\\/Valeo\"}]},{\"@type\":\"WebSite\",\"@id\":\"https:\\\/\\\/bilasmidurinn.is\\\/#website\",\"url\":\"https:\\\/\\\/bilasmidurinn.is\\\/\",\"name\":\"B&iacute;lasmi&eth;urinn\",\"description\":\"All sem &thorn;&uacute; &thorn;arft &iacute; t&aelig;ki&eth;\",\"potentialAction\":[{\"@type\":\"SearchAction\",\"target\":{\"@type\":\"EntryPoint\",\"urlTemplate\":\"https:\\\/\\\/bilasmidurinn.is\\\/?s={search_term_string}\"},\"query-input\":{\"@type\":\"PropertyValueSpecification\",\"valueRequired\":true,\"valueName\":\"search_term_string\"}}],\"inLanguage\":\"en-GB\"}]}<\/script>\n<!-- \/ Yoast SEO plugin. -->","yoast_head_json":{"title":"Vatnsd\u00e6la U4856 6000SC Webasto\/Valeo - B&iacute;lasmi&eth;urinn","robots":{"index":"index","follow":"follow","max-snippet":"max-snippet:-1","max-image-preview":"max-image-preview:large","max-video-preview":"max-video-preview:-1"},"canonical":"https:\/\/bilasmidurinn.is\/en\/vefverslun\/midstodvar\/vatnsmidstodvar\/vatnsdaela-u4856-6000sc-webasto-valeo\/","og_locale":"en_GB","og_type":"article","og_title":"Vatnsd\u00e6la U4856 6000SC Webasto\/Valeo - B&iacute;lasmi&eth;urinn","og_description":"U4856 vatnsd\u00e6la fyrir ol\u00edumi\u00f0st\u00f6\u00f0var \u00ed r\u00fatur 32mm st\u00fatar, hentar fyrir st\u00e6ri mi\u00f0st\u00f6\u00f0varkerfi,\u00a0 24v","og_url":"https:\/\/bilasmidurinn.is\/en\/vefverslun\/midstodvar\/vatnsmidstodvar\/vatnsdaela-u4856-6000sc-webasto-valeo\/","og_site_name":"B&iacute;lasmi&eth;urinn","article_modified_time":"2025-04-14T10:11:53+00:00","og_image":[{"width":300,"height":168,"url":"https:\/\/bilasmidurinn.is\/wp-content\/uploads\/2023\/12\/U4856_1.jpg","type":"image\/jpeg"}],"twitter_card":"summary_large_image","twitter_misc":{"Estimated reading time":"1 minute"},"schema":{"@context":"https:\/\/schema.org","@graph":[{"@type":"WebPage","@id":"https:\/\/bilasmidurinn.is\/vefverslun\/midstodvar\/vatnsmidstodvar\/vatnsdaela-u4856-6000sc-webasto-valeo\/","url":"https:\/\/bilasmidurinn.is\/vefverslun\/midstodvar\/vatnsmidstodvar\/vatnsdaela-u4856-6000sc-webasto-valeo\/","name":"Vatnsd\u00e6la U4856 6000SC Webasto\/Valeo - B&iacute;lasmi&eth;urinn","isPartOf":{"@id":"https:\/\/bilasmidurinn.is\/#website"},"primaryImageOfPage":{"@id":"https:\/\/bilasmidurinn.is\/vefverslun\/midstodvar\/vatnsmidstodvar\/vatnsdaela-u4856-6000sc-webasto-valeo\/#primaryimage"},"image":{"@id":"https:\/\/bilasmidurinn.is\/vefverslun\/midstodvar\/vatnsmidstodvar\/vatnsdaela-u4856-6000sc-webasto-valeo\/#primaryimage"},"thumbnailUrl":"https:\/\/bilasmidurinn.is\/wp-content\/uploads\/2023\/12\/U4856_1.jpg","datePublished":"2023-12-06T19:04:45+00:00","dateModified":"2025-04-14T10:11:53+00:00","breadcrumb":{"@id":"https:\/\/bilasmidurinn.is\/vefverslun\/midstodvar\/vatnsmidstodvar\/vatnsdaela-u4856-6000sc-webasto-valeo\/#breadcrumb"},"inLanguage":"en-GB","potentialAction":[{"@type":"ReadAction","target":["https:\/\/bilasmidurinn.is\/vefverslun\/midstodvar\/vatnsmidstodvar\/vatnsdaela-u4856-6000sc-webasto-valeo\/"]}]},{"@type":"ImageObject","inLanguage":"en-GB","@id":"https:\/\/bilasmidurinn.is\/vefverslun\/midstodvar\/vatnsmidstodvar\/vatnsdaela-u4856-6000sc-webasto-valeo\/#primaryimage","url":"https:\/\/bilasmidurinn.is\/wp-content\/uploads\/2023\/12\/U4856_1.jpg","contentUrl":"https:\/\/bilasmidurinn.is\/wp-content\/uploads\/2023\/12\/U4856_1.jpg","width":300,"height":168},{"@type":"BreadcrumbList","@id":"https:\/\/bilasmidurinn.is\/vefverslun\/midstodvar\/vatnsmidstodvar\/vatnsdaela-u4856-6000sc-webasto-valeo\/#breadcrumb","itemListElement":[{"@type":"ListItem","position":1,"name":"Home","item":"https:\/\/bilasmidurinn.is\/"},{"@type":"ListItem","position":2,"name":"V\u00f6rur \u00ed verslun","item":"https:\/\/bilasmidurinn.is\/vefverslun\/"},{"@type":"ListItem","position":3,"name":"Vatnsd\u00e6la U4856 6000SC Webasto\/Valeo"}]},{"@type":"WebSite","@id":"https:\/\/bilasmidurinn.is\/#website","url":"https:\/\/bilasmidurinn.is\/","name":"B&iacute;lasmi&eth;urinn","description":"All sem &thorn;&uacute; &thorn;arft &iacute; t&aelig;ki&eth;","potentialAction":[{"@type":"SearchAction","target":{"@type":"EntryPoint","urlTemplate":"https:\/\/bilasmidurinn.is\/?s={search_term_string}"},"query-input":{"@type":"PropertyValueSpecification","valueRequired":true,"valueName":"search_term_string"}}],"inLanguage":"en-GB"}]}},"_links":{"self":[{"href":"https:\/\/bilasmidurinn.is\/en\/wp-json\/wp\/v2\/product\/15279","targetHints":{"allow":["GET"]}}],"collection":[{"href":"https:\/\/bilasmidurinn.is\/en\/wp-json\/wp\/v2\/product"}],"about":[{"href":"https:\/\/bilasmidurinn.is\/en\/wp-json\/wp\/v2\/types\/product"}],"wp:featuredmedia":[{"embeddable":true,"href":"https:\/\/bilasmidurinn.is\/en\/wp-json\/wp\/v2\/media\/15285"}],"wp:attachment":[{"href":"https:\/\/bilasmidurinn.is\/en\/wp-json\/wp\/v2\/media?parent=15279"}],"wp:term":[{"taxonomy":"product_brand","embeddable":true,"href":"https:\/\/bilasmidurinn.is\/en\/wp-json\/wp\/v2\/product_brand?post=15279"},{"taxonomy":"product_cat","embeddable":true,"href":"https:\/\/bilasmidurinn.is\/en\/wp-json\/wp\/v2\/product_cat?post=15279"},{"taxonomy":"product_tag","embeddable":true,"href":"https:\/\/bilasmidurinn.is\/en\/wp-json\/wp\/v2\/product_tag?post=15279"}],"curies":[{"name":"wp","href":"https:\/\/api.w.org\/{rel}","templated":true}]}}