{"id":15222,"date":"2023-08-02T09:50:06","date_gmt":"2023-08-02T09:50:06","guid":{"rendered":"https:\/\/bilasmidurinn.is\/?post_type=product&#038;p=15222"},"modified":"2023-08-02T10:02:13","modified_gmt":"2023-08-02T10:02:13","slug":"pallskuffa-a-sleda-fyrir-ford-ranger","status":"publish","type":"product","link":"https:\/\/bilasmidurinn.is\/en\/vefverslun\/adrar-vorur\/pallskuffa-a-sleda-fyrir-ford-ranger\/","title":{"rendered":"Platform drawer on sled for Ford Ranger"},"content":{"rendered":"<p>Platform drawer\/Bedslide, extendable for Ford Ranger<br \/>\nWeighs 60kg and carries 400kg.<br \/>\nLength 1250m<br \/>\nWidth 1000m<br \/>\n2 year warranty<\/p>","protected":false},"excerpt":{"rendered":"<p>Pull-out platform drawer \/ Bedslide for Ford Ragner, load 150kg.<\/p>","protected":false},"featured_media":14787,"template":"","meta":[],"product_brand":[8049],"product_cat":[7951],"product_tag":[],"class_list":{"0":"post-15222","1":"product","2":"type-product","3":"status-publish","4":"has-post-thumbnail","6":"product_brand-vool","7":"product_cat-adrar-vorur","9":"first","10":"instock","11":"shipping-taxable","12":"product-type-simple"},"yoast_head":"<!-- This site is optimized with the Yoast SEO plugin v27.5 - https:\/\/yoast.com\/product\/yoast-seo-wordpress\/ -->\n<title>Pallsk\u00faffa \u00e1 sle\u00f0a fyrir Ford Ranger - B&iacute;lasmi&eth;urinn<\/title>\n<meta name=\"robots\" content=\"index, follow, max-snippet:-1, max-image-preview:large, max-video-preview:-1\" \/>\n<link rel=\"canonical\" href=\"https:\/\/bilasmidurinn.is\/en\/vefverslun\/adrar-vorur\/pallskuffa-a-sleda-fyrir-ford-ranger\/\" \/>\n<meta property=\"og:locale\" content=\"en_GB\" \/>\n<meta property=\"og:type\" content=\"article\" \/>\n<meta property=\"og:title\" content=\"Pallsk\u00faffa \u00e1 sle\u00f0a fyrir Ford Ranger - B&iacute;lasmi&eth;urinn\" \/>\n<meta property=\"og:description\" content=\"Pallsk\u00faffa \u00fatdraganleg \/ Bedslide fyrir Ford Ragner, ber 150kg.\" \/>\n<meta property=\"og:url\" content=\"https:\/\/bilasmidurinn.is\/en\/vefverslun\/adrar-vorur\/pallskuffa-a-sleda-fyrir-ford-ranger\/\" \/>\n<meta property=\"og:site_name\" content=\"B&iacute;lasmi&eth;urinn\" \/>\n<meta property=\"article:modified_time\" content=\"2023-08-02T10:02:13+00:00\" \/>\n<meta property=\"og:image\" content=\"https:\/\/bilasmidurinn.is\/wp-content\/uploads\/2022\/10\/vool-slade1.jpg\" \/>\n\t<meta property=\"og:image:width\" content=\"400\" \/>\n\t<meta property=\"og:image:height\" content=\"267\" \/>\n\t<meta property=\"og:image:type\" content=\"image\/jpeg\" \/>\n<meta name=\"twitter:card\" content=\"summary_large_image\" \/>\n<meta name=\"twitter:label1\" content=\"Estimated reading time\" \/>\n\t<meta name=\"twitter:data1\" content=\"1 minute\" \/>\n<script type=\"application\/ld+json\" class=\"yoast-schema-graph\">{\"@context\":\"https:\\\/\\\/schema.org\",\"@graph\":[{\"@type\":\"WebPage\",\"@id\":\"https:\\\/\\\/bilasmidurinn.is\\\/vefverslun\\\/adrar-vorur\\\/pallskuffa-a-sleda-fyrir-ford-ranger\\\/\",\"url\":\"https:\\\/\\\/bilasmidurinn.is\\\/vefverslun\\\/adrar-vorur\\\/pallskuffa-a-sleda-fyrir-ford-ranger\\\/\",\"name\":\"Pallsk\u00faffa \u00e1 sle\u00f0a fyrir Ford Ranger - B&iacute;lasmi&eth;urinn\",\"isPartOf\":{\"@id\":\"https:\\\/\\\/bilasmidurinn.is\\\/#website\"},\"primaryImageOfPage\":{\"@id\":\"https:\\\/\\\/bilasmidurinn.is\\\/vefverslun\\\/adrar-vorur\\\/pallskuffa-a-sleda-fyrir-ford-ranger\\\/#primaryimage\"},\"image\":{\"@id\":\"https:\\\/\\\/bilasmidurinn.is\\\/vefverslun\\\/adrar-vorur\\\/pallskuffa-a-sleda-fyrir-ford-ranger\\\/#primaryimage\"},\"thumbnailUrl\":\"https:\\\/\\\/bilasmidurinn.is\\\/wp-content\\\/uploads\\\/2022\\\/10\\\/vool-slade1.jpg\",\"datePublished\":\"2023-08-02T09:50:06+00:00\",\"dateModified\":\"2023-08-02T10:02:13+00:00\",\"breadcrumb\":{\"@id\":\"https:\\\/\\\/bilasmidurinn.is\\\/vefverslun\\\/adrar-vorur\\\/pallskuffa-a-sleda-fyrir-ford-ranger\\\/#breadcrumb\"},\"inLanguage\":\"en-GB\",\"potentialAction\":[{\"@type\":\"ReadAction\",\"target\":[\"https:\\\/\\\/bilasmidurinn.is\\\/vefverslun\\\/adrar-vorur\\\/pallskuffa-a-sleda-fyrir-ford-ranger\\\/\"]}]},{\"@type\":\"ImageObject\",\"inLanguage\":\"en-GB\",\"@id\":\"https:\\\/\\\/bilasmidurinn.is\\\/vefverslun\\\/adrar-vorur\\\/pallskuffa-a-sleda-fyrir-ford-ranger\\\/#primaryimage\",\"url\":\"https:\\\/\\\/bilasmidurinn.is\\\/wp-content\\\/uploads\\\/2022\\\/10\\\/vool-slade1.jpg\",\"contentUrl\":\"https:\\\/\\\/bilasmidurinn.is\\\/wp-content\\\/uploads\\\/2022\\\/10\\\/vool-slade1.jpg\",\"width\":400,\"height\":267},{\"@type\":\"BreadcrumbList\",\"@id\":\"https:\\\/\\\/bilasmidurinn.is\\\/vefverslun\\\/adrar-vorur\\\/pallskuffa-a-sleda-fyrir-ford-ranger\\\/#breadcrumb\",\"itemListElement\":[{\"@type\":\"ListItem\",\"position\":1,\"name\":\"Home\",\"item\":\"https:\\\/\\\/bilasmidurinn.is\\\/\"},{\"@type\":\"ListItem\",\"position\":2,\"name\":\"V\u00f6rur \u00ed verslun\",\"item\":\"https:\\\/\\\/bilasmidurinn.is\\\/vefverslun\\\/\"},{\"@type\":\"ListItem\",\"position\":3,\"name\":\"Pallsk\u00faffa \u00e1 sle\u00f0a fyrir Ford Ranger\"}]},{\"@type\":\"WebSite\",\"@id\":\"https:\\\/\\\/bilasmidurinn.is\\\/#website\",\"url\":\"https:\\\/\\\/bilasmidurinn.is\\\/\",\"name\":\"B&iacute;lasmi&eth;urinn\",\"description\":\"All sem &thorn;&uacute; &thorn;arft &iacute; t&aelig;ki&eth;\",\"potentialAction\":[{\"@type\":\"SearchAction\",\"target\":{\"@type\":\"EntryPoint\",\"urlTemplate\":\"https:\\\/\\\/bilasmidurinn.is\\\/?s={search_term_string}\"},\"query-input\":{\"@type\":\"PropertyValueSpecification\",\"valueRequired\":true,\"valueName\":\"search_term_string\"}}],\"inLanguage\":\"en-GB\"}]}<\/script>\n<!-- \/ Yoast SEO plugin. -->","yoast_head_json":{"title":"Pallsk\u00faffa \u00e1 sle\u00f0a fyrir Ford Ranger - B&iacute;lasmi&eth;urinn","robots":{"index":"index","follow":"follow","max-snippet":"max-snippet:-1","max-image-preview":"max-image-preview:large","max-video-preview":"max-video-preview:-1"},"canonical":"https:\/\/bilasmidurinn.is\/en\/vefverslun\/adrar-vorur\/pallskuffa-a-sleda-fyrir-ford-ranger\/","og_locale":"en_GB","og_type":"article","og_title":"Pallsk\u00faffa \u00e1 sle\u00f0a fyrir Ford Ranger - B&iacute;lasmi&eth;urinn","og_description":"Pallsk\u00faffa \u00fatdraganleg \/ Bedslide fyrir Ford Ragner, ber 150kg.","og_url":"https:\/\/bilasmidurinn.is\/en\/vefverslun\/adrar-vorur\/pallskuffa-a-sleda-fyrir-ford-ranger\/","og_site_name":"B&iacute;lasmi&eth;urinn","article_modified_time":"2023-08-02T10:02:13+00:00","og_image":[{"width":400,"height":267,"url":"https:\/\/bilasmidurinn.is\/wp-content\/uploads\/2022\/10\/vool-slade1.jpg","type":"image\/jpeg"}],"twitter_card":"summary_large_image","twitter_misc":{"Estimated reading time":"1 minute"},"schema":{"@context":"https:\/\/schema.org","@graph":[{"@type":"WebPage","@id":"https:\/\/bilasmidurinn.is\/vefverslun\/adrar-vorur\/pallskuffa-a-sleda-fyrir-ford-ranger\/","url":"https:\/\/bilasmidurinn.is\/vefverslun\/adrar-vorur\/pallskuffa-a-sleda-fyrir-ford-ranger\/","name":"Pallsk\u00faffa \u00e1 sle\u00f0a fyrir Ford Ranger - B&iacute;lasmi&eth;urinn","isPartOf":{"@id":"https:\/\/bilasmidurinn.is\/#website"},"primaryImageOfPage":{"@id":"https:\/\/bilasmidurinn.is\/vefverslun\/adrar-vorur\/pallskuffa-a-sleda-fyrir-ford-ranger\/#primaryimage"},"image":{"@id":"https:\/\/bilasmidurinn.is\/vefverslun\/adrar-vorur\/pallskuffa-a-sleda-fyrir-ford-ranger\/#primaryimage"},"thumbnailUrl":"https:\/\/bilasmidurinn.is\/wp-content\/uploads\/2022\/10\/vool-slade1.jpg","datePublished":"2023-08-02T09:50:06+00:00","dateModified":"2023-08-02T10:02:13+00:00","breadcrumb":{"@id":"https:\/\/bilasmidurinn.is\/vefverslun\/adrar-vorur\/pallskuffa-a-sleda-fyrir-ford-ranger\/#breadcrumb"},"inLanguage":"en-GB","potentialAction":[{"@type":"ReadAction","target":["https:\/\/bilasmidurinn.is\/vefverslun\/adrar-vorur\/pallskuffa-a-sleda-fyrir-ford-ranger\/"]}]},{"@type":"ImageObject","inLanguage":"en-GB","@id":"https:\/\/bilasmidurinn.is\/vefverslun\/adrar-vorur\/pallskuffa-a-sleda-fyrir-ford-ranger\/#primaryimage","url":"https:\/\/bilasmidurinn.is\/wp-content\/uploads\/2022\/10\/vool-slade1.jpg","contentUrl":"https:\/\/bilasmidurinn.is\/wp-content\/uploads\/2022\/10\/vool-slade1.jpg","width":400,"height":267},{"@type":"BreadcrumbList","@id":"https:\/\/bilasmidurinn.is\/vefverslun\/adrar-vorur\/pallskuffa-a-sleda-fyrir-ford-ranger\/#breadcrumb","itemListElement":[{"@type":"ListItem","position":1,"name":"Home","item":"https:\/\/bilasmidurinn.is\/"},{"@type":"ListItem","position":2,"name":"V\u00f6rur \u00ed verslun","item":"https:\/\/bilasmidurinn.is\/vefverslun\/"},{"@type":"ListItem","position":3,"name":"Pallsk\u00faffa \u00e1 sle\u00f0a fyrir Ford Ranger"}]},{"@type":"WebSite","@id":"https:\/\/bilasmidurinn.is\/#website","url":"https:\/\/bilasmidurinn.is\/","name":"B&iacute;lasmi&eth;urinn","description":"All sem &thorn;&uacute; &thorn;arft &iacute; t&aelig;ki&eth;","potentialAction":[{"@type":"SearchAction","target":{"@type":"EntryPoint","urlTemplate":"https:\/\/bilasmidurinn.is\/?s={search_term_string}"},"query-input":{"@type":"PropertyValueSpecification","valueRequired":true,"valueName":"search_term_string"}}],"inLanguage":"en-GB"}]}},"_links":{"self":[{"href":"https:\/\/bilasmidurinn.is\/en\/wp-json\/wp\/v2\/product\/15222","targetHints":{"allow":["GET"]}}],"collection":[{"href":"https:\/\/bilasmidurinn.is\/en\/wp-json\/wp\/v2\/product"}],"about":[{"href":"https:\/\/bilasmidurinn.is\/en\/wp-json\/wp\/v2\/types\/product"}],"wp:featuredmedia":[{"embeddable":true,"href":"https:\/\/bilasmidurinn.is\/en\/wp-json\/wp\/v2\/media\/14787"}],"wp:attachment":[{"href":"https:\/\/bilasmidurinn.is\/en\/wp-json\/wp\/v2\/media?parent=15222"}],"wp:term":[{"taxonomy":"product_brand","embeddable":true,"href":"https:\/\/bilasmidurinn.is\/en\/wp-json\/wp\/v2\/product_brand?post=15222"},{"taxonomy":"product_cat","embeddable":true,"href":"https:\/\/bilasmidurinn.is\/en\/wp-json\/wp\/v2\/product_cat?post=15222"},{"taxonomy":"product_tag","embeddable":true,"href":"https:\/\/bilasmidurinn.is\/en\/wp-json\/wp\/v2\/product_tag?post=15222"}],"curies":[{"name":"wp","href":"https:\/\/api.w.org\/{rel}","templated":true}]}}