{"id":15216,"date":"2023-06-21T16:24:09","date_gmt":"2023-06-21T16:24:09","guid":{"rendered":"https:\/\/bilasmidurinn.is\/?post_type=product&#038;p=15216"},"modified":"2023-06-21T17:07:47","modified_gmt":"2023-06-21T17:07:47","slug":"strappi-med-e-las-og-strekkjara-wtr1500","status":"publish","type":"product","link":"https:\/\/bilasmidurinn.is\/en\/vefverslun\/festingar\/strappi-med-e-las-og-strekkjara-wtr1500\/","title":{"rendered":"Strap with E lock and tensioner WTR1500"},"content":{"rendered":"<p>Strap with E-locks for binder slides<br \/>\nLength 0.5 + 4.5m<br \/>\nTensile strength 750daN<br \/>\nWidth 50mm<br \/>\nColor green<\/p>","protected":false},"excerpt":{"rendered":"<p>Ladder with E-locks 0.5+4.5m<br \/>\n50mm wide<\/p>","protected":false},"featured_media":15207,"template":"","meta":[],"product_brand":[8054],"product_cat":[7958],"product_tag":[],"class_list":{"0":"post-15216","1":"product","2":"type-product","3":"status-publish","4":"has-post-thumbnail","6":"product_brand-wista","7":"product_cat-festingar","9":"first","10":"instock","11":"shipping-taxable","12":"product-type-simple"},"yoast_head":"<!-- This site is optimized with the Yoast SEO plugin v27.3 - https:\/\/yoast.com\/product\/yoast-seo-wordpress\/ -->\n<title>Strappi me\u00f0 E l\u00e1s og strekkjara WTR1500 - B&iacute;lasmi&eth;urinn<\/title>\n<meta name=\"robots\" content=\"index, follow, max-snippet:-1, max-image-preview:large, max-video-preview:-1\" \/>\n<link rel=\"canonical\" href=\"https:\/\/bilasmidurinn.is\/en\/vefverslun\/festingar\/strappi-med-e-las-og-strekkjara-wtr1500\/\" \/>\n<meta property=\"og:locale\" content=\"en_GB\" \/>\n<meta property=\"og:type\" content=\"article\" \/>\n<meta property=\"og:title\" content=\"Strappi me\u00f0 E l\u00e1s og strekkjara WTR1500 - B&iacute;lasmi&eth;urinn\" \/>\n<meta property=\"og:description\" content=\"Strappi me\u00f0 E-l\u00e1sum 0,5+4,5m  50mm brei\u00f0ur\" \/>\n<meta property=\"og:url\" content=\"https:\/\/bilasmidurinn.is\/en\/vefverslun\/festingar\/strappi-med-e-las-og-strekkjara-wtr1500\/\" \/>\n<meta property=\"og:site_name\" content=\"B&iacute;lasmi&eth;urinn\" \/>\n<meta property=\"article:modified_time\" content=\"2023-06-21T17:07:47+00:00\" \/>\n<meta property=\"og:image\" content=\"https:\/\/bilasmidurinn.is\/wp-content\/uploads\/2023\/06\/1504252.png\" \/>\n\t<meta property=\"og:image:width\" content=\"516\" \/>\n\t<meta property=\"og:image:height\" content=\"271\" \/>\n\t<meta property=\"og:image:type\" content=\"image\/png\" \/>\n<meta name=\"twitter:card\" content=\"summary_large_image\" \/>\n<meta name=\"twitter:label1\" content=\"Estimated reading time\" \/>\n\t<meta name=\"twitter:data1\" content=\"1 minute\" \/>\n<script type=\"application\/ld+json\" class=\"yoast-schema-graph\">{\"@context\":\"https:\\\/\\\/schema.org\",\"@graph\":[{\"@type\":\"WebPage\",\"@id\":\"https:\\\/\\\/bilasmidurinn.is\\\/vefverslun\\\/festingar\\\/strappi-med-e-las-og-strekkjara-wtr1500\\\/\",\"url\":\"https:\\\/\\\/bilasmidurinn.is\\\/vefverslun\\\/festingar\\\/strappi-med-e-las-og-strekkjara-wtr1500\\\/\",\"name\":\"Strappi me\u00f0 E l\u00e1s og strekkjara WTR1500 - B&iacute;lasmi&eth;urinn\",\"isPartOf\":{\"@id\":\"https:\\\/\\\/bilasmidurinn.is\\\/#website\"},\"primaryImageOfPage\":{\"@id\":\"https:\\\/\\\/bilasmidurinn.is\\\/vefverslun\\\/festingar\\\/strappi-med-e-las-og-strekkjara-wtr1500\\\/#primaryimage\"},\"image\":{\"@id\":\"https:\\\/\\\/bilasmidurinn.is\\\/vefverslun\\\/festingar\\\/strappi-med-e-las-og-strekkjara-wtr1500\\\/#primaryimage\"},\"thumbnailUrl\":\"https:\\\/\\\/bilasmidurinn.is\\\/wp-content\\\/uploads\\\/2023\\\/06\\\/1504252.png\",\"datePublished\":\"2023-06-21T16:24:09+00:00\",\"dateModified\":\"2023-06-21T17:07:47+00:00\",\"breadcrumb\":{\"@id\":\"https:\\\/\\\/bilasmidurinn.is\\\/vefverslun\\\/festingar\\\/strappi-med-e-las-og-strekkjara-wtr1500\\\/#breadcrumb\"},\"inLanguage\":\"en-GB\",\"potentialAction\":[{\"@type\":\"ReadAction\",\"target\":[\"https:\\\/\\\/bilasmidurinn.is\\\/vefverslun\\\/festingar\\\/strappi-med-e-las-og-strekkjara-wtr1500\\\/\"]}]},{\"@type\":\"ImageObject\",\"inLanguage\":\"en-GB\",\"@id\":\"https:\\\/\\\/bilasmidurinn.is\\\/vefverslun\\\/festingar\\\/strappi-med-e-las-og-strekkjara-wtr1500\\\/#primaryimage\",\"url\":\"https:\\\/\\\/bilasmidurinn.is\\\/wp-content\\\/uploads\\\/2023\\\/06\\\/1504252.png\",\"contentUrl\":\"https:\\\/\\\/bilasmidurinn.is\\\/wp-content\\\/uploads\\\/2023\\\/06\\\/1504252.png\",\"width\":516,\"height\":271},{\"@type\":\"BreadcrumbList\",\"@id\":\"https:\\\/\\\/bilasmidurinn.is\\\/vefverslun\\\/festingar\\\/strappi-med-e-las-og-strekkjara-wtr1500\\\/#breadcrumb\",\"itemListElement\":[{\"@type\":\"ListItem\",\"position\":1,\"name\":\"Home\",\"item\":\"https:\\\/\\\/bilasmidurinn.is\\\/\"},{\"@type\":\"ListItem\",\"position\":2,\"name\":\"V\u00f6rur \u00ed verslun\",\"item\":\"https:\\\/\\\/bilasmidurinn.is\\\/vefverslun\\\/\"},{\"@type\":\"ListItem\",\"position\":3,\"name\":\"Strappi me\u00f0 E l\u00e1s og strekkjara WTR1500\"}]},{\"@type\":\"WebSite\",\"@id\":\"https:\\\/\\\/bilasmidurinn.is\\\/#website\",\"url\":\"https:\\\/\\\/bilasmidurinn.is\\\/\",\"name\":\"B&iacute;lasmi&eth;urinn\",\"description\":\"All sem &thorn;&uacute; &thorn;arft &iacute; t&aelig;ki&eth;\",\"potentialAction\":[{\"@type\":\"SearchAction\",\"target\":{\"@type\":\"EntryPoint\",\"urlTemplate\":\"https:\\\/\\\/bilasmidurinn.is\\\/?s={search_term_string}\"},\"query-input\":{\"@type\":\"PropertyValueSpecification\",\"valueRequired\":true,\"valueName\":\"search_term_string\"}}],\"inLanguage\":\"en-GB\"}]}<\/script>\n<!-- \/ Yoast SEO plugin. -->","yoast_head_json":{"title":"Strappi me\u00f0 E l\u00e1s og strekkjara WTR1500 - B&iacute;lasmi&eth;urinn","robots":{"index":"index","follow":"follow","max-snippet":"max-snippet:-1","max-image-preview":"max-image-preview:large","max-video-preview":"max-video-preview:-1"},"canonical":"https:\/\/bilasmidurinn.is\/en\/vefverslun\/festingar\/strappi-med-e-las-og-strekkjara-wtr1500\/","og_locale":"en_GB","og_type":"article","og_title":"Strappi me\u00f0 E l\u00e1s og strekkjara WTR1500 - B&iacute;lasmi&eth;urinn","og_description":"Strappi me\u00f0 E-l\u00e1sum 0,5+4,5m  50mm brei\u00f0ur","og_url":"https:\/\/bilasmidurinn.is\/en\/vefverslun\/festingar\/strappi-med-e-las-og-strekkjara-wtr1500\/","og_site_name":"B&iacute;lasmi&eth;urinn","article_modified_time":"2023-06-21T17:07:47+00:00","og_image":[{"width":516,"height":271,"url":"https:\/\/bilasmidurinn.is\/wp-content\/uploads\/2023\/06\/1504252.png","type":"image\/png"}],"twitter_card":"summary_large_image","twitter_misc":{"Estimated reading time":"1 minute"},"schema":{"@context":"https:\/\/schema.org","@graph":[{"@type":"WebPage","@id":"https:\/\/bilasmidurinn.is\/vefverslun\/festingar\/strappi-med-e-las-og-strekkjara-wtr1500\/","url":"https:\/\/bilasmidurinn.is\/vefverslun\/festingar\/strappi-med-e-las-og-strekkjara-wtr1500\/","name":"Strappi me\u00f0 E l\u00e1s og strekkjara WTR1500 - B&iacute;lasmi&eth;urinn","isPartOf":{"@id":"https:\/\/bilasmidurinn.is\/#website"},"primaryImageOfPage":{"@id":"https:\/\/bilasmidurinn.is\/vefverslun\/festingar\/strappi-med-e-las-og-strekkjara-wtr1500\/#primaryimage"},"image":{"@id":"https:\/\/bilasmidurinn.is\/vefverslun\/festingar\/strappi-med-e-las-og-strekkjara-wtr1500\/#primaryimage"},"thumbnailUrl":"https:\/\/bilasmidurinn.is\/wp-content\/uploads\/2023\/06\/1504252.png","datePublished":"2023-06-21T16:24:09+00:00","dateModified":"2023-06-21T17:07:47+00:00","breadcrumb":{"@id":"https:\/\/bilasmidurinn.is\/vefverslun\/festingar\/strappi-med-e-las-og-strekkjara-wtr1500\/#breadcrumb"},"inLanguage":"en-GB","potentialAction":[{"@type":"ReadAction","target":["https:\/\/bilasmidurinn.is\/vefverslun\/festingar\/strappi-med-e-las-og-strekkjara-wtr1500\/"]}]},{"@type":"ImageObject","inLanguage":"en-GB","@id":"https:\/\/bilasmidurinn.is\/vefverslun\/festingar\/strappi-med-e-las-og-strekkjara-wtr1500\/#primaryimage","url":"https:\/\/bilasmidurinn.is\/wp-content\/uploads\/2023\/06\/1504252.png","contentUrl":"https:\/\/bilasmidurinn.is\/wp-content\/uploads\/2023\/06\/1504252.png","width":516,"height":271},{"@type":"BreadcrumbList","@id":"https:\/\/bilasmidurinn.is\/vefverslun\/festingar\/strappi-med-e-las-og-strekkjara-wtr1500\/#breadcrumb","itemListElement":[{"@type":"ListItem","position":1,"name":"Home","item":"https:\/\/bilasmidurinn.is\/"},{"@type":"ListItem","position":2,"name":"V\u00f6rur \u00ed verslun","item":"https:\/\/bilasmidurinn.is\/vefverslun\/"},{"@type":"ListItem","position":3,"name":"Strappi me\u00f0 E l\u00e1s og strekkjara WTR1500"}]},{"@type":"WebSite","@id":"https:\/\/bilasmidurinn.is\/#website","url":"https:\/\/bilasmidurinn.is\/","name":"B&iacute;lasmi&eth;urinn","description":"All sem &thorn;&uacute; &thorn;arft &iacute; t&aelig;ki&eth;","potentialAction":[{"@type":"SearchAction","target":{"@type":"EntryPoint","urlTemplate":"https:\/\/bilasmidurinn.is\/?s={search_term_string}"},"query-input":{"@type":"PropertyValueSpecification","valueRequired":true,"valueName":"search_term_string"}}],"inLanguage":"en-GB"}]}},"_links":{"self":[{"href":"https:\/\/bilasmidurinn.is\/en\/wp-json\/wp\/v2\/product\/15216","targetHints":{"allow":["GET"]}}],"collection":[{"href":"https:\/\/bilasmidurinn.is\/en\/wp-json\/wp\/v2\/product"}],"about":[{"href":"https:\/\/bilasmidurinn.is\/en\/wp-json\/wp\/v2\/types\/product"}],"wp:featuredmedia":[{"embeddable":true,"href":"https:\/\/bilasmidurinn.is\/en\/wp-json\/wp\/v2\/media\/15207"}],"wp:attachment":[{"href":"https:\/\/bilasmidurinn.is\/en\/wp-json\/wp\/v2\/media?parent=15216"}],"wp:term":[{"taxonomy":"product_brand","embeddable":true,"href":"https:\/\/bilasmidurinn.is\/en\/wp-json\/wp\/v2\/product_brand?post=15216"},{"taxonomy":"product_cat","embeddable":true,"href":"https:\/\/bilasmidurinn.is\/en\/wp-json\/wp\/v2\/product_cat?post=15216"},{"taxonomy":"product_tag","embeddable":true,"href":"https:\/\/bilasmidurinn.is\/en\/wp-json\/wp\/v2\/product_tag?post=15216"}],"curies":[{"name":"wp","href":"https:\/\/api.w.org\/{rel}","templated":true}]}}