{"id":15182,"date":"2023-04-17T11:51:57","date_gmt":"2023-04-17T11:51:57","guid":{"rendered":"https:\/\/bilasmidurinn.is\/?post_type=product&#038;p=15182"},"modified":"2024-05-28T17:54:09","modified_gmt":"2024-05-28T17:54:09","slug":"snuningur-mb-sprinter-319-visnstri-fra-2019","status":"publish","type":"product","link":"https:\/\/bilasmidurinn.is\/en\/vefverslun\/stolar\/snuningar\/snuningur-mb-sprinter-319-visnstri-fra-2019\/","title":{"rendered":"Rotation MB Sprinter\/Crafter M907 left from 2019&gt;"},"content":{"rendered":"<p>Driver&#039;s side swivel from 2019 and younger. Standard seats<\/p>","protected":false},"excerpt":{"rendered":"<p>Rotation for MB Sprinter\/Crafter on the driver&#039;s side (Left) from 2019 and younger<\/p>","protected":false},"featured_media":14691,"template":"","meta":[],"product_brand":[7982],"product_cat":[8039,7971],"product_tag":[],"class_list":{"0":"post-15182","1":"product","2":"type-product","3":"status-publish","4":"has-post-thumbnail","6":"product_brand-scopema","7":"product_cat-snuningar","8":"product_cat-stolar","10":"first","11":"instock","12":"shipping-taxable","13":"product-type-simple"},"yoast_head":"<!-- This site is optimized with the Yoast SEO plugin v27.4 - https:\/\/yoast.com\/product\/yoast-seo-wordpress\/ -->\n<title>Sn\u00faningur MB Sprinter\/Crafter M907 vinstri fr\u00e1 2019&gt; - B&iacute;lasmi&eth;urinn<\/title>\n<meta name=\"robots\" content=\"index, follow, max-snippet:-1, max-image-preview:large, max-video-preview:-1\" \/>\n<link rel=\"canonical\" href=\"https:\/\/bilasmidurinn.is\/en\/vefverslun\/stolar\/snuningar\/snuningur-mb-sprinter-319-visnstri-fra-2019\/\" \/>\n<meta property=\"og:locale\" content=\"en_GB\" \/>\n<meta property=\"og:type\" content=\"article\" \/>\n<meta property=\"og:title\" content=\"Sn\u00faningur MB Sprinter\/Crafter M907 vinstri fr\u00e1 2019&gt; - B&iacute;lasmi&eth;urinn\" \/>\n<meta property=\"og:description\" content=\"Sn\u00faningur fyrir MB Sprinter\/Crafter b\u00edlstj\u00f3ra megin ( Vinstri )fr\u00e1 2019 og yngri\" \/>\n<meta property=\"og:url\" content=\"https:\/\/bilasmidurinn.is\/en\/vefverslun\/stolar\/snuningar\/snuningur-mb-sprinter-319-visnstri-fra-2019\/\" \/>\n<meta property=\"og:site_name\" content=\"B&iacute;lasmi&eth;urinn\" \/>\n<meta property=\"article:modified_time\" content=\"2024-05-28T17:54:09+00:00\" \/>\n<meta property=\"og:image\" content=\"https:\/\/bilasmidurinn.is\/wp-content\/uploads\/2022\/05\/Snuningurindex.jpg\" \/>\n\t<meta property=\"og:image:width\" content=\"225\" \/>\n\t<meta property=\"og:image:height\" content=\"225\" \/>\n\t<meta property=\"og:image:type\" content=\"image\/jpeg\" \/>\n<meta name=\"twitter:card\" content=\"summary_large_image\" \/>\n<meta name=\"twitter:label1\" content=\"Estimated reading time\" \/>\n\t<meta name=\"twitter:data1\" content=\"1 minute\" \/>\n<script type=\"application\/ld+json\" class=\"yoast-schema-graph\">{\"@context\":\"https:\\\/\\\/schema.org\",\"@graph\":[{\"@type\":\"WebPage\",\"@id\":\"https:\\\/\\\/bilasmidurinn.is\\\/vefverslun\\\/stolar\\\/snuningar\\\/snuningur-mb-sprinter-319-visnstri-fra-2019\\\/\",\"url\":\"https:\\\/\\\/bilasmidurinn.is\\\/vefverslun\\\/stolar\\\/snuningar\\\/snuningur-mb-sprinter-319-visnstri-fra-2019\\\/\",\"name\":\"Sn\u00faningur MB Sprinter\\\/Crafter M907 vinstri fr\u00e1 2019> - B&iacute;lasmi&eth;urinn\",\"isPartOf\":{\"@id\":\"https:\\\/\\\/bilasmidurinn.is\\\/#website\"},\"primaryImageOfPage\":{\"@id\":\"https:\\\/\\\/bilasmidurinn.is\\\/vefverslun\\\/stolar\\\/snuningar\\\/snuningur-mb-sprinter-319-visnstri-fra-2019\\\/#primaryimage\"},\"image\":{\"@id\":\"https:\\\/\\\/bilasmidurinn.is\\\/vefverslun\\\/stolar\\\/snuningar\\\/snuningur-mb-sprinter-319-visnstri-fra-2019\\\/#primaryimage\"},\"thumbnailUrl\":\"https:\\\/\\\/bilasmidurinn.is\\\/wp-content\\\/uploads\\\/2022\\\/05\\\/Snuningurindex.jpg\",\"datePublished\":\"2023-04-17T11:51:57+00:00\",\"dateModified\":\"2024-05-28T17:54:09+00:00\",\"breadcrumb\":{\"@id\":\"https:\\\/\\\/bilasmidurinn.is\\\/vefverslun\\\/stolar\\\/snuningar\\\/snuningur-mb-sprinter-319-visnstri-fra-2019\\\/#breadcrumb\"},\"inLanguage\":\"en-GB\",\"potentialAction\":[{\"@type\":\"ReadAction\",\"target\":[\"https:\\\/\\\/bilasmidurinn.is\\\/vefverslun\\\/stolar\\\/snuningar\\\/snuningur-mb-sprinter-319-visnstri-fra-2019\\\/\"]}]},{\"@type\":\"ImageObject\",\"inLanguage\":\"en-GB\",\"@id\":\"https:\\\/\\\/bilasmidurinn.is\\\/vefverslun\\\/stolar\\\/snuningar\\\/snuningur-mb-sprinter-319-visnstri-fra-2019\\\/#primaryimage\",\"url\":\"https:\\\/\\\/bilasmidurinn.is\\\/wp-content\\\/uploads\\\/2022\\\/05\\\/Snuningurindex.jpg\",\"contentUrl\":\"https:\\\/\\\/bilasmidurinn.is\\\/wp-content\\\/uploads\\\/2022\\\/05\\\/Snuningurindex.jpg\",\"width\":225,\"height\":225},{\"@type\":\"BreadcrumbList\",\"@id\":\"https:\\\/\\\/bilasmidurinn.is\\\/vefverslun\\\/stolar\\\/snuningar\\\/snuningur-mb-sprinter-319-visnstri-fra-2019\\\/#breadcrumb\",\"itemListElement\":[{\"@type\":\"ListItem\",\"position\":1,\"name\":\"Home\",\"item\":\"https:\\\/\\\/bilasmidurinn.is\\\/\"},{\"@type\":\"ListItem\",\"position\":2,\"name\":\"V\u00f6rur \u00ed verslun\",\"item\":\"https:\\\/\\\/bilasmidurinn.is\\\/vefverslun\\\/\"},{\"@type\":\"ListItem\",\"position\":3,\"name\":\"Sn\u00faningur MB Sprinter\\\/Crafter M907 vinstri fr\u00e1 2019>\"}]},{\"@type\":\"WebSite\",\"@id\":\"https:\\\/\\\/bilasmidurinn.is\\\/#website\",\"url\":\"https:\\\/\\\/bilasmidurinn.is\\\/\",\"name\":\"B&iacute;lasmi&eth;urinn\",\"description\":\"All sem &thorn;&uacute; &thorn;arft &iacute; t&aelig;ki&eth;\",\"potentialAction\":[{\"@type\":\"SearchAction\",\"target\":{\"@type\":\"EntryPoint\",\"urlTemplate\":\"https:\\\/\\\/bilasmidurinn.is\\\/?s={search_term_string}\"},\"query-input\":{\"@type\":\"PropertyValueSpecification\",\"valueRequired\":true,\"valueName\":\"search_term_string\"}}],\"inLanguage\":\"en-GB\"}]}<\/script>\n<!-- \/ Yoast SEO plugin. -->","yoast_head_json":{"title":"Sn\u00faningur MB Sprinter\/Crafter M907 vinstri fr\u00e1 2019> - B&iacute;lasmi&eth;urinn","robots":{"index":"index","follow":"follow","max-snippet":"max-snippet:-1","max-image-preview":"max-image-preview:large","max-video-preview":"max-video-preview:-1"},"canonical":"https:\/\/bilasmidurinn.is\/en\/vefverslun\/stolar\/snuningar\/snuningur-mb-sprinter-319-visnstri-fra-2019\/","og_locale":"en_GB","og_type":"article","og_title":"Sn\u00faningur MB Sprinter\/Crafter M907 vinstri fr\u00e1 2019> - B&iacute;lasmi&eth;urinn","og_description":"Sn\u00faningur fyrir MB Sprinter\/Crafter b\u00edlstj\u00f3ra megin ( Vinstri )fr\u00e1 2019 og yngri","og_url":"https:\/\/bilasmidurinn.is\/en\/vefverslun\/stolar\/snuningar\/snuningur-mb-sprinter-319-visnstri-fra-2019\/","og_site_name":"B&iacute;lasmi&eth;urinn","article_modified_time":"2024-05-28T17:54:09+00:00","og_image":[{"width":225,"height":225,"url":"https:\/\/bilasmidurinn.is\/wp-content\/uploads\/2022\/05\/Snuningurindex.jpg","type":"image\/jpeg"}],"twitter_card":"summary_large_image","twitter_misc":{"Estimated reading time":"1 minute"},"schema":{"@context":"https:\/\/schema.org","@graph":[{"@type":"WebPage","@id":"https:\/\/bilasmidurinn.is\/vefverslun\/stolar\/snuningar\/snuningur-mb-sprinter-319-visnstri-fra-2019\/","url":"https:\/\/bilasmidurinn.is\/vefverslun\/stolar\/snuningar\/snuningur-mb-sprinter-319-visnstri-fra-2019\/","name":"Sn\u00faningur MB Sprinter\/Crafter M907 vinstri fr\u00e1 2019> - B&iacute;lasmi&eth;urinn","isPartOf":{"@id":"https:\/\/bilasmidurinn.is\/#website"},"primaryImageOfPage":{"@id":"https:\/\/bilasmidurinn.is\/vefverslun\/stolar\/snuningar\/snuningur-mb-sprinter-319-visnstri-fra-2019\/#primaryimage"},"image":{"@id":"https:\/\/bilasmidurinn.is\/vefverslun\/stolar\/snuningar\/snuningur-mb-sprinter-319-visnstri-fra-2019\/#primaryimage"},"thumbnailUrl":"https:\/\/bilasmidurinn.is\/wp-content\/uploads\/2022\/05\/Snuningurindex.jpg","datePublished":"2023-04-17T11:51:57+00:00","dateModified":"2024-05-28T17:54:09+00:00","breadcrumb":{"@id":"https:\/\/bilasmidurinn.is\/vefverslun\/stolar\/snuningar\/snuningur-mb-sprinter-319-visnstri-fra-2019\/#breadcrumb"},"inLanguage":"en-GB","potentialAction":[{"@type":"ReadAction","target":["https:\/\/bilasmidurinn.is\/vefverslun\/stolar\/snuningar\/snuningur-mb-sprinter-319-visnstri-fra-2019\/"]}]},{"@type":"ImageObject","inLanguage":"en-GB","@id":"https:\/\/bilasmidurinn.is\/vefverslun\/stolar\/snuningar\/snuningur-mb-sprinter-319-visnstri-fra-2019\/#primaryimage","url":"https:\/\/bilasmidurinn.is\/wp-content\/uploads\/2022\/05\/Snuningurindex.jpg","contentUrl":"https:\/\/bilasmidurinn.is\/wp-content\/uploads\/2022\/05\/Snuningurindex.jpg","width":225,"height":225},{"@type":"BreadcrumbList","@id":"https:\/\/bilasmidurinn.is\/vefverslun\/stolar\/snuningar\/snuningur-mb-sprinter-319-visnstri-fra-2019\/#breadcrumb","itemListElement":[{"@type":"ListItem","position":1,"name":"Home","item":"https:\/\/bilasmidurinn.is\/"},{"@type":"ListItem","position":2,"name":"V\u00f6rur \u00ed verslun","item":"https:\/\/bilasmidurinn.is\/vefverslun\/"},{"@type":"ListItem","position":3,"name":"Sn\u00faningur MB Sprinter\/Crafter M907 vinstri fr\u00e1 2019>"}]},{"@type":"WebSite","@id":"https:\/\/bilasmidurinn.is\/#website","url":"https:\/\/bilasmidurinn.is\/","name":"B&iacute;lasmi&eth;urinn","description":"All sem &thorn;&uacute; &thorn;arft &iacute; t&aelig;ki&eth;","potentialAction":[{"@type":"SearchAction","target":{"@type":"EntryPoint","urlTemplate":"https:\/\/bilasmidurinn.is\/?s={search_term_string}"},"query-input":{"@type":"PropertyValueSpecification","valueRequired":true,"valueName":"search_term_string"}}],"inLanguage":"en-GB"}]}},"_links":{"self":[{"href":"https:\/\/bilasmidurinn.is\/en\/wp-json\/wp\/v2\/product\/15182","targetHints":{"allow":["GET"]}}],"collection":[{"href":"https:\/\/bilasmidurinn.is\/en\/wp-json\/wp\/v2\/product"}],"about":[{"href":"https:\/\/bilasmidurinn.is\/en\/wp-json\/wp\/v2\/types\/product"}],"wp:featuredmedia":[{"embeddable":true,"href":"https:\/\/bilasmidurinn.is\/en\/wp-json\/wp\/v2\/media\/14691"}],"wp:attachment":[{"href":"https:\/\/bilasmidurinn.is\/en\/wp-json\/wp\/v2\/media?parent=15182"}],"wp:term":[{"taxonomy":"product_brand","embeddable":true,"href":"https:\/\/bilasmidurinn.is\/en\/wp-json\/wp\/v2\/product_brand?post=15182"},{"taxonomy":"product_cat","embeddable":true,"href":"https:\/\/bilasmidurinn.is\/en\/wp-json\/wp\/v2\/product_cat?post=15182"},{"taxonomy":"product_tag","embeddable":true,"href":"https:\/\/bilasmidurinn.is\/en\/wp-json\/wp\/v2\/product_tag?post=15182"}],"curies":[{"name":"wp","href":"https:\/\/api.w.org\/{rel}","templated":true}]}}