{"id":15081,"date":"2022-11-29T15:48:35","date_gmt":"2022-11-29T15:48:35","guid":{"rendered":"https:\/\/bilasmidurinn.is\/?post_type=product&#038;p=15081"},"modified":"2022-11-30T09:26:16","modified_gmt":"2022-11-30T09:26:16","slug":"led-adalljos-hailagi-stodu-og-stefnujos-haegra-eu-12-24v","status":"publish","type":"product","link":"https:\/\/bilasmidurinn.is\/en\/vefverslun\/ljos\/ljoskastarar\/led-adalljos-hailagi-stodu-og-stefnujos-haegra-eu-12-24v\/","title":{"rendered":"LED headlight high, low, position and direction light right EU 12\/24v"},"content":{"rendered":"<p>LED headlight with high 5200Lm and low 2600Lm together with parking light 850Lm and direction light 7W<\/p>\n<p>12\/24V, IP68<\/p>\n<p>ECE R6\/ R10 \/87 \/R112<\/p>\n<p>Polycarbonate lens, aluminum housing, M10 bolted stainless mount.<\/p>\n<p>DT6 connector Plug-In<\/p>\n<p>269m range, 28x106x173mm<\/p>\n<p>&nbsp;<\/p>","protected":false},"excerpt":{"rendered":"<p>LED combo driving light hi\/lo position and direction light 12\/24v right EU<\/p>","protected":false},"featured_media":15082,"template":"","meta":[],"product_brand":[7927],"product_cat":[7893,8042],"product_tag":[],"class_list":{"0":"post-15081","1":"product","2":"type-product","3":"status-publish","4":"has-post-thumbnail","6":"product_brand-www-247lighting-net","7":"product_cat-ljos","8":"product_cat-ljoskastarar","10":"first","11":"instock","12":"shipping-taxable","13":"product-type-simple"},"yoast_head":"<!-- This site is optimized with the Yoast SEO plugin v27.4 - https:\/\/yoast.com\/product\/yoast-seo-wordpress\/ -->\n<title>LED a\u00f0allj\u00f3s h\u00e1i,l\u00e1gi, st\u00f6\u00f0u og stefnuj\u00f3s h\u00e6gra EU 12\/24v - B&iacute;lasmi&eth;urinn<\/title>\n<meta name=\"robots\" content=\"index, follow, max-snippet:-1, max-image-preview:large, max-video-preview:-1\" \/>\n<link rel=\"canonical\" href=\"https:\/\/bilasmidurinn.is\/en\/vefverslun\/ljos\/ljoskastarar\/led-adalljos-hailagi-stodu-og-stefnujos-haegra-eu-12-24v\/\" \/>\n<meta property=\"og:locale\" content=\"en_GB\" \/>\n<meta property=\"og:type\" content=\"article\" \/>\n<meta property=\"og:title\" content=\"LED a\u00f0allj\u00f3s h\u00e1i,l\u00e1gi, st\u00f6\u00f0u og stefnuj\u00f3s h\u00e6gra EU 12\/24v - B&iacute;lasmi&eth;urinn\" \/>\n<meta property=\"og:description\" content=\"LED combo \u00f6kulj\u00f3s hi\/lo st\u00f6\u00f0u og stefnulj\u00f3s 12\/24v h\u00e6gra EU\" \/>\n<meta property=\"og:url\" content=\"https:\/\/bilasmidurinn.is\/en\/vefverslun\/ljos\/ljoskastarar\/led-adalljos-hailagi-stodu-og-stefnujos-haegra-eu-12-24v\/\" \/>\n<meta property=\"og:site_name\" content=\"B&iacute;lasmi&eth;urinn\" \/>\n<meta property=\"article:modified_time\" content=\"2022-11-30T09:26:16+00:00\" \/>\n<meta property=\"og:image\" content=\"https:\/\/bilasmidurinn.is\/wp-content\/uploads\/2022\/11\/ca6168R.jpg\" \/>\n\t<meta property=\"og:image:width\" content=\"500\" \/>\n\t<meta property=\"og:image:height\" content=\"500\" \/>\n\t<meta property=\"og:image:type\" content=\"image\/jpeg\" \/>\n<meta name=\"twitter:card\" content=\"summary_large_image\" \/>\n<script type=\"application\/ld+json\" class=\"yoast-schema-graph\">{\"@context\":\"https:\\\/\\\/schema.org\",\"@graph\":[{\"@type\":\"WebPage\",\"@id\":\"https:\\\/\\\/bilasmidurinn.is\\\/en\\\/vefverslun\\\/ljos\\\/ljoskastarar\\\/led-adalljos-hailagi-stodu-og-stefnujos-haegra-eu-12-24v\\\/\",\"url\":\"https:\\\/\\\/bilasmidurinn.is\\\/en\\\/vefverslun\\\/ljos\\\/ljoskastarar\\\/led-adalljos-hailagi-stodu-og-stefnujos-haegra-eu-12-24v\\\/\",\"name\":\"LED a\u00f0allj\u00f3s h\u00e1i,l\u00e1gi, st\u00f6\u00f0u og stefnuj\u00f3s h\u00e6gra EU 12\\\/24v - B&iacute;lasmi&eth;urinn\",\"isPartOf\":{\"@id\":\"https:\\\/\\\/bilasmidurinn.is\\\/#website\"},\"primaryImageOfPage\":{\"@id\":\"https:\\\/\\\/bilasmidurinn.is\\\/en\\\/vefverslun\\\/ljos\\\/ljoskastarar\\\/led-adalljos-hailagi-stodu-og-stefnujos-haegra-eu-12-24v\\\/#primaryimage\"},\"image\":{\"@id\":\"https:\\\/\\\/bilasmidurinn.is\\\/en\\\/vefverslun\\\/ljos\\\/ljoskastarar\\\/led-adalljos-hailagi-stodu-og-stefnujos-haegra-eu-12-24v\\\/#primaryimage\"},\"thumbnailUrl\":\"https:\\\/\\\/bilasmidurinn.is\\\/wp-content\\\/uploads\\\/2022\\\/11\\\/ca6168R.jpg\",\"datePublished\":\"2022-11-29T15:48:35+00:00\",\"dateModified\":\"2022-11-30T09:26:16+00:00\",\"breadcrumb\":{\"@id\":\"https:\\\/\\\/bilasmidurinn.is\\\/en\\\/vefverslun\\\/ljos\\\/ljoskastarar\\\/led-adalljos-hailagi-stodu-og-stefnujos-haegra-eu-12-24v\\\/#breadcrumb\"},\"inLanguage\":\"en-GB\",\"potentialAction\":[{\"@type\":\"ReadAction\",\"target\":[\"https:\\\/\\\/bilasmidurinn.is\\\/en\\\/vefverslun\\\/ljos\\\/ljoskastarar\\\/led-adalljos-hailagi-stodu-og-stefnujos-haegra-eu-12-24v\\\/\"]}]},{\"@type\":\"ImageObject\",\"inLanguage\":\"en-GB\",\"@id\":\"https:\\\/\\\/bilasmidurinn.is\\\/en\\\/vefverslun\\\/ljos\\\/ljoskastarar\\\/led-adalljos-hailagi-stodu-og-stefnujos-haegra-eu-12-24v\\\/#primaryimage\",\"url\":\"https:\\\/\\\/bilasmidurinn.is\\\/wp-content\\\/uploads\\\/2022\\\/11\\\/ca6168R.jpg\",\"contentUrl\":\"https:\\\/\\\/bilasmidurinn.is\\\/wp-content\\\/uploads\\\/2022\\\/11\\\/ca6168R.jpg\",\"width\":500,\"height\":500},{\"@type\":\"BreadcrumbList\",\"@id\":\"https:\\\/\\\/bilasmidurinn.is\\\/en\\\/vefverslun\\\/ljos\\\/ljoskastarar\\\/led-adalljos-hailagi-stodu-og-stefnujos-haegra-eu-12-24v\\\/#breadcrumb\",\"itemListElement\":[{\"@type\":\"ListItem\",\"position\":1,\"name\":\"Home\",\"item\":\"https:\\\/\\\/bilasmidurinn.is\\\/\"},{\"@type\":\"ListItem\",\"position\":2,\"name\":\"V\u00f6rur \u00ed verslun\",\"item\":\"https:\\\/\\\/bilasmidurinn.is\\\/vefverslun\\\/\"},{\"@type\":\"ListItem\",\"position\":3,\"name\":\"LED a\u00f0allj\u00f3s h\u00e1i,l\u00e1gi, st\u00f6\u00f0u og stefnuj\u00f3s h\u00e6gra EU 12\\\/24v\"}]},{\"@type\":\"WebSite\",\"@id\":\"https:\\\/\\\/bilasmidurinn.is\\\/#website\",\"url\":\"https:\\\/\\\/bilasmidurinn.is\\\/\",\"name\":\"B&iacute;lasmi&eth;urinn\",\"description\":\"All sem &thorn;&uacute; &thorn;arft &iacute; t&aelig;ki&eth;\",\"potentialAction\":[{\"@type\":\"SearchAction\",\"target\":{\"@type\":\"EntryPoint\",\"urlTemplate\":\"https:\\\/\\\/bilasmidurinn.is\\\/?s={search_term_string}\"},\"query-input\":{\"@type\":\"PropertyValueSpecification\",\"valueRequired\":true,\"valueName\":\"search_term_string\"}}],\"inLanguage\":\"en-GB\"}]}<\/script>\n<!-- \/ Yoast SEO plugin. -->","yoast_head_json":{"title":"LED a\u00f0allj\u00f3s h\u00e1i,l\u00e1gi, st\u00f6\u00f0u og stefnuj\u00f3s h\u00e6gra EU 12\/24v - B&iacute;lasmi&eth;urinn","robots":{"index":"index","follow":"follow","max-snippet":"max-snippet:-1","max-image-preview":"max-image-preview:large","max-video-preview":"max-video-preview:-1"},"canonical":"https:\/\/bilasmidurinn.is\/en\/vefverslun\/ljos\/ljoskastarar\/led-adalljos-hailagi-stodu-og-stefnujos-haegra-eu-12-24v\/","og_locale":"en_GB","og_type":"article","og_title":"LED a\u00f0allj\u00f3s h\u00e1i,l\u00e1gi, st\u00f6\u00f0u og stefnuj\u00f3s h\u00e6gra EU 12\/24v - B&iacute;lasmi&eth;urinn","og_description":"LED combo \u00f6kulj\u00f3s hi\/lo st\u00f6\u00f0u og stefnulj\u00f3s 12\/24v h\u00e6gra EU","og_url":"https:\/\/bilasmidurinn.is\/en\/vefverslun\/ljos\/ljoskastarar\/led-adalljos-hailagi-stodu-og-stefnujos-haegra-eu-12-24v\/","og_site_name":"B&iacute;lasmi&eth;urinn","article_modified_time":"2022-11-30T09:26:16+00:00","og_image":[{"width":500,"height":500,"url":"https:\/\/bilasmidurinn.is\/wp-content\/uploads\/2022\/11\/ca6168R.jpg","type":"image\/jpeg"}],"twitter_card":"summary_large_image","schema":{"@context":"https:\/\/schema.org","@graph":[{"@type":"WebPage","@id":"https:\/\/bilasmidurinn.is\/en\/vefverslun\/ljos\/ljoskastarar\/led-adalljos-hailagi-stodu-og-stefnujos-haegra-eu-12-24v\/","url":"https:\/\/bilasmidurinn.is\/en\/vefverslun\/ljos\/ljoskastarar\/led-adalljos-hailagi-stodu-og-stefnujos-haegra-eu-12-24v\/","name":"LED a\u00f0allj\u00f3s h\u00e1i,l\u00e1gi, st\u00f6\u00f0u og stefnuj\u00f3s h\u00e6gra EU 12\/24v - B&iacute;lasmi&eth;urinn","isPartOf":{"@id":"https:\/\/bilasmidurinn.is\/#website"},"primaryImageOfPage":{"@id":"https:\/\/bilasmidurinn.is\/en\/vefverslun\/ljos\/ljoskastarar\/led-adalljos-hailagi-stodu-og-stefnujos-haegra-eu-12-24v\/#primaryimage"},"image":{"@id":"https:\/\/bilasmidurinn.is\/en\/vefverslun\/ljos\/ljoskastarar\/led-adalljos-hailagi-stodu-og-stefnujos-haegra-eu-12-24v\/#primaryimage"},"thumbnailUrl":"https:\/\/bilasmidurinn.is\/wp-content\/uploads\/2022\/11\/ca6168R.jpg","datePublished":"2022-11-29T15:48:35+00:00","dateModified":"2022-11-30T09:26:16+00:00","breadcrumb":{"@id":"https:\/\/bilasmidurinn.is\/en\/vefverslun\/ljos\/ljoskastarar\/led-adalljos-hailagi-stodu-og-stefnujos-haegra-eu-12-24v\/#breadcrumb"},"inLanguage":"en-GB","potentialAction":[{"@type":"ReadAction","target":["https:\/\/bilasmidurinn.is\/en\/vefverslun\/ljos\/ljoskastarar\/led-adalljos-hailagi-stodu-og-stefnujos-haegra-eu-12-24v\/"]}]},{"@type":"ImageObject","inLanguage":"en-GB","@id":"https:\/\/bilasmidurinn.is\/en\/vefverslun\/ljos\/ljoskastarar\/led-adalljos-hailagi-stodu-og-stefnujos-haegra-eu-12-24v\/#primaryimage","url":"https:\/\/bilasmidurinn.is\/wp-content\/uploads\/2022\/11\/ca6168R.jpg","contentUrl":"https:\/\/bilasmidurinn.is\/wp-content\/uploads\/2022\/11\/ca6168R.jpg","width":500,"height":500},{"@type":"BreadcrumbList","@id":"https:\/\/bilasmidurinn.is\/en\/vefverslun\/ljos\/ljoskastarar\/led-adalljos-hailagi-stodu-og-stefnujos-haegra-eu-12-24v\/#breadcrumb","itemListElement":[{"@type":"ListItem","position":1,"name":"Home","item":"https:\/\/bilasmidurinn.is\/"},{"@type":"ListItem","position":2,"name":"V\u00f6rur \u00ed verslun","item":"https:\/\/bilasmidurinn.is\/vefverslun\/"},{"@type":"ListItem","position":3,"name":"LED a\u00f0allj\u00f3s h\u00e1i,l\u00e1gi, st\u00f6\u00f0u og stefnuj\u00f3s h\u00e6gra EU 12\/24v"}]},{"@type":"WebSite","@id":"https:\/\/bilasmidurinn.is\/#website","url":"https:\/\/bilasmidurinn.is\/","name":"B&iacute;lasmi&eth;urinn","description":"All sem &thorn;&uacute; &thorn;arft &iacute; t&aelig;ki&eth;","potentialAction":[{"@type":"SearchAction","target":{"@type":"EntryPoint","urlTemplate":"https:\/\/bilasmidurinn.is\/?s={search_term_string}"},"query-input":{"@type":"PropertyValueSpecification","valueRequired":true,"valueName":"search_term_string"}}],"inLanguage":"en-GB"}]}},"_links":{"self":[{"href":"https:\/\/bilasmidurinn.is\/en\/wp-json\/wp\/v2\/product\/15081","targetHints":{"allow":["GET"]}}],"collection":[{"href":"https:\/\/bilasmidurinn.is\/en\/wp-json\/wp\/v2\/product"}],"about":[{"href":"https:\/\/bilasmidurinn.is\/en\/wp-json\/wp\/v2\/types\/product"}],"wp:featuredmedia":[{"embeddable":true,"href":"https:\/\/bilasmidurinn.is\/en\/wp-json\/wp\/v2\/media\/15082"}],"wp:attachment":[{"href":"https:\/\/bilasmidurinn.is\/en\/wp-json\/wp\/v2\/media?parent=15081"}],"wp:term":[{"taxonomy":"product_brand","embeddable":true,"href":"https:\/\/bilasmidurinn.is\/en\/wp-json\/wp\/v2\/product_brand?post=15081"},{"taxonomy":"product_cat","embeddable":true,"href":"https:\/\/bilasmidurinn.is\/en\/wp-json\/wp\/v2\/product_cat?post=15081"},{"taxonomy":"product_tag","embeddable":true,"href":"https:\/\/bilasmidurinn.is\/en\/wp-json\/wp\/v2\/product_tag?post=15081"}],"curies":[{"name":"wp","href":"https:\/\/api.w.org\/{rel}","templated":true}]}}