{"id":14977,"date":"2022-11-18T15:36:46","date_gmt":"2022-11-18T15:36:46","guid":{"rendered":"https:\/\/bilasmidurinn.is\/?post_type=product&#038;p=14977"},"modified":"2023-10-03T18:01:40","modified_gmt":"2023-10-03T18:01:40","slug":"armytek-wizard-c1-pro-1000lm-handljos","status":"publish","type":"product","link":"https:\/\/bilasmidurinn.is\/en\/vefverslun\/ljos\/vinnuljos-ljos\/armytek-wizard-c1-pro-1000lm-handljos\/","title":{"rendered":"Armytek Wizard C1 PRO 1000Lm flashlight"},"content":{"rendered":"<p>LED Amytek Wizard C1 Pro handlj\u00f3s 1000Lm. 100m dr\u00e6gni\u00a0 &#8222;4 in 1&#8220;\u00a0 WHITE<\/p>\n<p>Fj\u00f6lnota vatns\u00fe\u00e9tt og l\u00e9tt \u00far flugv\u00e9la \u00e1li, passar vel \u00ed vasa e\u00f0a \u00e1 lyklahring t.d.\u00a0 Passar einnig \u00e1 vinnuhj\u00e1lma\u00a0 me\u00f0 festingu AHM02.<\/p>\n<p>Wizard Pro er me\u00f0 fj\u00f6lstillanlegt 4x lj\u00f3sstyrkir \u00e1samt leiftur stillingum sem getur endst allt a\u00f0 60 daga \u00e1 hle\u00f0slunni. V\u00ed\u00f0ur geyslinn tryggir jafnt og miki\u00f0 lj\u00f3sfl\u00e6\u00f0i. TIR linsan er b\u00fain hertu gleri sem ver \u00fea\u00f0 gegn rispum og endurspeglun.<\/p>\n<p>B\u00fai\u00f0 n\u00fdjustu t\u00e6kni fyrir hle\u00f0slubattery 18350 sem ver \u00fea\u00f0 fyrir skammhlaupi \u00e1samt rauntima hitast\u00fdringu og battery l\u00e1gst\u00f6\u00f0u.<\/p>\n<p>Alv\u00f6rn gegn vatni, aur og ryki, \u00feolir 10m d\u00fdpi.<\/p>\n<p>H\u00f6fu\u00f0band fylgir me\u00f0 smellufestinu \u00e1samt festingu sem h\u00e6gt er a\u00f0 setja \u00e1 rei\u00f0hj\u00f3l e\u00f0a r\u00f6r.<\/p>\n<p>Hle\u00f0slan er USB tengd me\u00f0 vatns\u00fe\u00e9ttri segulsmellu vi\u00f0 lj\u00f3si\u00f0 sj\u00e1lft, hle\u00f0slutimi er 1 kst.<\/p>\n<p>St\u00e6r\u00f0 76,3 x 33mm, \u00feyngd 80gr.\u00a0 IP68.<\/p>\n<p>10\u00e1ra \u00e1byrg\u00f0<\/p>\n<p>&nbsp;<\/p>\n<p><iframe loading=\"lazy\" title=\"UNKILLABLE Headlamp! [Armytek Wizard C2 Pro]\" width=\"1020\" height=\"574\" src=\"https:\/\/www.youtube.com\/embed\/hoqUU57HI1o?feature=oembed\" frameborder=\"0\" allow=\"accelerometer; autoplay; clipboard-write; encrypted-media; gyroscope; picture-in-picture\" allowfullscreen><\/iframe><\/p>\n<p>&nbsp;<\/p>\n<p>&nbsp;<\/p>\n<p>&nbsp;<\/p>\n<p>&nbsp;<\/p>\n<p>&nbsp;<\/p>\n","protected":false},"excerpt":{"rendered":"<p>Wizard Armytek C1 Pro Magnet USB Flashlight, 1000 Lumens<\/p>","protected":false},"featured_media":14981,"template":"","meta":[],"product_brand":[8053],"product_cat":[7893,8012],"product_tag":[],"class_list":{"0":"post-14977","1":"product","2":"type-product","3":"status-publish","4":"has-post-thumbnail","6":"product_brand-armytek","7":"product_cat-ljos","8":"product_cat-vinnuljos-ljos","10":"first","11":"instock","12":"shipping-taxable","13":"product-type-simple"},"yoast_head":"<!-- This site is optimized with the Yoast SEO plugin v27.5 - https:\/\/yoast.com\/product\/yoast-seo-wordpress\/ -->\n<title>Armytek Wizard C1 PRO 1000Lm handlj\u00f3s - B&iacute;lasmi&eth;urinn<\/title>\n<meta name=\"robots\" content=\"index, follow, max-snippet:-1, max-image-preview:large, max-video-preview:-1\" \/>\n<link rel=\"canonical\" href=\"https:\/\/bilasmidurinn.is\/en\/vefverslun\/ljos\/vinnuljos-ljos\/armytek-wizard-c1-pro-1000lm-handljos\/\" \/>\n<meta property=\"og:locale\" content=\"en_GB\" \/>\n<meta property=\"og:type\" content=\"article\" \/>\n<meta property=\"og:title\" content=\"Armytek Wizard C1 PRO 1000Lm handlj\u00f3s - B&iacute;lasmi&eth;urinn\" \/>\n<meta property=\"og:description\" content=\"Wizard Armytek C1 Pro Magnet USB handlj\u00f3s, 1000 Lumena\" \/>\n<meta property=\"og:url\" content=\"https:\/\/bilasmidurinn.is\/en\/vefverslun\/ljos\/vinnuljos-ljos\/armytek-wizard-c1-pro-1000lm-handljos\/\" \/>\n<meta property=\"og:site_name\" content=\"B&iacute;lasmi&eth;urinn\" \/>\n<meta property=\"article:modified_time\" content=\"2023-10-03T18:01:40+00:00\" \/>\n<meta property=\"og:image\" content=\"https:\/\/bilasmidurinn.is\/wp-content\/uploads\/2022\/11\/Magnetic_charger_Wizard_C1_Pro_white.png\" \/>\n\t<meta property=\"og:image:width\" content=\"979\" \/>\n\t<meta property=\"og:image:height\" content=\"801\" \/>\n\t<meta property=\"og:image:type\" content=\"image\/png\" \/>\n<meta name=\"twitter:card\" content=\"summary_large_image\" \/>\n<meta name=\"twitter:label1\" content=\"Estimated reading time\" \/>\n\t<meta name=\"twitter:data1\" content=\"1 minute\" \/>\n<script type=\"application\/ld+json\" class=\"yoast-schema-graph\">{\"@context\":\"https:\\\/\\\/schema.org\",\"@graph\":[{\"@type\":\"WebPage\",\"@id\":\"https:\\\/\\\/bilasmidurinn.is\\\/vefverslun\\\/ljos\\\/vinnuljos-ljos\\\/armytek-wizard-c1-pro-1000lm-handljos\\\/\",\"url\":\"https:\\\/\\\/bilasmidurinn.is\\\/vefverslun\\\/ljos\\\/vinnuljos-ljos\\\/armytek-wizard-c1-pro-1000lm-handljos\\\/\",\"name\":\"Armytek Wizard C1 PRO 1000Lm handlj\u00f3s - B&iacute;lasmi&eth;urinn\",\"isPartOf\":{\"@id\":\"https:\\\/\\\/bilasmidurinn.is\\\/#website\"},\"primaryImageOfPage\":{\"@id\":\"https:\\\/\\\/bilasmidurinn.is\\\/vefverslun\\\/ljos\\\/vinnuljos-ljos\\\/armytek-wizard-c1-pro-1000lm-handljos\\\/#primaryimage\"},\"image\":{\"@id\":\"https:\\\/\\\/bilasmidurinn.is\\\/vefverslun\\\/ljos\\\/vinnuljos-ljos\\\/armytek-wizard-c1-pro-1000lm-handljos\\\/#primaryimage\"},\"thumbnailUrl\":\"https:\\\/\\\/bilasmidurinn.is\\\/wp-content\\\/uploads\\\/2022\\\/11\\\/Magnetic_charger_Wizard_C1_Pro_white.png\",\"datePublished\":\"2022-11-18T15:36:46+00:00\",\"dateModified\":\"2023-10-03T18:01:40+00:00\",\"breadcrumb\":{\"@id\":\"https:\\\/\\\/bilasmidurinn.is\\\/vefverslun\\\/ljos\\\/vinnuljos-ljos\\\/armytek-wizard-c1-pro-1000lm-handljos\\\/#breadcrumb\"},\"inLanguage\":\"en-GB\",\"potentialAction\":[{\"@type\":\"ReadAction\",\"target\":[\"https:\\\/\\\/bilasmidurinn.is\\\/vefverslun\\\/ljos\\\/vinnuljos-ljos\\\/armytek-wizard-c1-pro-1000lm-handljos\\\/\"]}]},{\"@type\":\"ImageObject\",\"inLanguage\":\"en-GB\",\"@id\":\"https:\\\/\\\/bilasmidurinn.is\\\/vefverslun\\\/ljos\\\/vinnuljos-ljos\\\/armytek-wizard-c1-pro-1000lm-handljos\\\/#primaryimage\",\"url\":\"https:\\\/\\\/bilasmidurinn.is\\\/wp-content\\\/uploads\\\/2022\\\/11\\\/Magnetic_charger_Wizard_C1_Pro_white.png\",\"contentUrl\":\"https:\\\/\\\/bilasmidurinn.is\\\/wp-content\\\/uploads\\\/2022\\\/11\\\/Magnetic_charger_Wizard_C1_Pro_white.png\",\"width\":979,\"height\":801},{\"@type\":\"BreadcrumbList\",\"@id\":\"https:\\\/\\\/bilasmidurinn.is\\\/vefverslun\\\/ljos\\\/vinnuljos-ljos\\\/armytek-wizard-c1-pro-1000lm-handljos\\\/#breadcrumb\",\"itemListElement\":[{\"@type\":\"ListItem\",\"position\":1,\"name\":\"Home\",\"item\":\"https:\\\/\\\/bilasmidurinn.is\\\/\"},{\"@type\":\"ListItem\",\"position\":2,\"name\":\"V\u00f6rur \u00ed verslun\",\"item\":\"https:\\\/\\\/bilasmidurinn.is\\\/vefverslun\\\/\"},{\"@type\":\"ListItem\",\"position\":3,\"name\":\"Armytek Wizard C1 PRO 1000Lm handlj\u00f3s\"}]},{\"@type\":\"WebSite\",\"@id\":\"https:\\\/\\\/bilasmidurinn.is\\\/#website\",\"url\":\"https:\\\/\\\/bilasmidurinn.is\\\/\",\"name\":\"B&iacute;lasmi&eth;urinn\",\"description\":\"All sem &thorn;&uacute; &thorn;arft &iacute; t&aelig;ki&eth;\",\"potentialAction\":[{\"@type\":\"SearchAction\",\"target\":{\"@type\":\"EntryPoint\",\"urlTemplate\":\"https:\\\/\\\/bilasmidurinn.is\\\/?s={search_term_string}\"},\"query-input\":{\"@type\":\"PropertyValueSpecification\",\"valueRequired\":true,\"valueName\":\"search_term_string\"}}],\"inLanguage\":\"en-GB\"}]}<\/script>\n<!-- \/ Yoast SEO plugin. -->","yoast_head_json":{"title":"Armytek Wizard C1 PRO 1000Lm handlj\u00f3s - B&iacute;lasmi&eth;urinn","robots":{"index":"index","follow":"follow","max-snippet":"max-snippet:-1","max-image-preview":"max-image-preview:large","max-video-preview":"max-video-preview:-1"},"canonical":"https:\/\/bilasmidurinn.is\/en\/vefverslun\/ljos\/vinnuljos-ljos\/armytek-wizard-c1-pro-1000lm-handljos\/","og_locale":"en_GB","og_type":"article","og_title":"Armytek Wizard C1 PRO 1000Lm handlj\u00f3s - B&iacute;lasmi&eth;urinn","og_description":"Wizard Armytek C1 Pro Magnet USB handlj\u00f3s, 1000 Lumena","og_url":"https:\/\/bilasmidurinn.is\/en\/vefverslun\/ljos\/vinnuljos-ljos\/armytek-wizard-c1-pro-1000lm-handljos\/","og_site_name":"B&iacute;lasmi&eth;urinn","article_modified_time":"2023-10-03T18:01:40+00:00","og_image":[{"width":979,"height":801,"url":"https:\/\/bilasmidurinn.is\/wp-content\/uploads\/2022\/11\/Magnetic_charger_Wizard_C1_Pro_white.png","type":"image\/png"}],"twitter_card":"summary_large_image","twitter_misc":{"Estimated reading time":"1 minute"},"schema":{"@context":"https:\/\/schema.org","@graph":[{"@type":"WebPage","@id":"https:\/\/bilasmidurinn.is\/vefverslun\/ljos\/vinnuljos-ljos\/armytek-wizard-c1-pro-1000lm-handljos\/","url":"https:\/\/bilasmidurinn.is\/vefverslun\/ljos\/vinnuljos-ljos\/armytek-wizard-c1-pro-1000lm-handljos\/","name":"Armytek Wizard C1 PRO 1000Lm handlj\u00f3s - B&iacute;lasmi&eth;urinn","isPartOf":{"@id":"https:\/\/bilasmidurinn.is\/#website"},"primaryImageOfPage":{"@id":"https:\/\/bilasmidurinn.is\/vefverslun\/ljos\/vinnuljos-ljos\/armytek-wizard-c1-pro-1000lm-handljos\/#primaryimage"},"image":{"@id":"https:\/\/bilasmidurinn.is\/vefverslun\/ljos\/vinnuljos-ljos\/armytek-wizard-c1-pro-1000lm-handljos\/#primaryimage"},"thumbnailUrl":"https:\/\/bilasmidurinn.is\/wp-content\/uploads\/2022\/11\/Magnetic_charger_Wizard_C1_Pro_white.png","datePublished":"2022-11-18T15:36:46+00:00","dateModified":"2023-10-03T18:01:40+00:00","breadcrumb":{"@id":"https:\/\/bilasmidurinn.is\/vefverslun\/ljos\/vinnuljos-ljos\/armytek-wizard-c1-pro-1000lm-handljos\/#breadcrumb"},"inLanguage":"en-GB","potentialAction":[{"@type":"ReadAction","target":["https:\/\/bilasmidurinn.is\/vefverslun\/ljos\/vinnuljos-ljos\/armytek-wizard-c1-pro-1000lm-handljos\/"]}]},{"@type":"ImageObject","inLanguage":"en-GB","@id":"https:\/\/bilasmidurinn.is\/vefverslun\/ljos\/vinnuljos-ljos\/armytek-wizard-c1-pro-1000lm-handljos\/#primaryimage","url":"https:\/\/bilasmidurinn.is\/wp-content\/uploads\/2022\/11\/Magnetic_charger_Wizard_C1_Pro_white.png","contentUrl":"https:\/\/bilasmidurinn.is\/wp-content\/uploads\/2022\/11\/Magnetic_charger_Wizard_C1_Pro_white.png","width":979,"height":801},{"@type":"BreadcrumbList","@id":"https:\/\/bilasmidurinn.is\/vefverslun\/ljos\/vinnuljos-ljos\/armytek-wizard-c1-pro-1000lm-handljos\/#breadcrumb","itemListElement":[{"@type":"ListItem","position":1,"name":"Home","item":"https:\/\/bilasmidurinn.is\/"},{"@type":"ListItem","position":2,"name":"V\u00f6rur \u00ed verslun","item":"https:\/\/bilasmidurinn.is\/vefverslun\/"},{"@type":"ListItem","position":3,"name":"Armytek Wizard C1 PRO 1000Lm handlj\u00f3s"}]},{"@type":"WebSite","@id":"https:\/\/bilasmidurinn.is\/#website","url":"https:\/\/bilasmidurinn.is\/","name":"B&iacute;lasmi&eth;urinn","description":"All sem &thorn;&uacute; &thorn;arft &iacute; t&aelig;ki&eth;","potentialAction":[{"@type":"SearchAction","target":{"@type":"EntryPoint","urlTemplate":"https:\/\/bilasmidurinn.is\/?s={search_term_string}"},"query-input":{"@type":"PropertyValueSpecification","valueRequired":true,"valueName":"search_term_string"}}],"inLanguage":"en-GB"}]}},"_links":{"self":[{"href":"https:\/\/bilasmidurinn.is\/en\/wp-json\/wp\/v2\/product\/14977","targetHints":{"allow":["GET"]}}],"collection":[{"href":"https:\/\/bilasmidurinn.is\/en\/wp-json\/wp\/v2\/product"}],"about":[{"href":"https:\/\/bilasmidurinn.is\/en\/wp-json\/wp\/v2\/types\/product"}],"wp:featuredmedia":[{"embeddable":true,"href":"https:\/\/bilasmidurinn.is\/en\/wp-json\/wp\/v2\/media\/14981"}],"wp:attachment":[{"href":"https:\/\/bilasmidurinn.is\/en\/wp-json\/wp\/v2\/media?parent=14977"}],"wp:term":[{"taxonomy":"product_brand","embeddable":true,"href":"https:\/\/bilasmidurinn.is\/en\/wp-json\/wp\/v2\/product_brand?post=14977"},{"taxonomy":"product_cat","embeddable":true,"href":"https:\/\/bilasmidurinn.is\/en\/wp-json\/wp\/v2\/product_cat?post=14977"},{"taxonomy":"product_tag","embeddable":true,"href":"https:\/\/bilasmidurinn.is\/en\/wp-json\/wp\/v2\/product_tag?post=14977"}],"curies":[{"name":"wp","href":"https:\/\/api.w.org\/{rel}","templated":true}]}}