{"id":14975,"date":"2022-11-18T10:54:27","date_gmt":"2022-11-18T10:54:27","guid":{"rendered":"https:\/\/bilasmidurinn.is\/?post_type=product&#038;p=14975"},"modified":"2023-06-05T17:51:26","modified_gmt":"2023-06-05T17:51:26","slug":"afella-med-thettingu-a-hlid-21mm-fyrir-5-9mm-brun","status":"publish","type":"product","link":"https:\/\/bilasmidurinn.is\/en\/vefverslun\/thettilistar\/afella-med-thettingu-a-hlid-21mm-fyrir-5-9mm-brun\/","title":{"rendered":"Apply with sealing on side 21mm for 5-9mm edge"},"content":{"rendered":"<p>Cover strip with soft sealing strip made of warm rubber on side 21mm.<\/p>\n<p>For 5-9mm edge or edge.<\/p>\n<p>50m per roll<\/p>\n<p>price per meter.<\/p>","protected":false},"excerpt":{"rendered":"<p>Condensing edge sealing strip with sealing strip on the side 21mm made of soft sponge rubber. Fits 5-9mm edges.<\/p>","protected":false},"featured_media":14976,"template":"","meta":[],"product_brand":[7948],"product_cat":[7974],"product_tag":[],"class_list":{"0":"post-14975","1":"product","2":"type-product","3":"status-publish","4":"has-post-thumbnail","6":"product_brand-sand","7":"product_cat-thettilistar","9":"first","10":"instock","11":"shipping-taxable","12":"product-type-simple"},"yoast_head":"<!-- This site is optimized with the Yoast SEO plugin v27.5 - https:\/\/yoast.com\/product\/yoast-seo-wordpress\/ -->\n<title>\u00c1fella me\u00f0 \u00fe\u00e9ttingu \u00e1 hli\u00f0 21mm fyrir 5-9mm br\u00fan - B&iacute;lasmi&eth;urinn<\/title>\n<meta name=\"robots\" content=\"index, follow, max-snippet:-1, max-image-preview:large, max-video-preview:-1\" \/>\n<link rel=\"canonical\" href=\"https:\/\/bilasmidurinn.is\/en\/vefverslun\/thettilistar\/afella-med-thettingu-a-hlid-21mm-fyrir-5-9mm-brun\/\" \/>\n<meta property=\"og:locale\" content=\"en_GB\" \/>\n<meta property=\"og:type\" content=\"article\" \/>\n<meta property=\"og:title\" content=\"\u00c1fella me\u00f0 \u00fe\u00e9ttingu \u00e1 hli\u00f0 21mm fyrir 5-9mm br\u00fan - B&iacute;lasmi&eth;urinn\" \/>\n<meta property=\"og:description\" content=\"\u00de\u00e9ttikantur \u00e1fellulisti me\u00f0 \u00fe\u00e9ttilista \u00e1 hli\u00f0 21mm \u00far mj\u00faku svampg\u00famm\u00ed.\u00a0 Passar \u00e1 5-9mm br\u00fanir.\" \/>\n<meta property=\"og:url\" content=\"https:\/\/bilasmidurinn.is\/en\/vefverslun\/thettilistar\/afella-med-thettingu-a-hlid-21mm-fyrir-5-9mm-brun\/\" \/>\n<meta property=\"og:site_name\" content=\"B&iacute;lasmi&eth;urinn\" \/>\n<meta property=\"article:modified_time\" content=\"2023-06-05T17:51:26+00:00\" \/>\n<meta property=\"og:image\" content=\"https:\/\/bilasmidurinn.is\/wp-content\/uploads\/2022\/11\/A3113.png\" \/>\n\t<meta property=\"og:image:width\" content=\"449\" \/>\n\t<meta property=\"og:image:height\" content=\"295\" \/>\n\t<meta property=\"og:image:type\" content=\"image\/png\" \/>\n<meta name=\"twitter:card\" content=\"summary_large_image\" \/>\n<script type=\"application\/ld+json\" class=\"yoast-schema-graph\">{\"@context\":\"https:\\\/\\\/schema.org\",\"@graph\":[{\"@type\":\"WebPage\",\"@id\":\"https:\\\/\\\/bilasmidurinn.is\\\/vefverslun\\\/thettilistar\\\/afella-med-thettingu-a-hlid-21mm-fyrir-5-9mm-brun\\\/\",\"url\":\"https:\\\/\\\/bilasmidurinn.is\\\/vefverslun\\\/thettilistar\\\/afella-med-thettingu-a-hlid-21mm-fyrir-5-9mm-brun\\\/\",\"name\":\"\u00c1fella me\u00f0 \u00fe\u00e9ttingu \u00e1 hli\u00f0 21mm fyrir 5-9mm br\u00fan - B&iacute;lasmi&eth;urinn\",\"isPartOf\":{\"@id\":\"https:\\\/\\\/bilasmidurinn.is\\\/#website\"},\"primaryImageOfPage\":{\"@id\":\"https:\\\/\\\/bilasmidurinn.is\\\/vefverslun\\\/thettilistar\\\/afella-med-thettingu-a-hlid-21mm-fyrir-5-9mm-brun\\\/#primaryimage\"},\"image\":{\"@id\":\"https:\\\/\\\/bilasmidurinn.is\\\/vefverslun\\\/thettilistar\\\/afella-med-thettingu-a-hlid-21mm-fyrir-5-9mm-brun\\\/#primaryimage\"},\"thumbnailUrl\":\"https:\\\/\\\/bilasmidurinn.is\\\/wp-content\\\/uploads\\\/2022\\\/11\\\/A3113.png\",\"datePublished\":\"2022-11-18T10:54:27+00:00\",\"dateModified\":\"2023-06-05T17:51:26+00:00\",\"breadcrumb\":{\"@id\":\"https:\\\/\\\/bilasmidurinn.is\\\/vefverslun\\\/thettilistar\\\/afella-med-thettingu-a-hlid-21mm-fyrir-5-9mm-brun\\\/#breadcrumb\"},\"inLanguage\":\"en-GB\",\"potentialAction\":[{\"@type\":\"ReadAction\",\"target\":[\"https:\\\/\\\/bilasmidurinn.is\\\/vefverslun\\\/thettilistar\\\/afella-med-thettingu-a-hlid-21mm-fyrir-5-9mm-brun\\\/\"]}]},{\"@type\":\"ImageObject\",\"inLanguage\":\"en-GB\",\"@id\":\"https:\\\/\\\/bilasmidurinn.is\\\/vefverslun\\\/thettilistar\\\/afella-med-thettingu-a-hlid-21mm-fyrir-5-9mm-brun\\\/#primaryimage\",\"url\":\"https:\\\/\\\/bilasmidurinn.is\\\/wp-content\\\/uploads\\\/2022\\\/11\\\/A3113.png\",\"contentUrl\":\"https:\\\/\\\/bilasmidurinn.is\\\/wp-content\\\/uploads\\\/2022\\\/11\\\/A3113.png\",\"width\":449,\"height\":295},{\"@type\":\"BreadcrumbList\",\"@id\":\"https:\\\/\\\/bilasmidurinn.is\\\/vefverslun\\\/thettilistar\\\/afella-med-thettingu-a-hlid-21mm-fyrir-5-9mm-brun\\\/#breadcrumb\",\"itemListElement\":[{\"@type\":\"ListItem\",\"position\":1,\"name\":\"Home\",\"item\":\"https:\\\/\\\/bilasmidurinn.is\\\/\"},{\"@type\":\"ListItem\",\"position\":2,\"name\":\"V\u00f6rur \u00ed verslun\",\"item\":\"https:\\\/\\\/bilasmidurinn.is\\\/vefverslun\\\/\"},{\"@type\":\"ListItem\",\"position\":3,\"name\":\"\u00c1fella me\u00f0 \u00fe\u00e9ttingu \u00e1 hli\u00f0 21mm fyrir 5-9mm br\u00fan\"}]},{\"@type\":\"WebSite\",\"@id\":\"https:\\\/\\\/bilasmidurinn.is\\\/#website\",\"url\":\"https:\\\/\\\/bilasmidurinn.is\\\/\",\"name\":\"B&iacute;lasmi&eth;urinn\",\"description\":\"All sem &thorn;&uacute; &thorn;arft &iacute; t&aelig;ki&eth;\",\"potentialAction\":[{\"@type\":\"SearchAction\",\"target\":{\"@type\":\"EntryPoint\",\"urlTemplate\":\"https:\\\/\\\/bilasmidurinn.is\\\/?s={search_term_string}\"},\"query-input\":{\"@type\":\"PropertyValueSpecification\",\"valueRequired\":true,\"valueName\":\"search_term_string\"}}],\"inLanguage\":\"en-GB\"}]}<\/script>\n<!-- \/ Yoast SEO plugin. -->","yoast_head_json":{"title":"\u00c1fella me\u00f0 \u00fe\u00e9ttingu \u00e1 hli\u00f0 21mm fyrir 5-9mm br\u00fan - B&iacute;lasmi&eth;urinn","robots":{"index":"index","follow":"follow","max-snippet":"max-snippet:-1","max-image-preview":"max-image-preview:large","max-video-preview":"max-video-preview:-1"},"canonical":"https:\/\/bilasmidurinn.is\/en\/vefverslun\/thettilistar\/afella-med-thettingu-a-hlid-21mm-fyrir-5-9mm-brun\/","og_locale":"en_GB","og_type":"article","og_title":"\u00c1fella me\u00f0 \u00fe\u00e9ttingu \u00e1 hli\u00f0 21mm fyrir 5-9mm br\u00fan - B&iacute;lasmi&eth;urinn","og_description":"\u00de\u00e9ttikantur \u00e1fellulisti me\u00f0 \u00fe\u00e9ttilista \u00e1 hli\u00f0 21mm \u00far mj\u00faku svampg\u00famm\u00ed.\u00a0 Passar \u00e1 5-9mm br\u00fanir.","og_url":"https:\/\/bilasmidurinn.is\/en\/vefverslun\/thettilistar\/afella-med-thettingu-a-hlid-21mm-fyrir-5-9mm-brun\/","og_site_name":"B&iacute;lasmi&eth;urinn","article_modified_time":"2023-06-05T17:51:26+00:00","og_image":[{"width":449,"height":295,"url":"https:\/\/bilasmidurinn.is\/wp-content\/uploads\/2022\/11\/A3113.png","type":"image\/png"}],"twitter_card":"summary_large_image","schema":{"@context":"https:\/\/schema.org","@graph":[{"@type":"WebPage","@id":"https:\/\/bilasmidurinn.is\/vefverslun\/thettilistar\/afella-med-thettingu-a-hlid-21mm-fyrir-5-9mm-brun\/","url":"https:\/\/bilasmidurinn.is\/vefverslun\/thettilistar\/afella-med-thettingu-a-hlid-21mm-fyrir-5-9mm-brun\/","name":"\u00c1fella me\u00f0 \u00fe\u00e9ttingu \u00e1 hli\u00f0 21mm fyrir 5-9mm br\u00fan - B&iacute;lasmi&eth;urinn","isPartOf":{"@id":"https:\/\/bilasmidurinn.is\/#website"},"primaryImageOfPage":{"@id":"https:\/\/bilasmidurinn.is\/vefverslun\/thettilistar\/afella-med-thettingu-a-hlid-21mm-fyrir-5-9mm-brun\/#primaryimage"},"image":{"@id":"https:\/\/bilasmidurinn.is\/vefverslun\/thettilistar\/afella-med-thettingu-a-hlid-21mm-fyrir-5-9mm-brun\/#primaryimage"},"thumbnailUrl":"https:\/\/bilasmidurinn.is\/wp-content\/uploads\/2022\/11\/A3113.png","datePublished":"2022-11-18T10:54:27+00:00","dateModified":"2023-06-05T17:51:26+00:00","breadcrumb":{"@id":"https:\/\/bilasmidurinn.is\/vefverslun\/thettilistar\/afella-med-thettingu-a-hlid-21mm-fyrir-5-9mm-brun\/#breadcrumb"},"inLanguage":"en-GB","potentialAction":[{"@type":"ReadAction","target":["https:\/\/bilasmidurinn.is\/vefverslun\/thettilistar\/afella-med-thettingu-a-hlid-21mm-fyrir-5-9mm-brun\/"]}]},{"@type":"ImageObject","inLanguage":"en-GB","@id":"https:\/\/bilasmidurinn.is\/vefverslun\/thettilistar\/afella-med-thettingu-a-hlid-21mm-fyrir-5-9mm-brun\/#primaryimage","url":"https:\/\/bilasmidurinn.is\/wp-content\/uploads\/2022\/11\/A3113.png","contentUrl":"https:\/\/bilasmidurinn.is\/wp-content\/uploads\/2022\/11\/A3113.png","width":449,"height":295},{"@type":"BreadcrumbList","@id":"https:\/\/bilasmidurinn.is\/vefverslun\/thettilistar\/afella-med-thettingu-a-hlid-21mm-fyrir-5-9mm-brun\/#breadcrumb","itemListElement":[{"@type":"ListItem","position":1,"name":"Home","item":"https:\/\/bilasmidurinn.is\/"},{"@type":"ListItem","position":2,"name":"V\u00f6rur \u00ed verslun","item":"https:\/\/bilasmidurinn.is\/vefverslun\/"},{"@type":"ListItem","position":3,"name":"\u00c1fella me\u00f0 \u00fe\u00e9ttingu \u00e1 hli\u00f0 21mm fyrir 5-9mm br\u00fan"}]},{"@type":"WebSite","@id":"https:\/\/bilasmidurinn.is\/#website","url":"https:\/\/bilasmidurinn.is\/","name":"B&iacute;lasmi&eth;urinn","description":"All sem &thorn;&uacute; &thorn;arft &iacute; t&aelig;ki&eth;","potentialAction":[{"@type":"SearchAction","target":{"@type":"EntryPoint","urlTemplate":"https:\/\/bilasmidurinn.is\/?s={search_term_string}"},"query-input":{"@type":"PropertyValueSpecification","valueRequired":true,"valueName":"search_term_string"}}],"inLanguage":"en-GB"}]}},"_links":{"self":[{"href":"https:\/\/bilasmidurinn.is\/en\/wp-json\/wp\/v2\/product\/14975","targetHints":{"allow":["GET"]}}],"collection":[{"href":"https:\/\/bilasmidurinn.is\/en\/wp-json\/wp\/v2\/product"}],"about":[{"href":"https:\/\/bilasmidurinn.is\/en\/wp-json\/wp\/v2\/types\/product"}],"wp:featuredmedia":[{"embeddable":true,"href":"https:\/\/bilasmidurinn.is\/en\/wp-json\/wp\/v2\/media\/14976"}],"wp:attachment":[{"href":"https:\/\/bilasmidurinn.is\/en\/wp-json\/wp\/v2\/media?parent=14975"}],"wp:term":[{"taxonomy":"product_brand","embeddable":true,"href":"https:\/\/bilasmidurinn.is\/en\/wp-json\/wp\/v2\/product_brand?post=14975"},{"taxonomy":"product_cat","embeddable":true,"href":"https:\/\/bilasmidurinn.is\/en\/wp-json\/wp\/v2\/product_cat?post=14975"},{"taxonomy":"product_tag","embeddable":true,"href":"https:\/\/bilasmidurinn.is\/en\/wp-json\/wp\/v2\/product_tag?post=14975"}],"curies":[{"name":"wp","href":"https:\/\/api.w.org\/{rel}","templated":true}]}}