{"id":14904,"date":"2022-11-01T14:26:04","date_gmt":"2022-11-01T14:26:04","guid":{"rendered":"https:\/\/bilasmidurinn.is\/?post_type=product&#038;p=14904"},"modified":"2022-11-29T15:15:08","modified_gmt":"2022-11-29T15:15:08","slug":"led-kastari-7-okuljos-med-stefnuljosi-og-stoduljosi","status":"publish","type":"product","link":"https:\/\/bilasmidurinn.is\/en\/vefverslun\/ljos\/ljoskastarar\/led-kastari-7-okuljos-med-stefnuljosi-og-stoduljosi\/","title":{"rendered":"Led projector 7\u2033 driving light with daytime running light, direction light and parking light"},"content":{"rendered":"<p>LED driving light \/ spotlight with daytime running light, compass and direction light 9600Lm 130w 12\/24v.<\/p>\n<p>IP67, -30\u00b0C, +50\u00b0C<\/p>\n<p>ECE R10<\/p>\n<p>EMC, CISPR25 class3 does not interfere with radio waves.<\/p>\n<p>Unbreakable Polycarbonate lens. The housing is made of polycoated aluminum, rust-free mounting.<\/p>\n<p>50mm cable,<\/p>\n<p>Illuminates up to 740m<\/p>\n<p>189x98x199mm<\/p>\n<p><iframe loading=\"lazy\" title=\"DRIVING &amp; DRL LAMPS CA 6172 &amp; CA 6173\" src=\"https:\/\/player.vimeo.com\/video\/774338267?h=b4fd52627e&amp;dnt=1&amp;app_id=122963\" width=\"1020\" height=\"574\" frameborder=\"0\" allow=\"autoplay; fullscreen; picture-in-picture\" allowfullscreen><\/iframe><\/p>","protected":false},"excerpt":{"rendered":"<p>LED headlight 7&quot; with driving light, position and direction light.<\/p>\n<p>12\/24V 130W<\/p>","protected":false},"featured_media":14905,"template":"","meta":[],"product_brand":[7927],"product_cat":[7893,8042],"product_tag":[],"class_list":{"0":"post-14904","1":"product","2":"type-product","3":"status-publish","4":"has-post-thumbnail","6":"product_brand-www-247lighting-net","7":"product_cat-ljos","8":"product_cat-ljoskastarar","10":"first","11":"instock","12":"shipping-taxable","13":"product-type-simple"},"yoast_head":"<!-- This site is optimized with the Yoast SEO plugin v27.4 - https:\/\/yoast.com\/product\/yoast-seo-wordpress\/ -->\n<title>Led kastari 7&quot; \u00f6kulj\u00f3s me\u00f0 dagl\u00fdsingu, stefnulj\u00f3si og st\u00f6\u00f0ulj\u00f3si - B&iacute;lasmi&eth;urinn<\/title>\n<meta name=\"robots\" content=\"index, follow, max-snippet:-1, max-image-preview:large, max-video-preview:-1\" \/>\n<link rel=\"canonical\" href=\"https:\/\/bilasmidurinn.is\/en\/vefverslun\/ljos\/ljoskastarar\/led-kastari-7-okuljos-med-stefnuljosi-og-stoduljosi\/\" \/>\n<meta property=\"og:locale\" content=\"en_GB\" \/>\n<meta property=\"og:type\" content=\"article\" \/>\n<meta property=\"og:title\" content=\"Led kastari 7&quot; \u00f6kulj\u00f3s me\u00f0 dagl\u00fdsingu, stefnulj\u00f3si og st\u00f6\u00f0ulj\u00f3si - B&iacute;lasmi&eth;urinn\" \/>\n<meta property=\"og:description\" content=\"LED lj\u00f3skastari 7&quot; me\u00f0 \u00f6kugeysla, st\u00f6\u00f0u og stefnulj\u00f3si.  12\/24V\u00a0 130W\" \/>\n<meta property=\"og:url\" content=\"https:\/\/bilasmidurinn.is\/en\/vefverslun\/ljos\/ljoskastarar\/led-kastari-7-okuljos-med-stefnuljosi-og-stoduljosi\/\" \/>\n<meta property=\"og:site_name\" content=\"B&iacute;lasmi&eth;urinn\" \/>\n<meta property=\"article:modified_time\" content=\"2022-11-29T15:15:08+00:00\" \/>\n<meta property=\"og:image\" content=\"https:\/\/bilasmidurinn.is\/wp-content\/uploads\/2022\/11\/CA6172.jpg\" \/>\n\t<meta property=\"og:image:width\" content=\"500\" \/>\n\t<meta property=\"og:image:height\" content=\"500\" \/>\n\t<meta property=\"og:image:type\" content=\"image\/jpeg\" \/>\n<meta name=\"twitter:card\" content=\"summary_large_image\" \/>\n<script type=\"application\/ld+json\" class=\"yoast-schema-graph\">{\"@context\":\"https:\\\/\\\/schema.org\",\"@graph\":[{\"@type\":\"WebPage\",\"@id\":\"https:\\\/\\\/bilasmidurinn.is\\\/en\\\/vefverslun\\\/ljos\\\/ljoskastarar\\\/led-kastari-7-okuljos-med-stefnuljosi-og-stoduljosi\\\/\",\"url\":\"https:\\\/\\\/bilasmidurinn.is\\\/en\\\/vefverslun\\\/ljos\\\/ljoskastarar\\\/led-kastari-7-okuljos-med-stefnuljosi-og-stoduljosi\\\/\",\"name\":\"Led kastari 7\\\" \u00f6kulj\u00f3s me\u00f0 dagl\u00fdsingu, stefnulj\u00f3si og st\u00f6\u00f0ulj\u00f3si - B&iacute;lasmi&eth;urinn\",\"isPartOf\":{\"@id\":\"https:\\\/\\\/bilasmidurinn.is\\\/#website\"},\"primaryImageOfPage\":{\"@id\":\"https:\\\/\\\/bilasmidurinn.is\\\/en\\\/vefverslun\\\/ljos\\\/ljoskastarar\\\/led-kastari-7-okuljos-med-stefnuljosi-og-stoduljosi\\\/#primaryimage\"},\"image\":{\"@id\":\"https:\\\/\\\/bilasmidurinn.is\\\/en\\\/vefverslun\\\/ljos\\\/ljoskastarar\\\/led-kastari-7-okuljos-med-stefnuljosi-og-stoduljosi\\\/#primaryimage\"},\"thumbnailUrl\":\"https:\\\/\\\/bilasmidurinn.is\\\/wp-content\\\/uploads\\\/2022\\\/11\\\/CA6172.jpg\",\"datePublished\":\"2022-11-01T14:26:04+00:00\",\"dateModified\":\"2022-11-29T15:15:08+00:00\",\"breadcrumb\":{\"@id\":\"https:\\\/\\\/bilasmidurinn.is\\\/en\\\/vefverslun\\\/ljos\\\/ljoskastarar\\\/led-kastari-7-okuljos-med-stefnuljosi-og-stoduljosi\\\/#breadcrumb\"},\"inLanguage\":\"en-GB\",\"potentialAction\":[{\"@type\":\"ReadAction\",\"target\":[\"https:\\\/\\\/bilasmidurinn.is\\\/en\\\/vefverslun\\\/ljos\\\/ljoskastarar\\\/led-kastari-7-okuljos-med-stefnuljosi-og-stoduljosi\\\/\"]}]},{\"@type\":\"ImageObject\",\"inLanguage\":\"en-GB\",\"@id\":\"https:\\\/\\\/bilasmidurinn.is\\\/en\\\/vefverslun\\\/ljos\\\/ljoskastarar\\\/led-kastari-7-okuljos-med-stefnuljosi-og-stoduljosi\\\/#primaryimage\",\"url\":\"https:\\\/\\\/bilasmidurinn.is\\\/wp-content\\\/uploads\\\/2022\\\/11\\\/CA6172.jpg\",\"contentUrl\":\"https:\\\/\\\/bilasmidurinn.is\\\/wp-content\\\/uploads\\\/2022\\\/11\\\/CA6172.jpg\",\"width\":500,\"height\":500},{\"@type\":\"BreadcrumbList\",\"@id\":\"https:\\\/\\\/bilasmidurinn.is\\\/en\\\/vefverslun\\\/ljos\\\/ljoskastarar\\\/led-kastari-7-okuljos-med-stefnuljosi-og-stoduljosi\\\/#breadcrumb\",\"itemListElement\":[{\"@type\":\"ListItem\",\"position\":1,\"name\":\"Home\",\"item\":\"https:\\\/\\\/bilasmidurinn.is\\\/\"},{\"@type\":\"ListItem\",\"position\":2,\"name\":\"V\u00f6rur \u00ed verslun\",\"item\":\"https:\\\/\\\/bilasmidurinn.is\\\/vefverslun\\\/\"},{\"@type\":\"ListItem\",\"position\":3,\"name\":\"Led kastari 7&#8243; \u00f6kulj\u00f3s me\u00f0 dagl\u00fdsingu, stefnulj\u00f3si og st\u00f6\u00f0ulj\u00f3si\"}]},{\"@type\":\"WebSite\",\"@id\":\"https:\\\/\\\/bilasmidurinn.is\\\/#website\",\"url\":\"https:\\\/\\\/bilasmidurinn.is\\\/\",\"name\":\"B&iacute;lasmi&eth;urinn\",\"description\":\"All sem &thorn;&uacute; &thorn;arft &iacute; t&aelig;ki&eth;\",\"potentialAction\":[{\"@type\":\"SearchAction\",\"target\":{\"@type\":\"EntryPoint\",\"urlTemplate\":\"https:\\\/\\\/bilasmidurinn.is\\\/?s={search_term_string}\"},\"query-input\":{\"@type\":\"PropertyValueSpecification\",\"valueRequired\":true,\"valueName\":\"search_term_string\"}}],\"inLanguage\":\"en-GB\"}]}<\/script>\n<!-- \/ Yoast SEO plugin. -->","yoast_head_json":{"title":"Led kastari 7\" \u00f6kulj\u00f3s me\u00f0 dagl\u00fdsingu, stefnulj\u00f3si og st\u00f6\u00f0ulj\u00f3si - B&iacute;lasmi&eth;urinn","robots":{"index":"index","follow":"follow","max-snippet":"max-snippet:-1","max-image-preview":"max-image-preview:large","max-video-preview":"max-video-preview:-1"},"canonical":"https:\/\/bilasmidurinn.is\/en\/vefverslun\/ljos\/ljoskastarar\/led-kastari-7-okuljos-med-stefnuljosi-og-stoduljosi\/","og_locale":"en_GB","og_type":"article","og_title":"Led kastari 7\" \u00f6kulj\u00f3s me\u00f0 dagl\u00fdsingu, stefnulj\u00f3si og st\u00f6\u00f0ulj\u00f3si - B&iacute;lasmi&eth;urinn","og_description":"LED lj\u00f3skastari 7\" me\u00f0 \u00f6kugeysla, st\u00f6\u00f0u og stefnulj\u00f3si.  12\/24V\u00a0 130W","og_url":"https:\/\/bilasmidurinn.is\/en\/vefverslun\/ljos\/ljoskastarar\/led-kastari-7-okuljos-med-stefnuljosi-og-stoduljosi\/","og_site_name":"B&iacute;lasmi&eth;urinn","article_modified_time":"2022-11-29T15:15:08+00:00","og_image":[{"width":500,"height":500,"url":"https:\/\/bilasmidurinn.is\/wp-content\/uploads\/2022\/11\/CA6172.jpg","type":"image\/jpeg"}],"twitter_card":"summary_large_image","schema":{"@context":"https:\/\/schema.org","@graph":[{"@type":"WebPage","@id":"https:\/\/bilasmidurinn.is\/en\/vefverslun\/ljos\/ljoskastarar\/led-kastari-7-okuljos-med-stefnuljosi-og-stoduljosi\/","url":"https:\/\/bilasmidurinn.is\/en\/vefverslun\/ljos\/ljoskastarar\/led-kastari-7-okuljos-med-stefnuljosi-og-stoduljosi\/","name":"Led kastari 7\" \u00f6kulj\u00f3s me\u00f0 dagl\u00fdsingu, stefnulj\u00f3si og st\u00f6\u00f0ulj\u00f3si - B&iacute;lasmi&eth;urinn","isPartOf":{"@id":"https:\/\/bilasmidurinn.is\/#website"},"primaryImageOfPage":{"@id":"https:\/\/bilasmidurinn.is\/en\/vefverslun\/ljos\/ljoskastarar\/led-kastari-7-okuljos-med-stefnuljosi-og-stoduljosi\/#primaryimage"},"image":{"@id":"https:\/\/bilasmidurinn.is\/en\/vefverslun\/ljos\/ljoskastarar\/led-kastari-7-okuljos-med-stefnuljosi-og-stoduljosi\/#primaryimage"},"thumbnailUrl":"https:\/\/bilasmidurinn.is\/wp-content\/uploads\/2022\/11\/CA6172.jpg","datePublished":"2022-11-01T14:26:04+00:00","dateModified":"2022-11-29T15:15:08+00:00","breadcrumb":{"@id":"https:\/\/bilasmidurinn.is\/en\/vefverslun\/ljos\/ljoskastarar\/led-kastari-7-okuljos-med-stefnuljosi-og-stoduljosi\/#breadcrumb"},"inLanguage":"en-GB","potentialAction":[{"@type":"ReadAction","target":["https:\/\/bilasmidurinn.is\/en\/vefverslun\/ljos\/ljoskastarar\/led-kastari-7-okuljos-med-stefnuljosi-og-stoduljosi\/"]}]},{"@type":"ImageObject","inLanguage":"en-GB","@id":"https:\/\/bilasmidurinn.is\/en\/vefverslun\/ljos\/ljoskastarar\/led-kastari-7-okuljos-med-stefnuljosi-og-stoduljosi\/#primaryimage","url":"https:\/\/bilasmidurinn.is\/wp-content\/uploads\/2022\/11\/CA6172.jpg","contentUrl":"https:\/\/bilasmidurinn.is\/wp-content\/uploads\/2022\/11\/CA6172.jpg","width":500,"height":500},{"@type":"BreadcrumbList","@id":"https:\/\/bilasmidurinn.is\/en\/vefverslun\/ljos\/ljoskastarar\/led-kastari-7-okuljos-med-stefnuljosi-og-stoduljosi\/#breadcrumb","itemListElement":[{"@type":"ListItem","position":1,"name":"Home","item":"https:\/\/bilasmidurinn.is\/"},{"@type":"ListItem","position":2,"name":"V\u00f6rur \u00ed verslun","item":"https:\/\/bilasmidurinn.is\/vefverslun\/"},{"@type":"ListItem","position":3,"name":"Led kastari 7&#8243; \u00f6kulj\u00f3s me\u00f0 dagl\u00fdsingu, stefnulj\u00f3si og st\u00f6\u00f0ulj\u00f3si"}]},{"@type":"WebSite","@id":"https:\/\/bilasmidurinn.is\/#website","url":"https:\/\/bilasmidurinn.is\/","name":"B&iacute;lasmi&eth;urinn","description":"All sem &thorn;&uacute; &thorn;arft &iacute; t&aelig;ki&eth;","potentialAction":[{"@type":"SearchAction","target":{"@type":"EntryPoint","urlTemplate":"https:\/\/bilasmidurinn.is\/?s={search_term_string}"},"query-input":{"@type":"PropertyValueSpecification","valueRequired":true,"valueName":"search_term_string"}}],"inLanguage":"en-GB"}]}},"_links":{"self":[{"href":"https:\/\/bilasmidurinn.is\/en\/wp-json\/wp\/v2\/product\/14904","targetHints":{"allow":["GET"]}}],"collection":[{"href":"https:\/\/bilasmidurinn.is\/en\/wp-json\/wp\/v2\/product"}],"about":[{"href":"https:\/\/bilasmidurinn.is\/en\/wp-json\/wp\/v2\/types\/product"}],"wp:featuredmedia":[{"embeddable":true,"href":"https:\/\/bilasmidurinn.is\/en\/wp-json\/wp\/v2\/media\/14905"}],"wp:attachment":[{"href":"https:\/\/bilasmidurinn.is\/en\/wp-json\/wp\/v2\/media?parent=14904"}],"wp:term":[{"taxonomy":"product_brand","embeddable":true,"href":"https:\/\/bilasmidurinn.is\/en\/wp-json\/wp\/v2\/product_brand?post=14904"},{"taxonomy":"product_cat","embeddable":true,"href":"https:\/\/bilasmidurinn.is\/en\/wp-json\/wp\/v2\/product_cat?post=14904"},{"taxonomy":"product_tag","embeddable":true,"href":"https:\/\/bilasmidurinn.is\/en\/wp-json\/wp\/v2\/product_tag?post=14904"}],"curies":[{"name":"wp","href":"https:\/\/api.w.org\/{rel}","templated":true}]}}