{"id":14878,"date":"2022-10-20T21:30:50","date_gmt":"2022-10-20T21:30:50","guid":{"rendered":"https:\/\/bilasmidurinn.is\/?post_type=product&#038;p=14878"},"modified":"2025-09-26T15:19:42","modified_gmt":"2025-09-26T15:19:42","slug":"afturljos-led-stodubremsustefnu-thoku-og-bakk-12-24v-vinstra","status":"publish","type":"product","link":"https:\/\/bilasmidurinn.is\/en\/vefverslun\/ljos\/afturljos\/afturljos-led-stodubremsustefnu-thoku-og-bakk-12-24v-vinstra\/","title":{"rendered":"Rear light LED position, brake, direction fog and reverse 12\/24v left"},"content":{"rendered":"<p>Afturlj\u00f3s me\u00f0 \u00f6llu, Led 12\/24 st\u00f6\u00f0u, stefnu, bremsu, \u00feoku og bakklj\u00f3si.<\/p>\n<p>ECE R3\/6\/7\/23\/38, EMC R10<\/p>\n<p>IP67 350x131x36.5mm<\/p>\n<p>The sleep light is &quot;dinamic&quot; and slides in the direction it is turned<\/p>\n<p>&nbsp;<\/p>","protected":false},"excerpt":{"rendered":"<p>Rear light LED 5 functions dynamic warning light 12\/24v<\/p>\n<p>&nbsp;<\/p>","protected":false},"featured_media":14879,"template":"","meta":[],"product_brand":[7927],"product_cat":[8016,7893],"product_tag":[],"class_list":{"0":"post-14878","1":"product","2":"type-product","3":"status-publish","4":"has-post-thumbnail","6":"product_brand-www-247lighting-net","7":"product_cat-afturljos","8":"product_cat-ljos","10":"first","11":"instock","12":"shipping-taxable","13":"product-type-simple"},"yoast_head":"<!-- This site is optimized with the Yoast SEO plugin v27.4 - https:\/\/yoast.com\/product\/yoast-seo-wordpress\/ -->\n<title>Afturlj\u00f3s LED st\u00f6\u00f0u,bremsu,stefnu \u00feoku og bakk 12\/24v vinstra - B&iacute;lasmi&eth;urinn<\/title>\n<meta name=\"robots\" content=\"index, follow, max-snippet:-1, max-image-preview:large, max-video-preview:-1\" \/>\n<link rel=\"canonical\" href=\"https:\/\/bilasmidurinn.is\/en\/vefverslun\/ljos\/afturljos\/afturljos-led-stodubremsustefnu-thoku-og-bakk-12-24v-vinstra\/\" \/>\n<meta property=\"og:locale\" content=\"en_GB\" \/>\n<meta property=\"og:type\" content=\"article\" \/>\n<meta property=\"og:title\" content=\"Afturlj\u00f3s LED st\u00f6\u00f0u,bremsu,stefnu \u00feoku og bakk 12\/24v vinstra - B&iacute;lasmi&eth;urinn\" \/>\n<meta property=\"og:description\" content=\"Afturlj\u00f3s LED 5 functions dinamic stenfulj\u00f3s\u00a0 12\/24v  &nbsp;\" \/>\n<meta property=\"og:url\" content=\"https:\/\/bilasmidurinn.is\/en\/vefverslun\/ljos\/afturljos\/afturljos-led-stodubremsustefnu-thoku-og-bakk-12-24v-vinstra\/\" \/>\n<meta property=\"og:site_name\" content=\"B&iacute;lasmi&eth;urinn\" \/>\n<meta property=\"article:modified_time\" content=\"2025-09-26T15:19:42+00:00\" \/>\n<meta property=\"og:image\" content=\"https:\/\/bilasmidurinn.is\/wp-content\/uploads\/2022\/10\/3d0da0dfbbb0419377d52961d02dc31f5c6ac158.png\" \/>\n\t<meta property=\"og:image:width\" content=\"500\" \/>\n\t<meta property=\"og:image:height\" content=\"500\" \/>\n\t<meta property=\"og:image:type\" content=\"image\/png\" \/>\n<meta name=\"twitter:card\" content=\"summary_large_image\" \/>\n<meta name=\"twitter:label1\" content=\"Estimated reading time\" \/>\n\t<meta name=\"twitter:data1\" content=\"1 minute\" \/>\n<script type=\"application\/ld+json\" class=\"yoast-schema-graph\">{\"@context\":\"https:\\\/\\\/schema.org\",\"@graph\":[{\"@type\":\"WebPage\",\"@id\":\"https:\\\/\\\/bilasmidurinn.is\\\/vefverslun\\\/ljos\\\/afturljos\\\/afturljos-led-stodubremsustefnu-thoku-og-bakk-12-24v-vinstra\\\/\",\"url\":\"https:\\\/\\\/bilasmidurinn.is\\\/vefverslun\\\/ljos\\\/afturljos\\\/afturljos-led-stodubremsustefnu-thoku-og-bakk-12-24v-vinstra\\\/\",\"name\":\"Afturlj\u00f3s LED st\u00f6\u00f0u,bremsu,stefnu \u00feoku og bakk 12\\\/24v vinstra - B&iacute;lasmi&eth;urinn\",\"isPartOf\":{\"@id\":\"https:\\\/\\\/bilasmidurinn.is\\\/#website\"},\"primaryImageOfPage\":{\"@id\":\"https:\\\/\\\/bilasmidurinn.is\\\/vefverslun\\\/ljos\\\/afturljos\\\/afturljos-led-stodubremsustefnu-thoku-og-bakk-12-24v-vinstra\\\/#primaryimage\"},\"image\":{\"@id\":\"https:\\\/\\\/bilasmidurinn.is\\\/vefverslun\\\/ljos\\\/afturljos\\\/afturljos-led-stodubremsustefnu-thoku-og-bakk-12-24v-vinstra\\\/#primaryimage\"},\"thumbnailUrl\":\"https:\\\/\\\/bilasmidurinn.is\\\/wp-content\\\/uploads\\\/2022\\\/10\\\/3d0da0dfbbb0419377d52961d02dc31f5c6ac158.png\",\"datePublished\":\"2022-10-20T21:30:50+00:00\",\"dateModified\":\"2025-09-26T15:19:42+00:00\",\"breadcrumb\":{\"@id\":\"https:\\\/\\\/bilasmidurinn.is\\\/vefverslun\\\/ljos\\\/afturljos\\\/afturljos-led-stodubremsustefnu-thoku-og-bakk-12-24v-vinstra\\\/#breadcrumb\"},\"inLanguage\":\"en-GB\",\"potentialAction\":[{\"@type\":\"ReadAction\",\"target\":[\"https:\\\/\\\/bilasmidurinn.is\\\/vefverslun\\\/ljos\\\/afturljos\\\/afturljos-led-stodubremsustefnu-thoku-og-bakk-12-24v-vinstra\\\/\"]}]},{\"@type\":\"ImageObject\",\"inLanguage\":\"en-GB\",\"@id\":\"https:\\\/\\\/bilasmidurinn.is\\\/vefverslun\\\/ljos\\\/afturljos\\\/afturljos-led-stodubremsustefnu-thoku-og-bakk-12-24v-vinstra\\\/#primaryimage\",\"url\":\"https:\\\/\\\/bilasmidurinn.is\\\/wp-content\\\/uploads\\\/2022\\\/10\\\/3d0da0dfbbb0419377d52961d02dc31f5c6ac158.png\",\"contentUrl\":\"https:\\\/\\\/bilasmidurinn.is\\\/wp-content\\\/uploads\\\/2022\\\/10\\\/3d0da0dfbbb0419377d52961d02dc31f5c6ac158.png\",\"width\":500,\"height\":500},{\"@type\":\"BreadcrumbList\",\"@id\":\"https:\\\/\\\/bilasmidurinn.is\\\/vefverslun\\\/ljos\\\/afturljos\\\/afturljos-led-stodubremsustefnu-thoku-og-bakk-12-24v-vinstra\\\/#breadcrumb\",\"itemListElement\":[{\"@type\":\"ListItem\",\"position\":1,\"name\":\"Home\",\"item\":\"https:\\\/\\\/bilasmidurinn.is\\\/\"},{\"@type\":\"ListItem\",\"position\":2,\"name\":\"V\u00f6rur \u00ed verslun\",\"item\":\"https:\\\/\\\/bilasmidurinn.is\\\/vefverslun\\\/\"},{\"@type\":\"ListItem\",\"position\":3,\"name\":\"Afturlj\u00f3s LED st\u00f6\u00f0u,bremsu,stefnu \u00feoku og bakk 12\\\/24v vinstra\"}]},{\"@type\":\"WebSite\",\"@id\":\"https:\\\/\\\/bilasmidurinn.is\\\/#website\",\"url\":\"https:\\\/\\\/bilasmidurinn.is\\\/\",\"name\":\"B&iacute;lasmi&eth;urinn\",\"description\":\"All sem &thorn;&uacute; &thorn;arft &iacute; t&aelig;ki&eth;\",\"potentialAction\":[{\"@type\":\"SearchAction\",\"target\":{\"@type\":\"EntryPoint\",\"urlTemplate\":\"https:\\\/\\\/bilasmidurinn.is\\\/?s={search_term_string}\"},\"query-input\":{\"@type\":\"PropertyValueSpecification\",\"valueRequired\":true,\"valueName\":\"search_term_string\"}}],\"inLanguage\":\"en-GB\"}]}<\/script>\n<!-- \/ Yoast SEO plugin. -->","yoast_head_json":{"title":"Afturlj\u00f3s LED st\u00f6\u00f0u,bremsu,stefnu \u00feoku og bakk 12\/24v vinstra - B&iacute;lasmi&eth;urinn","robots":{"index":"index","follow":"follow","max-snippet":"max-snippet:-1","max-image-preview":"max-image-preview:large","max-video-preview":"max-video-preview:-1"},"canonical":"https:\/\/bilasmidurinn.is\/en\/vefverslun\/ljos\/afturljos\/afturljos-led-stodubremsustefnu-thoku-og-bakk-12-24v-vinstra\/","og_locale":"en_GB","og_type":"article","og_title":"Afturlj\u00f3s LED st\u00f6\u00f0u,bremsu,stefnu \u00feoku og bakk 12\/24v vinstra - B&iacute;lasmi&eth;urinn","og_description":"Afturlj\u00f3s LED 5 functions dinamic stenfulj\u00f3s\u00a0 12\/24v  &nbsp;","og_url":"https:\/\/bilasmidurinn.is\/en\/vefverslun\/ljos\/afturljos\/afturljos-led-stodubremsustefnu-thoku-og-bakk-12-24v-vinstra\/","og_site_name":"B&iacute;lasmi&eth;urinn","article_modified_time":"2025-09-26T15:19:42+00:00","og_image":[{"width":500,"height":500,"url":"https:\/\/bilasmidurinn.is\/wp-content\/uploads\/2022\/10\/3d0da0dfbbb0419377d52961d02dc31f5c6ac158.png","type":"image\/png"}],"twitter_card":"summary_large_image","twitter_misc":{"Estimated reading time":"1 minute"},"schema":{"@context":"https:\/\/schema.org","@graph":[{"@type":"WebPage","@id":"https:\/\/bilasmidurinn.is\/vefverslun\/ljos\/afturljos\/afturljos-led-stodubremsustefnu-thoku-og-bakk-12-24v-vinstra\/","url":"https:\/\/bilasmidurinn.is\/vefverslun\/ljos\/afturljos\/afturljos-led-stodubremsustefnu-thoku-og-bakk-12-24v-vinstra\/","name":"Afturlj\u00f3s LED st\u00f6\u00f0u,bremsu,stefnu \u00feoku og bakk 12\/24v vinstra - B&iacute;lasmi&eth;urinn","isPartOf":{"@id":"https:\/\/bilasmidurinn.is\/#website"},"primaryImageOfPage":{"@id":"https:\/\/bilasmidurinn.is\/vefverslun\/ljos\/afturljos\/afturljos-led-stodubremsustefnu-thoku-og-bakk-12-24v-vinstra\/#primaryimage"},"image":{"@id":"https:\/\/bilasmidurinn.is\/vefverslun\/ljos\/afturljos\/afturljos-led-stodubremsustefnu-thoku-og-bakk-12-24v-vinstra\/#primaryimage"},"thumbnailUrl":"https:\/\/bilasmidurinn.is\/wp-content\/uploads\/2022\/10\/3d0da0dfbbb0419377d52961d02dc31f5c6ac158.png","datePublished":"2022-10-20T21:30:50+00:00","dateModified":"2025-09-26T15:19:42+00:00","breadcrumb":{"@id":"https:\/\/bilasmidurinn.is\/vefverslun\/ljos\/afturljos\/afturljos-led-stodubremsustefnu-thoku-og-bakk-12-24v-vinstra\/#breadcrumb"},"inLanguage":"en-GB","potentialAction":[{"@type":"ReadAction","target":["https:\/\/bilasmidurinn.is\/vefverslun\/ljos\/afturljos\/afturljos-led-stodubremsustefnu-thoku-og-bakk-12-24v-vinstra\/"]}]},{"@type":"ImageObject","inLanguage":"en-GB","@id":"https:\/\/bilasmidurinn.is\/vefverslun\/ljos\/afturljos\/afturljos-led-stodubremsustefnu-thoku-og-bakk-12-24v-vinstra\/#primaryimage","url":"https:\/\/bilasmidurinn.is\/wp-content\/uploads\/2022\/10\/3d0da0dfbbb0419377d52961d02dc31f5c6ac158.png","contentUrl":"https:\/\/bilasmidurinn.is\/wp-content\/uploads\/2022\/10\/3d0da0dfbbb0419377d52961d02dc31f5c6ac158.png","width":500,"height":500},{"@type":"BreadcrumbList","@id":"https:\/\/bilasmidurinn.is\/vefverslun\/ljos\/afturljos\/afturljos-led-stodubremsustefnu-thoku-og-bakk-12-24v-vinstra\/#breadcrumb","itemListElement":[{"@type":"ListItem","position":1,"name":"Home","item":"https:\/\/bilasmidurinn.is\/"},{"@type":"ListItem","position":2,"name":"V\u00f6rur \u00ed verslun","item":"https:\/\/bilasmidurinn.is\/vefverslun\/"},{"@type":"ListItem","position":3,"name":"Afturlj\u00f3s LED st\u00f6\u00f0u,bremsu,stefnu \u00feoku og bakk 12\/24v vinstra"}]},{"@type":"WebSite","@id":"https:\/\/bilasmidurinn.is\/#website","url":"https:\/\/bilasmidurinn.is\/","name":"B&iacute;lasmi&eth;urinn","description":"All sem &thorn;&uacute; &thorn;arft &iacute; t&aelig;ki&eth;","potentialAction":[{"@type":"SearchAction","target":{"@type":"EntryPoint","urlTemplate":"https:\/\/bilasmidurinn.is\/?s={search_term_string}"},"query-input":{"@type":"PropertyValueSpecification","valueRequired":true,"valueName":"search_term_string"}}],"inLanguage":"en-GB"}]}},"_links":{"self":[{"href":"https:\/\/bilasmidurinn.is\/en\/wp-json\/wp\/v2\/product\/14878","targetHints":{"allow":["GET"]}}],"collection":[{"href":"https:\/\/bilasmidurinn.is\/en\/wp-json\/wp\/v2\/product"}],"about":[{"href":"https:\/\/bilasmidurinn.is\/en\/wp-json\/wp\/v2\/types\/product"}],"wp:featuredmedia":[{"embeddable":true,"href":"https:\/\/bilasmidurinn.is\/en\/wp-json\/wp\/v2\/media\/14879"}],"wp:attachment":[{"href":"https:\/\/bilasmidurinn.is\/en\/wp-json\/wp\/v2\/media?parent=14878"}],"wp:term":[{"taxonomy":"product_brand","embeddable":true,"href":"https:\/\/bilasmidurinn.is\/en\/wp-json\/wp\/v2\/product_brand?post=14878"},{"taxonomy":"product_cat","embeddable":true,"href":"https:\/\/bilasmidurinn.is\/en\/wp-json\/wp\/v2\/product_cat?post=14878"},{"taxonomy":"product_tag","embeddable":true,"href":"https:\/\/bilasmidurinn.is\/en\/wp-json\/wp\/v2\/product_tag?post=14878"}],"curies":[{"name":"wp","href":"https:\/\/api.w.org\/{rel}","templated":true}]}}