{"id":14869,"date":"2022-10-20T21:05:46","date_gmt":"2022-10-20T21:05:46","guid":{"rendered":"https:\/\/bilasmidurinn.is\/?post_type=product&#038;p=14869"},"modified":"2022-10-28T10:37:50","modified_gmt":"2022-10-28T10:37:50","slug":"varudarljos-sigma-ii-r65","status":"publish","type":"product","link":"https:\/\/bilasmidurinn.is\/en\/vefverslun\/ljos\/varudarljos\/varudarljos-sigma-ii-r65\/","title":{"rendered":"Warning light Sigma II R65"},"content":{"rendered":"<p>&nbsp;<\/p>\n<p><iframe loading=\"lazy\" title=\"10&quot; LED LIGHTBAR - SIGMA II\" src=\"https:\/\/player.vimeo.com\/video\/704551828?h=5d1b21eb09&amp;dnt=1&amp;app_id=122963\" width=\"1020\" height=\"574\" frameborder=\"0\" allow=\"autoplay; fullscreen; picture-in-picture\" allowfullscreen><\/iframe><\/p>\n<p>Warning light Sigma II, 12\/24v yellow. 72 SMD diodes, extremely thin, great design.<\/p>\n<p>ECE Reg 65, IP69K, 10x flash models.<\/p>\n<p>2.5m cable,<\/p>\n<p>Size 251x170x46.6mm<\/p>\n<p>Right to put a magnet under.<\/p>","protected":false},"excerpt":{"rendered":"<p>Warning light SIGMA II yellow R65<\/p>\n<p>&nbsp;<\/p>","protected":false},"featured_media":14870,"template":"","meta":[],"product_brand":[7927],"product_cat":[7893,8007],"product_tag":[],"class_list":{"0":"post-14869","1":"product","2":"type-product","3":"status-publish","4":"has-post-thumbnail","6":"product_brand-www-247lighting-net","7":"product_cat-ljos","8":"product_cat-varudarljos","10":"first","11":"instock","12":"shipping-taxable","13":"product-type-simple"},"yoast_head":"<!-- This site is optimized with the Yoast SEO plugin v27.4 - https:\/\/yoast.com\/product\/yoast-seo-wordpress\/ -->\n<title>Var\u00fa\u00f0arlj\u00f3s Sigma II R65 - B&iacute;lasmi&eth;urinn<\/title>\n<meta name=\"robots\" content=\"index, follow, max-snippet:-1, max-image-preview:large, max-video-preview:-1\" \/>\n<link rel=\"canonical\" href=\"https:\/\/bilasmidurinn.is\/en\/vefverslun\/ljos\/varudarljos\/varudarljos-sigma-ii-r65\/\" \/>\n<meta property=\"og:locale\" content=\"en_GB\" \/>\n<meta property=\"og:type\" content=\"article\" \/>\n<meta property=\"og:title\" content=\"Var\u00fa\u00f0arlj\u00f3s Sigma II R65 - B&iacute;lasmi&eth;urinn\" \/>\n<meta property=\"og:description\" content=\"Var\u00fa\u00f0arlj\u00f3s SIGMA II\u00a0 gult R65  &nbsp;\" \/>\n<meta property=\"og:url\" content=\"https:\/\/bilasmidurinn.is\/en\/vefverslun\/ljos\/varudarljos\/varudarljos-sigma-ii-r65\/\" \/>\n<meta property=\"og:site_name\" content=\"B&iacute;lasmi&eth;urinn\" \/>\n<meta property=\"article:modified_time\" content=\"2022-10-28T10:37:50+00:00\" \/>\n<meta property=\"og:image\" content=\"https:\/\/bilasmidurinn.is\/wp-content\/uploads\/2022\/10\/2cb6691563006c0c91c304b2c300c1add9b44bf8.png\" \/>\n\t<meta property=\"og:image:width\" content=\"500\" \/>\n\t<meta property=\"og:image:height\" content=\"500\" \/>\n\t<meta property=\"og:image:type\" content=\"image\/png\" \/>\n<meta name=\"twitter:card\" content=\"summary_large_image\" \/>\n<meta name=\"twitter:label1\" content=\"Estimated reading time\" \/>\n\t<meta name=\"twitter:data1\" content=\"1 minute\" \/>\n<script type=\"application\/ld+json\" class=\"yoast-schema-graph\">{\"@context\":\"https:\\\/\\\/schema.org\",\"@graph\":[{\"@type\":\"WebPage\",\"@id\":\"https:\\\/\\\/bilasmidurinn.is\\\/en\\\/vefverslun\\\/ljos\\\/varudarljos\\\/varudarljos-sigma-ii-r65\\\/\",\"url\":\"https:\\\/\\\/bilasmidurinn.is\\\/en\\\/vefverslun\\\/ljos\\\/varudarljos\\\/varudarljos-sigma-ii-r65\\\/\",\"name\":\"Var\u00fa\u00f0arlj\u00f3s Sigma II R65 - B&iacute;lasmi&eth;urinn\",\"isPartOf\":{\"@id\":\"https:\\\/\\\/bilasmidurinn.is\\\/#website\"},\"primaryImageOfPage\":{\"@id\":\"https:\\\/\\\/bilasmidurinn.is\\\/en\\\/vefverslun\\\/ljos\\\/varudarljos\\\/varudarljos-sigma-ii-r65\\\/#primaryimage\"},\"image\":{\"@id\":\"https:\\\/\\\/bilasmidurinn.is\\\/en\\\/vefverslun\\\/ljos\\\/varudarljos\\\/varudarljos-sigma-ii-r65\\\/#primaryimage\"},\"thumbnailUrl\":\"https:\\\/\\\/bilasmidurinn.is\\\/wp-content\\\/uploads\\\/2022\\\/10\\\/2cb6691563006c0c91c304b2c300c1add9b44bf8.png\",\"datePublished\":\"2022-10-20T21:05:46+00:00\",\"dateModified\":\"2022-10-28T10:37:50+00:00\",\"breadcrumb\":{\"@id\":\"https:\\\/\\\/bilasmidurinn.is\\\/en\\\/vefverslun\\\/ljos\\\/varudarljos\\\/varudarljos-sigma-ii-r65\\\/#breadcrumb\"},\"inLanguage\":\"en-GB\",\"potentialAction\":[{\"@type\":\"ReadAction\",\"target\":[\"https:\\\/\\\/bilasmidurinn.is\\\/en\\\/vefverslun\\\/ljos\\\/varudarljos\\\/varudarljos-sigma-ii-r65\\\/\"]}]},{\"@type\":\"ImageObject\",\"inLanguage\":\"en-GB\",\"@id\":\"https:\\\/\\\/bilasmidurinn.is\\\/en\\\/vefverslun\\\/ljos\\\/varudarljos\\\/varudarljos-sigma-ii-r65\\\/#primaryimage\",\"url\":\"https:\\\/\\\/bilasmidurinn.is\\\/wp-content\\\/uploads\\\/2022\\\/10\\\/2cb6691563006c0c91c304b2c300c1add9b44bf8.png\",\"contentUrl\":\"https:\\\/\\\/bilasmidurinn.is\\\/wp-content\\\/uploads\\\/2022\\\/10\\\/2cb6691563006c0c91c304b2c300c1add9b44bf8.png\",\"width\":500,\"height\":500},{\"@type\":\"BreadcrumbList\",\"@id\":\"https:\\\/\\\/bilasmidurinn.is\\\/en\\\/vefverslun\\\/ljos\\\/varudarljos\\\/varudarljos-sigma-ii-r65\\\/#breadcrumb\",\"itemListElement\":[{\"@type\":\"ListItem\",\"position\":1,\"name\":\"Home\",\"item\":\"https:\\\/\\\/bilasmidurinn.is\\\/\"},{\"@type\":\"ListItem\",\"position\":2,\"name\":\"V\u00f6rur \u00ed verslun\",\"item\":\"https:\\\/\\\/bilasmidurinn.is\\\/vefverslun\\\/\"},{\"@type\":\"ListItem\",\"position\":3,\"name\":\"Var\u00fa\u00f0arlj\u00f3s Sigma II R65\"}]},{\"@type\":\"WebSite\",\"@id\":\"https:\\\/\\\/bilasmidurinn.is\\\/#website\",\"url\":\"https:\\\/\\\/bilasmidurinn.is\\\/\",\"name\":\"B&iacute;lasmi&eth;urinn\",\"description\":\"All sem &thorn;&uacute; &thorn;arft &iacute; t&aelig;ki&eth;\",\"potentialAction\":[{\"@type\":\"SearchAction\",\"target\":{\"@type\":\"EntryPoint\",\"urlTemplate\":\"https:\\\/\\\/bilasmidurinn.is\\\/?s={search_term_string}\"},\"query-input\":{\"@type\":\"PropertyValueSpecification\",\"valueRequired\":true,\"valueName\":\"search_term_string\"}}],\"inLanguage\":\"en-GB\"}]}<\/script>\n<!-- \/ Yoast SEO plugin. -->","yoast_head_json":{"title":"Var\u00fa\u00f0arlj\u00f3s Sigma II R65 - B&iacute;lasmi&eth;urinn","robots":{"index":"index","follow":"follow","max-snippet":"max-snippet:-1","max-image-preview":"max-image-preview:large","max-video-preview":"max-video-preview:-1"},"canonical":"https:\/\/bilasmidurinn.is\/en\/vefverslun\/ljos\/varudarljos\/varudarljos-sigma-ii-r65\/","og_locale":"en_GB","og_type":"article","og_title":"Var\u00fa\u00f0arlj\u00f3s Sigma II R65 - B&iacute;lasmi&eth;urinn","og_description":"Var\u00fa\u00f0arlj\u00f3s SIGMA II\u00a0 gult R65  &nbsp;","og_url":"https:\/\/bilasmidurinn.is\/en\/vefverslun\/ljos\/varudarljos\/varudarljos-sigma-ii-r65\/","og_site_name":"B&iacute;lasmi&eth;urinn","article_modified_time":"2022-10-28T10:37:50+00:00","og_image":[{"width":500,"height":500,"url":"https:\/\/bilasmidurinn.is\/wp-content\/uploads\/2022\/10\/2cb6691563006c0c91c304b2c300c1add9b44bf8.png","type":"image\/png"}],"twitter_card":"summary_large_image","twitter_misc":{"Estimated reading time":"1 minute"},"schema":{"@context":"https:\/\/schema.org","@graph":[{"@type":"WebPage","@id":"https:\/\/bilasmidurinn.is\/en\/vefverslun\/ljos\/varudarljos\/varudarljos-sigma-ii-r65\/","url":"https:\/\/bilasmidurinn.is\/en\/vefverslun\/ljos\/varudarljos\/varudarljos-sigma-ii-r65\/","name":"Var\u00fa\u00f0arlj\u00f3s Sigma II R65 - B&iacute;lasmi&eth;urinn","isPartOf":{"@id":"https:\/\/bilasmidurinn.is\/#website"},"primaryImageOfPage":{"@id":"https:\/\/bilasmidurinn.is\/en\/vefverslun\/ljos\/varudarljos\/varudarljos-sigma-ii-r65\/#primaryimage"},"image":{"@id":"https:\/\/bilasmidurinn.is\/en\/vefverslun\/ljos\/varudarljos\/varudarljos-sigma-ii-r65\/#primaryimage"},"thumbnailUrl":"https:\/\/bilasmidurinn.is\/wp-content\/uploads\/2022\/10\/2cb6691563006c0c91c304b2c300c1add9b44bf8.png","datePublished":"2022-10-20T21:05:46+00:00","dateModified":"2022-10-28T10:37:50+00:00","breadcrumb":{"@id":"https:\/\/bilasmidurinn.is\/en\/vefverslun\/ljos\/varudarljos\/varudarljos-sigma-ii-r65\/#breadcrumb"},"inLanguage":"en-GB","potentialAction":[{"@type":"ReadAction","target":["https:\/\/bilasmidurinn.is\/en\/vefverslun\/ljos\/varudarljos\/varudarljos-sigma-ii-r65\/"]}]},{"@type":"ImageObject","inLanguage":"en-GB","@id":"https:\/\/bilasmidurinn.is\/en\/vefverslun\/ljos\/varudarljos\/varudarljos-sigma-ii-r65\/#primaryimage","url":"https:\/\/bilasmidurinn.is\/wp-content\/uploads\/2022\/10\/2cb6691563006c0c91c304b2c300c1add9b44bf8.png","contentUrl":"https:\/\/bilasmidurinn.is\/wp-content\/uploads\/2022\/10\/2cb6691563006c0c91c304b2c300c1add9b44bf8.png","width":500,"height":500},{"@type":"BreadcrumbList","@id":"https:\/\/bilasmidurinn.is\/en\/vefverslun\/ljos\/varudarljos\/varudarljos-sigma-ii-r65\/#breadcrumb","itemListElement":[{"@type":"ListItem","position":1,"name":"Home","item":"https:\/\/bilasmidurinn.is\/"},{"@type":"ListItem","position":2,"name":"V\u00f6rur \u00ed verslun","item":"https:\/\/bilasmidurinn.is\/vefverslun\/"},{"@type":"ListItem","position":3,"name":"Var\u00fa\u00f0arlj\u00f3s Sigma II R65"}]},{"@type":"WebSite","@id":"https:\/\/bilasmidurinn.is\/#website","url":"https:\/\/bilasmidurinn.is\/","name":"B&iacute;lasmi&eth;urinn","description":"All sem &thorn;&uacute; &thorn;arft &iacute; t&aelig;ki&eth;","potentialAction":[{"@type":"SearchAction","target":{"@type":"EntryPoint","urlTemplate":"https:\/\/bilasmidurinn.is\/?s={search_term_string}"},"query-input":{"@type":"PropertyValueSpecification","valueRequired":true,"valueName":"search_term_string"}}],"inLanguage":"en-GB"}]}},"_links":{"self":[{"href":"https:\/\/bilasmidurinn.is\/en\/wp-json\/wp\/v2\/product\/14869","targetHints":{"allow":["GET"]}}],"collection":[{"href":"https:\/\/bilasmidurinn.is\/en\/wp-json\/wp\/v2\/product"}],"about":[{"href":"https:\/\/bilasmidurinn.is\/en\/wp-json\/wp\/v2\/types\/product"}],"wp:featuredmedia":[{"embeddable":true,"href":"https:\/\/bilasmidurinn.is\/en\/wp-json\/wp\/v2\/media\/14870"}],"wp:attachment":[{"href":"https:\/\/bilasmidurinn.is\/en\/wp-json\/wp\/v2\/media?parent=14869"}],"wp:term":[{"taxonomy":"product_brand","embeddable":true,"href":"https:\/\/bilasmidurinn.is\/en\/wp-json\/wp\/v2\/product_brand?post=14869"},{"taxonomy":"product_cat","embeddable":true,"href":"https:\/\/bilasmidurinn.is\/en\/wp-json\/wp\/v2\/product_cat?post=14869"},{"taxonomy":"product_tag","embeddable":true,"href":"https:\/\/bilasmidurinn.is\/en\/wp-json\/wp\/v2\/product_tag?post=14869"}],"curies":[{"name":"wp","href":"https:\/\/api.w.org\/{rel}","templated":true}]}}