{"id":14854,"date":"2022-10-20T20:44:03","date_gmt":"2022-10-20T20:44:03","guid":{"rendered":"https:\/\/bilasmidurinn.is\/?post_type=product&#038;p=14854"},"modified":"2022-10-20T20:44:03","modified_gmt":"2022-10-20T20:44:03","slug":"ljosagrind-hibar-mercedes-bens-actros-streamspace","status":"publish","type":"product","link":"https:\/\/bilasmidurinn.is\/en\/vefverslun\/ljos\/ljoskastarar\/ljosagrind-hibar-mercedes-bens-actros-streamspace\/","title":{"rendered":"Light frame HiBar Mercedes Benz Actros Streamspace"},"content":{"rendered":"<p>Light frame HiBar For Mercedes Benz Actros Streamspace made of stainless steel with 3x white LED and 2x yellow parking lights<\/p>\n<p>Brackets and cables for 4x auxiliary lights and 2x warning lights are included<\/p>","protected":false},"excerpt":{"rendered":"<p>Kelsa HiBar stainless Mercedes Benz Actros Streamspace with Led parking lights and brackets for additional headlights<\/p>","protected":false},"featured_media":14859,"template":"","meta":[],"product_brand":[8004],"product_cat":[7893,8050,8042],"product_tag":[],"class_list":{"0":"post-14854","1":"product","2":"type-product","3":"status-publish","4":"has-post-thumbnail","6":"product_brand-kelsa","7":"product_cat-ljos","8":"product_cat-ljosagrindur","9":"product_cat-ljoskastarar","11":"first","12":"instock","13":"shipping-taxable","14":"product-type-simple"},"yoast_head":"<!-- This site is optimized with the Yoast SEO plugin v27.4 - https:\/\/yoast.com\/product\/yoast-seo-wordpress\/ -->\n<title>Lj\u00f3sagrind HiBar Mercedes Bens Actros Streamspace - B&iacute;lasmi&eth;urinn<\/title>\n<meta name=\"robots\" content=\"index, follow, max-snippet:-1, max-image-preview:large, max-video-preview:-1\" \/>\n<link rel=\"canonical\" href=\"https:\/\/bilasmidurinn.is\/en\/vefverslun\/ljos\/ljoskastarar\/ljosagrind-hibar-mercedes-bens-actros-streamspace\/\" \/>\n<meta property=\"og:locale\" content=\"en_GB\" \/>\n<meta property=\"og:type\" content=\"article\" \/>\n<meta property=\"og:title\" content=\"Lj\u00f3sagrind HiBar Mercedes Bens Actros Streamspace - B&iacute;lasmi&eth;urinn\" \/>\n<meta property=\"og:description\" content=\"Kelsa HiBar ry\u00f0fr\u00edr Mercedes Bens Actros Streamspace me\u00f0 Led st\u00f6\u00f0ulj\u00f3sum og festingum fyrir aukalj\u00f3skastara\" \/>\n<meta property=\"og:url\" content=\"https:\/\/bilasmidurinn.is\/en\/vefverslun\/ljos\/ljoskastarar\/ljosagrind-hibar-mercedes-bens-actros-streamspace\/\" \/>\n<meta property=\"og:site_name\" content=\"B&iacute;lasmi&eth;urinn\" \/>\n<meta property=\"og:image\" content=\"https:\/\/bilasmidurinn.is\/wp-content\/uploads\/2022\/10\/mg_7827_6481.jpg\" \/>\n\t<meta property=\"og:image:width\" content=\"868\" \/>\n\t<meta property=\"og:image:height\" content=\"608\" \/>\n\t<meta property=\"og:image:type\" content=\"image\/jpeg\" \/>\n<meta name=\"twitter:card\" content=\"summary_large_image\" \/>\n<script type=\"application\/ld+json\" class=\"yoast-schema-graph\">{\"@context\":\"https:\\\/\\\/schema.org\",\"@graph\":[{\"@type\":\"WebPage\",\"@id\":\"https:\\\/\\\/bilasmidurinn.is\\\/pl\\\/vefverslun\\\/ljos\\\/ljoskastarar\\\/ljosagrind-hibar-mercedes-bens-actros-streamspace\\\/\",\"url\":\"https:\\\/\\\/bilasmidurinn.is\\\/pl\\\/vefverslun\\\/ljos\\\/ljoskastarar\\\/ljosagrind-hibar-mercedes-bens-actros-streamspace\\\/\",\"name\":\"Lj\u00f3sagrind HiBar Mercedes Bens Actros Streamspace - B&iacute;lasmi&eth;urinn\",\"isPartOf\":{\"@id\":\"https:\\\/\\\/bilasmidurinn.is\\\/#website\"},\"primaryImageOfPage\":{\"@id\":\"https:\\\/\\\/bilasmidurinn.is\\\/pl\\\/vefverslun\\\/ljos\\\/ljoskastarar\\\/ljosagrind-hibar-mercedes-bens-actros-streamspace\\\/#primaryimage\"},\"image\":{\"@id\":\"https:\\\/\\\/bilasmidurinn.is\\\/pl\\\/vefverslun\\\/ljos\\\/ljoskastarar\\\/ljosagrind-hibar-mercedes-bens-actros-streamspace\\\/#primaryimage\"},\"thumbnailUrl\":\"https:\\\/\\\/bilasmidurinn.is\\\/wp-content\\\/uploads\\\/2022\\\/10\\\/mg_7827_6481.jpg\",\"datePublished\":\"2022-10-20T20:44:03+00:00\",\"breadcrumb\":{\"@id\":\"https:\\\/\\\/bilasmidurinn.is\\\/pl\\\/vefverslun\\\/ljos\\\/ljoskastarar\\\/ljosagrind-hibar-mercedes-bens-actros-streamspace\\\/#breadcrumb\"},\"inLanguage\":\"en-GB\",\"potentialAction\":[{\"@type\":\"ReadAction\",\"target\":[\"https:\\\/\\\/bilasmidurinn.is\\\/pl\\\/vefverslun\\\/ljos\\\/ljoskastarar\\\/ljosagrind-hibar-mercedes-bens-actros-streamspace\\\/\"]}]},{\"@type\":\"ImageObject\",\"inLanguage\":\"en-GB\",\"@id\":\"https:\\\/\\\/bilasmidurinn.is\\\/pl\\\/vefverslun\\\/ljos\\\/ljoskastarar\\\/ljosagrind-hibar-mercedes-bens-actros-streamspace\\\/#primaryimage\",\"url\":\"https:\\\/\\\/bilasmidurinn.is\\\/wp-content\\\/uploads\\\/2022\\\/10\\\/mg_7827_6481.jpg\",\"contentUrl\":\"https:\\\/\\\/bilasmidurinn.is\\\/wp-content\\\/uploads\\\/2022\\\/10\\\/mg_7827_6481.jpg\",\"width\":868,\"height\":608},{\"@type\":\"BreadcrumbList\",\"@id\":\"https:\\\/\\\/bilasmidurinn.is\\\/pl\\\/vefverslun\\\/ljos\\\/ljoskastarar\\\/ljosagrind-hibar-mercedes-bens-actros-streamspace\\\/#breadcrumb\",\"itemListElement\":[{\"@type\":\"ListItem\",\"position\":1,\"name\":\"Home\",\"item\":\"https:\\\/\\\/bilasmidurinn.is\\\/\"},{\"@type\":\"ListItem\",\"position\":2,\"name\":\"V\u00f6rur \u00ed verslun\",\"item\":\"https:\\\/\\\/bilasmidurinn.is\\\/vefverslun\\\/\"},{\"@type\":\"ListItem\",\"position\":3,\"name\":\"Lj\u00f3sagrind HiBar Mercedes Bens Actros Streamspace\"}]},{\"@type\":\"WebSite\",\"@id\":\"https:\\\/\\\/bilasmidurinn.is\\\/#website\",\"url\":\"https:\\\/\\\/bilasmidurinn.is\\\/\",\"name\":\"B&iacute;lasmi&eth;urinn\",\"description\":\"All sem &thorn;&uacute; &thorn;arft &iacute; t&aelig;ki&eth;\",\"potentialAction\":[{\"@type\":\"SearchAction\",\"target\":{\"@type\":\"EntryPoint\",\"urlTemplate\":\"https:\\\/\\\/bilasmidurinn.is\\\/?s={search_term_string}\"},\"query-input\":{\"@type\":\"PropertyValueSpecification\",\"valueRequired\":true,\"valueName\":\"search_term_string\"}}],\"inLanguage\":\"en-GB\"}]}<\/script>\n<!-- \/ Yoast SEO plugin. -->","yoast_head_json":{"title":"Lj\u00f3sagrind HiBar Mercedes Bens Actros Streamspace - B&iacute;lasmi&eth;urinn","robots":{"index":"index","follow":"follow","max-snippet":"max-snippet:-1","max-image-preview":"max-image-preview:large","max-video-preview":"max-video-preview:-1"},"canonical":"https:\/\/bilasmidurinn.is\/en\/vefverslun\/ljos\/ljoskastarar\/ljosagrind-hibar-mercedes-bens-actros-streamspace\/","og_locale":"en_GB","og_type":"article","og_title":"Lj\u00f3sagrind HiBar Mercedes Bens Actros Streamspace - B&iacute;lasmi&eth;urinn","og_description":"Kelsa HiBar ry\u00f0fr\u00edr Mercedes Bens Actros Streamspace me\u00f0 Led st\u00f6\u00f0ulj\u00f3sum og festingum fyrir aukalj\u00f3skastara","og_url":"https:\/\/bilasmidurinn.is\/en\/vefverslun\/ljos\/ljoskastarar\/ljosagrind-hibar-mercedes-bens-actros-streamspace\/","og_site_name":"B&iacute;lasmi&eth;urinn","og_image":[{"width":868,"height":608,"url":"https:\/\/bilasmidurinn.is\/wp-content\/uploads\/2022\/10\/mg_7827_6481.jpg","type":"image\/jpeg"}],"twitter_card":"summary_large_image","schema":{"@context":"https:\/\/schema.org","@graph":[{"@type":"WebPage","@id":"https:\/\/bilasmidurinn.is\/pl\/vefverslun\/ljos\/ljoskastarar\/ljosagrind-hibar-mercedes-bens-actros-streamspace\/","url":"https:\/\/bilasmidurinn.is\/pl\/vefverslun\/ljos\/ljoskastarar\/ljosagrind-hibar-mercedes-bens-actros-streamspace\/","name":"Lj\u00f3sagrind HiBar Mercedes Bens Actros Streamspace - B&iacute;lasmi&eth;urinn","isPartOf":{"@id":"https:\/\/bilasmidurinn.is\/#website"},"primaryImageOfPage":{"@id":"https:\/\/bilasmidurinn.is\/pl\/vefverslun\/ljos\/ljoskastarar\/ljosagrind-hibar-mercedes-bens-actros-streamspace\/#primaryimage"},"image":{"@id":"https:\/\/bilasmidurinn.is\/pl\/vefverslun\/ljos\/ljoskastarar\/ljosagrind-hibar-mercedes-bens-actros-streamspace\/#primaryimage"},"thumbnailUrl":"https:\/\/bilasmidurinn.is\/wp-content\/uploads\/2022\/10\/mg_7827_6481.jpg","datePublished":"2022-10-20T20:44:03+00:00","breadcrumb":{"@id":"https:\/\/bilasmidurinn.is\/pl\/vefverslun\/ljos\/ljoskastarar\/ljosagrind-hibar-mercedes-bens-actros-streamspace\/#breadcrumb"},"inLanguage":"en-GB","potentialAction":[{"@type":"ReadAction","target":["https:\/\/bilasmidurinn.is\/pl\/vefverslun\/ljos\/ljoskastarar\/ljosagrind-hibar-mercedes-bens-actros-streamspace\/"]}]},{"@type":"ImageObject","inLanguage":"en-GB","@id":"https:\/\/bilasmidurinn.is\/pl\/vefverslun\/ljos\/ljoskastarar\/ljosagrind-hibar-mercedes-bens-actros-streamspace\/#primaryimage","url":"https:\/\/bilasmidurinn.is\/wp-content\/uploads\/2022\/10\/mg_7827_6481.jpg","contentUrl":"https:\/\/bilasmidurinn.is\/wp-content\/uploads\/2022\/10\/mg_7827_6481.jpg","width":868,"height":608},{"@type":"BreadcrumbList","@id":"https:\/\/bilasmidurinn.is\/pl\/vefverslun\/ljos\/ljoskastarar\/ljosagrind-hibar-mercedes-bens-actros-streamspace\/#breadcrumb","itemListElement":[{"@type":"ListItem","position":1,"name":"Home","item":"https:\/\/bilasmidurinn.is\/"},{"@type":"ListItem","position":2,"name":"V\u00f6rur \u00ed verslun","item":"https:\/\/bilasmidurinn.is\/vefverslun\/"},{"@type":"ListItem","position":3,"name":"Lj\u00f3sagrind HiBar Mercedes Bens Actros Streamspace"}]},{"@type":"WebSite","@id":"https:\/\/bilasmidurinn.is\/#website","url":"https:\/\/bilasmidurinn.is\/","name":"B&iacute;lasmi&eth;urinn","description":"All sem &thorn;&uacute; &thorn;arft &iacute; t&aelig;ki&eth;","potentialAction":[{"@type":"SearchAction","target":{"@type":"EntryPoint","urlTemplate":"https:\/\/bilasmidurinn.is\/?s={search_term_string}"},"query-input":{"@type":"PropertyValueSpecification","valueRequired":true,"valueName":"search_term_string"}}],"inLanguage":"en-GB"}]}},"_links":{"self":[{"href":"https:\/\/bilasmidurinn.is\/en\/wp-json\/wp\/v2\/product\/14854","targetHints":{"allow":["GET"]}}],"collection":[{"href":"https:\/\/bilasmidurinn.is\/en\/wp-json\/wp\/v2\/product"}],"about":[{"href":"https:\/\/bilasmidurinn.is\/en\/wp-json\/wp\/v2\/types\/product"}],"wp:featuredmedia":[{"embeddable":true,"href":"https:\/\/bilasmidurinn.is\/en\/wp-json\/wp\/v2\/media\/14859"}],"wp:attachment":[{"href":"https:\/\/bilasmidurinn.is\/en\/wp-json\/wp\/v2\/media?parent=14854"}],"wp:term":[{"taxonomy":"product_brand","embeddable":true,"href":"https:\/\/bilasmidurinn.is\/en\/wp-json\/wp\/v2\/product_brand?post=14854"},{"taxonomy":"product_cat","embeddable":true,"href":"https:\/\/bilasmidurinn.is\/en\/wp-json\/wp\/v2\/product_cat?post=14854"},{"taxonomy":"product_tag","embeddable":true,"href":"https:\/\/bilasmidurinn.is\/en\/wp-json\/wp\/v2\/product_tag?post=14854"}],"curies":[{"name":"wp","href":"https:\/\/api.w.org\/{rel}","templated":true}]}}