{"id":14848,"date":"2022-10-20T20:27:39","date_gmt":"2022-10-20T20:27:39","guid":{"rendered":"https:\/\/bilasmidurinn.is\/?post_type=product&#038;p=14848"},"modified":"2022-10-20T20:27:39","modified_gmt":"2022-10-20T20:27:39","slug":"ljosagrind-hibar-fyrir-mercedes-bens-arocs-ur-rydfriu-kelsa","status":"publish","type":"product","link":"https:\/\/bilasmidurinn.is\/en\/vefverslun\/ljos\/ljoskastarar\/ljosagrind-hibar-fyrir-mercedes-bens-arocs-ur-rydfriu-kelsa\/","title":{"rendered":"Light frame HiBar for Mercedes Benz Arocs made of stainless - KELSA"},"content":{"rendered":"<p>Light frame HiBar Classic for Mercedes Benz Arocs standard cab made of stainless steel<\/p>\n<p>With bracket and cables for 4x additional lights and 2x warning lights.<\/p>\n<p>Manufacturer of Kelsa Trucks<\/p>\n<p>&nbsp;<\/p>","protected":false},"excerpt":{"rendered":"<p>Kelsa HiBar for Mercedes Benz standard Cab Arocs<\/p>\n<p>&nbsp;<\/p>","protected":false},"featured_media":14849,"template":"","meta":[],"product_brand":[8004],"product_cat":[8050,8042],"product_tag":[],"class_list":{"0":"post-14848","1":"product","2":"type-product","3":"status-publish","4":"has-post-thumbnail","6":"product_brand-kelsa","7":"product_cat-ljosagrindur","8":"product_cat-ljoskastarar","10":"first","11":"instock","12":"shipping-taxable","13":"product-type-simple"},"yoast_head":"<!-- This site is optimized with the Yoast SEO plugin v27.5 - https:\/\/yoast.com\/product\/yoast-seo-wordpress\/ -->\n<title>Lj\u00f3sagrind HiBar fyrir Mercedes Bens Arocs \u00far ry\u00f0fr\u00edu- KELSA - B&iacute;lasmi&eth;urinn<\/title>\n<meta name=\"robots\" content=\"index, follow, max-snippet:-1, max-image-preview:large, max-video-preview:-1\" \/>\n<link rel=\"canonical\" href=\"https:\/\/bilasmidurinn.is\/en\/vefverslun\/ljos\/ljoskastarar\/ljosagrind-hibar-fyrir-mercedes-bens-arocs-ur-rydfriu-kelsa\/\" \/>\n<meta property=\"og:locale\" content=\"en_GB\" \/>\n<meta property=\"og:type\" content=\"article\" \/>\n<meta property=\"og:title\" content=\"Lj\u00f3sagrind HiBar fyrir Mercedes Bens Arocs \u00far ry\u00f0fr\u00edu- KELSA - B&iacute;lasmi&eth;urinn\" \/>\n<meta property=\"og:description\" content=\"Kelsa HiBar fyrir Mercedes Bens standard Cab Arocs  &nbsp;\" \/>\n<meta property=\"og:url\" content=\"https:\/\/bilasmidurinn.is\/en\/vefverslun\/ljos\/ljoskastarar\/ljosagrind-hibar-fyrir-mercedes-bens-arocs-ur-rydfriu-kelsa\/\" \/>\n<meta property=\"og:site_name\" content=\"B&iacute;lasmi&eth;urinn\" \/>\n<meta property=\"og:image\" content=\"https:\/\/bilasmidurinn.is\/wp-content\/uploads\/2022\/10\/mg_5435_6104.jpg\" \/>\n\t<meta property=\"og:image:width\" content=\"868\" \/>\n\t<meta property=\"og:image:height\" content=\"608\" \/>\n\t<meta property=\"og:image:type\" content=\"image\/jpeg\" \/>\n<meta name=\"twitter:card\" content=\"summary_large_image\" \/>\n<script type=\"application\/ld+json\" class=\"yoast-schema-graph\">{\"@context\":\"https:\\\/\\\/schema.org\",\"@graph\":[{\"@type\":\"WebPage\",\"@id\":\"https:\\\/\\\/bilasmidurinn.is\\\/pl\\\/vefverslun\\\/ljos\\\/ljoskastarar\\\/ljosagrind-hibar-fyrir-mercedes-bens-arocs-ur-rydfriu-kelsa\\\/\",\"url\":\"https:\\\/\\\/bilasmidurinn.is\\\/pl\\\/vefverslun\\\/ljos\\\/ljoskastarar\\\/ljosagrind-hibar-fyrir-mercedes-bens-arocs-ur-rydfriu-kelsa\\\/\",\"name\":\"Lj\u00f3sagrind HiBar fyrir Mercedes Bens Arocs \u00far ry\u00f0fr\u00edu- KELSA - B&iacute;lasmi&eth;urinn\",\"isPartOf\":{\"@id\":\"https:\\\/\\\/bilasmidurinn.is\\\/#website\"},\"primaryImageOfPage\":{\"@id\":\"https:\\\/\\\/bilasmidurinn.is\\\/pl\\\/vefverslun\\\/ljos\\\/ljoskastarar\\\/ljosagrind-hibar-fyrir-mercedes-bens-arocs-ur-rydfriu-kelsa\\\/#primaryimage\"},\"image\":{\"@id\":\"https:\\\/\\\/bilasmidurinn.is\\\/pl\\\/vefverslun\\\/ljos\\\/ljoskastarar\\\/ljosagrind-hibar-fyrir-mercedes-bens-arocs-ur-rydfriu-kelsa\\\/#primaryimage\"},\"thumbnailUrl\":\"https:\\\/\\\/bilasmidurinn.is\\\/wp-content\\\/uploads\\\/2022\\\/10\\\/mg_5435_6104.jpg\",\"datePublished\":\"2022-10-20T20:27:39+00:00\",\"breadcrumb\":{\"@id\":\"https:\\\/\\\/bilasmidurinn.is\\\/pl\\\/vefverslun\\\/ljos\\\/ljoskastarar\\\/ljosagrind-hibar-fyrir-mercedes-bens-arocs-ur-rydfriu-kelsa\\\/#breadcrumb\"},\"inLanguage\":\"en-GB\",\"potentialAction\":[{\"@type\":\"ReadAction\",\"target\":[\"https:\\\/\\\/bilasmidurinn.is\\\/pl\\\/vefverslun\\\/ljos\\\/ljoskastarar\\\/ljosagrind-hibar-fyrir-mercedes-bens-arocs-ur-rydfriu-kelsa\\\/\"]}]},{\"@type\":\"ImageObject\",\"inLanguage\":\"en-GB\",\"@id\":\"https:\\\/\\\/bilasmidurinn.is\\\/pl\\\/vefverslun\\\/ljos\\\/ljoskastarar\\\/ljosagrind-hibar-fyrir-mercedes-bens-arocs-ur-rydfriu-kelsa\\\/#primaryimage\",\"url\":\"https:\\\/\\\/bilasmidurinn.is\\\/wp-content\\\/uploads\\\/2022\\\/10\\\/mg_5435_6104.jpg\",\"contentUrl\":\"https:\\\/\\\/bilasmidurinn.is\\\/wp-content\\\/uploads\\\/2022\\\/10\\\/mg_5435_6104.jpg\",\"width\":868,\"height\":608},{\"@type\":\"BreadcrumbList\",\"@id\":\"https:\\\/\\\/bilasmidurinn.is\\\/pl\\\/vefverslun\\\/ljos\\\/ljoskastarar\\\/ljosagrind-hibar-fyrir-mercedes-bens-arocs-ur-rydfriu-kelsa\\\/#breadcrumb\",\"itemListElement\":[{\"@type\":\"ListItem\",\"position\":1,\"name\":\"Home\",\"item\":\"https:\\\/\\\/bilasmidurinn.is\\\/\"},{\"@type\":\"ListItem\",\"position\":2,\"name\":\"V\u00f6rur \u00ed verslun\",\"item\":\"https:\\\/\\\/bilasmidurinn.is\\\/vefverslun\\\/\"},{\"@type\":\"ListItem\",\"position\":3,\"name\":\"Lj\u00f3sagrind HiBar fyrir Mercedes Bens Arocs \u00far ry\u00f0fr\u00edu- KELSA\"}]},{\"@type\":\"WebSite\",\"@id\":\"https:\\\/\\\/bilasmidurinn.is\\\/#website\",\"url\":\"https:\\\/\\\/bilasmidurinn.is\\\/\",\"name\":\"B&iacute;lasmi&eth;urinn\",\"description\":\"All sem &thorn;&uacute; &thorn;arft &iacute; t&aelig;ki&eth;\",\"potentialAction\":[{\"@type\":\"SearchAction\",\"target\":{\"@type\":\"EntryPoint\",\"urlTemplate\":\"https:\\\/\\\/bilasmidurinn.is\\\/?s={search_term_string}\"},\"query-input\":{\"@type\":\"PropertyValueSpecification\",\"valueRequired\":true,\"valueName\":\"search_term_string\"}}],\"inLanguage\":\"en-GB\"}]}<\/script>\n<!-- \/ Yoast SEO plugin. -->","yoast_head_json":{"title":"Lj\u00f3sagrind HiBar fyrir Mercedes Bens Arocs \u00far ry\u00f0fr\u00edu- KELSA - B&iacute;lasmi&eth;urinn","robots":{"index":"index","follow":"follow","max-snippet":"max-snippet:-1","max-image-preview":"max-image-preview:large","max-video-preview":"max-video-preview:-1"},"canonical":"https:\/\/bilasmidurinn.is\/en\/vefverslun\/ljos\/ljoskastarar\/ljosagrind-hibar-fyrir-mercedes-bens-arocs-ur-rydfriu-kelsa\/","og_locale":"en_GB","og_type":"article","og_title":"Lj\u00f3sagrind HiBar fyrir Mercedes Bens Arocs \u00far ry\u00f0fr\u00edu- KELSA - B&iacute;lasmi&eth;urinn","og_description":"Kelsa HiBar fyrir Mercedes Bens standard Cab Arocs  &nbsp;","og_url":"https:\/\/bilasmidurinn.is\/en\/vefverslun\/ljos\/ljoskastarar\/ljosagrind-hibar-fyrir-mercedes-bens-arocs-ur-rydfriu-kelsa\/","og_site_name":"B&iacute;lasmi&eth;urinn","og_image":[{"width":868,"height":608,"url":"https:\/\/bilasmidurinn.is\/wp-content\/uploads\/2022\/10\/mg_5435_6104.jpg","type":"image\/jpeg"}],"twitter_card":"summary_large_image","schema":{"@context":"https:\/\/schema.org","@graph":[{"@type":"WebPage","@id":"https:\/\/bilasmidurinn.is\/pl\/vefverslun\/ljos\/ljoskastarar\/ljosagrind-hibar-fyrir-mercedes-bens-arocs-ur-rydfriu-kelsa\/","url":"https:\/\/bilasmidurinn.is\/pl\/vefverslun\/ljos\/ljoskastarar\/ljosagrind-hibar-fyrir-mercedes-bens-arocs-ur-rydfriu-kelsa\/","name":"Lj\u00f3sagrind HiBar fyrir Mercedes Bens Arocs \u00far ry\u00f0fr\u00edu- KELSA - B&iacute;lasmi&eth;urinn","isPartOf":{"@id":"https:\/\/bilasmidurinn.is\/#website"},"primaryImageOfPage":{"@id":"https:\/\/bilasmidurinn.is\/pl\/vefverslun\/ljos\/ljoskastarar\/ljosagrind-hibar-fyrir-mercedes-bens-arocs-ur-rydfriu-kelsa\/#primaryimage"},"image":{"@id":"https:\/\/bilasmidurinn.is\/pl\/vefverslun\/ljos\/ljoskastarar\/ljosagrind-hibar-fyrir-mercedes-bens-arocs-ur-rydfriu-kelsa\/#primaryimage"},"thumbnailUrl":"https:\/\/bilasmidurinn.is\/wp-content\/uploads\/2022\/10\/mg_5435_6104.jpg","datePublished":"2022-10-20T20:27:39+00:00","breadcrumb":{"@id":"https:\/\/bilasmidurinn.is\/pl\/vefverslun\/ljos\/ljoskastarar\/ljosagrind-hibar-fyrir-mercedes-bens-arocs-ur-rydfriu-kelsa\/#breadcrumb"},"inLanguage":"en-GB","potentialAction":[{"@type":"ReadAction","target":["https:\/\/bilasmidurinn.is\/pl\/vefverslun\/ljos\/ljoskastarar\/ljosagrind-hibar-fyrir-mercedes-bens-arocs-ur-rydfriu-kelsa\/"]}]},{"@type":"ImageObject","inLanguage":"en-GB","@id":"https:\/\/bilasmidurinn.is\/pl\/vefverslun\/ljos\/ljoskastarar\/ljosagrind-hibar-fyrir-mercedes-bens-arocs-ur-rydfriu-kelsa\/#primaryimage","url":"https:\/\/bilasmidurinn.is\/wp-content\/uploads\/2022\/10\/mg_5435_6104.jpg","contentUrl":"https:\/\/bilasmidurinn.is\/wp-content\/uploads\/2022\/10\/mg_5435_6104.jpg","width":868,"height":608},{"@type":"BreadcrumbList","@id":"https:\/\/bilasmidurinn.is\/pl\/vefverslun\/ljos\/ljoskastarar\/ljosagrind-hibar-fyrir-mercedes-bens-arocs-ur-rydfriu-kelsa\/#breadcrumb","itemListElement":[{"@type":"ListItem","position":1,"name":"Home","item":"https:\/\/bilasmidurinn.is\/"},{"@type":"ListItem","position":2,"name":"V\u00f6rur \u00ed verslun","item":"https:\/\/bilasmidurinn.is\/vefverslun\/"},{"@type":"ListItem","position":3,"name":"Lj\u00f3sagrind HiBar fyrir Mercedes Bens Arocs \u00far ry\u00f0fr\u00edu- KELSA"}]},{"@type":"WebSite","@id":"https:\/\/bilasmidurinn.is\/#website","url":"https:\/\/bilasmidurinn.is\/","name":"B&iacute;lasmi&eth;urinn","description":"All sem &thorn;&uacute; &thorn;arft &iacute; t&aelig;ki&eth;","potentialAction":[{"@type":"SearchAction","target":{"@type":"EntryPoint","urlTemplate":"https:\/\/bilasmidurinn.is\/?s={search_term_string}"},"query-input":{"@type":"PropertyValueSpecification","valueRequired":true,"valueName":"search_term_string"}}],"inLanguage":"en-GB"}]}},"_links":{"self":[{"href":"https:\/\/bilasmidurinn.is\/en\/wp-json\/wp\/v2\/product\/14848","targetHints":{"allow":["GET"]}}],"collection":[{"href":"https:\/\/bilasmidurinn.is\/en\/wp-json\/wp\/v2\/product"}],"about":[{"href":"https:\/\/bilasmidurinn.is\/en\/wp-json\/wp\/v2\/types\/product"}],"wp:featuredmedia":[{"embeddable":true,"href":"https:\/\/bilasmidurinn.is\/en\/wp-json\/wp\/v2\/media\/14849"}],"wp:attachment":[{"href":"https:\/\/bilasmidurinn.is\/en\/wp-json\/wp\/v2\/media?parent=14848"}],"wp:term":[{"taxonomy":"product_brand","embeddable":true,"href":"https:\/\/bilasmidurinn.is\/en\/wp-json\/wp\/v2\/product_brand?post=14848"},{"taxonomy":"product_cat","embeddable":true,"href":"https:\/\/bilasmidurinn.is\/en\/wp-json\/wp\/v2\/product_cat?post=14848"},{"taxonomy":"product_tag","embeddable":true,"href":"https:\/\/bilasmidurinn.is\/en\/wp-json\/wp\/v2\/product_tag?post=14848"}],"curies":[{"name":"wp","href":"https:\/\/api.w.org\/{rel}","templated":true}]}}