{"id":14835,"date":"2022-10-20T19:57:57","date_gmt":"2022-10-20T19:57:57","guid":{"rendered":"https:\/\/bilasmidurinn.is\/?post_type=product&#038;p=14835"},"modified":"2024-01-05T08:48:30","modified_gmt":"2024-01-05T08:48:30","slug":"ljosagrind-fyrir-aukaljos-a-margar-gerdir-bila","status":"publish","type":"product","link":"https:\/\/bilasmidurinn.is\/en\/vefverslun\/ljosagrindur\/ljosagrind-fyrir-aukaljos-a-margar-gerdir-bila\/","title":{"rendered":"Light frame for 3 additional lights Toyota Hilux 2016-20"},"content":{"rendered":"<p>Simple light frame for auxiliary lights, for Toyota Hilux 2016-20 brackets included.<\/p>\n<p>Bolts in the front bumper threads.- see Pdf instructions<\/p>\n<p>&nbsp;<\/p>\n<p>&nbsp;<\/p>","protected":false},"excerpt":{"rendered":"<p>Light frame on the bumper, Tyotota Hilux 2016-20 kit for 3x additional light brackets included<\/p>","protected":false},"featured_media":14836,"template":"","meta":[],"product_brand":[8049],"product_cat":[8050],"product_tag":[],"class_list":{"0":"post-14835","1":"product","2":"type-product","3":"status-publish","4":"has-post-thumbnail","6":"product_brand-vool","7":"product_cat-ljosagrindur","9":"first","10":"instock","11":"shipping-taxable","12":"product-type-simple"},"yoast_head":"<!-- This site is optimized with the Yoast SEO plugin v27.5 - https:\/\/yoast.com\/product\/yoast-seo-wordpress\/ -->\n<title>Lj\u00f3sagrind fyrir 3 aukalj\u00f3s Toyota Hilux 2016-20 - B&iacute;lasmi&eth;urinn<\/title>\n<meta name=\"robots\" content=\"index, follow, max-snippet:-1, max-image-preview:large, max-video-preview:-1\" \/>\n<link rel=\"canonical\" href=\"https:\/\/bilasmidurinn.is\/en\/vefverslun\/ljosagrindur\/ljosagrind-fyrir-aukaljos-a-margar-gerdir-bila\/\" \/>\n<meta property=\"og:locale\" content=\"en_GB\" \/>\n<meta property=\"og:type\" content=\"article\" \/>\n<meta property=\"og:title\" content=\"Lj\u00f3sagrind fyrir 3 aukalj\u00f3s Toyota Hilux 2016-20 - B&iacute;lasmi&eth;urinn\" \/>\n<meta property=\"og:description\" content=\"Lj\u00f3sagrind \u00e1 stu\u00f0ara, Tyotota Hilux 2016-20 kit fyrir 3x aukalj\u00f3s festingar fylgja\" \/>\n<meta property=\"og:url\" content=\"https:\/\/bilasmidurinn.is\/en\/vefverslun\/ljosagrindur\/ljosagrind-fyrir-aukaljos-a-margar-gerdir-bila\/\" \/>\n<meta property=\"og:site_name\" content=\"B&iacute;lasmi&eth;urinn\" \/>\n<meta property=\"article:modified_time\" content=\"2024-01-05T08:48:30+00:00\" \/>\n<meta property=\"og:image\" content=\"https:\/\/bilasmidurinn.is\/wp-content\/uploads\/2022\/10\/V50-059_stor4.jpg\" \/>\n\t<meta property=\"og:image:width\" content=\"746\" \/>\n\t<meta property=\"og:image:height\" content=\"474\" \/>\n\t<meta property=\"og:image:type\" content=\"image\/jpeg\" \/>\n<meta name=\"twitter:card\" content=\"summary_large_image\" \/>\n<meta name=\"twitter:label1\" content=\"Estimated reading time\" \/>\n\t<meta name=\"twitter:data1\" content=\"1 minute\" \/>\n<script type=\"application\/ld+json\" class=\"yoast-schema-graph\">{\"@context\":\"https:\\\/\\\/schema.org\",\"@graph\":[{\"@type\":\"WebPage\",\"@id\":\"https:\\\/\\\/bilasmidurinn.is\\\/vefverslun\\\/ljosagrindur\\\/ljosagrind-fyrir-aukaljos-a-margar-gerdir-bila\\\/\",\"url\":\"https:\\\/\\\/bilasmidurinn.is\\\/vefverslun\\\/ljosagrindur\\\/ljosagrind-fyrir-aukaljos-a-margar-gerdir-bila\\\/\",\"name\":\"Lj\u00f3sagrind fyrir 3 aukalj\u00f3s Toyota Hilux 2016-20 - B&iacute;lasmi&eth;urinn\",\"isPartOf\":{\"@id\":\"https:\\\/\\\/bilasmidurinn.is\\\/#website\"},\"primaryImageOfPage\":{\"@id\":\"https:\\\/\\\/bilasmidurinn.is\\\/vefverslun\\\/ljosagrindur\\\/ljosagrind-fyrir-aukaljos-a-margar-gerdir-bila\\\/#primaryimage\"},\"image\":{\"@id\":\"https:\\\/\\\/bilasmidurinn.is\\\/vefverslun\\\/ljosagrindur\\\/ljosagrind-fyrir-aukaljos-a-margar-gerdir-bila\\\/#primaryimage\"},\"thumbnailUrl\":\"https:\\\/\\\/bilasmidurinn.is\\\/wp-content\\\/uploads\\\/2022\\\/10\\\/V50-059_stor4.jpg\",\"datePublished\":\"2022-10-20T19:57:57+00:00\",\"dateModified\":\"2024-01-05T08:48:30+00:00\",\"breadcrumb\":{\"@id\":\"https:\\\/\\\/bilasmidurinn.is\\\/vefverslun\\\/ljosagrindur\\\/ljosagrind-fyrir-aukaljos-a-margar-gerdir-bila\\\/#breadcrumb\"},\"inLanguage\":\"en-GB\",\"potentialAction\":[{\"@type\":\"ReadAction\",\"target\":[\"https:\\\/\\\/bilasmidurinn.is\\\/vefverslun\\\/ljosagrindur\\\/ljosagrind-fyrir-aukaljos-a-margar-gerdir-bila\\\/\"]}]},{\"@type\":\"ImageObject\",\"inLanguage\":\"en-GB\",\"@id\":\"https:\\\/\\\/bilasmidurinn.is\\\/vefverslun\\\/ljosagrindur\\\/ljosagrind-fyrir-aukaljos-a-margar-gerdir-bila\\\/#primaryimage\",\"url\":\"https:\\\/\\\/bilasmidurinn.is\\\/wp-content\\\/uploads\\\/2022\\\/10\\\/V50-059_stor4.jpg\",\"contentUrl\":\"https:\\\/\\\/bilasmidurinn.is\\\/wp-content\\\/uploads\\\/2022\\\/10\\\/V50-059_stor4.jpg\",\"width\":746,\"height\":474},{\"@type\":\"BreadcrumbList\",\"@id\":\"https:\\\/\\\/bilasmidurinn.is\\\/vefverslun\\\/ljosagrindur\\\/ljosagrind-fyrir-aukaljos-a-margar-gerdir-bila\\\/#breadcrumb\",\"itemListElement\":[{\"@type\":\"ListItem\",\"position\":1,\"name\":\"Home\",\"item\":\"https:\\\/\\\/bilasmidurinn.is\\\/\"},{\"@type\":\"ListItem\",\"position\":2,\"name\":\"V\u00f6rur \u00ed verslun\",\"item\":\"https:\\\/\\\/bilasmidurinn.is\\\/vefverslun\\\/\"},{\"@type\":\"ListItem\",\"position\":3,\"name\":\"Lj\u00f3sagrind fyrir 3 aukalj\u00f3s Toyota Hilux 2016-20\"}]},{\"@type\":\"WebSite\",\"@id\":\"https:\\\/\\\/bilasmidurinn.is\\\/#website\",\"url\":\"https:\\\/\\\/bilasmidurinn.is\\\/\",\"name\":\"B&iacute;lasmi&eth;urinn\",\"description\":\"All sem &thorn;&uacute; &thorn;arft &iacute; t&aelig;ki&eth;\",\"potentialAction\":[{\"@type\":\"SearchAction\",\"target\":{\"@type\":\"EntryPoint\",\"urlTemplate\":\"https:\\\/\\\/bilasmidurinn.is\\\/?s={search_term_string}\"},\"query-input\":{\"@type\":\"PropertyValueSpecification\",\"valueRequired\":true,\"valueName\":\"search_term_string\"}}],\"inLanguage\":\"en-GB\"}]}<\/script>\n<!-- \/ Yoast SEO plugin. -->","yoast_head_json":{"title":"Lj\u00f3sagrind fyrir 3 aukalj\u00f3s Toyota Hilux 2016-20 - B&iacute;lasmi&eth;urinn","robots":{"index":"index","follow":"follow","max-snippet":"max-snippet:-1","max-image-preview":"max-image-preview:large","max-video-preview":"max-video-preview:-1"},"canonical":"https:\/\/bilasmidurinn.is\/en\/vefverslun\/ljosagrindur\/ljosagrind-fyrir-aukaljos-a-margar-gerdir-bila\/","og_locale":"en_GB","og_type":"article","og_title":"Lj\u00f3sagrind fyrir 3 aukalj\u00f3s Toyota Hilux 2016-20 - B&iacute;lasmi&eth;urinn","og_description":"Lj\u00f3sagrind \u00e1 stu\u00f0ara, Tyotota Hilux 2016-20 kit fyrir 3x aukalj\u00f3s festingar fylgja","og_url":"https:\/\/bilasmidurinn.is\/en\/vefverslun\/ljosagrindur\/ljosagrind-fyrir-aukaljos-a-margar-gerdir-bila\/","og_site_name":"B&iacute;lasmi&eth;urinn","article_modified_time":"2024-01-05T08:48:30+00:00","og_image":[{"width":746,"height":474,"url":"https:\/\/bilasmidurinn.is\/wp-content\/uploads\/2022\/10\/V50-059_stor4.jpg","type":"image\/jpeg"}],"twitter_card":"summary_large_image","twitter_misc":{"Estimated reading time":"1 minute"},"schema":{"@context":"https:\/\/schema.org","@graph":[{"@type":"WebPage","@id":"https:\/\/bilasmidurinn.is\/vefverslun\/ljosagrindur\/ljosagrind-fyrir-aukaljos-a-margar-gerdir-bila\/","url":"https:\/\/bilasmidurinn.is\/vefverslun\/ljosagrindur\/ljosagrind-fyrir-aukaljos-a-margar-gerdir-bila\/","name":"Lj\u00f3sagrind fyrir 3 aukalj\u00f3s Toyota Hilux 2016-20 - B&iacute;lasmi&eth;urinn","isPartOf":{"@id":"https:\/\/bilasmidurinn.is\/#website"},"primaryImageOfPage":{"@id":"https:\/\/bilasmidurinn.is\/vefverslun\/ljosagrindur\/ljosagrind-fyrir-aukaljos-a-margar-gerdir-bila\/#primaryimage"},"image":{"@id":"https:\/\/bilasmidurinn.is\/vefverslun\/ljosagrindur\/ljosagrind-fyrir-aukaljos-a-margar-gerdir-bila\/#primaryimage"},"thumbnailUrl":"https:\/\/bilasmidurinn.is\/wp-content\/uploads\/2022\/10\/V50-059_stor4.jpg","datePublished":"2022-10-20T19:57:57+00:00","dateModified":"2024-01-05T08:48:30+00:00","breadcrumb":{"@id":"https:\/\/bilasmidurinn.is\/vefverslun\/ljosagrindur\/ljosagrind-fyrir-aukaljos-a-margar-gerdir-bila\/#breadcrumb"},"inLanguage":"en-GB","potentialAction":[{"@type":"ReadAction","target":["https:\/\/bilasmidurinn.is\/vefverslun\/ljosagrindur\/ljosagrind-fyrir-aukaljos-a-margar-gerdir-bila\/"]}]},{"@type":"ImageObject","inLanguage":"en-GB","@id":"https:\/\/bilasmidurinn.is\/vefverslun\/ljosagrindur\/ljosagrind-fyrir-aukaljos-a-margar-gerdir-bila\/#primaryimage","url":"https:\/\/bilasmidurinn.is\/wp-content\/uploads\/2022\/10\/V50-059_stor4.jpg","contentUrl":"https:\/\/bilasmidurinn.is\/wp-content\/uploads\/2022\/10\/V50-059_stor4.jpg","width":746,"height":474},{"@type":"BreadcrumbList","@id":"https:\/\/bilasmidurinn.is\/vefverslun\/ljosagrindur\/ljosagrind-fyrir-aukaljos-a-margar-gerdir-bila\/#breadcrumb","itemListElement":[{"@type":"ListItem","position":1,"name":"Home","item":"https:\/\/bilasmidurinn.is\/"},{"@type":"ListItem","position":2,"name":"V\u00f6rur \u00ed verslun","item":"https:\/\/bilasmidurinn.is\/vefverslun\/"},{"@type":"ListItem","position":3,"name":"Lj\u00f3sagrind fyrir 3 aukalj\u00f3s Toyota Hilux 2016-20"}]},{"@type":"WebSite","@id":"https:\/\/bilasmidurinn.is\/#website","url":"https:\/\/bilasmidurinn.is\/","name":"B&iacute;lasmi&eth;urinn","description":"All sem &thorn;&uacute; &thorn;arft &iacute; t&aelig;ki&eth;","potentialAction":[{"@type":"SearchAction","target":{"@type":"EntryPoint","urlTemplate":"https:\/\/bilasmidurinn.is\/?s={search_term_string}"},"query-input":{"@type":"PropertyValueSpecification","valueRequired":true,"valueName":"search_term_string"}}],"inLanguage":"en-GB"}]}},"_links":{"self":[{"href":"https:\/\/bilasmidurinn.is\/en\/wp-json\/wp\/v2\/product\/14835","targetHints":{"allow":["GET"]}}],"collection":[{"href":"https:\/\/bilasmidurinn.is\/en\/wp-json\/wp\/v2\/product"}],"about":[{"href":"https:\/\/bilasmidurinn.is\/en\/wp-json\/wp\/v2\/types\/product"}],"wp:featuredmedia":[{"embeddable":true,"href":"https:\/\/bilasmidurinn.is\/en\/wp-json\/wp\/v2\/media\/14836"}],"wp:attachment":[{"href":"https:\/\/bilasmidurinn.is\/en\/wp-json\/wp\/v2\/media?parent=14835"}],"wp:term":[{"taxonomy":"product_brand","embeddable":true,"href":"https:\/\/bilasmidurinn.is\/en\/wp-json\/wp\/v2\/product_brand?post=14835"},{"taxonomy":"product_cat","embeddable":true,"href":"https:\/\/bilasmidurinn.is\/en\/wp-json\/wp\/v2\/product_cat?post=14835"},{"taxonomy":"product_tag","embeddable":true,"href":"https:\/\/bilasmidurinn.is\/en\/wp-json\/wp\/v2\/product_tag?post=14835"}],"curies":[{"name":"wp","href":"https:\/\/api.w.org\/{rel}","templated":true}]}}