{"id":14817,"date":"2022-10-20T14:49:30","date_gmt":"2022-10-20T14:49:30","guid":{"rendered":"https:\/\/bilasmidurinn.is\/?post_type=product&#038;p=14817"},"modified":"2022-11-14T19:03:49","modified_gmt":"2022-11-14T19:03:49","slug":"led-ljosabar-v-sight-60-60w-med-parkljosi","status":"publish","type":"product","link":"https:\/\/bilasmidurinn.is\/en\/vefverslun\/ljos\/ljoskastarar\/led-ljosabar-v-sight-60-60w-med-parkljosi\/","title":{"rendered":"LED light bar V-SIGHT 60 60W with parking light"},"content":{"rendered":"<p>LED light bar 60W, E- ECE R112\/R7 type approved as extra high beam 9-36V, Vehicle battery.<\/p>\n<p>EMC K ECE R10 does not interfere with radio waves,<\/p>\n<p>6\u00d710 CREE diode, Raw Lm5700, Effective 4850Lm, up to 370m range<\/p>\n<p>The parking light line can be yellow or white.<\/p>\n<p>DT connector,<\/p>\n<p>Length 324x58x81mm<\/p>\n<p>Reverse polarity and voltage protection<\/p>\n<p>3 year warranty<\/p>\n<p>&nbsp;<\/p>\n<p>&nbsp;<\/p>","protected":false},"excerpt":{"rendered":"<p>Led light bar V-SIGHT 60w with park light yellow\/white<\/p>","protected":false},"featured_media":14818,"template":"","meta":[],"product_brand":[8049],"product_cat":[7893,8042],"product_tag":[],"class_list":{"0":"post-14817","1":"product","2":"type-product","3":"status-publish","4":"has-post-thumbnail","6":"product_brand-vool","7":"product_cat-ljos","8":"product_cat-ljoskastarar","10":"first","11":"instock","12":"shipping-taxable","13":"product-type-simple"},"yoast_head":"<!-- This site is optimized with the Yoast SEO plugin v27.4 - https:\/\/yoast.com\/product\/yoast-seo-wordpress\/ -->\n<title>LED lj\u00f3sabar V-SIGHT 60 60W me\u00f0 parklj\u00f3si - B&iacute;lasmi&eth;urinn<\/title>\n<meta name=\"robots\" content=\"index, follow, max-snippet:-1, max-image-preview:large, max-video-preview:-1\" \/>\n<link rel=\"canonical\" href=\"http:\/\/bilasmidurinn.is\/en\/vefverslun\/ljos\/ljoskastarar\/led-ljosabar-v-sight-60-60w-med-parkljosi\/\" \/>\n<meta property=\"og:locale\" content=\"en_GB\" \/>\n<meta property=\"og:type\" content=\"article\" \/>\n<meta property=\"og:title\" content=\"LED lj\u00f3sabar V-SIGHT 60 60W me\u00f0 parklj\u00f3si - B&iacute;lasmi&eth;urinn\" \/>\n<meta property=\"og:description\" content=\"Led lj\u00f3sabar V-SIGHT 60w me\u00f0 parklj\u00f3si gult\/hv\u00edtt\" \/>\n<meta property=\"og:url\" content=\"http:\/\/bilasmidurinn.is\/en\/vefverslun\/ljos\/ljoskastarar\/led-ljosabar-v-sight-60-60w-med-parkljosi\/\" \/>\n<meta property=\"og:site_name\" content=\"B&iacute;lasmi&eth;urinn\" \/>\n<meta property=\"article:modified_time\" content=\"2022-11-14T19:03:49+00:00\" \/>\n<meta property=\"og:image\" content=\"https:\/\/bilasmidurinn.is\/wp-content\/uploads\/2022\/10\/V50-024_1.jpg\" \/>\n\t<meta property=\"og:image:width\" content=\"746\" \/>\n\t<meta property=\"og:image:height\" content=\"597\" \/>\n\t<meta property=\"og:image:type\" content=\"image\/jpeg\" \/>\n<meta name=\"twitter:card\" content=\"summary_large_image\" \/>\n<script type=\"application\/ld+json\" class=\"yoast-schema-graph\">{\"@context\":\"https:\\\/\\\/schema.org\",\"@graph\":[{\"@type\":\"WebPage\",\"@id\":\"http:\\\/\\\/bilasmidurinn.is\\\/en\\\/vefverslun\\\/ljos\\\/ljoskastarar\\\/led-ljosabar-v-sight-60-60w-med-parkljosi\\\/\",\"url\":\"http:\\\/\\\/bilasmidurinn.is\\\/en\\\/vefverslun\\\/ljos\\\/ljoskastarar\\\/led-ljosabar-v-sight-60-60w-med-parkljosi\\\/\",\"name\":\"LED lj\u00f3sabar V-SIGHT 60 60W me\u00f0 parklj\u00f3si - B&iacute;lasmi&eth;urinn\",\"isPartOf\":{\"@id\":\"https:\\\/\\\/bilasmidurinn.is\\\/#website\"},\"primaryImageOfPage\":{\"@id\":\"http:\\\/\\\/bilasmidurinn.is\\\/en\\\/vefverslun\\\/ljos\\\/ljoskastarar\\\/led-ljosabar-v-sight-60-60w-med-parkljosi\\\/#primaryimage\"},\"image\":{\"@id\":\"http:\\\/\\\/bilasmidurinn.is\\\/en\\\/vefverslun\\\/ljos\\\/ljoskastarar\\\/led-ljosabar-v-sight-60-60w-med-parkljosi\\\/#primaryimage\"},\"thumbnailUrl\":\"https:\\\/\\\/bilasmidurinn.is\\\/wp-content\\\/uploads\\\/2022\\\/10\\\/V50-024_1.jpg\",\"datePublished\":\"2022-10-20T14:49:30+00:00\",\"dateModified\":\"2022-11-14T19:03:49+00:00\",\"breadcrumb\":{\"@id\":\"http:\\\/\\\/bilasmidurinn.is\\\/en\\\/vefverslun\\\/ljos\\\/ljoskastarar\\\/led-ljosabar-v-sight-60-60w-med-parkljosi\\\/#breadcrumb\"},\"inLanguage\":\"en-GB\",\"potentialAction\":[{\"@type\":\"ReadAction\",\"target\":[\"http:\\\/\\\/bilasmidurinn.is\\\/en\\\/vefverslun\\\/ljos\\\/ljoskastarar\\\/led-ljosabar-v-sight-60-60w-med-parkljosi\\\/\"]}]},{\"@type\":\"ImageObject\",\"inLanguage\":\"en-GB\",\"@id\":\"http:\\\/\\\/bilasmidurinn.is\\\/en\\\/vefverslun\\\/ljos\\\/ljoskastarar\\\/led-ljosabar-v-sight-60-60w-med-parkljosi\\\/#primaryimage\",\"url\":\"https:\\\/\\\/bilasmidurinn.is\\\/wp-content\\\/uploads\\\/2022\\\/10\\\/V50-024_1.jpg\",\"contentUrl\":\"https:\\\/\\\/bilasmidurinn.is\\\/wp-content\\\/uploads\\\/2022\\\/10\\\/V50-024_1.jpg\",\"width\":746,\"height\":597},{\"@type\":\"BreadcrumbList\",\"@id\":\"http:\\\/\\\/bilasmidurinn.is\\\/en\\\/vefverslun\\\/ljos\\\/ljoskastarar\\\/led-ljosabar-v-sight-60-60w-med-parkljosi\\\/#breadcrumb\",\"itemListElement\":[{\"@type\":\"ListItem\",\"position\":1,\"name\":\"Home\",\"item\":\"https:\\\/\\\/bilasmidurinn.is\\\/\"},{\"@type\":\"ListItem\",\"position\":2,\"name\":\"V\u00f6rur \u00ed verslun\",\"item\":\"https:\\\/\\\/bilasmidurinn.is\\\/vefverslun\\\/\"},{\"@type\":\"ListItem\",\"position\":3,\"name\":\"LED lj\u00f3sabar V-SIGHT 60 60W me\u00f0 parklj\u00f3si\"}]},{\"@type\":\"WebSite\",\"@id\":\"https:\\\/\\\/bilasmidurinn.is\\\/#website\",\"url\":\"https:\\\/\\\/bilasmidurinn.is\\\/\",\"name\":\"B&iacute;lasmi&eth;urinn\",\"description\":\"All sem &thorn;&uacute; &thorn;arft &iacute; t&aelig;ki&eth;\",\"potentialAction\":[{\"@type\":\"SearchAction\",\"target\":{\"@type\":\"EntryPoint\",\"urlTemplate\":\"https:\\\/\\\/bilasmidurinn.is\\\/?s={search_term_string}\"},\"query-input\":{\"@type\":\"PropertyValueSpecification\",\"valueRequired\":true,\"valueName\":\"search_term_string\"}}],\"inLanguage\":\"en-GB\"}]}<\/script>\n<!-- \/ Yoast SEO plugin. -->","yoast_head_json":{"title":"LED lj\u00f3sabar V-SIGHT 60 60W me\u00f0 parklj\u00f3si - B&iacute;lasmi&eth;urinn","robots":{"index":"index","follow":"follow","max-snippet":"max-snippet:-1","max-image-preview":"max-image-preview:large","max-video-preview":"max-video-preview:-1"},"canonical":"http:\/\/bilasmidurinn.is\/en\/vefverslun\/ljos\/ljoskastarar\/led-ljosabar-v-sight-60-60w-med-parkljosi\/","og_locale":"en_GB","og_type":"article","og_title":"LED lj\u00f3sabar V-SIGHT 60 60W me\u00f0 parklj\u00f3si - B&iacute;lasmi&eth;urinn","og_description":"Led lj\u00f3sabar V-SIGHT 60w me\u00f0 parklj\u00f3si gult\/hv\u00edtt","og_url":"http:\/\/bilasmidurinn.is\/en\/vefverslun\/ljos\/ljoskastarar\/led-ljosabar-v-sight-60-60w-med-parkljosi\/","og_site_name":"B&iacute;lasmi&eth;urinn","article_modified_time":"2022-11-14T19:03:49+00:00","og_image":[{"width":746,"height":597,"url":"https:\/\/bilasmidurinn.is\/wp-content\/uploads\/2022\/10\/V50-024_1.jpg","type":"image\/jpeg"}],"twitter_card":"summary_large_image","schema":{"@context":"https:\/\/schema.org","@graph":[{"@type":"WebPage","@id":"http:\/\/bilasmidurinn.is\/en\/vefverslun\/ljos\/ljoskastarar\/led-ljosabar-v-sight-60-60w-med-parkljosi\/","url":"http:\/\/bilasmidurinn.is\/en\/vefverslun\/ljos\/ljoskastarar\/led-ljosabar-v-sight-60-60w-med-parkljosi\/","name":"LED lj\u00f3sabar V-SIGHT 60 60W me\u00f0 parklj\u00f3si - B&iacute;lasmi&eth;urinn","isPartOf":{"@id":"https:\/\/bilasmidurinn.is\/#website"},"primaryImageOfPage":{"@id":"http:\/\/bilasmidurinn.is\/en\/vefverslun\/ljos\/ljoskastarar\/led-ljosabar-v-sight-60-60w-med-parkljosi\/#primaryimage"},"image":{"@id":"http:\/\/bilasmidurinn.is\/en\/vefverslun\/ljos\/ljoskastarar\/led-ljosabar-v-sight-60-60w-med-parkljosi\/#primaryimage"},"thumbnailUrl":"https:\/\/bilasmidurinn.is\/wp-content\/uploads\/2022\/10\/V50-024_1.jpg","datePublished":"2022-10-20T14:49:30+00:00","dateModified":"2022-11-14T19:03:49+00:00","breadcrumb":{"@id":"http:\/\/bilasmidurinn.is\/en\/vefverslun\/ljos\/ljoskastarar\/led-ljosabar-v-sight-60-60w-med-parkljosi\/#breadcrumb"},"inLanguage":"en-GB","potentialAction":[{"@type":"ReadAction","target":["http:\/\/bilasmidurinn.is\/en\/vefverslun\/ljos\/ljoskastarar\/led-ljosabar-v-sight-60-60w-med-parkljosi\/"]}]},{"@type":"ImageObject","inLanguage":"en-GB","@id":"http:\/\/bilasmidurinn.is\/en\/vefverslun\/ljos\/ljoskastarar\/led-ljosabar-v-sight-60-60w-med-parkljosi\/#primaryimage","url":"https:\/\/bilasmidurinn.is\/wp-content\/uploads\/2022\/10\/V50-024_1.jpg","contentUrl":"https:\/\/bilasmidurinn.is\/wp-content\/uploads\/2022\/10\/V50-024_1.jpg","width":746,"height":597},{"@type":"BreadcrumbList","@id":"http:\/\/bilasmidurinn.is\/en\/vefverslun\/ljos\/ljoskastarar\/led-ljosabar-v-sight-60-60w-med-parkljosi\/#breadcrumb","itemListElement":[{"@type":"ListItem","position":1,"name":"Home","item":"https:\/\/bilasmidurinn.is\/"},{"@type":"ListItem","position":2,"name":"V\u00f6rur \u00ed verslun","item":"https:\/\/bilasmidurinn.is\/vefverslun\/"},{"@type":"ListItem","position":3,"name":"LED lj\u00f3sabar V-SIGHT 60 60W me\u00f0 parklj\u00f3si"}]},{"@type":"WebSite","@id":"https:\/\/bilasmidurinn.is\/#website","url":"https:\/\/bilasmidurinn.is\/","name":"B&iacute;lasmi&eth;urinn","description":"All sem &thorn;&uacute; &thorn;arft &iacute; t&aelig;ki&eth;","potentialAction":[{"@type":"SearchAction","target":{"@type":"EntryPoint","urlTemplate":"https:\/\/bilasmidurinn.is\/?s={search_term_string}"},"query-input":{"@type":"PropertyValueSpecification","valueRequired":true,"valueName":"search_term_string"}}],"inLanguage":"en-GB"}]}},"_links":{"self":[{"href":"https:\/\/bilasmidurinn.is\/en\/wp-json\/wp\/v2\/product\/14817","targetHints":{"allow":["GET"]}}],"collection":[{"href":"https:\/\/bilasmidurinn.is\/en\/wp-json\/wp\/v2\/product"}],"about":[{"href":"https:\/\/bilasmidurinn.is\/en\/wp-json\/wp\/v2\/types\/product"}],"wp:featuredmedia":[{"embeddable":true,"href":"https:\/\/bilasmidurinn.is\/en\/wp-json\/wp\/v2\/media\/14818"}],"wp:attachment":[{"href":"https:\/\/bilasmidurinn.is\/en\/wp-json\/wp\/v2\/media?parent=14817"}],"wp:term":[{"taxonomy":"product_brand","embeddable":true,"href":"https:\/\/bilasmidurinn.is\/en\/wp-json\/wp\/v2\/product_brand?post=14817"},{"taxonomy":"product_cat","embeddable":true,"href":"https:\/\/bilasmidurinn.is\/en\/wp-json\/wp\/v2\/product_cat?post=14817"},{"taxonomy":"product_tag","embeddable":true,"href":"https:\/\/bilasmidurinn.is\/en\/wp-json\/wp\/v2\/product_tag?post=14817"}],"curies":[{"name":"wp","href":"https:\/\/api.w.org\/{rel}","templated":true}]}}