{"id":14803,"date":"2022-10-20T09:53:38","date_gmt":"2022-10-20T09:53:38","guid":{"rendered":"https:\/\/bilasmidurinn.is\/?post_type=product&#038;p=14803"},"modified":"2024-01-05T08:28:57","modified_gmt":"2024-01-05T08:28:57","slug":"pallskuffa-a-sleda-fyrir-toyota-hilux-fra-2016","status":"publish","type":"product","link":"https:\/\/bilasmidurinn.is\/en\/vefverslun\/adrar-vorur\/pallskuffa-a-sleda-fyrir-toyota-hilux-fra-2016\/","title":{"rendered":"Platform drawer on sled for Toyota HiLux from 2016"},"content":{"rendered":"<p>Platform drawer \/Bedslide, on sled for Toyota HiLux from 2016<\/p>\n<p>Weight 60kg, carries 400kg.<\/p>\n<p>Length 1250mm, width 1000mm<\/p>\n<p>2 year warranty<\/p>\n<p><iframe loading=\"lazy\" title=\"VOOL Lastsl\u00e4de\" width=\"1020\" height=\"574\" src=\"https:\/\/www.youtube.com\/embed\/tsy6Zke3_Yg?feature=oembed\" frameborder=\"0\" allow=\"accelerometer; autoplay; clipboard-write; encrypted-media; gyroscope; picture-in-picture; web-share\" allowfullscreen><\/iframe><\/p>","protected":false},"excerpt":{"rendered":"<p>Platform drawer extendable on sled for Toyota HiLux from 2006<\/p>","protected":false},"featured_media":14798,"template":"","meta":[],"product_brand":[8049],"product_cat":[7951],"product_tag":[],"class_list":{"0":"post-14803","1":"product","2":"type-product","3":"status-publish","4":"has-post-thumbnail","6":"product_brand-vool","7":"product_cat-adrar-vorur","9":"first","10":"instock","11":"shipping-taxable","12":"product-type-simple"},"yoast_head":"<!-- This site is optimized with the Yoast SEO plugin v27.4 - https:\/\/yoast.com\/product\/yoast-seo-wordpress\/ -->\n<title>Pallsk\u00faffa \u00e1 sle\u00f0a fyrir Toyota HiLux fr\u00e1 2016 - B&iacute;lasmi&eth;urinn<\/title>\n<meta name=\"robots\" content=\"index, follow, max-snippet:-1, max-image-preview:large, max-video-preview:-1\" \/>\n<link rel=\"canonical\" href=\"https:\/\/bilasmidurinn.is\/en\/vefverslun\/adrar-vorur\/pallskuffa-a-sleda-fyrir-toyota-hilux-fra-2016\/\" \/>\n<meta property=\"og:locale\" content=\"en_GB\" \/>\n<meta property=\"og:type\" content=\"article\" \/>\n<meta property=\"og:title\" content=\"Pallsk\u00faffa \u00e1 sle\u00f0a fyrir Toyota HiLux fr\u00e1 2016 - B&iacute;lasmi&eth;urinn\" \/>\n<meta property=\"og:description\" content=\"Pallsk\u00faffa \u00fatdraganleg \u00e1 sle\u00f0a fyrir Toyota HiLux fr\u00e1 2006\" \/>\n<meta property=\"og:url\" content=\"https:\/\/bilasmidurinn.is\/en\/vefverslun\/adrar-vorur\/pallskuffa-a-sleda-fyrir-toyota-hilux-fra-2016\/\" \/>\n<meta property=\"og:site_name\" content=\"B&iacute;lasmi&eth;urinn\" \/>\n<meta property=\"article:modified_time\" content=\"2024-01-05T08:28:57+00:00\" \/>\n<meta property=\"og:image\" content=\"https:\/\/bilasmidurinn.is\/wp-content\/uploads\/2022\/10\/vool-slade1-1.jpg\" \/>\n\t<meta property=\"og:image:width\" content=\"400\" \/>\n\t<meta property=\"og:image:height\" content=\"267\" \/>\n\t<meta property=\"og:image:type\" content=\"image\/jpeg\" \/>\n<meta name=\"twitter:card\" content=\"summary_large_image\" \/>\n<script type=\"application\/ld+json\" class=\"yoast-schema-graph\">{\"@context\":\"https:\\\/\\\/schema.org\",\"@graph\":[{\"@type\":\"WebPage\",\"@id\":\"https:\\\/\\\/bilasmidurinn.is\\\/vefverslun\\\/adrar-vorur\\\/pallskuffa-a-sleda-fyrir-toyota-hilux-fra-2016\\\/\",\"url\":\"https:\\\/\\\/bilasmidurinn.is\\\/vefverslun\\\/adrar-vorur\\\/pallskuffa-a-sleda-fyrir-toyota-hilux-fra-2016\\\/\",\"name\":\"Pallsk\u00faffa \u00e1 sle\u00f0a fyrir Toyota HiLux fr\u00e1 2016 - B&iacute;lasmi&eth;urinn\",\"isPartOf\":{\"@id\":\"https:\\\/\\\/bilasmidurinn.is\\\/#website\"},\"primaryImageOfPage\":{\"@id\":\"https:\\\/\\\/bilasmidurinn.is\\\/vefverslun\\\/adrar-vorur\\\/pallskuffa-a-sleda-fyrir-toyota-hilux-fra-2016\\\/#primaryimage\"},\"image\":{\"@id\":\"https:\\\/\\\/bilasmidurinn.is\\\/vefverslun\\\/adrar-vorur\\\/pallskuffa-a-sleda-fyrir-toyota-hilux-fra-2016\\\/#primaryimage\"},\"thumbnailUrl\":\"https:\\\/\\\/bilasmidurinn.is\\\/wp-content\\\/uploads\\\/2022\\\/10\\\/vool-slade1-1.jpg\",\"datePublished\":\"2022-10-20T09:53:38+00:00\",\"dateModified\":\"2024-01-05T08:28:57+00:00\",\"breadcrumb\":{\"@id\":\"https:\\\/\\\/bilasmidurinn.is\\\/vefverslun\\\/adrar-vorur\\\/pallskuffa-a-sleda-fyrir-toyota-hilux-fra-2016\\\/#breadcrumb\"},\"inLanguage\":\"en-GB\",\"potentialAction\":[{\"@type\":\"ReadAction\",\"target\":[\"https:\\\/\\\/bilasmidurinn.is\\\/vefverslun\\\/adrar-vorur\\\/pallskuffa-a-sleda-fyrir-toyota-hilux-fra-2016\\\/\"]}]},{\"@type\":\"ImageObject\",\"inLanguage\":\"en-GB\",\"@id\":\"https:\\\/\\\/bilasmidurinn.is\\\/vefverslun\\\/adrar-vorur\\\/pallskuffa-a-sleda-fyrir-toyota-hilux-fra-2016\\\/#primaryimage\",\"url\":\"https:\\\/\\\/bilasmidurinn.is\\\/wp-content\\\/uploads\\\/2022\\\/10\\\/vool-slade1-1.jpg\",\"contentUrl\":\"https:\\\/\\\/bilasmidurinn.is\\\/wp-content\\\/uploads\\\/2022\\\/10\\\/vool-slade1-1.jpg\",\"width\":400,\"height\":267},{\"@type\":\"BreadcrumbList\",\"@id\":\"https:\\\/\\\/bilasmidurinn.is\\\/vefverslun\\\/adrar-vorur\\\/pallskuffa-a-sleda-fyrir-toyota-hilux-fra-2016\\\/#breadcrumb\",\"itemListElement\":[{\"@type\":\"ListItem\",\"position\":1,\"name\":\"Home\",\"item\":\"https:\\\/\\\/bilasmidurinn.is\\\/\"},{\"@type\":\"ListItem\",\"position\":2,\"name\":\"V\u00f6rur \u00ed verslun\",\"item\":\"https:\\\/\\\/bilasmidurinn.is\\\/vefverslun\\\/\"},{\"@type\":\"ListItem\",\"position\":3,\"name\":\"Pallsk\u00faffa \u00e1 sle\u00f0a fyrir Toyota HiLux fr\u00e1 2016\"}]},{\"@type\":\"WebSite\",\"@id\":\"https:\\\/\\\/bilasmidurinn.is\\\/#website\",\"url\":\"https:\\\/\\\/bilasmidurinn.is\\\/\",\"name\":\"B&iacute;lasmi&eth;urinn\",\"description\":\"All sem &thorn;&uacute; &thorn;arft &iacute; t&aelig;ki&eth;\",\"potentialAction\":[{\"@type\":\"SearchAction\",\"target\":{\"@type\":\"EntryPoint\",\"urlTemplate\":\"https:\\\/\\\/bilasmidurinn.is\\\/?s={search_term_string}\"},\"query-input\":{\"@type\":\"PropertyValueSpecification\",\"valueRequired\":true,\"valueName\":\"search_term_string\"}}],\"inLanguage\":\"en-GB\"}]}<\/script>\n<!-- \/ Yoast SEO plugin. -->","yoast_head_json":{"title":"Pallsk\u00faffa \u00e1 sle\u00f0a fyrir Toyota HiLux fr\u00e1 2016 - B&iacute;lasmi&eth;urinn","robots":{"index":"index","follow":"follow","max-snippet":"max-snippet:-1","max-image-preview":"max-image-preview:large","max-video-preview":"max-video-preview:-1"},"canonical":"https:\/\/bilasmidurinn.is\/en\/vefverslun\/adrar-vorur\/pallskuffa-a-sleda-fyrir-toyota-hilux-fra-2016\/","og_locale":"en_GB","og_type":"article","og_title":"Pallsk\u00faffa \u00e1 sle\u00f0a fyrir Toyota HiLux fr\u00e1 2016 - B&iacute;lasmi&eth;urinn","og_description":"Pallsk\u00faffa \u00fatdraganleg \u00e1 sle\u00f0a fyrir Toyota HiLux fr\u00e1 2006","og_url":"https:\/\/bilasmidurinn.is\/en\/vefverslun\/adrar-vorur\/pallskuffa-a-sleda-fyrir-toyota-hilux-fra-2016\/","og_site_name":"B&iacute;lasmi&eth;urinn","article_modified_time":"2024-01-05T08:28:57+00:00","og_image":[{"width":400,"height":267,"url":"https:\/\/bilasmidurinn.is\/wp-content\/uploads\/2022\/10\/vool-slade1-1.jpg","type":"image\/jpeg"}],"twitter_card":"summary_large_image","schema":{"@context":"https:\/\/schema.org","@graph":[{"@type":"WebPage","@id":"https:\/\/bilasmidurinn.is\/vefverslun\/adrar-vorur\/pallskuffa-a-sleda-fyrir-toyota-hilux-fra-2016\/","url":"https:\/\/bilasmidurinn.is\/vefverslun\/adrar-vorur\/pallskuffa-a-sleda-fyrir-toyota-hilux-fra-2016\/","name":"Pallsk\u00faffa \u00e1 sle\u00f0a fyrir Toyota HiLux fr\u00e1 2016 - B&iacute;lasmi&eth;urinn","isPartOf":{"@id":"https:\/\/bilasmidurinn.is\/#website"},"primaryImageOfPage":{"@id":"https:\/\/bilasmidurinn.is\/vefverslun\/adrar-vorur\/pallskuffa-a-sleda-fyrir-toyota-hilux-fra-2016\/#primaryimage"},"image":{"@id":"https:\/\/bilasmidurinn.is\/vefverslun\/adrar-vorur\/pallskuffa-a-sleda-fyrir-toyota-hilux-fra-2016\/#primaryimage"},"thumbnailUrl":"https:\/\/bilasmidurinn.is\/wp-content\/uploads\/2022\/10\/vool-slade1-1.jpg","datePublished":"2022-10-20T09:53:38+00:00","dateModified":"2024-01-05T08:28:57+00:00","breadcrumb":{"@id":"https:\/\/bilasmidurinn.is\/vefverslun\/adrar-vorur\/pallskuffa-a-sleda-fyrir-toyota-hilux-fra-2016\/#breadcrumb"},"inLanguage":"en-GB","potentialAction":[{"@type":"ReadAction","target":["https:\/\/bilasmidurinn.is\/vefverslun\/adrar-vorur\/pallskuffa-a-sleda-fyrir-toyota-hilux-fra-2016\/"]}]},{"@type":"ImageObject","inLanguage":"en-GB","@id":"https:\/\/bilasmidurinn.is\/vefverslun\/adrar-vorur\/pallskuffa-a-sleda-fyrir-toyota-hilux-fra-2016\/#primaryimage","url":"https:\/\/bilasmidurinn.is\/wp-content\/uploads\/2022\/10\/vool-slade1-1.jpg","contentUrl":"https:\/\/bilasmidurinn.is\/wp-content\/uploads\/2022\/10\/vool-slade1-1.jpg","width":400,"height":267},{"@type":"BreadcrumbList","@id":"https:\/\/bilasmidurinn.is\/vefverslun\/adrar-vorur\/pallskuffa-a-sleda-fyrir-toyota-hilux-fra-2016\/#breadcrumb","itemListElement":[{"@type":"ListItem","position":1,"name":"Home","item":"https:\/\/bilasmidurinn.is\/"},{"@type":"ListItem","position":2,"name":"V\u00f6rur \u00ed verslun","item":"https:\/\/bilasmidurinn.is\/vefverslun\/"},{"@type":"ListItem","position":3,"name":"Pallsk\u00faffa \u00e1 sle\u00f0a fyrir Toyota HiLux fr\u00e1 2016"}]},{"@type":"WebSite","@id":"https:\/\/bilasmidurinn.is\/#website","url":"https:\/\/bilasmidurinn.is\/","name":"B&iacute;lasmi&eth;urinn","description":"All sem &thorn;&uacute; &thorn;arft &iacute; t&aelig;ki&eth;","potentialAction":[{"@type":"SearchAction","target":{"@type":"EntryPoint","urlTemplate":"https:\/\/bilasmidurinn.is\/?s={search_term_string}"},"query-input":{"@type":"PropertyValueSpecification","valueRequired":true,"valueName":"search_term_string"}}],"inLanguage":"en-GB"}]}},"_links":{"self":[{"href":"https:\/\/bilasmidurinn.is\/en\/wp-json\/wp\/v2\/product\/14803","targetHints":{"allow":["GET"]}}],"collection":[{"href":"https:\/\/bilasmidurinn.is\/en\/wp-json\/wp\/v2\/product"}],"about":[{"href":"https:\/\/bilasmidurinn.is\/en\/wp-json\/wp\/v2\/types\/product"}],"wp:featuredmedia":[{"embeddable":true,"href":"https:\/\/bilasmidurinn.is\/en\/wp-json\/wp\/v2\/media\/14798"}],"wp:attachment":[{"href":"https:\/\/bilasmidurinn.is\/en\/wp-json\/wp\/v2\/media?parent=14803"}],"wp:term":[{"taxonomy":"product_brand","embeddable":true,"href":"https:\/\/bilasmidurinn.is\/en\/wp-json\/wp\/v2\/product_brand?post=14803"},{"taxonomy":"product_cat","embeddable":true,"href":"https:\/\/bilasmidurinn.is\/en\/wp-json\/wp\/v2\/product_cat?post=14803"},{"taxonomy":"product_tag","embeddable":true,"href":"https:\/\/bilasmidurinn.is\/en\/wp-json\/wp\/v2\/product_tag?post=14803"}],"curies":[{"name":"wp","href":"https:\/\/api.w.org\/{rel}","templated":true}]}}