{"id":14788,"date":"2022-10-19T17:39:24","date_gmt":"2022-10-19T17:39:24","guid":{"rendered":"https:\/\/bilasmidurinn.is\/?post_type=product&#038;p=14788"},"modified":"2022-10-20T08:27:52","modified_gmt":"2022-10-20T08:27:52","slug":"ljosagrind-fyrir-ford-transit-custom-2018-og-yngi","status":"publish","type":"product","link":"https:\/\/bilasmidurinn.is\/en\/vefverslun\/ljosagrindur\/ljosagrind-fyrir-ford-transit-custom-2018-og-yngi\/","title":{"rendered":"Stainless steel light frame for Ford Transit Custom 2018 and younger"},"content":{"rendered":"<p>Light frame for Ford Transit made of stainless steel for Ford Transit Custom 2018 and younger.<\/p>\n<p>60mm thickness, installation time approx. 60min<\/p>\n<p>Bolts and fasteners included<\/p>\n<p>-Special order-<\/p>","protected":false},"excerpt":{"rendered":"<p>Stainless steel light frame for Ford Transit Custom 2018 and younger<\/p>","protected":false},"featured_media":14777,"template":"","meta":[],"product_brand":[8049],"product_cat":[8050],"product_tag":[],"class_list":{"0":"post-14788","1":"product","2":"type-product","3":"status-publish","4":"has-post-thumbnail","6":"product_brand-vool","7":"product_cat-ljosagrindur","9":"first","10":"outofstock","11":"shipping-taxable","12":"product-type-simple"},"yoast_head":"<!-- This site is optimized with the Yoast SEO plugin v27.5 - https:\/\/yoast.com\/product\/yoast-seo-wordpress\/ -->\n<title>Lj\u00f3sagrind \u00far ry\u00f0fr\u00edu st\u00e1li fyrir Ford Transit Custom 2018 og yngi - B&iacute;lasmi&eth;urinn<\/title>\n<meta name=\"robots\" content=\"index, follow, max-snippet:-1, max-image-preview:large, max-video-preview:-1\" \/>\n<link rel=\"canonical\" href=\"http:\/\/bilasmidurinn.is\/en\/vefverslun\/ljosagrindur\/ljosagrind-fyrir-ford-transit-custom-2018-og-yngi\/\" \/>\n<meta property=\"og:locale\" content=\"en_GB\" \/>\n<meta property=\"og:type\" content=\"article\" \/>\n<meta property=\"og:title\" content=\"Lj\u00f3sagrind \u00far ry\u00f0fr\u00edu st\u00e1li fyrir Ford Transit Custom 2018 og yngi - B&iacute;lasmi&eth;urinn\" \/>\n<meta property=\"og:description\" content=\"Lj\u00f3sagrind \u00far ry\u00f0f\u00edu st\u00e1li fyrir Ford Transit Custom 2018 og yngri\" \/>\n<meta property=\"og:url\" content=\"http:\/\/bilasmidurinn.is\/en\/vefverslun\/ljosagrindur\/ljosagrind-fyrir-ford-transit-custom-2018-og-yngi\/\" \/>\n<meta property=\"og:site_name\" content=\"B&iacute;lasmi&eth;urinn\" \/>\n<meta property=\"article:modified_time\" content=\"2022-10-20T08:27:52+00:00\" \/>\n<meta property=\"og:image\" content=\"https:\/\/bilasmidurinn.is\/wp-content\/uploads\/2022\/10\/Klar-Custom2018_03.jpg\" \/>\n\t<meta property=\"og:image:width\" content=\"746\" \/>\n\t<meta property=\"og:image:height\" content=\"497\" \/>\n\t<meta property=\"og:image:type\" content=\"image\/jpeg\" \/>\n<meta name=\"twitter:card\" content=\"summary_large_image\" \/>\n<script type=\"application\/ld+json\" class=\"yoast-schema-graph\">{\"@context\":\"https:\\\/\\\/schema.org\",\"@graph\":[{\"@type\":\"WebPage\",\"@id\":\"http:\\\/\\\/bilasmidurinn.is\\\/en\\\/vefverslun\\\/ljosagrindur\\\/ljosagrind-fyrir-ford-transit-custom-2018-og-yngi\\\/\",\"url\":\"http:\\\/\\\/bilasmidurinn.is\\\/en\\\/vefverslun\\\/ljosagrindur\\\/ljosagrind-fyrir-ford-transit-custom-2018-og-yngi\\\/\",\"name\":\"Lj\u00f3sagrind \u00far ry\u00f0fr\u00edu st\u00e1li fyrir Ford Transit Custom 2018 og yngi - B&iacute;lasmi&eth;urinn\",\"isPartOf\":{\"@id\":\"https:\\\/\\\/bilasmidurinn.is\\\/#website\"},\"primaryImageOfPage\":{\"@id\":\"http:\\\/\\\/bilasmidurinn.is\\\/en\\\/vefverslun\\\/ljosagrindur\\\/ljosagrind-fyrir-ford-transit-custom-2018-og-yngi\\\/#primaryimage\"},\"image\":{\"@id\":\"http:\\\/\\\/bilasmidurinn.is\\\/en\\\/vefverslun\\\/ljosagrindur\\\/ljosagrind-fyrir-ford-transit-custom-2018-og-yngi\\\/#primaryimage\"},\"thumbnailUrl\":\"https:\\\/\\\/bilasmidurinn.is\\\/wp-content\\\/uploads\\\/2022\\\/10\\\/Klar-Custom2018_03.jpg\",\"datePublished\":\"2022-10-19T17:39:24+00:00\",\"dateModified\":\"2022-10-20T08:27:52+00:00\",\"breadcrumb\":{\"@id\":\"http:\\\/\\\/bilasmidurinn.is\\\/en\\\/vefverslun\\\/ljosagrindur\\\/ljosagrind-fyrir-ford-transit-custom-2018-og-yngi\\\/#breadcrumb\"},\"inLanguage\":\"en-GB\",\"potentialAction\":[{\"@type\":\"ReadAction\",\"target\":[\"http:\\\/\\\/bilasmidurinn.is\\\/en\\\/vefverslun\\\/ljosagrindur\\\/ljosagrind-fyrir-ford-transit-custom-2018-og-yngi\\\/\"]}]},{\"@type\":\"ImageObject\",\"inLanguage\":\"en-GB\",\"@id\":\"http:\\\/\\\/bilasmidurinn.is\\\/en\\\/vefverslun\\\/ljosagrindur\\\/ljosagrind-fyrir-ford-transit-custom-2018-og-yngi\\\/#primaryimage\",\"url\":\"https:\\\/\\\/bilasmidurinn.is\\\/wp-content\\\/uploads\\\/2022\\\/10\\\/Klar-Custom2018_03.jpg\",\"contentUrl\":\"https:\\\/\\\/bilasmidurinn.is\\\/wp-content\\\/uploads\\\/2022\\\/10\\\/Klar-Custom2018_03.jpg\",\"width\":746,\"height\":497},{\"@type\":\"BreadcrumbList\",\"@id\":\"http:\\\/\\\/bilasmidurinn.is\\\/en\\\/vefverslun\\\/ljosagrindur\\\/ljosagrind-fyrir-ford-transit-custom-2018-og-yngi\\\/#breadcrumb\",\"itemListElement\":[{\"@type\":\"ListItem\",\"position\":1,\"name\":\"Home\",\"item\":\"https:\\\/\\\/bilasmidurinn.is\\\/\"},{\"@type\":\"ListItem\",\"position\":2,\"name\":\"V\u00f6rur \u00ed verslun\",\"item\":\"https:\\\/\\\/bilasmidurinn.is\\\/vefverslun\\\/\"},{\"@type\":\"ListItem\",\"position\":3,\"name\":\"Lj\u00f3sagrind \u00far ry\u00f0fr\u00edu st\u00e1li fyrir Ford Transit Custom 2018 og yngi\"}]},{\"@type\":\"WebSite\",\"@id\":\"https:\\\/\\\/bilasmidurinn.is\\\/#website\",\"url\":\"https:\\\/\\\/bilasmidurinn.is\\\/\",\"name\":\"B&iacute;lasmi&eth;urinn\",\"description\":\"All sem &thorn;&uacute; &thorn;arft &iacute; t&aelig;ki&eth;\",\"potentialAction\":[{\"@type\":\"SearchAction\",\"target\":{\"@type\":\"EntryPoint\",\"urlTemplate\":\"https:\\\/\\\/bilasmidurinn.is\\\/?s={search_term_string}\"},\"query-input\":{\"@type\":\"PropertyValueSpecification\",\"valueRequired\":true,\"valueName\":\"search_term_string\"}}],\"inLanguage\":\"en-GB\"}]}<\/script>\n<!-- \/ Yoast SEO plugin. -->","yoast_head_json":{"title":"Lj\u00f3sagrind \u00far ry\u00f0fr\u00edu st\u00e1li fyrir Ford Transit Custom 2018 og yngi - B&iacute;lasmi&eth;urinn","robots":{"index":"index","follow":"follow","max-snippet":"max-snippet:-1","max-image-preview":"max-image-preview:large","max-video-preview":"max-video-preview:-1"},"canonical":"http:\/\/bilasmidurinn.is\/en\/vefverslun\/ljosagrindur\/ljosagrind-fyrir-ford-transit-custom-2018-og-yngi\/","og_locale":"en_GB","og_type":"article","og_title":"Lj\u00f3sagrind \u00far ry\u00f0fr\u00edu st\u00e1li fyrir Ford Transit Custom 2018 og yngi - B&iacute;lasmi&eth;urinn","og_description":"Lj\u00f3sagrind \u00far ry\u00f0f\u00edu st\u00e1li fyrir Ford Transit Custom 2018 og yngri","og_url":"http:\/\/bilasmidurinn.is\/en\/vefverslun\/ljosagrindur\/ljosagrind-fyrir-ford-transit-custom-2018-og-yngi\/","og_site_name":"B&iacute;lasmi&eth;urinn","article_modified_time":"2022-10-20T08:27:52+00:00","og_image":[{"width":746,"height":497,"url":"https:\/\/bilasmidurinn.is\/wp-content\/uploads\/2022\/10\/Klar-Custom2018_03.jpg","type":"image\/jpeg"}],"twitter_card":"summary_large_image","schema":{"@context":"https:\/\/schema.org","@graph":[{"@type":"WebPage","@id":"http:\/\/bilasmidurinn.is\/en\/vefverslun\/ljosagrindur\/ljosagrind-fyrir-ford-transit-custom-2018-og-yngi\/","url":"http:\/\/bilasmidurinn.is\/en\/vefverslun\/ljosagrindur\/ljosagrind-fyrir-ford-transit-custom-2018-og-yngi\/","name":"Lj\u00f3sagrind \u00far ry\u00f0fr\u00edu st\u00e1li fyrir Ford Transit Custom 2018 og yngi - B&iacute;lasmi&eth;urinn","isPartOf":{"@id":"https:\/\/bilasmidurinn.is\/#website"},"primaryImageOfPage":{"@id":"http:\/\/bilasmidurinn.is\/en\/vefverslun\/ljosagrindur\/ljosagrind-fyrir-ford-transit-custom-2018-og-yngi\/#primaryimage"},"image":{"@id":"http:\/\/bilasmidurinn.is\/en\/vefverslun\/ljosagrindur\/ljosagrind-fyrir-ford-transit-custom-2018-og-yngi\/#primaryimage"},"thumbnailUrl":"https:\/\/bilasmidurinn.is\/wp-content\/uploads\/2022\/10\/Klar-Custom2018_03.jpg","datePublished":"2022-10-19T17:39:24+00:00","dateModified":"2022-10-20T08:27:52+00:00","breadcrumb":{"@id":"http:\/\/bilasmidurinn.is\/en\/vefverslun\/ljosagrindur\/ljosagrind-fyrir-ford-transit-custom-2018-og-yngi\/#breadcrumb"},"inLanguage":"en-GB","potentialAction":[{"@type":"ReadAction","target":["http:\/\/bilasmidurinn.is\/en\/vefverslun\/ljosagrindur\/ljosagrind-fyrir-ford-transit-custom-2018-og-yngi\/"]}]},{"@type":"ImageObject","inLanguage":"en-GB","@id":"http:\/\/bilasmidurinn.is\/en\/vefverslun\/ljosagrindur\/ljosagrind-fyrir-ford-transit-custom-2018-og-yngi\/#primaryimage","url":"https:\/\/bilasmidurinn.is\/wp-content\/uploads\/2022\/10\/Klar-Custom2018_03.jpg","contentUrl":"https:\/\/bilasmidurinn.is\/wp-content\/uploads\/2022\/10\/Klar-Custom2018_03.jpg","width":746,"height":497},{"@type":"BreadcrumbList","@id":"http:\/\/bilasmidurinn.is\/en\/vefverslun\/ljosagrindur\/ljosagrind-fyrir-ford-transit-custom-2018-og-yngi\/#breadcrumb","itemListElement":[{"@type":"ListItem","position":1,"name":"Home","item":"https:\/\/bilasmidurinn.is\/"},{"@type":"ListItem","position":2,"name":"V\u00f6rur \u00ed verslun","item":"https:\/\/bilasmidurinn.is\/vefverslun\/"},{"@type":"ListItem","position":3,"name":"Lj\u00f3sagrind \u00far ry\u00f0fr\u00edu st\u00e1li fyrir Ford Transit Custom 2018 og yngi"}]},{"@type":"WebSite","@id":"https:\/\/bilasmidurinn.is\/#website","url":"https:\/\/bilasmidurinn.is\/","name":"B&iacute;lasmi&eth;urinn","description":"All sem &thorn;&uacute; &thorn;arft &iacute; t&aelig;ki&eth;","potentialAction":[{"@type":"SearchAction","target":{"@type":"EntryPoint","urlTemplate":"https:\/\/bilasmidurinn.is\/?s={search_term_string}"},"query-input":{"@type":"PropertyValueSpecification","valueRequired":true,"valueName":"search_term_string"}}],"inLanguage":"en-GB"}]}},"_links":{"self":[{"href":"https:\/\/bilasmidurinn.is\/en\/wp-json\/wp\/v2\/product\/14788","targetHints":{"allow":["GET"]}}],"collection":[{"href":"https:\/\/bilasmidurinn.is\/en\/wp-json\/wp\/v2\/product"}],"about":[{"href":"https:\/\/bilasmidurinn.is\/en\/wp-json\/wp\/v2\/types\/product"}],"wp:featuredmedia":[{"embeddable":true,"href":"https:\/\/bilasmidurinn.is\/en\/wp-json\/wp\/v2\/media\/14777"}],"wp:attachment":[{"href":"https:\/\/bilasmidurinn.is\/en\/wp-json\/wp\/v2\/media?parent=14788"}],"wp:term":[{"taxonomy":"product_brand","embeddable":true,"href":"https:\/\/bilasmidurinn.is\/en\/wp-json\/wp\/v2\/product_brand?post=14788"},{"taxonomy":"product_cat","embeddable":true,"href":"https:\/\/bilasmidurinn.is\/en\/wp-json\/wp\/v2\/product_cat?post=14788"},{"taxonomy":"product_tag","embeddable":true,"href":"https:\/\/bilasmidurinn.is\/en\/wp-json\/wp\/v2\/product_tag?post=14788"}],"curies":[{"name":"wp","href":"https:\/\/api.w.org\/{rel}","templated":true}]}}