{"id":14732,"date":"2022-10-03T13:16:35","date_gmt":"2022-10-03T13:16:35","guid":{"rendered":"https:\/\/bilasmidurinn.is\/?post_type=product&#038;p=14732"},"modified":"2022-10-03T13:22:31","modified_gmt":"2022-10-03T13:22:31","slug":"tuda-fyrir-front-evo-midstod-60mm","status":"publish","type":"product","link":"https:\/\/bilasmidurinn.is\/en\/vefverslun\/midstodvar\/vatnsmidstodvar\/tuda-fyrir-front-evo-midstod-60mm\/","title":{"rendered":"Spout for front Evo center 60mm"},"content":{"rendered":"<p>Thread 60mm to screw on the front of the calori Evo hub ED2<\/p>\n<p>&nbsp;<\/p>","protected":false},"excerpt":{"rendered":"<p>Spout to install on front of Kalori Evo2 water center 60mm<\/p>","protected":false},"featured_media":14733,"template":"","meta":[],"product_brand":[8035],"product_cat":[7967,8036],"product_tag":[],"class_list":{"0":"post-14732","1":"product","2":"type-product","3":"status-publish","4":"has-post-thumbnail","6":"product_brand-kalori","7":"product_cat-midstodvar","8":"product_cat-vatnsmidstodvar","10":"first","11":"instock","12":"shipping-taxable","13":"product-type-simple"},"yoast_head":"<!-- This site is optimized with the Yoast SEO plugin v27.4 - https:\/\/yoast.com\/product\/yoast-seo-wordpress\/ -->\n<title>T\u00fa\u00f0a fyrir front Evo mi\u00f0st\u00f6\u00f0 60mm - B&iacute;lasmi&eth;urinn<\/title>\n<meta name=\"robots\" content=\"index, follow, max-snippet:-1, max-image-preview:large, max-video-preview:-1\" \/>\n<link rel=\"canonical\" href=\"https:\/\/bilasmidurinn.is\/en\/vefverslun\/midstodvar\/vatnsmidstodvar\/tuda-fyrir-front-evo-midstod-60mm\/\" \/>\n<meta property=\"og:locale\" content=\"en_GB\" \/>\n<meta property=\"og:type\" content=\"article\" \/>\n<meta property=\"og:title\" content=\"T\u00fa\u00f0a fyrir front Evo mi\u00f0st\u00f6\u00f0 60mm - B&iacute;lasmi&eth;urinn\" \/>\n<meta property=\"og:description\" content=\"T\u00fa\u00f0a til a\u00f0 setja framan \u00e1 Kalori Evo2 vatnsmi\u00f0st\u00f6\u00f0 60mm\" \/>\n<meta property=\"og:url\" content=\"https:\/\/bilasmidurinn.is\/en\/vefverslun\/midstodvar\/vatnsmidstodvar\/tuda-fyrir-front-evo-midstod-60mm\/\" \/>\n<meta property=\"og:site_name\" content=\"B&iacute;lasmi&eth;urinn\" \/>\n<meta property=\"article:modified_time\" content=\"2022-10-03T13:22:31+00:00\" \/>\n<meta property=\"og:image\" content=\"https:\/\/bilasmidurinn.is\/wp-content\/uploads\/2022\/10\/8300340083570-RACCORD-A-VISSER-2.jpg\" \/>\n\t<meta property=\"og:image:width\" content=\"1618\" \/>\n\t<meta property=\"og:image:height\" content=\"1080\" \/>\n\t<meta property=\"og:image:type\" content=\"image\/jpeg\" \/>\n<meta name=\"twitter:card\" content=\"summary_large_image\" \/>\n<script type=\"application\/ld+json\" class=\"yoast-schema-graph\">{\"@context\":\"https:\\\/\\\/schema.org\",\"@graph\":[{\"@type\":\"WebPage\",\"@id\":\"https:\\\/\\\/bilasmidurinn.is\\\/pl\\\/vefverslun\\\/midstodvar\\\/vatnsmidstodvar\\\/tuda-fyrir-front-evo-midstod-60mm\\\/\",\"url\":\"https:\\\/\\\/bilasmidurinn.is\\\/pl\\\/vefverslun\\\/midstodvar\\\/vatnsmidstodvar\\\/tuda-fyrir-front-evo-midstod-60mm\\\/\",\"name\":\"T\u00fa\u00f0a fyrir front Evo mi\u00f0st\u00f6\u00f0 60mm - B&iacute;lasmi&eth;urinn\",\"isPartOf\":{\"@id\":\"https:\\\/\\\/bilasmidurinn.is\\\/#website\"},\"primaryImageOfPage\":{\"@id\":\"https:\\\/\\\/bilasmidurinn.is\\\/pl\\\/vefverslun\\\/midstodvar\\\/vatnsmidstodvar\\\/tuda-fyrir-front-evo-midstod-60mm\\\/#primaryimage\"},\"image\":{\"@id\":\"https:\\\/\\\/bilasmidurinn.is\\\/pl\\\/vefverslun\\\/midstodvar\\\/vatnsmidstodvar\\\/tuda-fyrir-front-evo-midstod-60mm\\\/#primaryimage\"},\"thumbnailUrl\":\"https:\\\/\\\/bilasmidurinn.is\\\/wp-content\\\/uploads\\\/2022\\\/10\\\/8300340083570-RACCORD-A-VISSER-2.jpg\",\"datePublished\":\"2022-10-03T13:16:35+00:00\",\"dateModified\":\"2022-10-03T13:22:31+00:00\",\"breadcrumb\":{\"@id\":\"https:\\\/\\\/bilasmidurinn.is\\\/pl\\\/vefverslun\\\/midstodvar\\\/vatnsmidstodvar\\\/tuda-fyrir-front-evo-midstod-60mm\\\/#breadcrumb\"},\"inLanguage\":\"en-GB\",\"potentialAction\":[{\"@type\":\"ReadAction\",\"target\":[\"https:\\\/\\\/bilasmidurinn.is\\\/pl\\\/vefverslun\\\/midstodvar\\\/vatnsmidstodvar\\\/tuda-fyrir-front-evo-midstod-60mm\\\/\"]}]},{\"@type\":\"ImageObject\",\"inLanguage\":\"en-GB\",\"@id\":\"https:\\\/\\\/bilasmidurinn.is\\\/pl\\\/vefverslun\\\/midstodvar\\\/vatnsmidstodvar\\\/tuda-fyrir-front-evo-midstod-60mm\\\/#primaryimage\",\"url\":\"https:\\\/\\\/bilasmidurinn.is\\\/wp-content\\\/uploads\\\/2022\\\/10\\\/8300340083570-RACCORD-A-VISSER-2.jpg\",\"contentUrl\":\"https:\\\/\\\/bilasmidurinn.is\\\/wp-content\\\/uploads\\\/2022\\\/10\\\/8300340083570-RACCORD-A-VISSER-2.jpg\",\"width\":1618,\"height\":1080},{\"@type\":\"BreadcrumbList\",\"@id\":\"https:\\\/\\\/bilasmidurinn.is\\\/pl\\\/vefverslun\\\/midstodvar\\\/vatnsmidstodvar\\\/tuda-fyrir-front-evo-midstod-60mm\\\/#breadcrumb\",\"itemListElement\":[{\"@type\":\"ListItem\",\"position\":1,\"name\":\"Home\",\"item\":\"https:\\\/\\\/bilasmidurinn.is\\\/\"},{\"@type\":\"ListItem\",\"position\":2,\"name\":\"V\u00f6rur \u00ed verslun\",\"item\":\"https:\\\/\\\/bilasmidurinn.is\\\/vefverslun\\\/\"},{\"@type\":\"ListItem\",\"position\":3,\"name\":\"T\u00fa\u00f0a fyrir front Evo mi\u00f0st\u00f6\u00f0 60mm\"}]},{\"@type\":\"WebSite\",\"@id\":\"https:\\\/\\\/bilasmidurinn.is\\\/#website\",\"url\":\"https:\\\/\\\/bilasmidurinn.is\\\/\",\"name\":\"B&iacute;lasmi&eth;urinn\",\"description\":\"All sem &thorn;&uacute; &thorn;arft &iacute; t&aelig;ki&eth;\",\"potentialAction\":[{\"@type\":\"SearchAction\",\"target\":{\"@type\":\"EntryPoint\",\"urlTemplate\":\"https:\\\/\\\/bilasmidurinn.is\\\/?s={search_term_string}\"},\"query-input\":{\"@type\":\"PropertyValueSpecification\",\"valueRequired\":true,\"valueName\":\"search_term_string\"}}],\"inLanguage\":\"en-GB\"}]}<\/script>\n<!-- \/ Yoast SEO plugin. -->","yoast_head_json":{"title":"T\u00fa\u00f0a fyrir front Evo mi\u00f0st\u00f6\u00f0 60mm - B&iacute;lasmi&eth;urinn","robots":{"index":"index","follow":"follow","max-snippet":"max-snippet:-1","max-image-preview":"max-image-preview:large","max-video-preview":"max-video-preview:-1"},"canonical":"https:\/\/bilasmidurinn.is\/en\/vefverslun\/midstodvar\/vatnsmidstodvar\/tuda-fyrir-front-evo-midstod-60mm\/","og_locale":"en_GB","og_type":"article","og_title":"T\u00fa\u00f0a fyrir front Evo mi\u00f0st\u00f6\u00f0 60mm - B&iacute;lasmi&eth;urinn","og_description":"T\u00fa\u00f0a til a\u00f0 setja framan \u00e1 Kalori Evo2 vatnsmi\u00f0st\u00f6\u00f0 60mm","og_url":"https:\/\/bilasmidurinn.is\/en\/vefverslun\/midstodvar\/vatnsmidstodvar\/tuda-fyrir-front-evo-midstod-60mm\/","og_site_name":"B&iacute;lasmi&eth;urinn","article_modified_time":"2022-10-03T13:22:31+00:00","og_image":[{"width":1618,"height":1080,"url":"https:\/\/bilasmidurinn.is\/wp-content\/uploads\/2022\/10\/8300340083570-RACCORD-A-VISSER-2.jpg","type":"image\/jpeg"}],"twitter_card":"summary_large_image","schema":{"@context":"https:\/\/schema.org","@graph":[{"@type":"WebPage","@id":"https:\/\/bilasmidurinn.is\/pl\/vefverslun\/midstodvar\/vatnsmidstodvar\/tuda-fyrir-front-evo-midstod-60mm\/","url":"https:\/\/bilasmidurinn.is\/pl\/vefverslun\/midstodvar\/vatnsmidstodvar\/tuda-fyrir-front-evo-midstod-60mm\/","name":"T\u00fa\u00f0a fyrir front Evo mi\u00f0st\u00f6\u00f0 60mm - B&iacute;lasmi&eth;urinn","isPartOf":{"@id":"https:\/\/bilasmidurinn.is\/#website"},"primaryImageOfPage":{"@id":"https:\/\/bilasmidurinn.is\/pl\/vefverslun\/midstodvar\/vatnsmidstodvar\/tuda-fyrir-front-evo-midstod-60mm\/#primaryimage"},"image":{"@id":"https:\/\/bilasmidurinn.is\/pl\/vefverslun\/midstodvar\/vatnsmidstodvar\/tuda-fyrir-front-evo-midstod-60mm\/#primaryimage"},"thumbnailUrl":"https:\/\/bilasmidurinn.is\/wp-content\/uploads\/2022\/10\/8300340083570-RACCORD-A-VISSER-2.jpg","datePublished":"2022-10-03T13:16:35+00:00","dateModified":"2022-10-03T13:22:31+00:00","breadcrumb":{"@id":"https:\/\/bilasmidurinn.is\/pl\/vefverslun\/midstodvar\/vatnsmidstodvar\/tuda-fyrir-front-evo-midstod-60mm\/#breadcrumb"},"inLanguage":"en-GB","potentialAction":[{"@type":"ReadAction","target":["https:\/\/bilasmidurinn.is\/pl\/vefverslun\/midstodvar\/vatnsmidstodvar\/tuda-fyrir-front-evo-midstod-60mm\/"]}]},{"@type":"ImageObject","inLanguage":"en-GB","@id":"https:\/\/bilasmidurinn.is\/pl\/vefverslun\/midstodvar\/vatnsmidstodvar\/tuda-fyrir-front-evo-midstod-60mm\/#primaryimage","url":"https:\/\/bilasmidurinn.is\/wp-content\/uploads\/2022\/10\/8300340083570-RACCORD-A-VISSER-2.jpg","contentUrl":"https:\/\/bilasmidurinn.is\/wp-content\/uploads\/2022\/10\/8300340083570-RACCORD-A-VISSER-2.jpg","width":1618,"height":1080},{"@type":"BreadcrumbList","@id":"https:\/\/bilasmidurinn.is\/pl\/vefverslun\/midstodvar\/vatnsmidstodvar\/tuda-fyrir-front-evo-midstod-60mm\/#breadcrumb","itemListElement":[{"@type":"ListItem","position":1,"name":"Home","item":"https:\/\/bilasmidurinn.is\/"},{"@type":"ListItem","position":2,"name":"V\u00f6rur \u00ed verslun","item":"https:\/\/bilasmidurinn.is\/vefverslun\/"},{"@type":"ListItem","position":3,"name":"T\u00fa\u00f0a fyrir front Evo mi\u00f0st\u00f6\u00f0 60mm"}]},{"@type":"WebSite","@id":"https:\/\/bilasmidurinn.is\/#website","url":"https:\/\/bilasmidurinn.is\/","name":"B&iacute;lasmi&eth;urinn","description":"All sem &thorn;&uacute; &thorn;arft &iacute; t&aelig;ki&eth;","potentialAction":[{"@type":"SearchAction","target":{"@type":"EntryPoint","urlTemplate":"https:\/\/bilasmidurinn.is\/?s={search_term_string}"},"query-input":{"@type":"PropertyValueSpecification","valueRequired":true,"valueName":"search_term_string"}}],"inLanguage":"en-GB"}]}},"_links":{"self":[{"href":"https:\/\/bilasmidurinn.is\/en\/wp-json\/wp\/v2\/product\/14732","targetHints":{"allow":["GET"]}}],"collection":[{"href":"https:\/\/bilasmidurinn.is\/en\/wp-json\/wp\/v2\/product"}],"about":[{"href":"https:\/\/bilasmidurinn.is\/en\/wp-json\/wp\/v2\/types\/product"}],"wp:featuredmedia":[{"embeddable":true,"href":"https:\/\/bilasmidurinn.is\/en\/wp-json\/wp\/v2\/media\/14733"}],"wp:attachment":[{"href":"https:\/\/bilasmidurinn.is\/en\/wp-json\/wp\/v2\/media?parent=14732"}],"wp:term":[{"taxonomy":"product_brand","embeddable":true,"href":"https:\/\/bilasmidurinn.is\/en\/wp-json\/wp\/v2\/product_brand?post=14732"},{"taxonomy":"product_cat","embeddable":true,"href":"https:\/\/bilasmidurinn.is\/en\/wp-json\/wp\/v2\/product_cat?post=14732"},{"taxonomy":"product_tag","embeddable":true,"href":"https:\/\/bilasmidurinn.is\/en\/wp-json\/wp\/v2\/product_tag?post=14732"}],"curies":[{"name":"wp","href":"https:\/\/api.w.org\/{rel}","templated":true}]}}