{"id":14721,"date":"2022-10-03T12:03:33","date_gmt":"2022-10-03T12:03:33","guid":{"rendered":"https:\/\/bilasmidurinn.is\/?post_type=product&#038;p=14721"},"modified":"2022-10-03T12:03:33","modified_gmt":"2022-10-03T12:03:33","slug":"defa-velarhitari-med-40c-thermostati-1000w","status":"publish","type":"product","link":"https:\/\/bilasmidurinn.is\/en\/vefverslun\/midstodvar\/vatnsmidstodvar\/defa-velarhitari-med-40c-thermostati-1000w\/","title":{"rendered":"Defa engine heater with 40\u00b0C thermostat 1000W"},"content":{"rendered":"<p>Defa 220V AC engine heater to connect internal hose\/hose 16mm, 1000W with 40\u00b0C thermostat and overheat protection.<\/p>\n<p>It is necessary to use Defa connecting cables.<\/p>\n<p>&nbsp;<\/p>","protected":false},"excerpt":{"rendered":"<p>DEFA engine heater with 40\u00b0C thermostat 1000W with 16mm nozzles for hoses\/hoses<\/p>","protected":false},"featured_media":14723,"template":"","meta":[],"product_brand":[7980],"product_cat":[8036],"product_tag":[],"class_list":{"0":"post-14721","1":"product","2":"type-product","3":"status-publish","4":"has-post-thumbnail","6":"product_brand-defa","7":"product_cat-vatnsmidstodvar","9":"first","10":"instock","11":"shipping-taxable","12":"product-type-simple"},"yoast_head":"<!-- This site is optimized with the Yoast SEO plugin v27.4 - https:\/\/yoast.com\/product\/yoast-seo-wordpress\/ -->\n<title>Defa v\u00e9larhitari me\u00f0 40\u00b0C thermostati 1000W - B&iacute;lasmi&eth;urinn<\/title>\n<meta name=\"robots\" content=\"index, follow, max-snippet:-1, max-image-preview:large, max-video-preview:-1\" \/>\n<link rel=\"canonical\" href=\"http:\/\/bilasmidurinn.is\/en\/vefverslun\/midstodvar\/vatnsmidstodvar\/defa-velarhitari-med-40c-thermostati-1000w\/\" \/>\n<meta property=\"og:locale\" content=\"en_GB\" \/>\n<meta property=\"og:type\" content=\"article\" \/>\n<meta property=\"og:title\" content=\"Defa v\u00e9larhitari me\u00f0 40\u00b0C thermostati 1000W - B&iacute;lasmi&eth;urinn\" \/>\n<meta property=\"og:description\" content=\"DEFA v\u00e9larhitari me\u00f0 40\u00b0C thermostati\u00a0 1000W\u00a0 me\u00f0 16mm st\u00fatum fyrir sl\u00f6ngur\/hosur\" \/>\n<meta property=\"og:url\" content=\"http:\/\/bilasmidurinn.is\/en\/vefverslun\/midstodvar\/vatnsmidstodvar\/defa-velarhitari-med-40c-thermostati-1000w\/\" \/>\n<meta property=\"og:site_name\" content=\"B&iacute;lasmi&eth;urinn\" \/>\n<meta property=\"og:image\" content=\"https:\/\/bilasmidurinn.is\/wp-content\/uploads\/2022\/10\/411732.jpg\" \/>\n\t<meta property=\"og:image:width\" content=\"800\" \/>\n\t<meta property=\"og:image:height\" content=\"800\" \/>\n\t<meta property=\"og:image:type\" content=\"image\/jpeg\" \/>\n<meta name=\"twitter:card\" content=\"summary_large_image\" \/>\n<meta name=\"twitter:label1\" content=\"Estimated reading time\" \/>\n\t<meta name=\"twitter:data1\" content=\"1 minute\" \/>\n<script type=\"application\/ld+json\" class=\"yoast-schema-graph\">{\"@context\":\"https:\\\/\\\/schema.org\",\"@graph\":[{\"@type\":\"WebPage\",\"@id\":\"http:\\\/\\\/bilasmidurinn.is\\\/en\\\/vefverslun\\\/midstodvar\\\/vatnsmidstodvar\\\/defa-velarhitari-med-40c-thermostati-1000w\\\/\",\"url\":\"http:\\\/\\\/bilasmidurinn.is\\\/en\\\/vefverslun\\\/midstodvar\\\/vatnsmidstodvar\\\/defa-velarhitari-med-40c-thermostati-1000w\\\/\",\"name\":\"Defa v\u00e9larhitari me\u00f0 40\u00b0C thermostati 1000W - B&iacute;lasmi&eth;urinn\",\"isPartOf\":{\"@id\":\"https:\\\/\\\/bilasmidurinn.is\\\/#website\"},\"primaryImageOfPage\":{\"@id\":\"http:\\\/\\\/bilasmidurinn.is\\\/en\\\/vefverslun\\\/midstodvar\\\/vatnsmidstodvar\\\/defa-velarhitari-med-40c-thermostati-1000w\\\/#primaryimage\"},\"image\":{\"@id\":\"http:\\\/\\\/bilasmidurinn.is\\\/en\\\/vefverslun\\\/midstodvar\\\/vatnsmidstodvar\\\/defa-velarhitari-med-40c-thermostati-1000w\\\/#primaryimage\"},\"thumbnailUrl\":\"https:\\\/\\\/bilasmidurinn.is\\\/wp-content\\\/uploads\\\/2022\\\/10\\\/411732.jpg\",\"datePublished\":\"2022-10-03T12:03:33+00:00\",\"breadcrumb\":{\"@id\":\"http:\\\/\\\/bilasmidurinn.is\\\/en\\\/vefverslun\\\/midstodvar\\\/vatnsmidstodvar\\\/defa-velarhitari-med-40c-thermostati-1000w\\\/#breadcrumb\"},\"inLanguage\":\"en-GB\",\"potentialAction\":[{\"@type\":\"ReadAction\",\"target\":[\"http:\\\/\\\/bilasmidurinn.is\\\/en\\\/vefverslun\\\/midstodvar\\\/vatnsmidstodvar\\\/defa-velarhitari-med-40c-thermostati-1000w\\\/\"]}]},{\"@type\":\"ImageObject\",\"inLanguage\":\"en-GB\",\"@id\":\"http:\\\/\\\/bilasmidurinn.is\\\/en\\\/vefverslun\\\/midstodvar\\\/vatnsmidstodvar\\\/defa-velarhitari-med-40c-thermostati-1000w\\\/#primaryimage\",\"url\":\"https:\\\/\\\/bilasmidurinn.is\\\/wp-content\\\/uploads\\\/2022\\\/10\\\/411732.jpg\",\"contentUrl\":\"https:\\\/\\\/bilasmidurinn.is\\\/wp-content\\\/uploads\\\/2022\\\/10\\\/411732.jpg\",\"width\":800,\"height\":800},{\"@type\":\"BreadcrumbList\",\"@id\":\"http:\\\/\\\/bilasmidurinn.is\\\/en\\\/vefverslun\\\/midstodvar\\\/vatnsmidstodvar\\\/defa-velarhitari-med-40c-thermostati-1000w\\\/#breadcrumb\",\"itemListElement\":[{\"@type\":\"ListItem\",\"position\":1,\"name\":\"Home\",\"item\":\"https:\\\/\\\/bilasmidurinn.is\\\/\"},{\"@type\":\"ListItem\",\"position\":2,\"name\":\"V\u00f6rur \u00ed verslun\",\"item\":\"https:\\\/\\\/bilasmidurinn.is\\\/vefverslun\\\/\"},{\"@type\":\"ListItem\",\"position\":3,\"name\":\"Defa v\u00e9larhitari me\u00f0 40\u00b0C thermostati 1000W\"}]},{\"@type\":\"WebSite\",\"@id\":\"https:\\\/\\\/bilasmidurinn.is\\\/#website\",\"url\":\"https:\\\/\\\/bilasmidurinn.is\\\/\",\"name\":\"B&iacute;lasmi&eth;urinn\",\"description\":\"All sem &thorn;&uacute; &thorn;arft &iacute; t&aelig;ki&eth;\",\"potentialAction\":[{\"@type\":\"SearchAction\",\"target\":{\"@type\":\"EntryPoint\",\"urlTemplate\":\"https:\\\/\\\/bilasmidurinn.is\\\/?s={search_term_string}\"},\"query-input\":{\"@type\":\"PropertyValueSpecification\",\"valueRequired\":true,\"valueName\":\"search_term_string\"}}],\"inLanguage\":\"en-GB\"}]}<\/script>\n<!-- \/ Yoast SEO plugin. -->","yoast_head_json":{"title":"Defa v\u00e9larhitari me\u00f0 40\u00b0C thermostati 1000W - B&iacute;lasmi&eth;urinn","robots":{"index":"index","follow":"follow","max-snippet":"max-snippet:-1","max-image-preview":"max-image-preview:large","max-video-preview":"max-video-preview:-1"},"canonical":"http:\/\/bilasmidurinn.is\/en\/vefverslun\/midstodvar\/vatnsmidstodvar\/defa-velarhitari-med-40c-thermostati-1000w\/","og_locale":"en_GB","og_type":"article","og_title":"Defa v\u00e9larhitari me\u00f0 40\u00b0C thermostati 1000W - B&iacute;lasmi&eth;urinn","og_description":"DEFA v\u00e9larhitari me\u00f0 40\u00b0C thermostati\u00a0 1000W\u00a0 me\u00f0 16mm st\u00fatum fyrir sl\u00f6ngur\/hosur","og_url":"http:\/\/bilasmidurinn.is\/en\/vefverslun\/midstodvar\/vatnsmidstodvar\/defa-velarhitari-med-40c-thermostati-1000w\/","og_site_name":"B&iacute;lasmi&eth;urinn","og_image":[{"width":800,"height":800,"url":"https:\/\/bilasmidurinn.is\/wp-content\/uploads\/2022\/10\/411732.jpg","type":"image\/jpeg"}],"twitter_card":"summary_large_image","twitter_misc":{"Estimated reading time":"1 minute"},"schema":{"@context":"https:\/\/schema.org","@graph":[{"@type":"WebPage","@id":"http:\/\/bilasmidurinn.is\/en\/vefverslun\/midstodvar\/vatnsmidstodvar\/defa-velarhitari-med-40c-thermostati-1000w\/","url":"http:\/\/bilasmidurinn.is\/en\/vefverslun\/midstodvar\/vatnsmidstodvar\/defa-velarhitari-med-40c-thermostati-1000w\/","name":"Defa v\u00e9larhitari me\u00f0 40\u00b0C thermostati 1000W - B&iacute;lasmi&eth;urinn","isPartOf":{"@id":"https:\/\/bilasmidurinn.is\/#website"},"primaryImageOfPage":{"@id":"http:\/\/bilasmidurinn.is\/en\/vefverslun\/midstodvar\/vatnsmidstodvar\/defa-velarhitari-med-40c-thermostati-1000w\/#primaryimage"},"image":{"@id":"http:\/\/bilasmidurinn.is\/en\/vefverslun\/midstodvar\/vatnsmidstodvar\/defa-velarhitari-med-40c-thermostati-1000w\/#primaryimage"},"thumbnailUrl":"https:\/\/bilasmidurinn.is\/wp-content\/uploads\/2022\/10\/411732.jpg","datePublished":"2022-10-03T12:03:33+00:00","breadcrumb":{"@id":"http:\/\/bilasmidurinn.is\/en\/vefverslun\/midstodvar\/vatnsmidstodvar\/defa-velarhitari-med-40c-thermostati-1000w\/#breadcrumb"},"inLanguage":"en-GB","potentialAction":[{"@type":"ReadAction","target":["http:\/\/bilasmidurinn.is\/en\/vefverslun\/midstodvar\/vatnsmidstodvar\/defa-velarhitari-med-40c-thermostati-1000w\/"]}]},{"@type":"ImageObject","inLanguage":"en-GB","@id":"http:\/\/bilasmidurinn.is\/en\/vefverslun\/midstodvar\/vatnsmidstodvar\/defa-velarhitari-med-40c-thermostati-1000w\/#primaryimage","url":"https:\/\/bilasmidurinn.is\/wp-content\/uploads\/2022\/10\/411732.jpg","contentUrl":"https:\/\/bilasmidurinn.is\/wp-content\/uploads\/2022\/10\/411732.jpg","width":800,"height":800},{"@type":"BreadcrumbList","@id":"http:\/\/bilasmidurinn.is\/en\/vefverslun\/midstodvar\/vatnsmidstodvar\/defa-velarhitari-med-40c-thermostati-1000w\/#breadcrumb","itemListElement":[{"@type":"ListItem","position":1,"name":"Home","item":"https:\/\/bilasmidurinn.is\/"},{"@type":"ListItem","position":2,"name":"V\u00f6rur \u00ed verslun","item":"https:\/\/bilasmidurinn.is\/vefverslun\/"},{"@type":"ListItem","position":3,"name":"Defa v\u00e9larhitari me\u00f0 40\u00b0C thermostati 1000W"}]},{"@type":"WebSite","@id":"https:\/\/bilasmidurinn.is\/#website","url":"https:\/\/bilasmidurinn.is\/","name":"B&iacute;lasmi&eth;urinn","description":"All sem &thorn;&uacute; &thorn;arft &iacute; t&aelig;ki&eth;","potentialAction":[{"@type":"SearchAction","target":{"@type":"EntryPoint","urlTemplate":"https:\/\/bilasmidurinn.is\/?s={search_term_string}"},"query-input":{"@type":"PropertyValueSpecification","valueRequired":true,"valueName":"search_term_string"}}],"inLanguage":"en-GB"}]}},"_links":{"self":[{"href":"https:\/\/bilasmidurinn.is\/en\/wp-json\/wp\/v2\/product\/14721","targetHints":{"allow":["GET"]}}],"collection":[{"href":"https:\/\/bilasmidurinn.is\/en\/wp-json\/wp\/v2\/product"}],"about":[{"href":"https:\/\/bilasmidurinn.is\/en\/wp-json\/wp\/v2\/types\/product"}],"wp:featuredmedia":[{"embeddable":true,"href":"https:\/\/bilasmidurinn.is\/en\/wp-json\/wp\/v2\/media\/14723"}],"wp:attachment":[{"href":"https:\/\/bilasmidurinn.is\/en\/wp-json\/wp\/v2\/media?parent=14721"}],"wp:term":[{"taxonomy":"product_brand","embeddable":true,"href":"https:\/\/bilasmidurinn.is\/en\/wp-json\/wp\/v2\/product_brand?post=14721"},{"taxonomy":"product_cat","embeddable":true,"href":"https:\/\/bilasmidurinn.is\/en\/wp-json\/wp\/v2\/product_cat?post=14721"},{"taxonomy":"product_tag","embeddable":true,"href":"https:\/\/bilasmidurinn.is\/en\/wp-json\/wp\/v2\/product_tag?post=14721"}],"curies":[{"name":"wp","href":"https:\/\/api.w.org\/{rel}","templated":true}]}}