{"id":14711,"date":"2022-07-01T17:05:56","date_gmt":"2022-07-01T17:05:56","guid":{"rendered":"https:\/\/bilasmidurinn.is\/?post_type=product&#038;p=14711"},"modified":"2024-10-10T09:43:54","modified_gmt":"2024-10-10T09:43:54","slug":"isskapur-cruise-42l-12-24v-dc","status":"publish","type":"product","link":"https:\/\/bilasmidurinn.is\/en\/vefverslun\/isskapar\/isskapur-cruise-42l-12-24v-dc\/","title":{"rendered":"Refrigerator Cruise 42L 12\/24V DC"},"content":{"rendered":"<p>Cruise 42L Classic refrigerator 12\/24v DC with cooling press, extremely economical with 6L freezer compartment. The press can be moved up to 1.5 meters away. Perfectly suited where space is limited. Right opening but can be turned.<\/p>\n<p>Size (HxDxW) 52.3 x 345+107 x 522mm.<\/p>\n<p>ISOTHERM<\/p>\n<p>&nbsp;<\/p>","protected":false},"excerpt":{"rendered":"<p>Indel 42L refrigerator 12\/24V DC with movable press.<\/p>\n<p>&nbsp;<\/p>","protected":false},"featured_media":15464,"template":"","meta":[],"product_brand":[7925],"product_cat":[7962],"product_tag":[],"class_list":{"0":"post-14711","1":"product","2":"type-product","3":"status-publish","4":"has-post-thumbnail","6":"product_brand-webasto","7":"product_cat-isskapar","9":"first","10":"instock","11":"shipping-taxable","12":"product-type-simple"},"yoast_head":"<!-- This site is optimized with the Yoast SEO plugin v27.4 - https:\/\/yoast.com\/product\/yoast-seo-wordpress\/ -->\n<title>\u00cdssk\u00e1pur Cruise 42L 12\/24V DC - B&iacute;lasmi&eth;urinn<\/title>\n<meta name=\"robots\" content=\"index, follow, max-snippet:-1, max-image-preview:large, max-video-preview:-1\" \/>\n<link rel=\"canonical\" href=\"https:\/\/bilasmidurinn.is\/en\/vefverslun\/isskapar\/isskapur-cruise-42l-12-24v-dc\/\" \/>\n<meta property=\"og:locale\" content=\"en_GB\" \/>\n<meta property=\"og:type\" content=\"article\" \/>\n<meta property=\"og:title\" content=\"\u00cdssk\u00e1pur Cruise 42L 12\/24V DC - B&iacute;lasmi&eth;urinn\" \/>\n<meta property=\"og:description\" content=\"Indel 42L \u00edssk\u00e1pur\u00a0 12\/24V DC me\u00f0 pressu sem h\u00e6gt er a\u00f0 f\u00e6ra.  &nbsp;\" \/>\n<meta property=\"og:url\" content=\"https:\/\/bilasmidurinn.is\/en\/vefverslun\/isskapar\/isskapur-cruise-42l-12-24v-dc\/\" \/>\n<meta property=\"og:site_name\" content=\"B&iacute;lasmi&eth;urinn\" \/>\n<meta property=\"article:modified_time\" content=\"2024-10-10T09:43:54+00:00\" \/>\n<meta property=\"og:image\" content=\"https:\/\/bilasmidurinn.is\/wp-content\/uploads\/2022\/07\/130images.jpg\" \/>\n\t<meta property=\"og:image:width\" content=\"230\" \/>\n\t<meta property=\"og:image:height\" content=\"219\" \/>\n\t<meta property=\"og:image:type\" content=\"image\/jpeg\" \/>\n<meta name=\"twitter:card\" content=\"summary_large_image\" \/>\n<meta name=\"twitter:label1\" content=\"Estimated reading time\" \/>\n\t<meta name=\"twitter:data1\" content=\"1 minute\" \/>\n<script type=\"application\/ld+json\" class=\"yoast-schema-graph\">{\"@context\":\"https:\\\/\\\/schema.org\",\"@graph\":[{\"@type\":\"WebPage\",\"@id\":\"https:\\\/\\\/bilasmidurinn.is\\\/vefverslun\\\/isskapar\\\/isskapur-cruise-42l-12-24v-dc\\\/\",\"url\":\"https:\\\/\\\/bilasmidurinn.is\\\/vefverslun\\\/isskapar\\\/isskapur-cruise-42l-12-24v-dc\\\/\",\"name\":\"\u00cdssk\u00e1pur Cruise 42L 12\\\/24V DC - B&iacute;lasmi&eth;urinn\",\"isPartOf\":{\"@id\":\"https:\\\/\\\/bilasmidurinn.is\\\/#website\"},\"primaryImageOfPage\":{\"@id\":\"https:\\\/\\\/bilasmidurinn.is\\\/vefverslun\\\/isskapar\\\/isskapur-cruise-42l-12-24v-dc\\\/#primaryimage\"},\"image\":{\"@id\":\"https:\\\/\\\/bilasmidurinn.is\\\/vefverslun\\\/isskapar\\\/isskapur-cruise-42l-12-24v-dc\\\/#primaryimage\"},\"thumbnailUrl\":\"https:\\\/\\\/bilasmidurinn.is\\\/wp-content\\\/uploads\\\/2022\\\/07\\\/130images.jpg\",\"datePublished\":\"2022-07-01T17:05:56+00:00\",\"dateModified\":\"2024-10-10T09:43:54+00:00\",\"breadcrumb\":{\"@id\":\"https:\\\/\\\/bilasmidurinn.is\\\/vefverslun\\\/isskapar\\\/isskapur-cruise-42l-12-24v-dc\\\/#breadcrumb\"},\"inLanguage\":\"en-GB\",\"potentialAction\":[{\"@type\":\"ReadAction\",\"target\":[\"https:\\\/\\\/bilasmidurinn.is\\\/vefverslun\\\/isskapar\\\/isskapur-cruise-42l-12-24v-dc\\\/\"]}]},{\"@type\":\"ImageObject\",\"inLanguage\":\"en-GB\",\"@id\":\"https:\\\/\\\/bilasmidurinn.is\\\/vefverslun\\\/isskapar\\\/isskapur-cruise-42l-12-24v-dc\\\/#primaryimage\",\"url\":\"https:\\\/\\\/bilasmidurinn.is\\\/wp-content\\\/uploads\\\/2022\\\/07\\\/130images.jpg\",\"contentUrl\":\"https:\\\/\\\/bilasmidurinn.is\\\/wp-content\\\/uploads\\\/2022\\\/07\\\/130images.jpg\",\"width\":230,\"height\":219},{\"@type\":\"BreadcrumbList\",\"@id\":\"https:\\\/\\\/bilasmidurinn.is\\\/vefverslun\\\/isskapar\\\/isskapur-cruise-42l-12-24v-dc\\\/#breadcrumb\",\"itemListElement\":[{\"@type\":\"ListItem\",\"position\":1,\"name\":\"Home\",\"item\":\"https:\\\/\\\/bilasmidurinn.is\\\/\"},{\"@type\":\"ListItem\",\"position\":2,\"name\":\"V\u00f6rur \u00ed verslun\",\"item\":\"https:\\\/\\\/bilasmidurinn.is\\\/vefverslun\\\/\"},{\"@type\":\"ListItem\",\"position\":3,\"name\":\"\u00cdssk\u00e1pur Cruise 42L 12\\\/24V DC\"}]},{\"@type\":\"WebSite\",\"@id\":\"https:\\\/\\\/bilasmidurinn.is\\\/#website\",\"url\":\"https:\\\/\\\/bilasmidurinn.is\\\/\",\"name\":\"B&iacute;lasmi&eth;urinn\",\"description\":\"All sem &thorn;&uacute; &thorn;arft &iacute; t&aelig;ki&eth;\",\"potentialAction\":[{\"@type\":\"SearchAction\",\"target\":{\"@type\":\"EntryPoint\",\"urlTemplate\":\"https:\\\/\\\/bilasmidurinn.is\\\/?s={search_term_string}\"},\"query-input\":{\"@type\":\"PropertyValueSpecification\",\"valueRequired\":true,\"valueName\":\"search_term_string\"}}],\"inLanguage\":\"en-GB\"}]}<\/script>\n<!-- \/ Yoast SEO plugin. -->","yoast_head_json":{"title":"\u00cdssk\u00e1pur Cruise 42L 12\/24V DC - B&iacute;lasmi&eth;urinn","robots":{"index":"index","follow":"follow","max-snippet":"max-snippet:-1","max-image-preview":"max-image-preview:large","max-video-preview":"max-video-preview:-1"},"canonical":"https:\/\/bilasmidurinn.is\/en\/vefverslun\/isskapar\/isskapur-cruise-42l-12-24v-dc\/","og_locale":"en_GB","og_type":"article","og_title":"\u00cdssk\u00e1pur Cruise 42L 12\/24V DC - B&iacute;lasmi&eth;urinn","og_description":"Indel 42L \u00edssk\u00e1pur\u00a0 12\/24V DC me\u00f0 pressu sem h\u00e6gt er a\u00f0 f\u00e6ra.  &nbsp;","og_url":"https:\/\/bilasmidurinn.is\/en\/vefverslun\/isskapar\/isskapur-cruise-42l-12-24v-dc\/","og_site_name":"B&iacute;lasmi&eth;urinn","article_modified_time":"2024-10-10T09:43:54+00:00","og_image":[{"width":230,"height":219,"url":"https:\/\/bilasmidurinn.is\/wp-content\/uploads\/2022\/07\/130images.jpg","type":"image\/jpeg"}],"twitter_card":"summary_large_image","twitter_misc":{"Estimated reading time":"1 minute"},"schema":{"@context":"https:\/\/schema.org","@graph":[{"@type":"WebPage","@id":"https:\/\/bilasmidurinn.is\/vefverslun\/isskapar\/isskapur-cruise-42l-12-24v-dc\/","url":"https:\/\/bilasmidurinn.is\/vefverslun\/isskapar\/isskapur-cruise-42l-12-24v-dc\/","name":"\u00cdssk\u00e1pur Cruise 42L 12\/24V DC - B&iacute;lasmi&eth;urinn","isPartOf":{"@id":"https:\/\/bilasmidurinn.is\/#website"},"primaryImageOfPage":{"@id":"https:\/\/bilasmidurinn.is\/vefverslun\/isskapar\/isskapur-cruise-42l-12-24v-dc\/#primaryimage"},"image":{"@id":"https:\/\/bilasmidurinn.is\/vefverslun\/isskapar\/isskapur-cruise-42l-12-24v-dc\/#primaryimage"},"thumbnailUrl":"https:\/\/bilasmidurinn.is\/wp-content\/uploads\/2022\/07\/130images.jpg","datePublished":"2022-07-01T17:05:56+00:00","dateModified":"2024-10-10T09:43:54+00:00","breadcrumb":{"@id":"https:\/\/bilasmidurinn.is\/vefverslun\/isskapar\/isskapur-cruise-42l-12-24v-dc\/#breadcrumb"},"inLanguage":"en-GB","potentialAction":[{"@type":"ReadAction","target":["https:\/\/bilasmidurinn.is\/vefverslun\/isskapar\/isskapur-cruise-42l-12-24v-dc\/"]}]},{"@type":"ImageObject","inLanguage":"en-GB","@id":"https:\/\/bilasmidurinn.is\/vefverslun\/isskapar\/isskapur-cruise-42l-12-24v-dc\/#primaryimage","url":"https:\/\/bilasmidurinn.is\/wp-content\/uploads\/2022\/07\/130images.jpg","contentUrl":"https:\/\/bilasmidurinn.is\/wp-content\/uploads\/2022\/07\/130images.jpg","width":230,"height":219},{"@type":"BreadcrumbList","@id":"https:\/\/bilasmidurinn.is\/vefverslun\/isskapar\/isskapur-cruise-42l-12-24v-dc\/#breadcrumb","itemListElement":[{"@type":"ListItem","position":1,"name":"Home","item":"https:\/\/bilasmidurinn.is\/"},{"@type":"ListItem","position":2,"name":"V\u00f6rur \u00ed verslun","item":"https:\/\/bilasmidurinn.is\/vefverslun\/"},{"@type":"ListItem","position":3,"name":"\u00cdssk\u00e1pur Cruise 42L 12\/24V DC"}]},{"@type":"WebSite","@id":"https:\/\/bilasmidurinn.is\/#website","url":"https:\/\/bilasmidurinn.is\/","name":"B&iacute;lasmi&eth;urinn","description":"All sem &thorn;&uacute; &thorn;arft &iacute; t&aelig;ki&eth;","potentialAction":[{"@type":"SearchAction","target":{"@type":"EntryPoint","urlTemplate":"https:\/\/bilasmidurinn.is\/?s={search_term_string}"},"query-input":{"@type":"PropertyValueSpecification","valueRequired":true,"valueName":"search_term_string"}}],"inLanguage":"en-GB"}]}},"_links":{"self":[{"href":"https:\/\/bilasmidurinn.is\/en\/wp-json\/wp\/v2\/product\/14711","targetHints":{"allow":["GET"]}}],"collection":[{"href":"https:\/\/bilasmidurinn.is\/en\/wp-json\/wp\/v2\/product"}],"about":[{"href":"https:\/\/bilasmidurinn.is\/en\/wp-json\/wp\/v2\/types\/product"}],"wp:featuredmedia":[{"embeddable":true,"href":"https:\/\/bilasmidurinn.is\/en\/wp-json\/wp\/v2\/media\/15464"}],"wp:attachment":[{"href":"https:\/\/bilasmidurinn.is\/en\/wp-json\/wp\/v2\/media?parent=14711"}],"wp:term":[{"taxonomy":"product_brand","embeddable":true,"href":"https:\/\/bilasmidurinn.is\/en\/wp-json\/wp\/v2\/product_brand?post=14711"},{"taxonomy":"product_cat","embeddable":true,"href":"https:\/\/bilasmidurinn.is\/en\/wp-json\/wp\/v2\/product_cat?post=14711"},{"taxonomy":"product_tag","embeddable":true,"href":"https:\/\/bilasmidurinn.is\/en\/wp-json\/wp\/v2\/product_tag?post=14711"}],"curies":[{"name":"wp","href":"https:\/\/api.w.org\/{rel}","templated":true}]}}